{"id":11,"date":"2009-06-17T03:26:12","date_gmt":"2009-06-17T03:26:12","guid":{"rendered":"http:\/\/staging.verztec.com\/verztec\/e-quote\/"},"modified":"2024-11-15T02:06:40","modified_gmt":"2024-11-15T02:06:40","slug":"e-quote","status":"publish","type":"page","link":"https:\/\/www.verztec.com\/e-quote","title":{"rendered":"Elektronisches Angebot"},"content":{"rendered":"\r\n<p>Willkommen in unserem E-Quote-Formular! Durch das Ausf\u00fcllen dieses einfachen Formulars k\u00f6nnen Sie eine schnelle und genaue Sch\u00e4tzung f\u00fcr unsere Dienstleistungen erhalten. Wir verstehen, dass jedes Projekt einzigartig ist, weshalb wir ma\u00dfgeschneiderte L\u00f6sungen anbieten, die auf Ihre spezifischen Bed\u00fcrfnisse zugeschnitten sind.<\/p>\r\n\r\n<p>Unser Expertenteam ist bestrebt, erstklassige Dienstleistungen zu erbringen, die Ihre Erwartungen \u00fcbertreffen, egal ob Sie Dolmetsch-, \u00dcbersetzungs- oder Lokalisierungsdienste ben\u00f6tigen. Mit unserem E-Quote-Formular k\u00f6nnen Sie sicher sein, dass Sie einen fairen und transparenten Preis f\u00fcr den au\u00dfergew\u00f6hnlichen Service erhalten, den wir bieten. Warten Sie nicht &#8211; f\u00fcllen Sie noch heute unser E-Quote-Formular aus und lassen Sie uns Ihnen helfen, Ihre Ziele zu erreichen.<\/p>\r\n\r\n\r\n\n<div class=\"wpcf7 no-js\" id=\"wpcf7-f3257-o1\" lang=\"en-US\" dir=\"ltr\">\n<div class=\"screen-reader-response\"><p role=\"status\" aria-live=\"polite\" aria-atomic=\"true\"><\/p> <ul><\/ul><\/div>\n<form action=\"\/de\/wp-json\/wp\/v2\/pages\/11#wpcf7-f3257-o1\" method=\"post\" class=\"wpcf7-form init\" aria-label=\"Contact form\" enctype=\"multipart\/form-data\" novalidate=\"novalidate\" data-status=\"init\">\n<div style=\"display: none;\">\n<input type=\"hidden\" name=\"_wpcf7\" value=\"3257\" \/>\n<input type=\"hidden\" name=\"_wpcf7_version\" value=\"5.9.8\" \/>\n<input type=\"hidden\" name=\"_wpcf7_locale\" value=\"en_US\" \/>\n<input type=\"hidden\" name=\"_wpcf7_unit_tag\" value=\"wpcf7-f3257-o1\" \/>\n<input type=\"hidden\" name=\"_wpcf7_container_post\" value=\"0\" \/>\n<input type=\"hidden\" name=\"_wpcf7_posted_data_hash\" value=\"\" \/>\n<\/div>\n<div class=\"input-outer-wrapper\">\n\t<p class=\"input-wrapper\"><label> Name <span style=\"color: red\">*<\/span><\/label><span class=\"wpcf7-form-control-wrap\" data-name=\"your-name\"><input size=\"40\" maxlength=\"400\" class=\"wpcf7-form-control wpcf7-text wpcf7-validates-as-required\" autocomplete=\"name\" aria-required=\"true\" aria-invalid=\"false\" value=\"\" type=\"text\" name=\"your-name\" \/><\/span>\n\t<\/p>\n\t<p class=\"input-wrapper\"><label> Unternehmen <span style=\"color: red\">*<\/span><\/label><span class=\"wpcf7-form-control-wrap\" data-name=\"your-company\"><input size=\"40\" maxlength=\"400\" class=\"wpcf7-form-control wpcf7-text wpcf7-validates-as-required\" aria-required=\"true\" aria-invalid=\"false\" value=\"\" type=\"text\" name=\"your-company\" \/><\/span>\n\t<\/p>\n\t<p class=\"input-wrapper\"><label> Adresse <span style=\"color: red\">*<\/span><\/label><span class=\"wpcf7-form-control-wrap\" data-name=\"your-address\"><textarea cols=\"40\" rows=\"10\" maxlength=\"2000\" class=\"wpcf7-form-control wpcf7-textarea\" aria-invalid=\"false\" name=\"your-address\"><\/textarea><\/span>\n\t<\/p>\n\t<p class=\"input-wrapper\"><label> Land ausw\u00e4hlen <span style=\"color: red\">*<\/span><\/label><span class=\"wpcf7-form-control-wrap\" data-name=\"menu-611\"><select class=\"wpcf7-form-control wpcf7-select\" aria-invalid=\"false\" name=\"menu-611\"><option value=\"Afghanistan\">Afghanistan<\/option><option value=\"Albanien\">Albanien<\/option><option value=\"Algerien\">Algerien<\/option><option value=\"Andorra\">Andorra<\/option><option value=\"Angola\">Angola<\/option><option value=\"Antigua und Barbuda\">Antigua und Barbuda<\/option><option value=\"Argentinien\">Argentinien<\/option><option value=\"Armenien\">Armenien<\/option><option value=\"Australien\">Australien<\/option><option value=\"\u00d6sterreich\">\u00d6sterreich<\/option><option value=\"Aserbaidschan\">Aserbaidschan<\/option><option value=\"Bahamas\">Bahamas<\/option><option value=\"Bahrain\">Bahrain<\/option><option value=\"Bangladesch\">Bangladesch<\/option><option value=\"Barbados\">Barbados<\/option><option value=\"Wei\u00dfrussland\">Wei\u00dfrussland<\/option><option value=\"Belgien\">Belgien<\/option><option value=\"Belize\">Belize<\/option><option value=\"Benin\">Benin<\/option><option value=\"Bhutan\">Bhutan<\/option><option value=\"Bolivien\">Bolivien<\/option><option value=\"Bosnien und Herzegowina\">Bosnien und Herzegowina<\/option><option value=\"Botswana\">Botswana<\/option><option value=\"Brasilien\">Brasilien<\/option><option value=\"Brunei\">Brunei<\/option><option value=\"Bulgarien\">Bulgarien<\/option><option value=\"Burkina Faso\">Burkina Faso<\/option><option value=\"Burundi\">Burundi<\/option><option value=\"Kap Verde\">Kap Verde<\/option><option value=\"Kambodscha\">Kambodscha<\/option><option value=\"Kamerun\">Kamerun<\/option><option value=\"Kanada\">Kanada<\/option><option value=\"Zentralafrikanische Republik\">Zentralafrikanische Republik<\/option><option value=\"Tschad\">Tschad<\/option><option value=\"Chile\">Chile<\/option><option value=\"China\">China<\/option><option value=\"Kolumbien\">Kolumbien<\/option><option value=\"Komoren\">Komoren<\/option><option value=\"Kongo (Kongo-Brazzaville)\">Kongo (Kongo-Brazzaville)<\/option><option value=\"Costa Rica\">Costa Rica<\/option><option value=\"Kroatien\">Kroatien<\/option><option value=\"Kuba\">Kuba<\/option><option value=\"Zypern\">Zypern<\/option><option value=\"Tschechien\">Tschechien<\/option><option value=\"D\u00e4nemark\">D\u00e4nemark<\/option><option value=\"Djibouti\">Djibouti<\/option><option value=\"Dominica\">Dominica<\/option><option value=\"Dominikanische Republik\">Dominikanische Republik<\/option><option value=\"Ecuador\">Ecuador<\/option><option value=\"\u00c4gypten\">\u00c4gypten<\/option><option value=\"El Salvador\">El Salvador<\/option><option value=\"\u00c4quatorialguinea\">\u00c4quatorialguinea<\/option><option value=\"Eritrea\">Eritrea<\/option><option value=\"Estland\">Estland<\/option><option value=\"Eswatini\">Eswatini<\/option><option value=\"\u00c4thiopien\">\u00c4thiopien<\/option><option value=\"Fidschi\">Fidschi<\/option><option value=\"Finnland\">Finnland<\/option><option value=\"Frankreich\">Frankreich<\/option><option value=\"Gabun\">Gabun<\/option><option value=\"Gambia\">Gambia<\/option><option value=\"Georgien\">Georgien<\/option><option value=\"Deutschland\">Deutschland<\/option><option value=\"Ghana\">Ghana<\/option><option value=\"Griechenland\">Griechenland<\/option><option value=\"Grenada\">Grenada<\/option><option value=\"Guatemala\">Guatemala<\/option><option value=\"Guinea\">Guinea<\/option><option value=\"Guinea-Bissau\">Guinea-Bissau<\/option><option value=\"Guyana\">Guyana<\/option><option value=\"Haiti\">Haiti<\/option><option value=\"Honduras\">Honduras<\/option><option value=\"Ungarn\">Ungarn<\/option><option value=\"Island\">Island<\/option><option value=\"Indien\">Indien<\/option><option value=\"Indonesien\">Indonesien<\/option><option value=\"Iran\">Iran<\/option><option value=\"Irak\">Irak<\/option><option value=\"Irland\">Irland<\/option><option value=\"Israel\">Israel<\/option><option value=\"Italien\">Italien<\/option><option value=\"Jamaika\">Jamaika<\/option><option value=\"Japan\">Japan<\/option><option value=\"Jordanien\">Jordanien<\/option><option value=\"Kasachstan\">Kasachstan<\/option><option value=\"Kenia\">Kenia<\/option><option value=\"Kiribati\">Kiribati<\/option><option value=\"Nordkorea\">Nordkorea<\/option><option value=\"S\u00fcdkorea\">S\u00fcdkorea<\/option><option value=\"Kuwait\">Kuwait<\/option><option value=\"Kirgisistan\">Kirgisistan<\/option><option value=\"Laos\">Laos<\/option><option value=\"Lettland\">Lettland<\/option><option value=\"Libanon\">Libanon<\/option><option value=\"Lesotho\">Lesotho<\/option><option value=\"Liberia\">Liberia<\/option><option value=\"Libyen\">Libyen<\/option><option value=\"Liechtenstein\">Liechtenstein<\/option><option value=\"Litauen\">Litauen<\/option><option value=\"Luxemburg\">Luxemburg<\/option><option value=\"Madagaskar\">Madagaskar<\/option><option value=\"Malawi\">Malawi<\/option><option value=\"Malaysia\">Malaysia<\/option><option value=\"Maldiven\">Maldiven<\/option><option value=\"Mali\">Mali<\/option><option value=\"Malta\">Malta<\/option><option value=\"Marshallinseln\">Marshallinseln<\/option><option value=\"Mauretanien\">Mauretanien<\/option><option value=\"Mauritius\">Mauritius<\/option><option value=\"Mexiko\">Mexiko<\/option><option value=\"Mikronesien\">Mikronesien<\/option><option value=\"Moldawien\">Moldawien<\/option><option value=\"Monaco\">Monaco<\/option><option value=\"Mongolei\">Mongolei<\/option><option value=\"Montenegro\">Montenegro<\/option><option value=\"Marokko\">Marokko<\/option><option value=\"Mosambik\">Mosambik<\/option><option value=\"Myanmar\">Myanmar<\/option><option value=\"Namibia\">Namibia<\/option><option value=\"Nauru\">Nauru<\/option><option value=\"Nepal\">Nepal<\/option><option value=\"Niederlande\">Niederlande<\/option><option value=\"Neuseeland\">Neuseeland<\/option><option value=\"Nicaragua\">Nicaragua<\/option><option value=\"Niger\">Niger<\/option><option value=\"Nigeria\">Nigeria<\/option><option value=\"Nordmazedonien\">Nordmazedonien<\/option><option value=\"Norwegen\">Norwegen<\/option><option value=\"Oman\">Oman<\/option><option value=\"Pakistan\">Pakistan<\/option><option value=\"Palau\">Palau<\/option><option value=\"Pal\u00e4stina\">Pal\u00e4stina<\/option><option value=\"Panama\">Panama<\/option><option value=\"Papua-Neuguinea\">Papua-Neuguinea<\/option><option value=\"Paraguay\">Paraguay<\/option><option value=\"Peru\">Peru<\/option><option value=\"Philippinen\">Philippinen<\/option><option value=\"Polen\">Polen<\/option><option value=\"Portugal\">Portugal<\/option><option value=\"Katar\">Katar<\/option><option value=\"Rum\u00e4nien\">Rum\u00e4nien<\/option><option value=\"Russland\">Russland<\/option><option value=\"Ruanda\">Ruanda<\/option><option value=\"St. Kitts und Nevis\">St. Kitts und Nevis<\/option><option value=\"St. Lucia\">St. Lucia<\/option><option value=\"St. Vincent und die Grenadinen\">St. Vincent und die Grenadinen<\/option><option value=\"Samoa\">Samoa<\/option><option value=\"San Marino\">San Marino<\/option><option value=\"S\u00e3o Tom\u00e9 und Pr\u00edncipe\">S\u00e3o Tom\u00e9 und Pr\u00edncipe<\/option><option value=\"Saudi-Arabien\">Saudi-Arabien<\/option><option value=\"Senegal\">Senegal<\/option><option value=\"Serbien\">Serbien<\/option><option value=\"Seychellen\">Seychellen<\/option><option value=\"Sierra Leone\">Sierra Leone<\/option><option value=\"Singapur\" selected=\"selected\">Singapur<\/option><option value=\"Slowakei\">Slowakei<\/option><option value=\"Slowenien\">Slowenien<\/option><option value=\"Salomonen\">Salomonen<\/option><option value=\"Somalia\">Somalia<\/option><option value=\"S\u00fcdafrika\">S\u00fcdafrika<\/option><option value=\"S\u00fcdsudan\">S\u00fcdsudan<\/option><option value=\"Spanien\">Spanien<\/option><option value=\"Sri Lanka\">Sri Lanka<\/option><option value=\"Sudan\">Sudan<\/option><option value=\"Suriname\">Suriname<\/option><option value=\"Schweden\">Schweden<\/option><option value=\"Schweiz\">Schweiz<\/option><option value=\"Syrien\">Syrien<\/option><option value=\"Tadschikistan\">Tadschikistan<\/option><option value=\"Tansania\">Tansania<\/option><option value=\"Thailand\">Thailand<\/option><option value=\"Timor-Leste\">Timor-Leste<\/option><option value=\"Togo\">Togo<\/option><option value=\"Tonga\">Tonga<\/option><option value=\"Trinidad und Tobago\">Trinidad und Tobago<\/option><option value=\"Tunesien\">Tunesien<\/option><option value=\"T\u00fcrkei\">T\u00fcrkei<\/option><option value=\"Turkmenistan\">Turkmenistan<\/option><option value=\"Tuvalu\">Tuvalu<\/option><option value=\"Uganda\">Uganda<\/option><option value=\"Ukraine\">Ukraine<\/option><option value=\"Vereinigte Arabische Emirate\">Vereinigte Arabische Emirate<\/option><option value=\"Vereinigtes K\u00f6nigreich\">Vereinigtes K\u00f6nigreich<\/option><option value=\"Vereinigte Staaten\">Vereinigte Staaten<\/option><option value=\"Uruguay\">Uruguay<\/option><option value=\"Usbekistan\">Usbekistan<\/option><option value=\"Vanuatu\">Vanuatu<\/option><option value=\"Venezuela\">Venezuela<\/option><option value=\"Vietnam\">Vietnam<\/option><option value=\"Jemen\">Jemen<\/option><option value=\"Sambia\">Sambia<\/option><option value=\"Simbabwe\">Simbabwe<\/option><\/select><\/span>\n\t<\/p>\n\t<p class=\"input-wrapper\"><label> E-Mail-Adresse <span style=\"color: red\">*<\/span><\/label><span class=\"wpcf7-form-control-wrap\" data-name=\"email\"><input size=\"40\" maxlength=\"400\" class=\"wpcf7-form-control wpcf7-email wpcf7-validates-as-required wpcf7-text wpcf7-validates-as-email\" autocomplete=\"email\" aria-required=\"true\" aria-invalid=\"false\" value=\"\" type=\"email\" name=\"email\" \/><\/span>\n\t<\/p>\n\t<p class=\"input-wrapper\"><label> Telefonnummer <span style=\"color: red\">*<\/span><\/label><span class=\"wpcf7-form-control-wrap\" data-name=\"tel-255\"><input size=\"40\" maxlength=\"400\" class=\"wpcf7-form-control wpcf7-tel wpcf7-validates-as-required wpcf7-text wpcf7-validates-as-tel\" aria-required=\"true\" aria-invalid=\"false\" value=\"\" type=\"tel\" name=\"tel-255\" \/><\/span>\n\t<\/p>\n\t<p class=\"input-wrapper\"><label> Art der Dienstleistung <span style=\"color: red\">*<\/span><\/label><span class=\"wpcf7-form-control-wrap\" data-name=\"your-service\"><input size=\"40\" maxlength=\"400\" class=\"wpcf7-form-control wpcf7-text wpcf7-validates-as-required\" aria-required=\"true\" aria-invalid=\"false\" value=\"\" type=\"text\" name=\"your-service\" \/><\/span>\n\t<\/p>\n\t<p class=\"input-wrapper\"><label> Projekt Dringlichkeit <span style=\"color: red\">*<\/span><\/label><span class=\"wpcf7-form-control-wrap\" data-name=\"menu-612\"><select class=\"wpcf7-form-control wpcf7-select\" aria-invalid=\"false\" name=\"menu-612\"><option value=\"\">&#8212;Please choose an option&#8212;<\/option><option value=\"Not Urgent\">Not Urgent<\/option><option value=\"Moderately Urgent\">Moderately Urgent<\/option><option value=\"Urgent\">Urgent<\/option><\/select><\/span>\n\t<\/p>\n\t<div style=\"display:flex;\">\n\t\t<p style=\"width:20%;margin-right:20px;\" class=\"input-wrapper\"><label style=\"width:100%;\"> Datei(en) f\u00fcr das Angebot anh\u00e4ngen<br \/>\n<strong> (Die Gesamtdateigr\u00f6\u00dfe darf 5 MB nicht \u00fcberschreiten) <\/strong> <\/label>\n\t\t<\/p>\n\t\t<div>\n\t\t\t<p><div id=\"mfcf7_zl_multifilecontainer\"><span class=\"mfcf7-zl-multiline-sample\" style=\"display:none\"><p class=\"wpcf7-form-control-wrap file-293\"><input size=\"40\" class=\"wpcf7-form-control wpcf7-multilinefile\" multiple=\"multiple\" value=\"Upload\" aria-invalid=\"false\" type=\"file\" name=\"file-293[]\" \/> <span class=\"mfcf7-zl-multifile-name\"><\/span><a href=\"javascript:void(0);\" class=\"mfcf7_zl_delete_file\"><span class=\"delete-file\" aria-hidden=\"true\">&#x274C;<\/span><\/a><\/p><\/span><\/div><span class=\"wpcf7-form-control-wrap zl-form-control-wrap file-293\"><input size=\"40\" class=\"wpcf7-form-control wpcf7-multilinefile\" multiple=\"multiple\" value=\"Upload\" aria-invalid=\"false\" type=\"file\" name=\"file-293[]\" \/> <span class=\"mfcf7-zl-multifile-name\"><\/span><a href=\"javascript:void(0);\" class=\"mfcf7_zl_delete_file\"><span class=\"delete-file\" aria-hidden=\"true\">&#x274C;<\/span><\/a><\/span><p><label><span class=\"wpcf7-form-control-wrap\" data-name=\"file-293-zl-mfcf7-upld-btn\"><input type=\"button\" name=\"file-293-zl-mfcf7-upld-btn\" class=\"button button-primary qbutton\" id=\"mfcf7_zl_add_file\" value=\"Upload\"><\/span><\/label><\/p>\n\t\t\t<\/p>\n\t\t<\/div>\n\t<\/div>\n\t<p class=\"input-wrapper\"><label> Nachricht <span style=\"color: red\">*<\/span><\/label><span class=\"wpcf7-form-control-wrap\" data-name=\"your-message\"><textarea cols=\"40\" rows=\"10\" maxlength=\"2000\" class=\"wpcf7-form-control wpcf7-textarea\" aria-invalid=\"false\" name=\"your-message\"><\/textarea><\/span>\n\t<\/p>\n\t<p class=\"input-wrapper\"><label> Wie haben Sie von uns erfahren? <span style=\"color: red\">*<\/span><\/label><span class=\"wpcf7-form-control-wrap\" data-name=\"menu-407\"><select class=\"wpcf7-form-control wpcf7-select\" aria-invalid=\"false\" name=\"menu-407\"><option value=\"Werbung\">Werbung<\/option><option value=\"Direktmarketing\">Direktmarketing<\/option><option value=\"Veranstaltungen\">Veranstaltungen<\/option><option value=\"Magazine\">Magazine<\/option><option value=\"Medien\">Medien<\/option><option value=\"Andere\">Andere<\/option><option value=\"Empfehlungen\">Empfehlungen<\/option><option value=\"Suchmaschinenmarketing\">Suchmaschinenmarketing<\/option><option value=\"Andere Veranstaltungen\">Andere Veranstaltungen<\/option><option value=\"N\/A\">N\/A<\/option><\/select><\/span>\n\t<\/p>\n\t<p><strong>Wichtig<\/strong>\n\t<\/p>\n\t<ul>\n\t\t<li>\n\t\t\t<p>F\u00fcr Dateien, die gr\u00f6\u00dfer als 5 MB sind, geben Sie bitte unter \"Zus\u00e4tzliche Informationen\" an, wie wir die Dateien f\u00fcr das Angebot \u00fcbertragen sollen.\n\t\t\t<\/p>\n\t\t<\/li>\n\t\t<li>\n\t\t\t<p>F\u00fcr mehrere Dateien, die f\u00fcr das Angebot eingereicht werden, komprimieren Sie diese bitte in einer einzelnen Datei und laden Sie sie hoch, um eine schnellere \u00dcbertragung zu erm\u00f6glichen.\n\t\t\t<\/p>\n\t\t<\/li>\n\t<\/ul>\n\t<p><span class=\"wpcf7-form-control-wrap\" data-name=\"hcap-cf7\">\t\t<input\n\t\t\t\ttype=\"hidden\"\n\t\t\t\tclass=\"hcaptcha-widget-id\"\n\t\t\t\tname=\"hcaptcha-widget-id\"\n\t\t\t\tvalue=\"eyJzb3VyY2UiOlsiY29udGFjdC1mb3JtLTdcL3dwLWNvbnRhY3QtZm9ybS03LnBocCJdLCJmb3JtX2lkIjo1MjQ3fQ==-dfcfc5c41981884fa44d10dfac99fd4c\">\n\t\t\t\t<span id=\"hcap_cf7-69f4e7a83cd1a4.74612461\" class=\"wpcf7-form-control h-captcha \"\n\t\t\t\tdata-sitekey=\"18cfd502-441f-4511-85b3-bd4c064765a1\"\n\t\t\t\tdata-theme=\"light\"\n\t\t\t\tdata-size=\"normal\"\n\t\t\t\tdata-auto=\"false\"\n\t\t\t\tdata-force=\"false\">\n\t\t<\/span>\n\t\t<input type=\"hidden\" id=\"_wpnonce\" name=\"_wpnonce\" value=\"b19b670f83\" \/><input type=\"hidden\" name=\"_wp_http_referer\" value=\"\/de\/wp-json\/wp\/v2\/pages\/11\" \/><\/span><input type=\"reset\" value=\"Zur\u00fccksetzen\" \/> &nbsp; <input class=\"wpcf7-form-control wpcf7-submit has-spinner\" type=\"submit\" value=\"Absenden\" \/>\n\t<\/p>\n<\/div><div class=\"wpcf7-response-output\" aria-hidden=\"true\"><\/div>\n<\/form>\n<\/div>\n\n\r\n\r\n\r\n<p><\/p>\r\n","protected":false},"excerpt":{"rendered":"<p>Willkommen in unserem E-Quote-Formular! Durch das Ausf\u00fcllen dieses einfachen Formulars k\u00f6nnen Sie eine schnelle und genaue Sch\u00e4tzung f\u00fcr unsere Dienstleistungen erhalten. Wir verstehen, dass jedes Projekt einzigartig ist, weshalb wir&hellip;<\/p>\n","protected":false},"author":1,"featured_media":2082,"parent":0,"menu_order":16,"comment_status":"closed","ping_status":"closed","template":"","meta":{"footnotes":""},"class_list":["post-11","page","type-page","status-publish","has-post-thumbnail","hentry"],"_links":{"self":[{"href":"https:\/\/www.verztec.com\/wp-json\/wp\/v2\/pages\/11"}],"collection":[{"href":"https:\/\/www.verztec.com\/wp-json\/wp\/v2\/pages"}],"about":[{"href":"https:\/\/www.verztec.com\/wp-json\/wp\/v2\/types\/page"}],"author":[{"embeddable":true,"href":"https:\/\/www.verztec.com\/wp-json\/wp\/v2\/users\/1"}],"replies":[{"embeddable":true,"href":"https:\/\/www.verztec.com\/wp-json\/wp\/v2\/comments?post=11"}],"version-history":[{"count":8,"href":"https:\/\/www.verztec.com\/wp-json\/wp\/v2\/pages\/11\/revisions"}],"predecessor-version":[{"id":3120,"href":"https:\/\/www.verztec.com\/wp-json\/wp\/v2\/pages\/11\/revisions\/3120"}],"wp:featuredmedia":[{"embeddable":true,"href":"https:\/\/www.verztec.com\/wp-json\/wp\/v2\/media\/2082"}],"wp:attachment":[{"href":"https:\/\/www.verztec.com\/wp-json\/wp\/v2\/media?parent=11"}],"curies":[{"name":"wp","href":"https:\/\/api.w.org\/{rel}","templated":true}]}}