{"id":1432,"date":"2009-08-07T09:12:51","date_gmt":"2009-08-07T09:12:51","guid":{"rendered":"http:\/\/staging.verztec.com\/verztec\/sitemap\/"},"modified":"2024-12-16T07:04:14","modified_gmt":"2024-12-16T07:04:14","slug":"sitemap","status":"publish","type":"page","link":"https:\/\/www.verztec.com\/sitemap","title":{"rendered":"Seiten\u00fcbersicht"},"content":{"rendered":"\r\n<h4>Unternehmen<\/h4>\r\n<ul class=\"sitemap-wrapper\">\r\n    <li class=\"sitemap-inner-wrapper\">\r\n        <img decoding=\"async\" src=\"https:\/\/www.verztec.com\/wp-content\/uploads\/2024\/10\/1_AboutUs-150x150.png\" \/>\r\n        <a href=\"index.php\/about-us\">\u00dcber uns<\/a>\r\n    <\/li>\r\n    <li class=\"sitemap-inner-wrapper\">\r\n        <img decoding=\"async\" src=\"https:\/\/www.verztec.com\/wp-content\/uploads\/2024\/10\/2_Leadership-150x150.png\" \/>\r\n        <a href=\"index.php\/verztec-leadership\">Unser F\u00fchrungsteam<\/a>\r\n    <\/li>\r\n    <li class=\"sitemap-inner-wrapper\">\r\n        <img decoding=\"async\" src=\"https:\/\/www.verztec.com\/wp-content\/uploads\/2024\/10\/3_OfficialAPEC-150x150.png\" \/>\r\n        <a href=\"index.php\/official-apec-translation-partner\">Offizieller APEC-\u00dcbersetzungspartner<\/a>\r\n    <\/li>\r\n    <li class=\"sitemap-inner-wrapper\">\r\n        <img decoding=\"async\" src=\"https:\/\/www.verztec.com\/wp-content\/uploads\/2024\/10\/4_CorporateCulture-150x150.png\" \/>\r\n        <a href=\"index.php\/our-corporate-culture\">Unsere Unternehmenskultur<\/a>\r\n    <\/li>\r\n    <li class=\"sitemap-inner-wrapper\">\r\n        <img decoding=\"async\" src=\"https:\/\/www.verztec.com\/wp-content\/uploads\/2024\/10\/5_MessageFromCEO-150x150.png\" \/>\r\n        <a href=\"index.php\/message-from-our-ceo\">Nachricht von unserem Group CEO<\/a>\r\n    <\/li>\r\n    <li class=\"sitemap-inner-wrapper\">\r\n        <img decoding=\"async\" src=\"https:\/\/www.verztec.com\/wp-content\/uploads\/2024\/10\/6_ISO9001-150x150.png\" \/>\r\n        <a href=\"index.php\/iso-90012015\">ISO 9001:2015<\/a>\r\n    <\/li>\r\n    <li class=\"sitemap-inner-wrapper\">\r\n        <img decoding=\"async\" src=\"https:\/\/www.verztec.com\/wp-content\/uploads\/2024\/10\/7_BizSAFE-150x150.png\" \/>\r\n        <a href=\"index.php\/bizsafe-compliant\">BizSAFE-konform<\/a>\r\n    <\/li>\r\n    <li class=\"sitemap-inner-wrapper\">\r\n        <img decoding=\"async\" src=\"https:\/\/www.verztec.com\/wp-content\/uploads\/2024\/10\/8_BusinessIndustry-150x150.png\" \/>\r\n        <a href=\"index.php\/industry-associations\">Unternehmens- und Industrievereinigungen<\/a>\r\n    <\/li>\r\n    <li class=\"sitemap-inner-wrapper\">\r\n        <img decoding=\"async\" src=\"https:\/\/www.verztec.com\/wp-content\/uploads\/2024\/10\/9_CustomerPromise-150x150.png\" \/>\r\n        <a href=\"index.php\/customer-promise\">Unser Versprechen an unsere Kunden<\/a>\r\n    <\/li>\r\n    <li class=\"sitemap-inner-wrapper\">\r\n        <img decoding=\"async\" src=\"https:\/\/www.verztec.com\/wp-content\/uploads\/2024\/10\/10_InvestorRelations-150x150.png\" \/>\r\n        <a href=\"index.php\/investors\">Investor Relations<\/a>\r\n    <\/li>\r\n    <li class=\"sitemap-inner-wrapper\">\r\n        <img decoding=\"async\" src=\"https:\/\/www.verztec.com\/wp-content\/uploads\/2024\/10\/11_Exhbitions-150x150.png\" \/>\r\n        <a href=\"index.php\/exhibitions-and-conferences\">Ausstellungen und Konferenzen<\/a>\r\n    <\/li>\r\n    <li class=\"sitemap-inner-wrapper\">\r\n        <img decoding=\"async\" src=\"https:\/\/www.verztec.com\/wp-content\/uploads\/2024\/10\/Media_Release-150x150.png\" \/>\r\n        <a href=\"index.php\/media-release\">Pressemitteilung<\/a>\r\n    <\/li>\r\n    <li class=\"sitemap-inner-wrapper\">\r\n        <img decoding=\"async\" src=\"https:\/\/www.verztec.com\/wp-content\/uploads\/2024\/10\/13_News-150x150.png\" \/>\r\n        <a href=\"index.php\/news-and-event-1\">Nachrichten und Veranstaltungen<\/a>\r\n    <\/li>\r\n<\/ul>\r\n<br \/>\r\n<h4>Gesellschaftlicher Zweck<\/h4>\r\n<ul class=\"sitemap-wrapper\">\r\n    <li class=\"sitemap-inner-wrapper\">\r\n        <img decoding=\"async\" src=\"https:\/\/www.verztec.com\/wp-content\/uploads\/2024\/10\/1_Commitment-150x150.png\" \/>\r\n        <a href=\"index.php\/social-responsibility\">Unser Engagement f\u00fcr die gesellschaftliche Verantwortung von Unternehmen (CSR)<\/a>\r\n    <\/li>\r\n    <li class=\"sitemap-inner-wrapper\">\r\n        <img decoding=\"async\" src=\"https:\/\/www.verztec.com\/wp-content\/uploads\/2024\/10\/2_Charity-150x150.png\" \/>\r\n        <a href=\"index.php\/our-charity-partnerships\">Unsere Wohlt\u00e4tigkeitspartnerschaften<\/a>\r\n    <\/li>\r\n    <li class=\"sitemap-inner-wrapper\">\r\n        <img decoding=\"async\" src=\"https:\/\/www.verztec.com\/wp-content\/uploads\/2024\/10\/3_Community-150x150.png\" \/>\r\n        <a href=\"index.php\/our-community-involvements\">Unser Engagement in der Gemeinschaft<\/a>\r\n    <\/li>\r\n<\/ul>\r\n<br \/>\r\n<h4>Dienstleistungen<\/h4>\r\n<ul class=\"sitemap-wrapper\">\r\n    <li class=\"sitemap-inner-wrapper\">\r\n        <img decoding=\"async\" src=\"https:\/\/www.verztec.com\/wp-content\/uploads\/2024\/10\/1_DigitalLearning-150x150.png\" \/>\r\n        <a href=\"index.php\/digital-learning\">Digitales Lernen<\/a>\r\n    <\/li>\r\n    <li class=\"sitemap-inner-wrapper\">\r\n        <img decoding=\"async\" src=\"https:\/\/www.verztec.com\/wp-content\/uploads\/2024\/10\/2_Language-150x150.png\" \/>\r\n        <a href=\"index.php\/language-services\">Sprachdienste<\/a>\r\n    <\/li>\r\n    <li class=\"sitemap-inner-wrapper\">\r\n        <img decoding=\"async\" src=\"https:\/\/www.verztec.com\/wp-content\/uploads\/2024\/10\/3_GlobalCreative-150x150.png\" \/>\r\n        <a href=\"index.php\/design\">Globale Kreativgestaltung<\/a>\r\n    <\/li>\r\n<\/ul>\r\n<br \/>\r\n<h4>Branchen<\/h4>\r\n<ul class=\"sitemap-wrapper\">\r\n    <li class=\"sitemap-inner-wrapper\">\r\n        <img decoding=\"async\" src=\"https:\/\/www.verztec.com\/wp-content\/uploads\/2024\/10\/1_DigitalMarketing-150x150.png\" \/>\r\n        <a href=\"index.php\/advertising\">Digitales Marketing &#038; Werbung<\/a>\r\n    <\/li>\r\n    <li class=\"sitemap-inner-wrapper\">\r\n        <img decoding=\"async\" src=\"https:\/\/www.verztec.com\/wp-content\/uploads\/2024\/10\/2_Areospace-150x150.png\" \/>\r\n        <a href=\"index.php\/aerospace-and-defense\">Luft- und Raumfahrt sowie Verteidigung<\/a>\r\n    <\/li>\r\n    <li class=\"sitemap-inner-wrapper\">\r\n        <img decoding=\"async\" src=\"https:\/\/www.verztec.com\/wp-content\/uploads\/2024\/10\/3_Automotive-150x150.png\" \/>\r\n        <a href=\"index.php\/automotive\">Automobil<\/a>\r\n    <\/li>\r\n    <li class=\"sitemap-inner-wrapper\">\r\n        <img decoding=\"async\" src=\"https:\/\/www.verztec.com\/wp-content\/uploads\/2024\/10\/4_Banking-150x150.png\" \/>\r\n        <a href=\"index.php\/banking-and-finance\">Banken und Finanzen<\/a>\r\n    <\/li>\r\n    <li class=\"sitemap-inner-wrapper\">\r\n        <img decoding=\"async\" src=\"https:\/\/www.verztec.com\/wp-content\/uploads\/2024\/10\/5_Blockchain-150x150.png\" \/>\r\n        <a href=\"index.php\/blockchain-industry-and-start-ups\">Blockchain und Startup<\/a>\r\n    <\/li>\r\n    <li class=\"sitemap-inner-wrapper\">\r\n        <img decoding=\"async\" src=\"https:\/\/www.verztec.com\/wp-content\/uploads\/2024\/10\/6_Pharma-150x150.png\" \/>\r\n        <a href=\"index.php\/healthcare-and-pharmaceuticals\">Pharmazeutische Produkte und Gesundheitswesen<\/a>\r\n    <\/li>\r\n    <li class=\"sitemap-inner-wrapper\">\r\n        <img decoding=\"async\" src=\"https:\/\/www.verztec.com\/wp-content\/uploads\/2024\/10\/7_Education-150x150.png\" \/>\r\n        <a href=\"index.php\/education\">Bildung<\/a>\r\n    <\/li>\r\n    <li class=\"sitemap-inner-wrapper\">\r\n        <img decoding=\"async\" src=\"https:\/\/www.verztec.com\/wp-content\/uploads\/2024\/10\/8_Electronics-150x150.png\" \/>\r\n        <a href=\"index.php\/electronics\">Elektronik<\/a>\r\n    <\/li>\r\n    <li class=\"sitemap-inner-wrapper\">\r\n        <img decoding=\"async\" src=\"https:\/\/www.verztec.com\/wp-content\/uploads\/2024\/10\/9_Energy-150x150.png\" \/>\r\n        <a href=\"index.php\/energy\">Energie und Bergbau<\/a>\r\n    <\/li>\r\n    <li class=\"sitemap-inner-wrapper\">\r\n        <img decoding=\"async\" src=\"https:\/\/www.verztec.com\/wp-content\/uploads\/2024\/10\/10_Government-150x150.png\" \/>\r\n        <a href=\"index.php\/government\">Regierung<\/a>\r\n    <\/li>\r\n    <li class=\"sitemap-inner-wrapper\">\r\n        <img decoding=\"async\" src=\"https:\/\/www.verztec.com\/wp-content\/uploads\/2024\/10\/11_Legal-150x150.png\" \/>\r\n        <a href=\"index.php\/legal\">Rechtlich<\/a>\r\n    <\/li>\r\n    <li class=\"sitemap-inner-wrapper\">\r\n        <img decoding=\"async\" src=\"https:\/\/www.verztec.com\/wp-content\/uploads\/2024\/10\/12_Medical-150x150.png\" \/>\r\n        <a href=\"index.php\/medical-a-life-sciences\">Medizinische Ger\u00e4te<\/a>\r\n    <\/li>\r\n    <li class=\"sitemap-inner-wrapper\">\r\n        <img decoding=\"async\" src=\"https:\/\/www.verztec.com\/wp-content\/uploads\/2024\/10\/13_LifeScience-150x150.png\" \/>\r\n        <a href=\"index.php\/life-sciences\">Lebenswissenschaften<\/a>\r\n    <\/li>\r\n    <li class=\"sitemap-inner-wrapper\">\r\n        <img decoding=\"async\" src=\"https:\/\/www.verztec.com\/wp-content\/uploads\/2024\/10\/14_Manufacturing-150x150.png\" \/>\r\n        <a href=\"index.php\/manufacturing\">Fertigung<\/a>\r\n    <\/li>\r\n    <li class=\"sitemap-inner-wrapper\">\r\n        <img decoding=\"async\" src=\"https:\/\/www.verztec.com\/wp-content\/uploads\/2024\/10\/15_Petrol-150x150.png\" \/>\r\n        <a href=\"index.php\/petroleum-and-chemicals\">Erd\u00f6l und Chemie<\/a>\r\n    <\/li>\r\n    <li class=\"sitemap-inner-wrapper\">\r\n        <img decoding=\"async\" src=\"https:\/\/www.verztec.com\/wp-content\/uploads\/2024\/10\/16_Travel-150x150.png\" \/>\r\n        <a href=\"index.php\/travel-and-hospitality\">Reise- und Gastgewerbe<\/a>\r\n    <\/li>\r\n    <li class=\"sitemap-inner-wrapper\">\r\n        <img decoding=\"async\" src=\"https:\/\/www.verztec.com\/wp-content\/uploads\/2024\/10\/17_Tech-150x150.png\" \/>\r\n        <a href=\"index.php\/technology\">Technologie<\/a>\r\n    <\/li>\r\n    <li class=\"sitemap-inner-wrapper\">\r\n        <img decoding=\"async\" src=\"https:\/\/www.verztec.com\/wp-content\/uploads\/2024\/10\/18_Retail-150x150.png\" \/>\r\n        <a href=\"index.php\/retail-e-commerce\">Einzelhandel &#038; E-Commerce<\/a>\r\n    <\/li>\r\n    <li class=\"sitemap-inner-wrapper\">\r\n        <img decoding=\"async\" src=\"https:\/\/www.verztec.com\/wp-content\/uploads\/2024\/10\/21_NonProfit-150x150.png\" \/>\r\n        <a href=\"index.php\/non-profit-agencies\">Gemeinn\u00fctzige Organisationen<\/a>\r\n    <\/li>\r\n    <li class=\"sitemap-inner-wrapper\">\r\n        <img decoding=\"async\" src=\"https:\/\/www.verztec.com\/wp-content\/uploads\/2024\/10\/22_Food-150x150.png\" \/>\r\n        <a href=\"index.php\/food-beverage\">Lebensmittel und Getr\u00e4nke<\/a>\r\n    <\/li>\r\n    <li class=\"sitemap-inner-wrapper\">\r\n        <img decoding=\"async\" src=\"https:\/\/www.verztec.com\/wp-content\/uploads\/2024\/10\/19_Gaming-150x150.png\" \/>\r\n        <a href=\"index.php\/gaming\">Gaming<\/a>\r\n    <\/li>\r\n    <li class=\"sitemap-inner-wrapper\">\r\n        <img decoding=\"async\" src=\"https:\/\/www.verztec.com\/wp-content\/uploads\/2024\/10\/20_Entertainment-150x150.png\" \/>\r\n        <a href=\"index.php\/entertainment\">Unterhaltung<\/a>\r\n    <\/li>\r\n<\/ul>\r\n<br \/>\r\n<h4>Vorteile<\/h4>\r\n<ul class=\"sitemap-wrapper\">\r\n    <li class=\"sitemap-inner-wrapper\">\r\n        <img decoding=\"async\" src=\"https:\/\/www.verztec.com\/wp-content\/uploads\/2024\/10\/1_Why-150x150.png\" \/>\r\n        <a href=\"index.php\/why-verztec\">Warum Verztec w\u00e4hlen?<\/a>\r\n    <\/li>\r\n    <li class=\"sitemap-inner-wrapper\">\r\n        <img decoding=\"async\" src=\"https:\/\/www.verztec.com\/wp-content\/uploads\/2024\/10\/2_ProjectManagement-150x150.png\" \/>\r\n        <a href=\"index.php\/project-management\">Projektmanagement<\/a>\r\n    <\/li>\r\n    <li class=\"sitemap-inner-wrapper\">\r\n        <img decoding=\"async\" src=\"https:\/\/www.verztec.com\/wp-content\/uploads\/2024\/10\/3_Vendor-150x150.png\" \/>\r\n        <a href=\"index.php\/vendor-management\">Lieferantenmanagement<\/a>\r\n    <\/li>\r\n    <li class=\"sitemap-inner-wrapper\">\r\n        <img decoding=\"async\" src=\"https:\/\/www.verztec.com\/wp-content\/uploads\/2024\/10\/4_OnDemand-150x150.png\" \/>\r\n        <a href=\"index.php\/on-demand-scalability\">Skalierbarkeit auf Abruf<\/a>\r\n    <\/li>\r\n    <li class=\"sitemap-inner-wrapper\">\r\n        <img decoding=\"async\" src=\"https:\/\/www.verztec.com\/wp-content\/uploads\/2024\/10\/5_Flexibility-150x150.png\" \/>\r\n        <a href=\"index.php\/flexibility\">Flexibilit\u00e4t<\/a>\r\n    <\/li>\r\n    <li class=\"sitemap-inner-wrapper\">\r\n        <img decoding=\"async\" src=\"https:\/\/www.verztec.com\/wp-content\/uploads\/2024\/10\/6_Transparency-150x150.png\" \/>\r\n        <a href=\"index.php\/transparency-integrity\">Transparenz und Integrit\u00e4t<\/a>\r\n    <\/li>\r\n    <li class=\"sitemap-inner-wrapper\">\r\n        <img decoding=\"async\" src=\"https:\/\/www.verztec.com\/wp-content\/uploads\/2024\/10\/7_Quality-150x150.png\" \/>\r\n        <a href=\"index.php\/quality-assurance\">Qualit\u00e4tssicherung<\/a>\r\n    <\/li>\r\n    <li class=\"sitemap-inner-wrapper\">\r\n        <img decoding=\"async\" src=\"https:\/\/www.verztec.com\/wp-content\/uploads\/2024\/10\/8_Confidentiality-150x150.png\" \/>\r\n        <a href=\"index.php\/confidentiality\">Vertraulichkeit<\/a>\r\n    <\/li>\r\n<\/ul>\r\n<br \/>\r\n<h4>Erfolgsgeschichten<\/h4>\r\n<ul class=\"sitemap-wrapper\">\r\n    <li class=\"sitemap-inner-wrapper\">\r\n        <img decoding=\"async\" src=\"https:\/\/www.verztec.com\/wp-content\/uploads\/2024\/10\/1_OurAwards-150x150.png\" \/>\r\n        <a href=\"index.php\/our-awards\">Unsere Auszeichnungen und Ehrungen<\/a>\r\n    <\/li>\r\n    <li class=\"sitemap-inner-wrapper\">\r\n        <img decoding=\"async\" src=\"https:\/\/www.verztec.com\/wp-content\/uploads\/2024\/10\/2_NotablePast-150x150.png\" \/>\r\n        <a href=\"index.php\/photo-gallery\">Bemerkenswerte fr\u00fchere Dolmetschprojekte<\/a>\r\n    <\/li>\r\n    <li class=\"sitemap-inner-wrapper\">\r\n        <img decoding=\"async\" src=\"https:\/\/www.verztec.com\/wp-content\/uploads\/2024\/10\/3_OurValuedClients-150x150.png\" \/>\r\n        <a href=\"index.php\/clients\">Unsere gesch\u00e4tzten Kunden<\/a>\r\n    <\/li>\r\n    <li class=\"sitemap-inner-wrapper\">\r\n        <img decoding=\"async\" src=\"https:\/\/www.verztec.com\/wp-content\/uploads\/2024\/10\/4_ClientTestimonials-150x150.png\" \/>\r\n        <a href=\"index.php\/testimonials\">Kundenbewertungen<\/a>\r\n    <\/li>\r\n    <li class=\"sitemap-inner-wrapper\">\r\n        <img decoding=\"async\" src=\"https:\/\/www.verztec.com\/wp-content\/uploads\/2024\/10\/5_ClientReference-150x150.png\" \/>\r\n        <a href=\"index.php\/client-reference-videos\">Kundenreferenzvideos<\/a>\r\n    <\/li>\r\n<\/ul>\r\n<br \/>\r\n<a class=\"main-link\" href=\"index.php\/faq\">H\u00e4ufig gestellte Fragen<\/a>\r\n<br \/>\r\n<a class=\"main-link\" href=\"index.php\/e-quote\">Elektronisches Angebot<\/a>\r\n<br \/>\r\n<br \/>\r\n<h4>Kontaktieren Sie uns<\/h4>\r\n<ul class=\"sitemap-wrapper\">\r\n    <li class=\"sitemap-inner-wrapper\">\r\n        <img decoding=\"async\" src=\"https:\/\/www.verztec.com\/wp-content\/uploads\/2024\/10\/1_OurLocations-150x150.png\" \/>\r\n        <a href=\"index.php\/contact-us\">Unsere Standorte<\/a>\r\n    <\/li>\r\n    <li class=\"sitemap-inner-wrapper\">\r\n        <img decoding=\"async\" src=\"https:\/\/www.verztec.com\/wp-content\/uploads\/2024\/10\/2_BeOurPartner-150x150.png\" \/>\r\n        <a href=\"index.php\/partner\">Werden Sie unser Partner<\/a>\r\n    <\/li>\r\n    <li class=\"sitemap-inner-wrapper\">\r\n        <img decoding=\"async\" src=\"https:\/\/www.verztec.com\/wp-content\/uploads\/2024\/10\/3_Employment-150x150.png\" \/>\r\n        <a href=\"index.php\/employment-opportunities\">Besch\u00e4ftigungsm\u00f6glichkeiten<\/a>\r\n    <\/li>\r\n    <li class=\"sitemap-inner-wrapper\">\r\n        <img decoding=\"async\" src=\"https:\/\/www.verztec.com\/wp-content\/uploads\/2024\/10\/4_WhyJoin-150x150.png\" \/>\r\n        <a href=\"index.php\/why-join-us\">Warum unserem Team beitreten?<\/a>\r\n    <\/li>\r\n<\/ul>\r\n","protected":false},"excerpt":{"rendered":"<p>Unternehmen \u00dcber uns Unser F\u00fchrungsteam Offizieller APEC-\u00dcbersetzungspartner Unsere Unternehmenskultur Nachricht von unserem Group CEO ISO 9001:2015 BizSAFE-konform Unternehmens- und Industrievereinigungen Unser Versprechen an unsere Kunden Investor Relations Ausstellungen und Konferenzen&hellip;<\/p>\n","protected":false},"author":1,"featured_media":2033,"parent":0,"menu_order":9,"comment_status":"closed","ping_status":"closed","template":"","meta":{"footnotes":""},"class_list":["post-1432","page","type-page","status-publish","has-post-thumbnail","hentry"],"_links":{"self":[{"href":"https:\/\/www.verztec.com\/wp-json\/wp\/v2\/pages\/1432"}],"collection":[{"href":"https:\/\/www.verztec.com\/wp-json\/wp\/v2\/pages"}],"about":[{"href":"https:\/\/www.verztec.com\/wp-json\/wp\/v2\/types\/page"}],"author":[{"embeddable":true,"href":"https:\/\/www.verztec.com\/wp-json\/wp\/v2\/users\/1"}],"replies":[{"embeddable":true,"href":"https:\/\/www.verztec.com\/wp-json\/wp\/v2\/comments?post=1432"}],"version-history":[{"count":13,"href":"https:\/\/www.verztec.com\/wp-json\/wp\/v2\/pages\/1432\/revisions"}],"predecessor-version":[{"id":3631,"href":"https:\/\/www.verztec.com\/wp-json\/wp\/v2\/pages\/1432\/revisions\/3631"}],"wp:featuredmedia":[{"embeddable":true,"href":"https:\/\/www.verztec.com\/wp-json\/wp\/v2\/media\/2033"}],"wp:attachment":[{"href":"https:\/\/www.verztec.com\/wp-json\/wp\/v2\/media?parent=1432"}],"curies":[{"name":"wp","href":"https:\/\/api.w.org\/{rel}","templated":true}]}}