{"id":1439,"date":"2010-02-08T08:55:48","date_gmt":"2010-02-08T08:55:48","guid":{"rendered":"http:\/\/staging.verztec.com\/verztec\/automotive\/"},"modified":"2025-02-03T08:28:43","modified_gmt":"2025-02-03T08:28:43","slug":"automotive","status":"publish","type":"page","link":"https:\/\/www.verztec.com\/automotive","title":{"rendered":"Automobil"},"content":{"rendered":"<p>Die Automobilindustrie entwickelt sich schnell weiter und integriert neue Technologien wie Elektrofahrzeuge (EV) und komprimiertes Erdgas (CNG), um die Leistung zu steigern und den CO2-Fu\u00dfabdruck zu verringern, w\u00e4hrend gleichzeitig Sicherheitsstandards verbessert werden.<\/p>\r\n<p>Um in der Automobilbranche an der Spitze zu bleiben, ist kontinuierliche Innovation erforderlich, um die unterschiedlichen Marktanforderungen und Verbraucherpr\u00e4ferenzen weltweit zu erf\u00fcllen. Wie k\u00f6nnen Sie herausragende Produkte schaffen, die in verschiedenen Regionen resonieren? Lokalisierung ist der Schl\u00fcssel.<\/p>\r\n<p>Verztec ist auf die Lokalisierung von technischen Handb\u00fcchern, Benutzerhandb\u00fcchern, Marketingbrosch\u00fcren und Webinhalten f\u00fcr verschiedene Regionen spezialisiert und hebt Ihre Marke auf den wettbewerbsintensiven globalen M\u00e4rkten hervor. Unsere fortschrittlichen \u00dcbersetzungsspeichertools und Automobil-Experten gew\u00e4hrleisten eine pr\u00e4zise Verwaltung von Terminologien und branchenspezifischem Jargon, wobei Konsistenz und Klarheit gewahrt bleiben.<\/p>\r\n<p>Die F\u00e4higkeiten von Verztec decken eine umfassende Reihe von wichtigen Dokumenten f\u00fcr die Automobilindustrie ab, darunter Verkaufs- und Marketingkampagnen, Produktbrosch\u00fcren, Verkaufs-\/Kundendienst-Schulungsmaterialien, technische Handb\u00fccher, Diagnosenachrichten, Garantien und CRM-Systeme der H\u00e4ndler.<\/p>\r\n<p>\u00dcber die traditionelle Lokalisierung hinaus unterst\u00fctzt Verztec Automobilunternehmen bei digitalen Lerninitiativen. Wir sind darin hervorragend, Schulungsprogramme in Online-Module umzuwandeln und Lernmanagementsysteme (LMS) f\u00fcr eine effektive regionale oder globale Schulungsumsetzung bereitzustellen. Ob Sie nun pr\u00e4zise Dokumenten\u00fcbersetzungen oder innovative digitale Lernl\u00f6sungen ben\u00f6tigen, Verztec bietet eine flexible, umfassende Quelle f\u00fcr Ihre Anforderungen in der Automobilindustrie.<\/p>\r\n<p>Unser Engagement f\u00fcr Qualit\u00e4t und kulturelle Relevanz stellt sicher, dass Ihr Inhalt effektiv in internationalen M\u00e4rkten ankommt, was einen reibungslosen Markteintritt und betriebliche Exzellenz f\u00f6rdert.<\/p>\r\n<p>Entdecken Sie, wie Verztec Ihre globale Strategie in der Automobilindustrie st\u00e4rken kann. Kontaktieren Sie uns noch heute, um unsere umfassenden Dienstleistungen und innovativen L\u00f6sungen zu erkunden.<\/p>\r\n\r\n<hr style=\"margin-top: 20px; margin-bottom: 20px; border: 0; border-top: 1px solid #eee;\" \/>\n<p style=\"margin-bottom: 0;\"><a href=\"https:\/\/www.verztec.com\/de\/testimonials\/\" target=\"_blank\" rel=\"noopener\">Kundenreferenzen<\/a> &nbsp; : Lesen Sie, was unsere Kunden \u00fcber uns sagen!<\/p>\n<p><a href=\"https:\/\/www.verztec.com\/de\/clients\/\" target=\"_blank\" rel=\"noopener\">Unsere gesch\u00e4tzten Kunden<\/a> &nbsp; : Sehen Sie die Liste unserer gesch\u00e4tzten Kunden.<\/p>\n\r\n","protected":false},"excerpt":{"rendered":"<p>Die Automobilindustrie entwickelt sich schnell weiter und integriert neue Technologien wie Elektrofahrzeuge (EV) und komprimiertes Erdgas (CNG), um die Leistung zu steigern und den CO2-Fu\u00dfabdruck zu verringern, w\u00e4hrend gleichzeitig Sicherheitsstandards&hellip;<\/p>\n","protected":false},"author":1,"featured_media":4027,"parent":0,"menu_order":22,"comment_status":"closed","ping_status":"closed","template":"","meta":{"footnotes":""},"class_list":["post-1439","page","type-page","status-publish","has-post-thumbnail","hentry"],"_links":{"self":[{"href":"https:\/\/www.verztec.com\/wp-json\/wp\/v2\/pages\/1439"}],"collection":[{"href":"https:\/\/www.verztec.com\/wp-json\/wp\/v2\/pages"}],"about":[{"href":"https:\/\/www.verztec.com\/wp-json\/wp\/v2\/types\/page"}],"author":[{"embeddable":true,"href":"https:\/\/www.verztec.com\/wp-json\/wp\/v2\/users\/1"}],"replies":[{"embeddable":true,"href":"https:\/\/www.verztec.com\/wp-json\/wp\/v2\/comments?post=1439"}],"version-history":[{"count":3,"href":"https:\/\/www.verztec.com\/wp-json\/wp\/v2\/pages\/1439\/revisions"}],"predecessor-version":[{"id":3151,"href":"https:\/\/www.verztec.com\/wp-json\/wp\/v2\/pages\/1439\/revisions\/3151"}],"wp:featuredmedia":[{"embeddable":true,"href":"https:\/\/www.verztec.com\/wp-json\/wp\/v2\/media\/4027"}],"wp:attachment":[{"href":"https:\/\/www.verztec.com\/wp-json\/wp\/v2\/media?parent=1439"}],"curies":[{"name":"wp","href":"https:\/\/api.w.org\/{rel}","templated":true}]}}