{"id":1440,"date":"2010-02-08T08:59:02","date_gmt":"2010-02-08T08:59:02","guid":{"rendered":"http:\/\/staging.verztec.com\/verztec\/travel-and-hospitality\/"},"modified":"2025-02-03T08:31:07","modified_gmt":"2025-02-03T08:31:07","slug":"travel-and-hospitality","status":"publish","type":"page","link":"https:\/\/www.verztec.com\/travel-and-hospitality","title":{"rendered":"Reise- und Gastgewerbe"},"content":{"rendered":"<p>Die Reise- und Hotelleriebranche ist ein Eckpfeiler des globalen Handels und dient als wichtige Verbindung, um Menschen und Kulturen weltweit zu verbinden. Von Luxusresorts bis zu Budgetunterk\u00fcnften, von internationalen Fluggesellschaften bis zu lokalen Reiseveranstaltern, dieser dynamische Sektor bedient eine Vielzahl von Reisenden und deren unterschiedlichen Vorlieben und Anforderungen.<\/p>\r\n<p>Mit dem stetigen Wachstum des weltweiten Reiseverkehrs w\u00e4chst auch der Bedarf an effektiver Kommunikation \u00fcber Sprach- und Kulturgrenzen hinweg. Reise- und Hotellerieunternehmen m\u00fcssen nahtlose Erlebnisse f\u00fcr G\u00e4ste aus allen Teilen der Welt bieten, wobei ihre Botschaften authentisch bei jedem Publikum ankommen m\u00fcssen.<\/p>\r\n<p>In diesem wettbewerbsintensiven Umfeld nutzen Unternehmen in dieser Branche fortschrittliche Technologien und innovative Marketingstrategien, um sich einen Wettbewerbsvorteil zu verschaffen. Viele expandieren in neue internationale M\u00e4rkte, was die Anpassung von Marketingmaterialien und Betriebsmaterialien an lokale Sprachen und Br\u00e4uche erforderlich macht.<\/p>\r\n<p>Verztec hat sich auf die Bereitstellung umfassender \u00dcbersetzungs- und Lokalisierungsdienste f\u00fcr die Reise- und Hotelleriebranche spezialisiert. Unser Team erfahrener \u00dcbersetzer und Lokalisierungsexperten stellt sicher, dass Ihre Inhalte pr\u00e4zise \u00fcbersetzt und kulturell angepasst werden, um die G\u00e4stebindung und Markenloyalit\u00e4t in globalen M\u00e4rkten zu verbessern.<\/p>\r\n<p>Die F\u00e4higkeiten von Verztec umfassen eine breite Palette kritischer Quellendokumente f\u00fcr die Reise- und Hotelleriebranche:<\/p>\r\n<ul>\r\n<li><b>Hotel- und Resortbrosch\u00fcren<\/b><\/li>\r\n<li><b>Reisef\u00fchrer und Zielgebietsinfos<\/b><\/li>\r\n<li><b>Buchungsplattformen und Reservierungssysteme<\/b><\/li>\r\n<li><b>G\u00e4steservices und Annehmlichkeiten<\/b><\/li>\r\n<li><b>Marketingkampagnen (Print, Digital, Social Media)<\/b><\/li>\r\n<li><b>Event- und Konferenzmaterialien<\/b><\/li>\r\n<li><b>Schulungsunterlagen f\u00fcr Mitarbeiter<\/b><\/li>\r\n<li><b>Unternehmenskommunikation<\/b><\/li>\r\n<li><b>Website-Lokalisierung<\/b><\/li>\r\n<li><b>Mehrsprachiger Kundenservice<\/b><\/li>\r\n<\/ul>\r\n<p>Zus\u00e4tzlich zu traditionellen \u00dcbersetzungsdiensten bietet Verztec fortschrittliche digitale Lernl\u00f6sungen, die speziell auf die Bed\u00fcrfnisse der Reise- und Hotelleriebranche zugeschnitten sind. Diese L\u00f6sungen f\u00f6rdern die Schulung von Mitarbeitern, verbessern die Kundenservicebereitstellung und gew\u00e4hrleisten eine konsistente Markenkommunikation \u00fcber verschiedene globale Operationen hinweg.<\/p>\r\n<p>Arbeiten Sie mit Verztec zusammen, um Ihre globalen Kommunikationsstrategien zu optimieren, das G\u00e4steerlebnis zu verbessern und betriebliche Exzellenz in der wettbewerbsintensiven Reise- und Hotelleriebranche zu erreichen. Kontaktieren Sie uns noch heute, um herauszufinden, wie unsere spezialisierten Dienstleistungen das Wachstum und den Erfolg Ihres Unternehmens auf der globalen B\u00fchne unterst\u00fctzen k\u00f6nnen.<\/p>\r\n\r\n<hr style=\"margin-top: 20px; margin-bottom: 20px; border: 0; border-top: 1px solid #eee;\" \/>\n<p style=\"margin-bottom: 0;\"><a href=\"https:\/\/www.verztec.com\/de\/testimonials\/\" target=\"_blank\" rel=\"noopener\">Kundenreferenzen<\/a> &nbsp; : Lesen Sie, was unsere Kunden \u00fcber uns sagen!<\/p>\n<p><a href=\"https:\/\/www.verztec.com\/de\/clients\/\" target=\"_blank\" rel=\"noopener\">Unsere gesch\u00e4tzten Kunden<\/a> &nbsp; : Sehen Sie die Liste unserer gesch\u00e4tzten Kunden.<\/p>\n\r\n","protected":false},"excerpt":{"rendered":"<p>Die Reise- und Hotelleriebranche ist ein Eckpfeiler des globalen Handels und dient als wichtige Verbindung, um Menschen und Kulturen weltweit zu verbinden. Von Luxusresorts bis zu Budgetunterk\u00fcnften, von internationalen Fluggesellschaften&hellip;<\/p>\n","protected":false},"author":1,"featured_media":4027,"parent":0,"menu_order":21,"comment_status":"closed","ping_status":"closed","template":"","meta":{"footnotes":""},"class_list":["post-1440","page","type-page","status-publish","has-post-thumbnail","hentry"],"_links":{"self":[{"href":"https:\/\/www.verztec.com\/wp-json\/wp\/v2\/pages\/1440"}],"collection":[{"href":"https:\/\/www.verztec.com\/wp-json\/wp\/v2\/pages"}],"about":[{"href":"https:\/\/www.verztec.com\/wp-json\/wp\/v2\/types\/page"}],"author":[{"embeddable":true,"href":"https:\/\/www.verztec.com\/wp-json\/wp\/v2\/users\/1"}],"replies":[{"embeddable":true,"href":"https:\/\/www.verztec.com\/wp-json\/wp\/v2\/comments?post=1440"}],"version-history":[{"count":2,"href":"https:\/\/www.verztec.com\/wp-json\/wp\/v2\/pages\/1440\/revisions"}],"predecessor-version":[{"id":2872,"href":"https:\/\/www.verztec.com\/wp-json\/wp\/v2\/pages\/1440\/revisions\/2872"}],"wp:featuredmedia":[{"embeddable":true,"href":"https:\/\/www.verztec.com\/wp-json\/wp\/v2\/media\/4027"}],"wp:attachment":[{"href":"https:\/\/www.verztec.com\/wp-json\/wp\/v2\/media?parent=1440"}],"curies":[{"name":"wp","href":"https:\/\/api.w.org\/{rel}","templated":true}]}}