{"id":1481,"date":"2011-01-31T10:18:11","date_gmt":"2011-01-31T10:18:11","guid":{"rendered":"http:\/\/staging.verztec.com\/verztec\/our-awards\/"},"modified":"2024-11-01T03:13:13","modified_gmt":"2024-11-01T03:13:13","slug":"our-awards","status":"publish","type":"page","link":"https:\/\/www.verztec.com\/our-awards","title":{"rendered":"Unsere Auszeichnungen und Ehrungen"},"content":{"rendered":"<div class=\"awards-container\">\n<p>Im Laufe der Jahre hatten wir das Privileg, zahlreiche Auszeichnungen zu erhalten, dank der Bem\u00fchungen und des Engagements unseres Teams, allen unseren Kunden qualitativ hochwertige Dienstleistungen anzubieten.<\/p>\n<div class=\"award-item\">\n<div class=\"award-image\">\n            <img decoding=\"async\" src=\"https:\/\/www.verztec.com\/wp-content\/uploads\/2011\/01\/championsOfGood.png\" alt=\"\" width=\"120px\" \/><\/div>\n<div class=\"award-content\">\n<p>&#8220;Champions of Good&#8221; ist eine der h\u00f6chsten Auszeichnungen, die Unternehmen verliehen wird, die nicht nur vorbildlich in ihren philanthropischen Bem\u00fchungen waren, sondern auch Einfluss und Multiplikatorwirkung gezeigt haben, indem sie ihre Partner und Stakeholder in eine kooperative Spendenreise einbezogen haben. Verztec freut sich, im November 2017 als &#8220;Champions of Good&#8221; anerkannt worden zu sein.<\/p>\n<\/div>\n<\/div>\n<div class=\"award-item\">\n<div class=\"award-image\">\n            <img decoding=\"async\" src=\"https:\/\/www.verztec.com\/wp-content\/uploads\/2011\/01\/TDA.jpg\" alt=\"\" width=\"130px\" \/><\/div>\n<div class=\"award-content\">\n<p>Der &#8220;NS Advocate Award 2016&#8221; w\u00fcrdigt Bildungseinrichtungen sowie Familien- und Gemeinschaftsorganisationen, die starke Unterst\u00fctzung f\u00fcr den Nationalen Dienst zeigen. Organisationen, die \u00fcber sich hinauswachsen, erhalten diese Auszeichnung als Anerkennung f\u00fcr ihre starke Unterst\u00fctzung und proaktiven Richtlinien und Rollen.<\/p>\n<p>Die Auszeichnung wird vom Beratungsgremium f\u00fcr Gemeinschaftsbeziehungen in der Verteidigung (ACCORD) bewertet.<\/p>\n<\/div>\n<\/div>\n<div class=\"award-item\">\n<div class=\"award-image\">\n            <img decoding=\"async\" class=\" size-full wp-image-1468\" src=\"https:\/\/www.verztec.com\/wp-content\/uploads\/2011\/01\/cogl.jpg\" alt=\"\" width=\"100px\" border=\"0\" \/><br \/>\n<img decoding=\"async\" class=\" size-full wp-image-1469\" src=\"https:\/\/www.verztec.com\/wp-content\/uploads\/2011\/01\/nvpc.jpg\" alt=\"\" width=\"100px\" border=\"0\" \/><\/div>\n<div class=\"award-content\">\n<p>Das am 2. Juni 2016 gestartete Programm &#8220;The Company of Good&#8221; bef\u00e4higt Unternehmen, besser und umfassender zu geben. Es wurde vom National Volunteer &#038; Philanthropy Centre (NVPC) in Zusammenarbeit mit der Singapore Business Federation Foundation (SBFF) und mit Unterst\u00fctzung des Ministeriums f\u00fcr Kultur, Gemeinschaft und Jugend (MCCY) entwickelt. Verztec ist stolz darauf, seit 2016 Gr\u00fcndungsmitglied von &#8220;The Company of Good&#8221; zu sein.<\/p>\n<\/div>\n<\/div>\n<div class=\"award-item\">\n<div class=\"award-image\">\n            <img decoding=\"async\" class=\" size-full wp-image-317\" src=\"https:\/\/www.verztec.com\/wp-content\/uploads\/2009\/06\/common_sense_2016.png\" alt=\"\" width=\"120px\" border=\"0\" \/><br \/>\n<img decoding=\"async\" class=\" size-full wp-image-1470\" src=\"https:\/\/www.verztec.com\/wp-content\/uploads\/2011\/01\/csa2013.png\" alt=\"\" width=\"120px\" border=\"0\" \/><\/div>\n<div class=\"award-content\">\n<p>Verztec f\u00fchlt sich geehrt, von Common Sense Advisory im Jahr 2013 und 2016 als einer der Top 50 Sprachdienstleister weltweit ausgezeichnet worden zu sein.<\/p>\n<p>Common Sense Advisory ist ein unabh\u00e4ngiges Forschungsunternehmen mit Sitz in Massachusetts, USA.<\/p>\n<\/div>\n<\/div>\n<div class=\"award-item\">\n<div class=\"award-image\">\n            <img loading=\"lazy\" decoding=\"async\" class=\" size-full wp-image-1471\" src=\"https:\/\/www.verztec.com\/wp-content\/uploads\/2011\/01\/s1000_family.jpg\" alt=\"\" width=\"206\" height=\"187\" border=\"0\" \/><\/div>\n<div class=\"award-content\">\n<p>Das &#8220;Singapore 1000&#8221;-Ranking (Singapore 1000, Singapore SME 1000, Singapore International 100 und Fastest Growing 50) ist ein renommiertes Ranking, das seit fast drei Jahrzehnten j\u00e4hrlich die f\u00fchrenden Unternehmen des Landes bewertet.<\/p>\n<p>Es analysiert den Erfolg von Unternehmen anhand finanzieller Indikatoren wie Umsatz, Nettogewinn, Eigenkapitalrendite und Auslandserl\u00f6sen. Ohne kostenpflichtige Nominierungen und unter Ber\u00fccksichtigung aller Unternehmen analysiert &#8220;Singapore 1000&#8221; jedes Jahr \u00fcber 70.000 gepr\u00fcfte Jahresabschl\u00fcsse, um die besten 1.000 Unternehmen und KMU in Singapur zu ermitteln.<\/p>\n<\/div>\n<\/div>\n<div class=\"award-item\">\n<div class=\"award-image\">\n            <img loading=\"lazy\" decoding=\"async\" class=\" size-full wp-image-1472\" src=\"https:\/\/www.verztec.com\/wp-content\/uploads\/2011\/01\/topbrand.jpg\" alt=\"\" width=\"206\" height=\"102\" border=\"0\" \/><\/div>\n<div class=\"award-content\">\n<p>Das Verbraucherwahlprogramm &#8220;InfluentialBrands\u2122&#8221; basiert auf Verbrauchermeinungen zu Markenpr\u00e4ferenzen, den Hauptfaktoren, die ihr Kaufverhalten beeinflussen, und darauf, wie Marken diese Erkenntnisse nutzen k\u00f6nnen, um Verbraucher besser anzusprechen.<\/p>\n<p>Verztec ist stolz darauf, 2015 den InfluentialBrands\u2122-Preis als Top-Marke in der Kategorie &#8220;Professionelle Unternehmensdienstleistungen&#8221; gewonnen zu haben.<\/p>\n<\/div>\n<\/div>\n<div class=\"award-item\">\n<div class=\"award-image\">\n            <img loading=\"lazy\" decoding=\"async\" class=\" size-full wp-image-1473\" src=\"https:\/\/www.verztec.com\/wp-content\/uploads\/2011\/01\/superbrands_logo_small.png\" alt=\"\" width=\"133\" height=\"135\" border=\"0\" \/><\/div>\n<div class=\"award-content\">\n<p>Die &#8220;Superbrands&#8221; f\u00f6rdern die Disziplin des Brandings und feiern den Erfolg f\u00fchrender internationaler und lokaler Marken in Singapur. Es ist eine einzigartige Markenauszeichnung f\u00fcr etablierte B2B-Marken, die die strengen globalen Standards der Superbrands-Organisation erf\u00fcllen. Verztec ist stolz darauf, 2014 die Superbrands-Auszeichnung erhalten zu haben.<\/p>\n<\/div>\n<\/div>\n<div class=\"award-item\">\n<div class=\"award-image\">\n            <img loading=\"lazy\" decoding=\"async\" class=\" size-full wp-image-1474\" src=\"https:\/\/www.verztec.com\/wp-content\/uploads\/2011\/01\/EE_Logo_small.jpg\" alt=\"\" width=\"150\" height=\"76\" border=\"0\" \/><\/div>\n<div class=\"award-content\">\n<p>Der Emerging Enterprise Award ist die einzige lokale j\u00e4hrliche Auszeichnung f\u00fcr Unternehmen mit einem Jahresumsatz von bis zu 15 Millionen Dollar. Er wurde 2008 ins Leben gerufen und wird gemeinsam von The Business Times und der OCBC Bank verliehen, mit Unterst\u00fctzung von SPRING Singapore, NUS Extension, Acorn Marketing &#038; Research Consultants, SingTel, MasterCard und RSM Chio Lim als offiziellem Pr\u00fcfer.<\/p>\n<p>Die Bewertungskriterien basieren auf der Vision und Mission der Organisation, dem Gesch\u00e4ftsmodell, den Managementf\u00e4higkeiten, den Meilensteinen und Erfolgen sowie der Nutzung der Preisgelder.<\/p>\n<\/div>\n<\/div>\n<div class=\"award-item\">\n<div class=\"award-image\">\n            <img loading=\"lazy\" decoding=\"async\" class=\" size-full wp-image-1475\" src=\"https:\/\/www.verztec.com\/wp-content\/uploads\/2011\/01\/spba2014_small.jpg\" alt=\"\" width=\"110\" height=\"88\" border=\"0\" \/><br \/>\n<img loading=\"lazy\" decoding=\"async\" class=\" size-full wp-image-1476\" src=\"https:\/\/www.verztec.com\/wp-content\/uploads\/2011\/01\/SPBA-logo_2013_.jpg\" alt=\"\" width=\"110\" height=\"87\" border=\"0\" \/><br \/>\n<img loading=\"lazy\" decoding=\"async\" class=\" size-full wp-image-1477\" src=\"https:\/\/www.verztec.com\/wp-content\/uploads\/2011\/01\/SPBA-logo.jpg\" alt=\"\" width=\"110\" height=\"89\" border=\"0\" \/><\/div>\n<div class=\"award-content\">\n<p>Der Singapore Prestige Brand Award (SPBA), gemeinsam organisiert von der Association of Small and Medium Enterprises und Lianhe Zaobao, wurde ins Leben gerufen, um verdiente singapurische Marken anzuerkennen, die sich durch verschiedene Branding-Initiativen bew\u00e4hrt haben. Diese Auszeichnung w\u00fcrdigt Marken, die durch effektive Branding-Strategien entwickelt und verwaltet wurden.<\/p>\n<p>Verztec ist stolz darauf, dreimal Gewinner des SPBA-Preises zu sein \u2013 SPBA Promising Brands im Jahr 2010 sowie SPBA Established Brands in den Jahren 2013 und 2014.<\/p>\n<\/div>\n<\/div>\n<div class=\"award-item\">\n<div class=\"award-image\">\n            <img loading=\"lazy\" decoding=\"async\" class=\" size-full wp-image-1478\" src=\"https:\/\/www.verztec.com\/wp-content\/uploads\/2011\/01\/SME_small2.jpg\" alt=\"\" width=\"150\" height=\"106\" border=\"0\" \/><\/div>\n<div class=\"award-content\">\n<p>Die &#8220;SME1 Asia Awards 2012&#8221; w\u00fcrdigen erfolgreiche kleine und mittlere Unternehmen (KMU) in Singapur und Asien, die gesellschaftlich verantwortlich handeln. Diese Auszeichnung dient als Best\u00e4tigung f\u00fcr Unternehmen, die sich f\u00fcr wirtschaftliche, soziale und \u00f6kologische Nachhaltigkeit einsetzen. Ziel der SME1 Asia Awards ist es, eine aktive Gemeinschaft sozial verantwortlicher Unternehmensleiter zu f\u00f6rdern, um Gesch\u00e4ftsideen und Best Practices f\u00fcr nachhaltiges Wachstum auszutauschen.<\/p>\n<p>Verztec erhielt die Auszeichnung &#8220;Overall Top Winner Award \u2013 Prominent Category&#8221; der SME1 Asia Awards 2012.<\/p>\n<\/div>\n<\/div>\n<div class=\"award-item\">\n<div class=\"award-image\">\n            <img decoding=\"async\" class=\" size-full wp-image-1479\" src=\"https:\/\/www.verztec.com\/wp-content\/uploads\/2011\/01\/SOE-logo.jpg\" alt=\"\" width=\"100px\" border=\"0\" \/><\/div>\n<div class=\"award-content\">\n<p>Der Spirit of Enterprise (SOE) Award f\u00f6rdert und w\u00fcrdigt den Unternehmergeist in Singapur, indem lokale, selbstst\u00e4ndige Unternehmer geehrt werden, die Exzellenz und Antrieb in ihrem Gesch\u00e4ftsbereich zeigen. Die Preistr\u00e4ger werden vom SOE-Vorstand sowie durch \u00f6ffentliche Abstimmungen f\u00fcr ihren herausragenden Unternehmergeist ausgew\u00e4hlt.<\/p>\n<\/div>\n<\/div>\n<div class=\"award-item\">\n<div class=\"award-image\">\n            <img decoding=\"async\" class=\" size-full wp-image-1480\" src=\"https:\/\/www.verztec.com\/wp-content\/uploads\/2011\/01\/SME500-logo.jpg\" alt=\"\" width=\"100px\" border=\"0\" \/><\/div>\n<div class=\"award-content\">\n<p>Der &#8220;Promising SME 500 Award&#8221; w\u00fcrdigt herausragende Unternehmen in Asien. Die Preistr\u00e4ger werden auf der Grundlage strenger Bewertungskriterien ausgew\u00e4hlt, darunter weitsichtige F\u00fchrung, der Einsatz von Innovation zur Schaffung von Mehrwert f\u00fcr Unternehmen und Kunden, konsistente Gesch\u00e4ftsergebnisse, positive Resonanz und das Potenzial f\u00fcr weiteres Wachstum.<\/p>\n<\/div>\n<\/div>\n<\/div>\n","protected":false},"excerpt":{"rendered":"<p>Im Laufe der Jahre hatten wir das Privileg, zahlreiche Auszeichnungen zu erhalten, dank der Bem\u00fchungen und des Engagements unseres Teams, allen unseren Kunden qualitativ hochwertige Dienstleistungen anzubieten. &#8220;Champions of Good&#8221;&hellip;<\/p>\n","protected":false},"author":1,"featured_media":2020,"parent":0,"menu_order":9,"comment_status":"closed","ping_status":"closed","template":"","meta":{"footnotes":""},"class_list":["post-1481","page","type-page","status-publish","has-post-thumbnail","hentry"],"_links":{"self":[{"href":"https:\/\/www.verztec.com\/wp-json\/wp\/v2\/pages\/1481"}],"collection":[{"href":"https:\/\/www.verztec.com\/wp-json\/wp\/v2\/pages"}],"about":[{"href":"https:\/\/www.verztec.com\/wp-json\/wp\/v2\/types\/page"}],"author":[{"embeddable":true,"href":"https:\/\/www.verztec.com\/wp-json\/wp\/v2\/users\/1"}],"replies":[{"embeddable":true,"href":"https:\/\/www.verztec.com\/wp-json\/wp\/v2\/comments?post=1481"}],"version-history":[{"count":5,"href":"https:\/\/www.verztec.com\/wp-json\/wp\/v2\/pages\/1481\/revisions"}],"predecessor-version":[{"id":2903,"href":"https:\/\/www.verztec.com\/wp-json\/wp\/v2\/pages\/1481\/revisions\/2903"}],"wp:featuredmedia":[{"embeddable":true,"href":"https:\/\/www.verztec.com\/wp-json\/wp\/v2\/media\/2020"}],"wp:attachment":[{"href":"https:\/\/www.verztec.com\/wp-json\/wp\/v2\/media?parent=1481"}],"curies":[{"name":"wp","href":"https:\/\/api.w.org\/{rel}","templated":true}]}}