{"id":1485,"date":"2011-02-16T08:12:38","date_gmt":"2011-02-16T08:12:38","guid":{"rendered":"http:\/\/staging.verztec.com\/verztec\/publish\/"},"modified":"2025-02-14T06:38:53","modified_gmt":"2025-02-14T06:38:53","slug":"design","status":"publish","type":"page","link":"https:\/\/www.verztec.com\/design","title":{"rendered":"Globale Kreativgestaltung"},"content":{"rendered":"\r\n<div class=\"services\">\r\n    <div class=\"educate\"><a href=\"digital-learning\"><img loading=\"lazy\" decoding=\"async\" class=\" size-full wp-image-1483\" src=\"https:\/\/www.verztec.com\/wp-content\/uploads\/2011\/02\/educate_icon.png\" alt=\"\" width=\"36\" height=\"34\" \/> Digitales Lernen<\/a><\/div>\r\n    <div class=\"communicate\"><a href=\"language-services\"><img loading=\"lazy\" decoding=\"async\" class=\" size-full wp-image-1482\" src=\"https:\/\/www.verztec.com\/wp-content\/uploads\/2011\/02\/communicate_icon.png\" alt=\"\" width=\"36\" height=\"34\" \/> Sprachdienste<\/a><\/div>\r\n    <div class=\"publish active\"><a href=\"design\"><img loading=\"lazy\" decoding=\"async\" class=\" size-full wp-image-1484\" src=\"https:\/\/www.verztec.com\/wp-content\/uploads\/2011\/02\/publish_icon.png\" alt=\"\" width=\"36\" height=\"34\" \/> Globales Kreativdesign<\/a><\/div>\r\n    <\/div>\r\n    <p>Die starken kreativen Designf\u00e4higkeiten von Verztec, kombiniert mit unserer technologischen und mehrsprachigen Expertise, machen uns zum idealen Partner f\u00fcr globale Unternehmen, die ihre Marken in ausl\u00e4ndische M\u00e4rkte ausweiten m\u00f6chten.<\/p>\r\n    <p>Dank unserer Lokalisierungs-Expertise und Erfahrung verstehen wir die kulturellen Anforderungen und besonderen Vorlieben eines vielf\u00e4ltigen internationalen Publikums. Jedes Design- und Konzeptionsprojekt wird unter Ber\u00fccksichtigung der kulturellen Identit\u00e4t des Zielmarkts abgeschlossen.<\/p>\r\n    <p>Die All-in-One-Entwicklungs- und Ver\u00f6ffentlichungsdienste von Verztec werden von unserem internen Team aus Multimedia- und Softwarespezialisten unterst\u00fctzt und durch unsere erfahrenen Projektmanagement- und Account-Management-Teams koordiniert.<\/p>\r\n    <p>Indem wir die verschiedenen Prozesse von Projekten, die kreatives Design, Multimedia-Entwicklung und Druck umfassen, einwandfrei verwalten, bieten wir unseren Kunden gro\u00dfen Komfort, Kosteneinsparungen und Sicherheit.<\/p>\r\n    <p>Unser Angebot an Globalen Kreativdesign-Diensten umfasst:<\/p>\r\n    <div class=\"dt-row\" style=\"row-gap: 4rem; margin: 2rem 0;\">\r\n        <div class=\"dt-col-md-3 dt-col-xs-12\" style=\"display: flex; flex-direction: column; row-gap: 8px;\"><img decoding=\"async\" src=\"https:\/\/www.verztec.com\/wp-content\/uploads\/2025\/Publish\/1_CreativeDesign.png\" alt=\"Creative Design\" style=\"margin: 0 auto; height: 100px;\"\/><p style=\"text-align: center; font-weight: bold\">Kreativdesign<\/p><\/div>\r\n        <div class=\"dt-col-md-3 dt-col-xs-12\" style=\"display: flex; flex-direction: column; row-gap: 8px;\"><img decoding=\"async\" src=\"https:\/\/www.verztec.com\/wp-content\/uploads\/2025\/Publish\/2_WebDevelopment.png\" alt=\"Web Development\" style=\"margin: 0 auto; height: 100px;\"\/><p style=\"text-align: center; font-weight: bold\">Webentwicklung<\/p><\/div>\r\n        <div class=\"dt-col-md-3 dt-col-xs-12\" style=\"display: flex; flex-direction: column; row-gap: 8px;\"><img decoding=\"async\" src=\"https:\/\/www.verztec.com\/wp-content\/uploads\/2025\/Publish\/3_Exhibition.png\" alt=\"Exhibition Design\" style=\"margin: 0 auto; height: 100px;\"\/><p style=\"text-align: center; font-weight: bold\">Ausstellungsdesign<\/p><\/div>\r\n        <div class=\"dt-col-md-3 dt-col-xs-12\" style=\"display: flex; flex-direction: column; row-gap: 8px;\"><img decoding=\"async\" src=\"https:\/\/www.verztec.com\/wp-content\/uploads\/2025\/Publish\/4_WebContent.png\" alt=\"Web Content Management System\" style=\"margin: 0 auto; height: 100px;\"\/><p style=\"text-align: center; font-weight: bold\">Web Content Management System<\/p><\/div>\r\n    <\/div>\r\n    <div class=\"dt-row\" style=\"row-gap: 4rem; margin: 2rem 0;\">\r\n        <div class=\"dt-col-md-4 dt-col-xs-12\" style=\"display: flex; flex-direction: column; row-gap: 8px;\"><img decoding=\"async\" src=\"https:\/\/www.verztec.com\/wp-content\/uploads\/2025\/Publish\/5_Video.png\" alt=\"Video Production &amp; Photography\" style=\"margin: 0 auto; height: 100px;\"\/><p style=\"text-align: center; font-weight: bold\">Videoproduktion und Fotografie<\/p><\/div>\r\n        <div class=\"dt-col-md-4 dt-col-xs-12\" style=\"display: flex; flex-direction: column; row-gap: 8px;\"><img decoding=\"async\" src=\"https:\/\/www.verztec.com\/wp-content\/uploads\/2025\/Publish\/6_Print.png\" alt=\"Print and International Distribution\" style=\"margin: 0 auto; height: 100px;\"\/><p style=\"text-align: center; font-weight: bold\">Druck und Internationale Distribution<\/p><\/div>\r\n        <div class=\"dt-col-md-4 dt-col-xs-12\" style=\"display: flex; flex-direction: column; row-gap: 8px;\"><img decoding=\"async\" src=\"https:\/\/www.verztec.com\/wp-content\/uploads\/2025\/Publish\/7_EDM.png\" alt=\"Electronic Direct Mail (EDMs) and Email Marketing\" style=\"margin: 0 auto; height: 100px;\"\/><p style=\"text-align: center; font-weight: bold\">Elektronische Direktmailings (EDMs) und E-Mail-Marketing<\/p><\/div>\r\n    <\/div>\r\n    <p>Zus\u00e4tzlich zu Digitalem Lernen und Sprachdiensten unterst\u00fctzt Verztec Unternehmen bei der Gestaltung, Entwicklung und Ver\u00f6ffentlichung ihrer Jahresberichte, Whitepapers, Newsletter, Produktkataloge, Brosch\u00fcren, Nachhaltigkeitsberichte und Websites in \u00fcber 100 Sprachen.<\/p>\r\n    <p><strong>Erfahren Sie mehr \u00fcber die Globalen Kreativdesign-Dienste von Verztec unter <a href=\"https:\/\/www.verztecpublish.com\/our-services\" target=\"_blank\" rel=\"noopener\">www.verztecpublish.com<\/a><\/strong><\/p>\r\n    \r\n    ","protected":false},"excerpt":{"rendered":"<p>Digitales Lernen Sprachdienste Globales Kreativdesign Die starken kreativen Designf\u00e4higkeiten von Verztec, kombiniert mit unserer technologischen und mehrsprachigen Expertise, machen uns zum idealen Partner f\u00fcr globale Unternehmen, die ihre Marken in&hellip;<\/p>\n","protected":false},"author":1,"featured_media":2018,"parent":0,"menu_order":1,"comment_status":"closed","ping_status":"closed","template":"","meta":{"footnotes":""},"class_list":["post-1485","page","type-page","status-publish","has-post-thumbnail","hentry"],"_links":{"self":[{"href":"https:\/\/www.verztec.com\/wp-json\/wp\/v2\/pages\/1485"}],"collection":[{"href":"https:\/\/www.verztec.com\/wp-json\/wp\/v2\/pages"}],"about":[{"href":"https:\/\/www.verztec.com\/wp-json\/wp\/v2\/types\/page"}],"author":[{"embeddable":true,"href":"https:\/\/www.verztec.com\/wp-json\/wp\/v2\/users\/1"}],"replies":[{"embeddable":true,"href":"https:\/\/www.verztec.com\/wp-json\/wp\/v2\/comments?post=1485"}],"version-history":[{"count":11,"href":"https:\/\/www.verztec.com\/wp-json\/wp\/v2\/pages\/1485\/revisions"}],"predecessor-version":[{"id":4153,"href":"https:\/\/www.verztec.com\/wp-json\/wp\/v2\/pages\/1485\/revisions\/4153"}],"wp:featuredmedia":[{"embeddable":true,"href":"https:\/\/www.verztec.com\/wp-json\/wp\/v2\/media\/2018"}],"wp:attachment":[{"href":"https:\/\/www.verztec.com\/wp-json\/wp\/v2\/media?parent=1485"}],"curies":[{"name":"wp","href":"https:\/\/api.w.org\/{rel}","templated":true}]}}