{"id":1490,"date":"2011-02-16T08:26:10","date_gmt":"2011-02-16T08:26:10","guid":{"rendered":"http:\/\/staging.verztec.com\/verztec\/educate\/"},"modified":"2025-03-11T03:51:02","modified_gmt":"2025-03-11T03:51:02","slug":"digital-learning","status":"publish","type":"page","link":"https:\/\/www.verztec.com\/digital-learning","title":{"rendered":"Digitales Lernen"},"content":{"rendered":"\r\n<div class=\"services\">\r\n    <div class=\"educate active\"><a href=\"digital-learning\"><img loading=\"lazy\" decoding=\"async\" class=\" size-full wp-image-1483\"\r\n                src=\"https:\/\/www.verztec.com\/wp-content\/uploads\/2011\/02\/educate_icon.png\" alt=\"\" width=\"36\" height=\"34\">\r\n            Digitales Lernen<\/a><\/div>\r\n    <div class=\"communicate\"><a href=\"language-services\"><img loading=\"lazy\" decoding=\"async\" class=\" size-full wp-image-1482\"\r\n                src=\"https:\/\/www.verztec.com\/wp-content\/uploads\/2011\/02\/communicate_icon.png\" alt=\"\" width=\"36\"\r\n                height=\"34\"> Sprachdienste<\/a><\/div>\r\n    <div class=\"publish\"><a href=\"design\"><img loading=\"lazy\" decoding=\"async\" class=\" size-full wp-image-1484\"\r\n                src=\"https:\/\/www.verztec.com\/wp-content\/uploads\/2011\/02\/publish_icon.png\" alt=\"\" width=\"36\" height=\"34\">\r\n            Globales Kreativdesign<\/a><\/div>\r\n<\/div>\r\n\r\n<div class=\"skillsoft row\" style=\"padding: 0 0 30px\">\r\n    <div class=\"col-md-10 col-sm-9 col-xs-12\">\r\n        <p style=\"font-size: 17px; font-weight: bold\">\r\n            In Zusammenarbeit mit Knowledge-Partnern wie Udemy und Skillsoft bietet Verztec jetzt \u00fcber 200.000\r\n            E-Learning-Kurse, Videos und E-Books an.\r\n            Unsere Inhalte decken Schl\u00fcsselbereiche wie F\u00fchrungskr\u00e4fteentwicklung, IT-F\u00e4higkeiten, Cybersicherheit,\r\n            Gesch\u00e4ftskompetenzen, Finanzen und Buchhaltung,\r\n            digitale Transformation, Compliance sowie Umwelt-, Gesundheits- und Sicherheitsvorschriften ab.\r\n            Profitieren Sie von erschwinglichen Abonnementpreisen mit Mengenrabatten f\u00fcr Gruppenbenutzer.\r\n            <a href=\"contact-us\">Kontaktieren Sie uns<\/a>, um mehr zu erfahren.\r\n        <\/p>\r\n    <\/div>\r\n    <div class=\"skillsoft-inner-box\">\r\n        <figure style=\"min-width: 100px;\">\r\n            <img decoding=\"async\" src=\"https:\/\/www.verztec.com\/wp-content\/uploads\/2024\/10\/udemybiz.jpg\" alt=\"udemy\" width=\"100px\" \/>\r\n        <\/figure>\r\n        <figure style=\"min-width: 120px;\">\r\n            <a href=\"https:\/\/www.skillsoft.com\/\" target=\"_blank\" rel=\"noopener\"><img decoding=\"async\"\r\n                    src=\"https:\/\/www.verztec.com\/wp-content\/uploads\/2011\/02\/skillsoftpartner.jpg\" alt=\"skillsoft\"\r\n                    width=\"120px\" \/><\/a>\r\n        <\/figure>\r\n    <\/div>\r\n    <div class=\"col-md-2 col-sm-3 col-xs-12 text-center\"><\/div>\r\n<\/div>\r\n<p>Verztec ist ein globaler Marktf\u00fchrer f\u00fcr Lernl\u00f6sungen. Wir sind auf digitales Lernen spezialisiert und bedienen fast\r\n    80 % unserer vielf\u00e4ltigen Kundenbasis.<\/p>\r\n<p>Transformieren Sie traditionelle Schulungen in dynamische Online-Programme mit unseren umfassenden L\u00f6sungen, um die\r\n    Reichweite zu erweitern und die Zug\u00e4nglichkeit zu verbessern.<\/p>\r\n<p>Nehmen Sie die digitale Transformation in Lernen und Entwicklung an, mit mobilem Lernen, Microlearning, Gamification,\r\n    VR\/AR-Simulationen, personalisierten Lernpfaden und datengesteuerten Einblicken. So gew\u00e4hrleisten Sie ein modernes,\r\n    effektives und interaktives Trainingserlebnis f\u00fcr Ihre Belegschaft. Unser Expertenteam gestaltet interaktive und\r\n    immersive Erlebnisse und stellt sicher, dass jeder Online-Kurs wirkungsvolles Wissen vermittelt, kritisches Denken\r\n    f\u00f6rdert und Lernende auf sinnvolle Weise einbindet. Wir verstehen auch, dass Lernen nicht universell ist. Deshalb\r\n    bieten wir ma\u00dfgeschneiderte Lokalisierungsdienste f\u00fcr Ihre Schulungsmaterialien und Online-Kurse an, um\r\n    sicherzustellen, dass Ihre Inhalte bei einer globalen Zielgruppe Anklang finden. Wir passen Ihre Inhalte an\r\n    kulturelle, sprachliche und regionale Nuancen an, um Ihre Kurse relevanter, zug\u00e4nglicher und effektiver zu machen.\r\n<\/p>\r\n<p>Dar\u00fcber hinaus vereinfacht unser hochmodernes Learning Management System (LMS) Ihre Schulungsprozesse und bietet eine\r\n    All-in-One-Plattform f\u00fcr Inhaltsbereitstellung, Lernereinbindung und Leistungs\u00fcberwachung.<\/p>\r\n<p>Gestalten Sie mit uns die Zukunft des Lernens. Transformieren, lokalisieren und verwalten Sie Ihre digitale Lernreise\r\n    mit Effizienz, Effektivit\u00e4t und Engagement im Mittelpunkt. Gehen Sie in die Zukunft und machen Sie grenzenloses\r\n    Lernen zur Realit\u00e4t.<\/p>\r\n<p>Unsere digitalen Lernservices umfassen:<\/p>\r\n<div class=\"dt-row\" style=\"row-gap: 4rem; margin: 2rem 0;\">\r\n    <div class=\"dt-col-md-3 dt-col-xs-12\" style=\"display: flex; flex-direction: column; row-gap: 8px;\"><img decoding=\"async\"\r\n            src=\"https:\/\/www.verztec.com\/wp-content\/uploads\/2025\/Educate\/1_CustomElearning.png\"\r\n            alt=\"Custom eLearning Development\" style=\"margin: 0 auto; height: 120px;\" \/>\r\n        <p style=\"text-align: center; font-weight: bold\">Individuelle eLearning-Entwicklung<\/p>\r\n    <\/div>\r\n    <div class=\"dt-col-md-3 dt-col-xs-12\" style=\"display: flex; flex-direction: column; row-gap: 8px;\"><img decoding=\"async\"\r\n            src=\"https:\/\/www.verztec.com\/wp-content\/uploads\/2025\/Educate\/2_Translation.png\"\r\n            alt=\"Translation and Localization of eLearning Courseware\" style=\"margin: 0 auto; height: 120px;\" \/>\r\n        <p style=\"text-align: center; font-weight: bold\">\u00dcbersetzung und Lokalisierung von eLearning-Inhalten<\/p>\r\n    <\/div>\r\n    <div class=\"dt-col-md-3 dt-col-xs-12\" style=\"display: flex; flex-direction: column; row-gap: 8px;\"><img decoding=\"async\"\r\n            src=\"https:\/\/www.verztec.com\/wp-content\/uploads\/2025\/Educate\/3_LMS.png\" alt=\"LMS &amp; eLearning Hosting\"\r\n            style=\"margin: 0 auto; height: 120px;\" \/>\r\n        <p style=\"text-align: center; font-weight: bold\">LMS &#038; eLearning-Hosting<\/p>\r\n    <\/div>\r\n    <div class=\"dt-col-md-3 dt-col-xs-12\" style=\"display: flex; flex-direction: column; row-gap: 8px;\"><img decoding=\"async\"\r\n            src=\"https:\/\/www.verztec.com\/wp-content\/uploads\/2025\/Educate\/4_CustomOffShelf.png\"\r\n            alt=\"Custom Off-The-Shelf (OTS) Training Courses\" style=\"margin: 0 auto; height: 120px;\" \/>\r\n        <p style=\"text-align: center; font-weight: bold\">Individuelle Off-the-Shelf (OTS)-Schulungskurse<\/p>\r\n    <\/div>\r\n<\/div>\r\n<div class=\"dt-row\" style=\"row-gap: 4rem; margin: 2rem 0;\">\r\n    <div class=\"dt-col-md-4 dt-col-xs-12\" style=\"display: flex; flex-direction: column; row-gap: 8px;\"><img decoding=\"async\"\r\n            src=\"https:\/\/www.verztec.com\/wp-content\/uploads\/2025\/Educate\/5_ProfessionalDevelopment.png\"\r\n            alt=\"Professional Development Courses\" style=\"margin: 0 auto; height: 120px;\" \/>\r\n        <p style=\"text-align: center; font-weight: bold\">Berufliche Weiterbildungsprogramme<\/p>\r\n    <\/div>\r\n    <div class=\"dt-col-md-4 dt-col-xs-12\" style=\"display: flex; flex-direction: column; row-gap: 8px;\"><img decoding=\"async\"\r\n            src=\"https:\/\/www.verztec.com\/wp-content\/uploads\/2025\/Educate\/6_CustomInCompany.png\"\r\n            alt=\"Custom In-Company Training\" style=\"margin: 0 auto; height: 120px;\" \/>\r\n        <p style=\"text-align: center; font-weight: bold\">Individuelle innerbetriebliche Schulungen<\/p>\r\n    <\/div>\r\n    <div class=\"dt-col-md-4 dt-col-xs-12\" style=\"display: flex; flex-direction: column; row-gap: 8px;\"><img decoding=\"async\"\r\n            src=\"https:\/\/www.verztec.com\/wp-content\/uploads\/2025\/Educate\/7_CustomLearningManagement.png\"\r\n            alt=\"Custom Learning Management System (LMS)\" style=\"margin: 0 auto; height: 120px;\" \/>\r\n        <p style=\"text-align: center; font-weight: bold\">Individuelles Learning Management System (LMS)<\/p>\r\n    <\/div>\r\n<\/div>\r\n<p><strong>Erfahren Sie mehr \u00fcber die digitalen Lernservices von Verztec unter <a\r\n            href=\"https:\/\/www.verzteclearning.com\/\" target=\"_blank\" rel=\"noopener\">www.verzteclearning.com<\/a><\/strong>\r\n<\/p>\r\n","protected":false},"excerpt":{"rendered":"<p>Digitales Lernen Sprachdienste Globales Kreativdesign In Zusammenarbeit mit Knowledge-Partnern wie Udemy und Skillsoft bietet Verztec jetzt \u00fcber 200.000 E-Learning-Kurse, Videos und E-Books an. Unsere Inhalte decken Schl\u00fcsselbereiche wie F\u00fchrungskr\u00e4fteentwicklung, IT-F\u00e4higkeiten,&hellip;<\/p>\n","protected":false},"author":1,"featured_media":2018,"parent":0,"menu_order":1,"comment_status":"closed","ping_status":"closed","template":"","meta":{"footnotes":""},"class_list":["post-1490","page","type-page","status-publish","has-post-thumbnail","hentry"],"_links":{"self":[{"href":"https:\/\/www.verztec.com\/wp-json\/wp\/v2\/pages\/1490"}],"collection":[{"href":"https:\/\/www.verztec.com\/wp-json\/wp\/v2\/pages"}],"about":[{"href":"https:\/\/www.verztec.com\/wp-json\/wp\/v2\/types\/page"}],"author":[{"embeddable":true,"href":"https:\/\/www.verztec.com\/wp-json\/wp\/v2\/users\/1"}],"replies":[{"embeddable":true,"href":"https:\/\/www.verztec.com\/wp-json\/wp\/v2\/comments?post=1490"}],"version-history":[{"count":40,"href":"https:\/\/www.verztec.com\/wp-json\/wp\/v2\/pages\/1490\/revisions"}],"predecessor-version":[{"id":4224,"href":"https:\/\/www.verztec.com\/wp-json\/wp\/v2\/pages\/1490\/revisions\/4224"}],"wp:featuredmedia":[{"embeddable":true,"href":"https:\/\/www.verztec.com\/wp-json\/wp\/v2\/media\/2018"}],"wp:attachment":[{"href":"https:\/\/www.verztec.com\/wp-json\/wp\/v2\/media?parent=1490"}],"curies":[{"name":"wp","href":"https:\/\/api.w.org\/{rel}","templated":true}]}}