{"id":1531,"date":"2011-06-06T02:44:14","date_gmt":"2011-06-06T02:44:14","guid":{"rendered":"http:\/\/staging.verztec.com\/verztec\/executive-search-and-multilingual-staffing-solutions\/"},"modified":"2025-01-22T01:58:56","modified_gmt":"2025-01-22T01:58:56","slug":"outsourcing-offshore-staffing","status":"publish","type":"page","link":"https:\/\/www.verztec.com\/outsourcing-offshore-staffing","title":{"rendered":"Outsourcing und Offshore-Personalbereitstellung"},"content":{"rendered":"<p>Verztec bietet umfassende und kosteneffiziente Offshore-Personall\u00f6sungen, die es Unternehmen erm\u00f6glichen, in der heutigen wettbewerbsintensiven globalen Wirtschaft effizient zu wachsen. Wir sind darauf spezialisiert, engagierte Fachkr\u00e4fte bereitzustellen, die exklusiv f\u00fcr Ihr Unternehmen arbeiten und alle Aspekte von Rekrutierung, Personalwesen, Gehaltsabrechnung, IT und Compliance abdecken. So k\u00f6nnen Sie sich auf Ihre Kernkompetenzen konzentrieren. Unsere Dienstleistungen sind in Singapur und anderen internationalen Standorten verf\u00fcgbar und bieten flexible L\u00f6sungen, die auf Ihre spezifischen Gesch\u00e4ftsanforderungen zugeschnitten sind.<\/p>\r\n<h4 class=\"title-normal\">Hauptvorteile der Offshore-Personalbeschaffung:<\/h4>\r\n<ul>\r\n<li><strong>Kosteneffizienz:<\/strong> Offshore-Personalbeschaffung senkt die Betriebskosten erheblich im Vergleich zur Aufrechterhaltung eines internen B\u00fcros und HR-Teams. Durch die Auslagerung von nicht-gesch\u00e4ftskritischen Funktionen wie Gehaltsabrechnung, Rekrutierung und IT k\u00f6nnen Sie Ressourcen auf Wachstum und Innovation konzentrieren, ohne kostspielige Infrastruktur zu ben\u00f6tigen.<\/li>\r\n<li><strong>Volle Kontrolle:<\/strong> W\u00e4hrend Verztec administrative Aufgaben \u00fcbernimmt, behalten Sie die volle Kontrolle \u00fcber die Leitung und das Management Ihrer t\u00e4glichen Abl\u00e4ufe. Sie k\u00f6nnen die Leistung \u00fcberwachen, Priorit\u00e4ten setzen und strategische Entscheidungen treffen, ohne sich von operativen Details ablenken zu lassen.<\/li>\r\n<li><strong>Zugang zu globalen Talenten:<\/strong> Offshore-Personalbeschaffung erweitert den Zugang zu einer vielf\u00e4ltigen, qualifizierten Belegschaft, die lokal m\u00f6glicherweise nicht verf\u00fcgbar ist. Dies erm\u00f6glicht es Ihnen, Experten in Bereichen wie Technologie, digitales Marketing, KI und mehr flexibel einzustellen, unabh\u00e4ngig von geografischen Einschr\u00e4nkungen.<\/li>\r\n<li><strong>Mehrsprachige Expertise:<\/strong> In einer zunehmend globalisierten Gesch\u00e4ftswelt ist effektive mehrsprachige Kommunikation ein strategischer Vorteil. Verztecs Personall\u00f6sungen gew\u00e4hrleisten, dass Sie nahtlos mit internationalen Partnern, Kunden und Auftraggebern kommunizieren k\u00f6nnen und so die interne und externe Kommunikation verbessern.<\/li>\r\n<\/ul>\r\n<h4 class=\"title-normal\">Unsere umfassenden Offshore-Personaldienstleistungen umfassen:<\/h4>\r\n<ul>\r\n<li><strong>Executive Search:<\/strong> Verztec identifiziert und rekrutiert \u00fcber sein globales Netzwerk erstklassige Fachkr\u00e4fte f\u00fcr Vertrags- und Festanstellungen. Egal, ob Sie KI-Spezialisten, Experten f\u00fcr digitales Marketing, Projektmanager oder andere Fachkr\u00e4fte suchen, wir finden Kandidaten, die zu Ihrer Unternehmenskultur und Ihren strategischen Zielen passen.<\/li>\r\n<li><strong>Tempor\u00e4re und Vertragsstellen:<\/strong> Verztec bietet flexible Personall\u00f6sungen f\u00fcr kurz- und langfristige Projekte. Ob Sie einen Experten f\u00fcr eine bestimmte Aufgabe oder ein Team von Fachkr\u00e4ften f\u00fcr l\u00e4ngere Zeit ben\u00f6tigen, wir \u00fcbernehmen den gesamten Rekrutierungsprozess und stellen sicher, dass Sie die passenden Talente finden.<\/li>\r\n<li><strong>On-Demand-Personalbeschaffung:<\/strong> F\u00fcr Projekte, die sofortige Aufmerksamkeit erfordern, bietet Verztec On-Demand-Personaldienstleistungen. Unsere gr\u00fcndlich gepr\u00fcften Fachkr\u00e4fte, darunter IT-Administratoren, Software-Ingenieure und Sprachexperten, k\u00f6nnen sich schnell in Ihr Team integrieren und erm\u00f6glichen eine z\u00fcgige Skalierung ohne die administrative Belastung herk\u00f6mmlicher Rekrutierungsverfahren.<\/li>\r\n<li><strong>Umfassende Unterst\u00fctzung und Management:<\/strong> Verztec \u00fcbernimmt alle personalbezogenen Aufgaben wie Gehaltsabrechnung, Steuern, Leistungsverwaltung und rechtliche Compliance. Wir k\u00fcmmern uns auch um Schulungen, Einarbeitung und Leistungsmanagement, um eine reibungslose Integration in Ihren Arbeitsablauf zu gew\u00e4hrleisten.<\/li>\r\n<\/ul>\r\n<h4 class=\"title-normal\">Transparentes Preismodell<\/h4>\r\n<p>Das Preismodell von Verztec ist einfach und transparent. Wir bieten eine monatliche Pauschale an, die das Gehalt des Mitarbeiters sowie eine Servicegeb\u00fchr umfasst. Diese Servicegeb\u00fchr deckt Rekrutierung, Personalwesen, IT-Dienstleistungen, Facility Management und Betriebskosten ab. Es gibt keine versteckten Kosten, sodass Sie sicher planen und die Gesamtkosten im Voraus kennen.<\/p>\r\n<ul>\r\n<li><strong>Monatliche Pauschale:<\/strong> Die Pauschale kombiniert das Gehalt des Mitarbeiters mit der Servicegeb\u00fchr und deckt alle notwendigen HR- und Betriebsdienstleistungen ab. Dadurch werden unerwartete Ausgaben vermieden.<\/li>\r\n<li><strong>Rekrutierung und Onboarding:<\/strong> Als Teil unseres Services \u00fcbernimmt Verztec den gesamten Rekrutierungsprozess. Wir screenen, interviewen und testen Kandidaten, um sicherzustellen, dass sie Ihre spezifischen Anforderungen erf\u00fcllen. Sobald Sie sich f\u00fcr Ihren idealen Kandidaten entschieden haben, k\u00fcmmern wir uns um alle Formalit\u00e4ten, einschlie\u00dflich Vertr\u00e4gen und Arbeitsvereinbarungen.<\/li>\r\n<\/ul>\r\n<h4 class=\"title-normal\">Vielf\u00e4ltige Outsourcing-Personaleins\u00e4tze:<\/h4>\r\n<p>Verztec bietet Personall\u00f6sungen f\u00fcr eine Vielzahl von Rollen, um Ihre spezifischen Gesch\u00e4ftsanforderungen zu erf\u00fcllen. Egal, ob Sie spezialisierte Fachkenntnisse oder mehrsprachige Unterst\u00fctzung ben\u00f6tigen, wir bieten flexible, skalierbare L\u00f6sungen in Singapur, Thailand, Indonesien und dar\u00fcber hinaus:<\/p>\r\n<ul>\r\n<li><strong>KI-Spezialisten:<\/strong> Experten f\u00fcr k\u00fcnstliche Intelligenz und maschinelles Lernen, die technologische Innovationen und Prozessautomatisierung vorantreiben.<\/li>\r\n<li><strong>Spezialisten f\u00fcr digitales Marketing:<\/strong> Fachleute mit Erfahrung in der Entwicklung und Umsetzung von Strategien, die internationale Zielgruppen ansprechen und die Online-Pr\u00e4senz sowie Markenbekanntheit steigern.<\/li>\r\n<li><strong>Projektmanager:<\/strong> Erfahrene Projektmanager, die mehrsprachige Projekte von der Planung bis zum Abschluss steuern und qualitativ hochwertige Ergebnisse termingerecht liefern.<\/li>\r\n<li><strong>Webentwickler:<\/strong> Experten, die benutzerfreundliche, responsive und f\u00fcr ein globales Publikum optimierte Websites entwerfen, entwickeln und verbessern.<\/li>\r\n<li><strong>Software-Ingenieure:<\/strong> Entwickler, die Software entwerfen, entwickeln und warten, die in verschiedenen Sprachen und Regionen nahtlos funktioniert und skalierbare L\u00f6sungen f\u00fcr Ihr Unternehmen bietet.<\/li>\r\n<li><strong>Dolmetscher:<\/strong> Professionelle Dolmetscher, die die Kommunikation in verschiedenen Kontexten wie medizinischen, technischen, rechtlichen und gesch\u00e4ftlichen Umgebungen erleichtern.<\/li>\r\n<li><strong>Native-Speaker-Linguisten:<\/strong> Linguisten, die Funktionen wie Marktforschung, Kundenservice, Social-Media-Monitoring, technischen Support und Telemarketing unterst\u00fctzen und Ihnen helfen, global effizienter zu kommunizieren.<\/li>\r\n<\/ul>\r\n<h3>Kontaktieren Sie uns noch heute<\/h3>\r\n<p><strong>Erfahren Sie, wie die Offshore-Personall\u00f6sungen von Verztec Ihre Abl\u00e4ufe rationalisieren, die Effizienz steigern und die Unternehmensleistung verbessern k\u00f6nnen. Egal, ob Sie in Singapur oder an anderen internationalen Standorten rekrutieren, Verztec unterst\u00fctzt Sie dabei, mit Zuversicht zu wachsen. Kontaktieren Sie uns noch heute unter <a href=\"mailto:enquiry@verztec.com\" target=\"_blank\" rel=\"noopener\">enquiry@verztec.com<\/a>, um Ihre Rekrutierungsanforderungen zu besprechen und das Potenzial von Offshore-Talenten f\u00fcr Ihr Unternehmen zu erschlie\u00dfen.<\/strong><\/p>\r\n\r\n<hr style=\"margin-top: 20px; margin-bottom: 20px; border: 0; border-top: 1px solid #eee;\" \/>\n<p style=\"margin-bottom: 0;\">\n  <img decoding=\"async\" src=\"https:\/\/www.verztec.com\/wp-content\/images\/home\/more.png\" alt=\"\" \/>\n  &nbsp;<a href=\"https:\/\/www.verztec.com\/de\/language-services\/\" target=\"_blank\" rel=\"noopener\">Alle &#8220;Sprachdienste&#8221; anzeigen<\/a>\n<\/p>\r\n","protected":false},"excerpt":{"rendered":"<p>Verztec bietet umfassende und kosteneffiziente Offshore-Personall\u00f6sungen, die es Unternehmen erm\u00f6glichen, in der heutigen wettbewerbsintensiven globalen Wirtschaft effizient zu wachsen. Wir sind darauf spezialisiert, engagierte Fachkr\u00e4fte bereitzustellen, die exklusiv f\u00fcr Ihr&hellip;<\/p>\n","protected":false},"author":1,"featured_media":2018,"parent":0,"menu_order":8,"comment_status":"closed","ping_status":"closed","template":"","meta":{"footnotes":""},"class_list":["post-1531","page","type-page","status-publish","has-post-thumbnail","hentry"],"_links":{"self":[{"href":"https:\/\/www.verztec.com\/wp-json\/wp\/v2\/pages\/1531"}],"collection":[{"href":"https:\/\/www.verztec.com\/wp-json\/wp\/v2\/pages"}],"about":[{"href":"https:\/\/www.verztec.com\/wp-json\/wp\/v2\/types\/page"}],"author":[{"embeddable":true,"href":"https:\/\/www.verztec.com\/wp-json\/wp\/v2\/users\/1"}],"replies":[{"embeddable":true,"href":"https:\/\/www.verztec.com\/wp-json\/wp\/v2\/comments?post=1531"}],"version-history":[{"count":5,"href":"https:\/\/www.verztec.com\/wp-json\/wp\/v2\/pages\/1531\/revisions"}],"predecessor-version":[{"id":4007,"href":"https:\/\/www.verztec.com\/wp-json\/wp\/v2\/pages\/1531\/revisions\/4007"}],"wp:featuredmedia":[{"embeddable":true,"href":"https:\/\/www.verztec.com\/wp-json\/wp\/v2\/media\/2018"}],"wp:attachment":[{"href":"https:\/\/www.verztec.com\/wp-json\/wp\/v2\/media?parent=1531"}],"curies":[{"name":"wp","href":"https:\/\/api.w.org\/{rel}","templated":true}]}}