{"id":1563,"date":"2011-06-28T09:15:50","date_gmt":"2011-06-28T09:15:50","guid":{"rendered":"http:\/\/staging.verztec.com\/verztec\/our-charity-partnerships\/"},"modified":"2025-03-18T07:45:31","modified_gmt":"2025-03-18T07:45:31","slug":"our-charity-partnerships","status":"publish","type":"page","link":"https:\/\/www.verztec.com\/our-charity-partnerships","title":{"rendered":"Unsere Wohlt\u00e4tigkeitspartnerschaften"},"content":{"rendered":"\r\n<p>Als verantwortungsbewusste Organisation ist ein wichtiger Teil unserer Strategie, effektive und dauerhafte Partnerschaften mit Wohlt\u00e4tigkeitsorganisationen aufzubauen, insbesondere mit solchen, die sich f\u00fcr die Unterst\u00fctzung von Jugendlichen in unserer Gesellschaft einsetzen.<\/p>\r\n\r\n\r\n\r\n<p>Wir sind fest davon \u00fcberzeugt, dass Verztec durch erfolgreiche Partnerschaften mit gleichgesinnten Wohlt\u00e4tigkeitsorganisationen in der Lage sein wird, das Leben von Kindern und Jugendlichen zum Besseren zu ver\u00e4ndern.<\/p>\r\n\r\n\r\n\r\n<p>Um Partner zu werden und uns bei der Unterst\u00fctzung unserer Wohlt\u00e4tigkeitspartner zu begleiten, kontaktieren Sie uns bitte unter <a href=\"mailto:charity@verztec.com\">charity@verztec.com<\/a>.<\/p>\r\n\r\n\r\n\r\n<p><strong>1. Life Community Services Society<\/strong><\/p>\r\n\r\n\r\n\r\n<figure><a href=\"http:\/\/life-community.org\/\" target=\"_blank\" rel=\"noopener\"><img decoding=\"async\" src=\"https:\/\/www.verztec.com\/wp-content\/uploads\/2011\/06\/lcss-logo.jpg\" alt=\"lcss-logo\" title=\"LCSS Logo\"\/><\/a><\/figure>\r\n\r\n\r\n\r\n<p><\/p>\r\n\r\n\r\n\r\n<p>Die Life Community Services Society (LCSS) wurde 1996 als gemeinn\u00fctzige Wohlt\u00e4tigkeitsorganisation registriert. LCSS ist Mitglied des National Council of Social Service (NCSS). Seit August 2003 wurde LCSS der Status einer Institution mit \u00f6ffentlichem Charakter (IPC) verliehen. 2005 wurde LCSS f\u00fcr seine Bem\u00fchungen, die Generationenl\u00fccke zu \u00fcberbr\u00fccken, mit dem Preis f\u00fcr das &#8220;Beste Gro\u00dfeltern- und Generationenbindungsprogramm&#8221;, verliehen von SM Goh Chok Tong, ausgezeichnet.<\/p>\r\n\r\n\r\n\r\n<p>LCSS bietet vier Hauptdienste mit mehr als 950 Klienten an.<\/p>\r\n\r\n\r\n\r\n<ol class=\"wp-block-list\">\r\n<li>Life Student Care (LSC) unterst\u00fctzt Grundschulkinder in Stadtteilen (unabh\u00e4ngig von Rasse, Sprache oder Religion) mit qualitativ hochwertiger Sch\u00fclerbetreuung. Derzeit betreibt LCSS 3 Sch\u00fclerbetreuungszentren in Hougang, Sengkang und Yishun. Vorrang erhalten Kinder aus armen und bed\u00fcrftigen Familien.<\/li>\r\n\r\n\r\n\r\n<li>MightyKids, Familien &amp; Gemeinschaft (MKFC) m\u00f6chte jedem Kind Selbstvertrauen vermitteln und es motivieren, ein absichtliches, fruchtbares und bef\u00e4higtes Leben zu f\u00fchren.<\/li>\r\n\r\n\r\n\r\n<li>Friends of Youth (FOY) m\u00f6chte Jugendliche (12-19 Jahre alt) betreuen und ihnen als Mentoren zur Seite stehen, deren Eltern derzeit oder fr\u00fcher inhaftiert sind.<\/li>\r\n\r\n\r\n\r\n<li>Das Friends of Children (FOC) Programm verfolgt einen intervenierenden Ansatz, indem es Betreuung und Unterst\u00fctzung f\u00fcr Kinder (7-13 Jahre) bietet, deren Eltern derzeit oder fr\u00fcher inhaftiert sind.<\/li>\r\n<\/ol>\r\n\r\n\r\n\r\n<ul>\r\n    <li style=\"list-style-type: none;\">\r\n        <p><span style=\"color: #000000;\"><strong><strong>2023 &#8211; LCSS in Kiztopia<\/strong><\/strong><\/span><\/p>\r\n        <div id=\"gallery\" class=\"small\">\r\n            <a href=\"https:\/\/www.verztec.com\/wp-content\/uploads\/events\/kiztopia\/2.jpg\" class=\"gallery-item\">\r\n                <img decoding=\"async\" src=\"https:\/\/www.verztec.com\/wp-content\/uploads\/events\/kiztopia\/2.jpg\" alt=\"LCSS at Kiztopia\" \/>\r\n            <\/a>\r\n            <a href=\"https:\/\/www.verztec.com\/wp-content\/uploads\/events\/kiztopia\/4.jpg\" class=\"gallery-item\">\r\n                <img decoding=\"async\" src=\"https:\/\/www.verztec.com\/wp-content\/uploads\/events\/kiztopia\/4.jpg\" alt=\"LCSS at Kiztopia\" \/>\r\n            <\/a>\r\n            <a href=\"https:\/\/www.verztec.com\/wp-content\/uploads\/events\/kiztopia\/6.jpg\" class=\"gallery-item\">\r\n                <img decoding=\"async\" src=\"https:\/\/www.verztec.com\/wp-content\/uploads\/events\/kiztopia\/6.jpg\" alt=\"LCSS at Kiztopia\" \/>\r\n            <\/a>\r\n        <\/div>\r\n    <\/li>\r\n    <li style=\"list-style-type: none;\">\r\n        <p><span style=\"color: #000000;\"><strong><strong>2019 &#8211; LCSS bei PastaMania<\/strong><\/strong><\/span><\/p>\r\n        <div id=\"gallery\" class=\"small\">\r\n            <a href=\"https:\/\/www.verztec.com\/wp-content\/uploads\/events\/pastamania\/2.jpg\" class=\"gallery-item\">\r\n                <img decoding=\"async\" src=\"https:\/\/www.verztec.com\/wp-content\/uploads\/events\/pastamania\/2.jpg\" alt=\"LCSS at PastaMania\" \/>\r\n            <\/a>\r\n            <a href=\"https:\/\/www.verztec.com\/wp-content\/uploads\/events\/pastamania\/4.jpg\" class=\"gallery-item\">\r\n                <img decoding=\"async\" src=\"https:\/\/www.verztec.com\/wp-content\/uploads\/events\/pastamania\/4.jpg\" alt=\"LCSS at PastaMania\" \/>\r\n            <\/a>\r\n            <a href=\"https:\/\/www.verztec.com\/wp-content\/uploads\/events\/pastamania\/6.jpg\" class=\"gallery-item\">\r\n                <img decoding=\"async\" src=\"https:\/\/www.verztec.com\/wp-content\/uploads\/events\/pastamania\/6.jpg\" alt=\"LCSS at PastaMania\" \/>\r\n            <\/a>\r\n        <\/div>\r\n    <\/li>\r\n    <li style=\"list-style-type: none;\">\r\n        <p><span style=\"color: #000000;\"><strong><strong>2018 &#8211; LCSS bei AMPED<\/strong><\/strong><\/span><\/p>\r\n        <div id=\"gallery\" class=\"small\">\r\n            <a href=\"https:\/\/www.verztec.com\/wp-content\/uploads\/events\/lcss2018\/1.jpg\" class=\"gallery-item\">\r\n                <img decoding=\"async\" src=\"https:\/\/www.verztec.com\/wp-content\/uploads\/events\/lcss2018\/1.jpg\" alt=\"LCSS at AMPED\" \/>\r\n            <\/a>\r\n            <a href=\"https:\/\/www.verztec.com\/wp-content\/uploads\/events\/lcss2018\/3.jpg\" class=\"gallery-item\">\r\n                <img decoding=\"async\" src=\"https:\/\/www.verztec.com\/wp-content\/uploads\/events\/lcss2018\/3.jpg\" alt=\"LCSS at AMPED\" \/>\r\n            <\/a>\r\n            <a href=\"https:\/\/www.verztec.com\/wp-content\/uploads\/events\/lcss2018\/8.jpg\" class=\"gallery-item\">\r\n                <img decoding=\"async\" src=\"https:\/\/www.verztec.com\/wp-content\/uploads\/events\/lcss2018\/8.jpg\" alt=\"LCSS at AMPED\" \/>\r\n            <\/a>\r\n        <\/div>\r\n    <\/li>\r\n    <li style=\"list-style-type: none;\">\r\n        <p><span style=\"color: #000000;\"><strong><strong>2017 &#8211; LCSS Weihnachts Extravaganza<\/strong><\/strong><\/span><\/p>\r\n        <div id=\"gallery\" class=\"small\">\r\n            <a href=\"https:\/\/www.verztec.com\/wp-content\/uploads\/events\/lcssxmas2017\/8.jpg\" class=\"gallery-item\">\r\n                <img decoding=\"async\" src=\"https:\/\/www.verztec.com\/wp-content\/uploads\/events\/lcssxmas2017\/8.jpg\" alt=\"LCSS Christmas Extravaganza\" \/>\r\n            <\/a>\r\n            <a href=\"https:\/\/www.verztec.com\/wp-content\/uploads\/events\/lcssxmas2017\/3.jpg\" class=\"gallery-item\">\r\n                <img decoding=\"async\" src=\"https:\/\/www.verztec.com\/wp-content\/uploads\/events\/lcssxmas2017\/3.jpg\" alt=\"LCSS Christmas Extravaganza\" \/>\r\n            <\/a>\r\n            <a href=\"https:\/\/www.verztec.com\/wp-content\/uploads\/events\/lcssxmas2017\/7.jpg\" class=\"gallery-item\">\r\n                <img decoding=\"async\" src=\"https:\/\/www.verztec.com\/wp-content\/uploads\/events\/lcssxmas2017\/7.jpg\" alt=\"LCSS Christmas Extravaganza\" \/>\r\n            <\/a>\r\n        <\/div>\r\n    <\/li>\r\n<\/ul>\r\n\r\n\r\n\r\n<p>Um mehr \u00fcber LCSS zu erfahren oder sich uns anzuschlie\u00dfen, um den Benachteiligten zu helfen, besuchen Sie bitte die <a title=\"LCSS Website\" href=\"http:\/\/life-community.org\/\" target=\"_blank\" rel=\"noopener\">LCSS-Website<\/a>.<\/p>\r\n\r\n\r\n\r\n<p><strong>2. Intercultural Theatre Institute<br><\/strong><\/p>\r\n\r\n\r\n\r\n<figure><a href=\"http:\/\/iti.edu.sg\" target=\"_blank\" rel=\"noopener\"><img decoding=\"async\" src=\"https:\/\/www.verztec.com\/wp-content\/uploads\/2011\/06\/iti-logo.jpg\" alt=\"iti-logo\" title=\"ITI Logo\"\/><\/a><\/figure>\r\n\r\n\r\n\r\n<p><\/p>\r\n\r\n\r\n\r\n<p>Das Intercultural Theatre Institute wurde 2000 gegr\u00fcndet. Es ist eine unabh\u00e4ngige Theaterakademie f\u00fcr zeitgen\u00f6ssische K\u00fcnstler, die als einzigartiges und beispielloses Unternehmen in der Theaterausbildung, der sozialen und kulturellen Interaktion sowie dem menschlichen Verst\u00e4ndnis konzipiert wurde.<\/p>\r\n\r\n\r\n\r\n<p>Diese Kunstorganisation bietet derzeit ein dreij\u00e4hriges, praxisorientiertes professionelles Schauspieltraining &#8211; das professionelle Diplom in Interkulturellem Theater (Schauspiel).<\/p>\r\n\r\n\r\n\r\n<p>Basierend auf der Vision des Mitbegr\u00fcnders Kuo Pao Kun ist dies das einzige Programm der Welt, das auf einer rigorosen interkulturellen Lernmethodik basiert, um originelles, zeitgen\u00f6ssisches Theater zu produzieren. Die Studierenden werden aus den besten Talenten aus ganz Asien und dar\u00fcber hinaus ausgew\u00e4hlt.<\/p>\r\n\r\n\r\n\r\n<p>Verztec ist stolz darauf, Partner des Intercultural Theatre Institute zu sein.<\/p>\r\n\r\n\r\n\r\n\r\n        <div id=\"gallery\" class=\"small\">\r\n            <a href=\"https:\/\/www.verztec.com\/wp-content\/uploads\/events\/2012\/2012_1.jpg\" class=\"gallery-item\">\r\n                <img decoding=\"async\" src=\"https:\/\/www.verztec.com\/wp-content\/uploads\/events\/2012\/2012_1.jpg\" alt=\"The Water Station by Ota Shogo, final year production directed by Philip B. Zarrilli, 2004, at Esplanade Theatre Studio\" \/>\r\n            <\/a>\r\n            <a href=\"https:\/\/www.verztec.com\/wp-content\/uploads\/events\/2012\/2012_2.jpg\" class=\"gallery-item\">\r\n                <img decoding=\"async\" src=\"https:\/\/www.verztec.com\/wp-content\/uploads\/events\/2012\/2012_2.jpg\" alt=\"Campus of The Intercultural Theatre Institute is located at Emily Hill - Singapore's first independent cooperative for arts and the creative industries\" \/>\r\n            <\/a>\r\n            <a href=\"https:\/\/www.verztec.com\/wp-content\/uploads\/events\/2012\/2012_3.jpg\" class=\"gallery-item\">\r\n                <img decoding=\"async\" src=\"https:\/\/www.verztec.com\/wp-content\/uploads\/events\/2012\/2012_3.jpg\" alt=\"T. Sasitharan, Director and co-founder of ITI teaching an Acting class\" \/>\r\n            <\/a>\r\n        <\/div>\r\n    \r\n\r\n\r\n\r\n<p>Um mehr \u00fcber das Intercultural Theatre Institute zu erfahren oder uns bei der Erhaltung der besten Talente zu unterst\u00fctzen, besuchen Sie bitte die <a href=\"http:\/\/iti.edu.sg\/\" target=\"_blank\" rel=\"noopener\">Website des Intercultural Theatre Institute<\/a>.<\/p>\r\n\r\n\r\n\r\n<p><strong>3. St. Vincent Home<br><\/strong><\/p>\r\n\r\n\r\n\r\n<div style=\"display: flex;\"><figure><a href=\"https:\/\/catholicwelfare.org.sg\/\" target=\"_blank\" rel=\"noopener\"><img decoding=\"async\" src=\"https:\/\/www.verztec.com\/wp-content\/uploads\/2011\/06\/svh1.jpg\" alt=\"St. Vincent Home\" title=\"St. Vincent Home Logo\"\/><\/a><\/figure>\r\n<figure><a href=\"https:\/\/catholicwelfare.org.sg\/\" target=\"_blank\" rel=\"noopener\"><img decoding=\"async\" src=\"https:\/\/www.verztec.com\/wp-content\/uploads\/2011\/06\/svh2.jpg\" alt=\"St. Vincent Home\" title=\"St. Vincent Home Logo\"\/><\/a><\/figure><\/div>\r\n\r\n\r\n\r\n<p><\/p>\r\n\r\n\r\n\r\n<p>St. Vincent Home ist eine registrierte gemeinn\u00fctzige Wohlt\u00e4tigkeitsorganisation unter Catholic Welfare Services Singapore.<\/p>\r\n\r\n\r\n\r\n<p>St. Vincent Home ist ein gesch\u00fctztes Heim f\u00fcr \u00e4ltere Menschen in einer Wohnanlage, das grundlegende Annehmlichkeiten f\u00fcr ambulante \u00e4ltere Bewohner bietet. Die \u00e4lteren Bewohner verwalten ihre t\u00e4glichen Aktivit\u00e4ten, um ihre Unabh\u00e4ngigkeit innerhalb der Gemeinschaft zu bewahren. Die Bewohner des Heims sind \u00fcber 60 Jahre alt und auf \u00f6ffentliche Hilfe angewiesen, da sie keine unmittelbare Familie haben, die sich um sie k\u00fcmmern kann.<\/p>\r\n\r\n\r\n\r\n<div id=\"gallery\" class=\"small\">\r\n    <a href=\"https:\/\/www.verztec.com\/wp-content\/uploads\/events\/stvincent2020\/3.jpg\" class=\"gallery-item\">\r\n        <img decoding=\"async\" src=\"https:\/\/www.verztec.com\/wp-content\/uploads\/events\/stvincent2020\/3.jpg\" alt=\"St Vincent 2020\" \/>\r\n    <\/a>\r\n    <a href=\"https:\/\/www.verztec.com\/wp-content\/uploads\/events\/stvincent2020\/4.jpg\" class=\"gallery-item\">\r\n        <img decoding=\"async\" src=\"https:\/\/www.verztec.com\/wp-content\/uploads\/events\/stvincent2020\/4.jpg\" alt=\"St Vincent 2020\" \/>\r\n    <\/a>\r\n    <a href=\"https:\/\/www.verztec.com\/wp-content\/uploads\/events\/stvincent2020\/5.jpg\" class=\"gallery-item\">\r\n        <img decoding=\"async\" src=\"https:\/\/www.verztec.com\/wp-content\/uploads\/events\/stvincent2020\/5.jpg\" alt=\"St Vincent 2020\" \/>\r\n    <\/a>\r\n    <a href=\"https:\/\/www.verztec.com\/wp-content\/uploads\/events\/stvincent2020\/6.jpg\" class=\"gallery-item\">\r\n        <img decoding=\"async\" src=\"https:\/\/www.verztec.com\/wp-content\/uploads\/events\/stvincent2020\/6.jpg\" alt=\"St Vincent 2020\" \/>\r\n    <\/a>\r\n    <a href=\"https:\/\/www.verztec.com\/wp-content\/uploads\/events\/stvincent2018\/1.jpg\" class=\"gallery-item\">\r\n        <img decoding=\"async\" src=\"https:\/\/www.verztec.com\/wp-content\/uploads\/events\/stvincent2018\/1.jpg\" alt=\"St Vincent 2018\" \/>\r\n    <\/a>\r\n    <a href=\"https:\/\/www.verztec.com\/wp-content\/uploads\/events\/stvincent2018\/2.jpg\" class=\"gallery-item\">\r\n        <img decoding=\"async\" src=\"https:\/\/www.verztec.com\/wp-content\/uploads\/events\/stvincent2018\/2.jpg\" alt=\"St Vincent 2018\" \/>\r\n    <\/a>\r\n    <a href=\"https:\/\/www.verztec.com\/wp-content\/uploads\/events\/2016\/charity-1.jpg\" class=\"gallery-item\">\r\n        <img decoding=\"async\" src=\"https:\/\/www.verztec.com\/wp-content\/uploads\/events\/2016\/charity-1.jpg\" alt=\"St Vincent 2016\" \/>\r\n    <\/a>\r\n    <a href=\"https:\/\/www.verztec.com\/wp-content\/uploads\/events\/2016\/charity-2.jpg\" class=\"gallery-item\">\r\n        <img decoding=\"async\" src=\"https:\/\/www.verztec.com\/wp-content\/uploads\/events\/2016\/charity-2.jpg\" alt=\"St Vincent 2016\" \/>\r\n    <\/a>\r\n    <a href=\"https:\/\/www.verztec.com\/wp-content\/uploads\/events\/2016\/charity-3.jpg\" class=\"gallery-item\">\r\n        <img decoding=\"async\" src=\"https:\/\/www.verztec.com\/wp-content\/uploads\/events\/2016\/charity-3.jpg\" alt=\"St Vincent 2016\" \/>\r\n    <\/a>\r\n    <a href=\"https:\/\/www.verztec.com\/wp-content\/uploads\/events\/2015\/charity-4.jpg\" class=\"gallery-item\">\r\n        <img decoding=\"async\" src=\"https:\/\/www.verztec.com\/wp-content\/uploads\/events\/2015\/charity-4.jpg\" alt=\"St Vincent 2056\" \/>\r\n    <\/a>\r\n    <a href=\"https:\/\/www.verztec.com\/wp-content\/uploads\/events\/2015\/charity-5.jpg\" class=\"gallery-item\">\r\n        <img decoding=\"async\" src=\"https:\/\/www.verztec.com\/wp-content\/uploads\/events\/2015\/charity-5.jpg\" alt=\"St Vincent 2015\" \/>\r\n    <\/a>\r\n    <a href=\"https:\/\/www.verztec.com\/wp-content\/uploads\/events\/2015\/charity-6.jpg\" class=\"gallery-item\">\r\n        <img decoding=\"async\" src=\"https:\/\/www.verztec.com\/wp-content\/uploads\/events\/2015\/charity-6.jpg\" alt=\"St Vincent 2015\" \/>\r\n    <\/a>\r\n<\/div>\r\n\r\n\r\n\r\n<p>Um mehr \u00fcber St. Vincent Home zu erfahren oder sich uns bei der Unterst\u00fctzung dieser Sache anzuschlie\u00dfen, besuchen Sie bitte die <a href=\"https:\/\/catholicwelfare.org.sg\/\" target=\"_blank\" rel=\"noopener\">St. Vincent Home-Website<\/a>.<\/p>\r\n\r\n","protected":false},"excerpt":{"rendered":"<p>Als verantwortungsbewusste Organisation ist ein wichtiger Teil unserer Strategie, effektive und dauerhafte Partnerschaften mit Wohlt\u00e4tigkeitsorganisationen aufzubauen, insbesondere mit solchen, die sich f\u00fcr die Unterst\u00fctzung von Jugendlichen in unserer Gesellschaft einsetzen.&hellip;<\/p>\n","protected":false},"author":1,"featured_media":2011,"parent":0,"menu_order":7,"comment_status":"closed","ping_status":"closed","template":"","meta":{"footnotes":""},"class_list":["post-1563","page","type-page","status-publish","has-post-thumbnail","hentry"],"_links":{"self":[{"href":"https:\/\/www.verztec.com\/wp-json\/wp\/v2\/pages\/1563"}],"collection":[{"href":"https:\/\/www.verztec.com\/wp-json\/wp\/v2\/pages"}],"about":[{"href":"https:\/\/www.verztec.com\/wp-json\/wp\/v2\/types\/page"}],"author":[{"embeddable":true,"href":"https:\/\/www.verztec.com\/wp-json\/wp\/v2\/users\/1"}],"replies":[{"embeddable":true,"href":"https:\/\/www.verztec.com\/wp-json\/wp\/v2\/comments?post=1563"}],"version-history":[{"count":21,"href":"https:\/\/www.verztec.com\/wp-json\/wp\/v2\/pages\/1563\/revisions"}],"predecessor-version":[{"id":4251,"href":"https:\/\/www.verztec.com\/wp-json\/wp\/v2\/pages\/1563\/revisions\/4251"}],"wp:featuredmedia":[{"embeddable":true,"href":"https:\/\/www.verztec.com\/wp-json\/wp\/v2\/media\/2011"}],"wp:attachment":[{"href":"https:\/\/www.verztec.com\/wp-json\/wp\/v2\/media?parent=1563"}],"curies":[{"name":"wp","href":"https:\/\/api.w.org\/{rel}","templated":true}]}}