{"id":1564,"date":"2011-06-30T02:50:08","date_gmt":"2011-06-30T02:50:08","guid":{"rendered":"http:\/\/staging.verztec.com\/verztec\/transcreation\/"},"modified":"2025-01-22T01:24:42","modified_gmt":"2025-01-22T01:24:42","slug":"transcreation","status":"publish","type":"page","link":"https:\/\/www.verztec.com\/transcreation","title":{"rendered":"Transcreation"},"content":{"rendered":"<p>Bei der Erstellung von Marketing- oder Werbematerialien f\u00fcr einen ausl\u00e4ndischen Markt kann \u00dcbersetzung manchmal zu w\u00f6rtlich sein, was dazu f\u00fchrt, dass der Text an Wirkung verliert. Metaphern und andere kulturelle Nuancen verlieren oft ihre Essenz bei einer direkten \u00dcbersetzung. Aus diesem Grund ist Transcreation f\u00fcr Marketinginhalte ein weit \u00fcberlegener Ansatz.<\/p>\r\n<p>Wenn Sie bew\u00e4hrte Texte haben, die erhebliche Erfolge erzielt haben, und diese Erfolge in anderen Zielm\u00e4rkten wiederholen m\u00f6chten, ist der Transcreation-Service von Verztec genau das, was Sie brauchen.<\/p>\r\n<br \/>\r\n<h3>Was ist Transcreation?<\/h3>\r\n<br \/>\r\n<p>Transcreation bedeutet, Inhalte f\u00fcr einen anderen Zielmarkt anzupassen, w\u00e4hrend ein bestehendes Quelldokument als Referenz dient.<\/p>\r\n<br \/>\r\n<h3>Warum unsere Transcreation-Dienste w\u00e4hlen?<\/h3>\r\n<br \/>\r\n<h4 class=\"title-normal\">Experten f\u00fcr Sprache und Kultur:<\/h4>\r\n<p>Unser Transcreation-Team besteht aus Sprach- und Kulturexperten, die die Psychologie und Vorlieben Ihrer Zielgruppe verstehen. Sie extrahieren die Erfolgsfaktoren Ihrer Originalinhalte und erstellen neue Inhalte, die perfekt auf Ihren neuen Markt abgestimmt sind.<\/p>\r\n<h4 class=\"title-normal\">Marketing-Geschick:<\/h4>\r\n<p>Unsere Linguisten sind nicht nur Sprachspezialisten, sondern auch versiert im Schreiben mit einem Marketingflair. Sie optimieren den Ton und Stil des Endtexts f\u00fcr maximale Wirkung und Anziehungskraft, sodass Ihre Botschaft die Zielgruppe erreicht.<\/p>\r\n<h4 class=\"title-normal\">Kulturelle Lokalisierung:<\/h4>\r\n<p>Kulturelle Referenzen werden lokalisiert, um sicherzustellen, dass die Inhalte bei der Zielgruppe ankommen. So erhalten Sie das Beste aus beiden Welten \u2013 einen ma\u00dfgeschneiderten Text f\u00fcr den Zielmarkt, der gleichzeitig die Seele des Originals bewahrt.<\/p>\r\n<h4 class=\"title-normal\">Vermeidung von Fehlern:<\/h4>\r\n<p>Durch die gezielte Anpassung der Inhalte an die Zielgruppe vermeiden wir peinliche sprachliche und kulturelle Fehler, die die Glaubw\u00fcrdigkeit Ihrer Marke beeintr\u00e4chtigen k\u00f6nnten.<\/p>\r\n<h4 class=\"title-normal\">Mehrsprachige Transcreation:<\/h4>\r\n<p>Wir bieten mehrsprachige Transcreation-Dienste an, mit denen Sie Ihre Inhalte problemlos an mehrere M\u00e4rkte anpassen k\u00f6nnen. Unser umfangreiches Netzwerk an Experten stellt sicher, dass Ihre Botschaft unabh\u00e4ngig von der Sprache effektiv ist.<\/p>\r\n<h4 class=\"title-normal\">R\u00fcck\u00fcbersetzung zur Sicherheit:<\/h4>\r\n<p>Wenn Sie Bedenken hinsichtlich des Endtexts haben, k\u00f6nnen Sie unsere R\u00fcck\u00fcbersetzungsdienste in Anspruch nehmen. Dadurch k\u00f6nnen Sie sicherstellen, dass alle relevanten Punkte erhalten bleiben und die Inhalte Ihren Erwartungen entsprechen.<\/p>\r\n<br \/>\r\n<h3>Starten Sie Ihre n\u00e4chste erfolgreiche Marketingkampagne<\/h3>\r\n<br \/>\r\n<p><strong>Arbeiten Sie noch heute mit den Transcreation-Spezialisten von Verztec zusammen, um Ihre n\u00e4chste erfolgreiche Marketingkampagne zu starten. Erleben Sie die Wirkung kulturell abgestimmter und beeindruckender Marketinginhalte, die auf Ihre Zielgruppe zugeschnitten sind. Kontaktieren Sie uns noch heute unter <a href=\"mailto:enquiry@verztec.com\" target=\"_blank\" rel=\"noopener\">enquiry@verztec.com<\/a>, um mehr \u00fcber unsere Dienstleistungen zu erfahren und wie wir Ihnen zum globalen Erfolg verhelfen k\u00f6nnen.<\/strong><\/p>\r\n\r\n<hr style=\"margin-top: 20px; margin-bottom: 20px; border: 0; border-top: 1px solid #eee;\" \/>\n<p style=\"margin-bottom: 0;\">\n  <img decoding=\"async\" src=\"https:\/\/www.verztec.com\/wp-content\/images\/home\/more.png\" alt=\"\" \/>\n  &nbsp;<a href=\"https:\/\/www.verztec.com\/de\/language-services\/\" target=\"_blank\" rel=\"noopener\">Alle &#8220;Sprachdienste&#8221; anzeigen<\/a>\n<\/p>\r\n","protected":false},"excerpt":{"rendered":"<p>Bei der Erstellung von Marketing- oder Werbematerialien f\u00fcr einen ausl\u00e4ndischen Markt kann \u00dcbersetzung manchmal zu w\u00f6rtlich sein, was dazu f\u00fchrt, dass der Text an Wirkung verliert. Metaphern und andere kulturelle&hellip;<\/p>\n","protected":false},"author":1,"featured_media":2018,"parent":0,"menu_order":7,"comment_status":"closed","ping_status":"closed","template":"","meta":{"footnotes":""},"class_list":["post-1564","page","type-page","status-publish","has-post-thumbnail","hentry"],"_links":{"self":[{"href":"https:\/\/www.verztec.com\/wp-json\/wp\/v2\/pages\/1564"}],"collection":[{"href":"https:\/\/www.verztec.com\/wp-json\/wp\/v2\/pages"}],"about":[{"href":"https:\/\/www.verztec.com\/wp-json\/wp\/v2\/types\/page"}],"author":[{"embeddable":true,"href":"https:\/\/www.verztec.com\/wp-json\/wp\/v2\/users\/1"}],"replies":[{"embeddable":true,"href":"https:\/\/www.verztec.com\/wp-json\/wp\/v2\/comments?post=1564"}],"version-history":[{"count":6,"href":"https:\/\/www.verztec.com\/wp-json\/wp\/v2\/pages\/1564\/revisions"}],"predecessor-version":[{"id":3996,"href":"https:\/\/www.verztec.com\/wp-json\/wp\/v2\/pages\/1564\/revisions\/3996"}],"wp:featuredmedia":[{"embeddable":true,"href":"https:\/\/www.verztec.com\/wp-json\/wp\/v2\/media\/2018"}],"wp:attachment":[{"href":"https:\/\/www.verztec.com\/wp-json\/wp\/v2\/media?parent=1564"}],"curies":[{"name":"wp","href":"https:\/\/api.w.org\/{rel}","templated":true}]}}