{"id":1565,"date":"2011-09-08T03:41:55","date_gmt":"2011-09-08T03:41:55","guid":{"rendered":"http:\/\/staging.verztec.com\/verztec\/education\/"},"modified":"2025-02-03T08:34:29","modified_gmt":"2025-02-03T08:34:29","slug":"education","status":"publish","type":"page","link":"https:\/\/www.verztec.com\/education","title":{"rendered":"Bildung"},"content":{"rendered":"<p>Das schnelle Tempo des Wandels in der Gesellschaft und der Wirtschaft erfordert, dass Organisationen kontinuierlich relevante F\u00e4higkeiten neu bewerten und anpassen, um den sich entwickelnden Bed\u00fcrfnissen gerecht zu werden.<\/p>\r\n<p>Da sich die Bildungssysteme einem globalen Publikum \u00f6ffnen, stehen Agenturen vor der Herausforderung, Bildungsdienstleistungen f\u00fcr eine wachsende Kundschaft anzubieten. Es ist zwingend erforderlich, dass Bildungsinhalte in mehreren Sprachen verf\u00fcgbar sind und dass die Lehrpl\u00e4ne kulturell angemessen sind.<\/p>\r\n<p>Bildungsverlage und staatliche Bildungsbeh\u00f6rden m\u00fcssen sprachspezifische Inhalte schnell und kosteng\u00fcnstig liefern, wobei sie oft auf externe Partner zur\u00fcckgreifen, um bei der Erstellung von Inhalten zu helfen.<\/p>\r\n<p>Verztec ist auf die Unterst\u00fctzung von Unternehmen mit langj\u00e4hriger Expertise im Bereich Online-Lernen, integrierte Sprachaufnahmen und Multimedia-Ingenieurf\u00e4higkeiten spezialisiert, um Online-Lernsysteme zu erstellen, die in verschiedene Sprachen \u00fcbersetzt und lokalisiert werden.<\/p>\r\n<p>Die F\u00e4higkeiten von Verztec umfassen eine Vielzahl von Online-Lernprogrammen:<\/p>\r\n<ul>\r\n<li>Web-basierte Schulungen<\/li>\r\n<li>Computerbasierte Schulungen<\/li>\r\n<li>Unterrichtsmaterialien f\u00fcr den Pr\u00e4senzunterricht<\/li>\r\n<li>Multimedia-Anwendungen<\/li>\r\n<li>Lernmanagementsysteme (LMS)<\/li>\r\n<li>Wiederverwendbare Lernobjekte auf XML-Basis<\/li>\r\n<li>Selbstgesteuerte Zertifizierungs- und Bewertungsprogramme<\/li>\r\n<li>Multilinguale Inhaltsentwicklung<\/li>\r\n<\/ul>\r\n<p>Arbeiten Sie mit Verztec zusammen, um Ihre globalen Bildungsinitiativen zu f\u00f6rdern.<\/p>\r\n<p>Erfahren Sie, wie unsere umfassenden Sprachdienste und innovativen digitalen Lernl\u00f6sungen die Mission Ihrer Organisation unterst\u00fctzen k\u00f6nnen. Kontaktieren Sie uns noch heute, um das vollst\u00e4ndige Angebot an Dienstleistungen zu entdecken.<\/p>\r\n\r\n<hr style=\"margin-top: 20px; margin-bottom: 20px; border: 0; border-top: 1px solid #eee;\" \/>\n<p style=\"margin-bottom: 0;\"><a href=\"https:\/\/www.verztec.com\/de\/testimonials\/\" target=\"_blank\" rel=\"noopener\">Kundenreferenzen<\/a> &nbsp; : Lesen Sie, was unsere Kunden \u00fcber uns sagen!<\/p>\n<p><a href=\"https:\/\/www.verztec.com\/de\/clients\/\" target=\"_blank\" rel=\"noopener\">Unsere gesch\u00e4tzten Kunden<\/a> &nbsp; : Sehen Sie die Liste unserer gesch\u00e4tzten Kunden.<\/p>\n\r\n","protected":false},"excerpt":{"rendered":"<p>Das schnelle Tempo des Wandels in der Gesellschaft und der Wirtschaft erfordert, dass Organisationen kontinuierlich relevante F\u00e4higkeiten neu bewerten und anpassen, um den sich entwickelnden Bed\u00fcrfnissen gerecht zu werden. Da&hellip;<\/p>\n","protected":false},"author":1,"featured_media":4027,"parent":0,"menu_order":19,"comment_status":"closed","ping_status":"closed","template":"","meta":{"footnotes":""},"class_list":["post-1565","page","type-page","status-publish","has-post-thumbnail","hentry"],"_links":{"self":[{"href":"https:\/\/www.verztec.com\/wp-json\/wp\/v2\/pages\/1565"}],"collection":[{"href":"https:\/\/www.verztec.com\/wp-json\/wp\/v2\/pages"}],"about":[{"href":"https:\/\/www.verztec.com\/wp-json\/wp\/v2\/types\/page"}],"author":[{"embeddable":true,"href":"https:\/\/www.verztec.com\/wp-json\/wp\/v2\/users\/1"}],"replies":[{"embeddable":true,"href":"https:\/\/www.verztec.com\/wp-json\/wp\/v2\/comments?post=1565"}],"version-history":[{"count":2,"href":"https:\/\/www.verztec.com\/wp-json\/wp\/v2\/pages\/1565\/revisions"}],"predecessor-version":[{"id":2875,"href":"https:\/\/www.verztec.com\/wp-json\/wp\/v2\/pages\/1565\/revisions\/2875"}],"wp:featuredmedia":[{"embeddable":true,"href":"https:\/\/www.verztec.com\/wp-json\/wp\/v2\/media\/4027"}],"wp:attachment":[{"href":"https:\/\/www.verztec.com\/wp-json\/wp\/v2\/media?parent=1565"}],"curies":[{"name":"wp","href":"https:\/\/api.w.org\/{rel}","templated":true}]}}