{"id":1566,"date":"2011-09-08T03:48:37","date_gmt":"2011-09-08T03:48:37","guid":{"rendered":"http:\/\/staging.verztec.com\/verztec\/advertising\/"},"modified":"2025-02-03T08:07:41","modified_gmt":"2025-02-03T08:07:41","slug":"advertising","status":"publish","type":"page","link":"https:\/\/www.verztec.com\/advertising","title":{"rendered":"Digitales Marketing & Werbung"},"content":{"rendered":"<p>In den schnelllebigen Branchen des digitalen Marketings und der Werbung sind effektive Kommunikation und die schnelle Verbreitung kritischer Nachrichten unerl\u00e4sslich. Wenn Unternehmen in internationale M\u00e4rkte expandieren, wird der Bedarf an mehrsprachigen Inhalten und Lokalisierungsdiensten immer wichtiger.<\/p>\r\n<p>Verztec ist Ihr strategischer Partner f\u00fcr die Erreichung von Zielen im digitalen Marketing und in der Werbung mit innovativen L\u00f6sungen in den Bereichen Medien und Telekommunikationsanwendungen. \u00dcber traditionelle Lokalisierungsdienste hinaus ist Verztec hervorragend darin, Kunden im digitalen Lernen zu unterst\u00fctzen, einschlie\u00dflich der Umwandlung von Schulungsprogrammen in dynamische Online-Module unter Verwendung von Learning Management Systemen (LMS) f\u00fcr regionale oder globale Schulungsinitiativen.<\/p>\r\n<p>Unsere umfassenden Dienstleistungen umfassen mehrsprachige Marketingkommunikation, Weblokalisierung, adaptive Werbekampagnen auf allen digitalen Plattformen, Direktwerbung und Verpackungs-Lokalisierung, Verkaufsf\u00f6rderung und Plakatkampagnen sowie die Anpassung von Voiceover (VO)-Skripten. Verztec vereinfacht die Komplexit\u00e4t und senkt die Kosten, indem es eine einheitliche, flexible Quelle f\u00fcr all Ihre digitalen Marketinginhalte und Lokalisierungsbed\u00fcrfnisse bietet.<\/p>\r\n<p>Ob Sie digitale Kampagnen global starten oder Ihre Online-Pr\u00e4senz verbessern m\u00f6chten, Verztec bietet qualitativ hochwertige, kulturell nuancierte L\u00f6sungen, die bei verschiedenen Zielgruppen Anklang finden.<\/p>\r\n<p>Erfahren Sie, wie Verztec Ihre globale digitale Marketingstrategie st\u00e4rken und Ihre Werbema\u00dfnahmen heute verbessern kann. Kontaktieren Sie uns, um unser vollst\u00e4ndiges Serviceangebot und unsere innovativen L\u00f6sungen zu entdecken.<\/p>\r\n\r\n<hr style=\"margin-top: 20px; margin-bottom: 20px; border: 0; border-top: 1px solid #eee;\" \/>\n<p style=\"margin-bottom: 0;\"><a href=\"https:\/\/www.verztec.com\/de\/testimonials\/\" target=\"_blank\" rel=\"noopener\">Kundenreferenzen<\/a> &nbsp; : Lesen Sie, was unsere Kunden \u00fcber uns sagen!<\/p>\n<p><a href=\"https:\/\/www.verztec.com\/de\/clients\/\" target=\"_blank\" rel=\"noopener\">Unsere gesch\u00e4tzten Kunden<\/a> &nbsp; : Sehen Sie die Liste unserer gesch\u00e4tzten Kunden.<\/p>\n\r\n\r\n\r\n<p><\/p>\r\n\r\n\r\n\r\n<p><\/p>\r\n","protected":false},"excerpt":{"rendered":"<p>In den schnelllebigen Branchen des digitalen Marketings und der Werbung sind effektive Kommunikation und die schnelle Verbreitung kritischer Nachrichten unerl\u00e4sslich. Wenn Unternehmen in internationale M\u00e4rkte expandieren, wird der Bedarf an&hellip;<\/p>\n","protected":false},"author":1,"featured_media":4027,"parent":0,"menu_order":18,"comment_status":"closed","ping_status":"closed","template":"","meta":{"footnotes":""},"class_list":["post-1566","page","type-page","status-publish","has-post-thumbnail","hentry"],"_links":{"self":[{"href":"https:\/\/www.verztec.com\/wp-json\/wp\/v2\/pages\/1566"}],"collection":[{"href":"https:\/\/www.verztec.com\/wp-json\/wp\/v2\/pages"}],"about":[{"href":"https:\/\/www.verztec.com\/wp-json\/wp\/v2\/types\/page"}],"author":[{"embeddable":true,"href":"https:\/\/www.verztec.com\/wp-json\/wp\/v2\/users\/1"}],"replies":[{"embeddable":true,"href":"https:\/\/www.verztec.com\/wp-json\/wp\/v2\/comments?post=1566"}],"version-history":[{"count":6,"href":"https:\/\/www.verztec.com\/wp-json\/wp\/v2\/pages\/1566\/revisions"}],"predecessor-version":[{"id":2862,"href":"https:\/\/www.verztec.com\/wp-json\/wp\/v2\/pages\/1566\/revisions\/2862"}],"wp:featuredmedia":[{"embeddable":true,"href":"https:\/\/www.verztec.com\/wp-json\/wp\/v2\/media\/4027"}],"wp:attachment":[{"href":"https:\/\/www.verztec.com\/wp-json\/wp\/v2\/media?parent=1566"}],"curies":[{"name":"wp","href":"https:\/\/api.w.org\/{rel}","templated":true}]}}