{"id":1567,"date":"2011-09-09T09:39:36","date_gmt":"2011-09-09T09:39:36","guid":{"rendered":"http:\/\/staging.verztec.com\/verztec\/banking-and-finance\/"},"modified":"2025-02-03T08:29:25","modified_gmt":"2025-02-03T08:29:25","slug":"banking-and-finance","status":"publish","type":"page","link":"https:\/\/www.verztec.com\/banking-and-finance","title":{"rendered":"Banken und Finanzen"},"content":{"rendered":"<p>Die Zukunft von Banken und Finanzen sieht vielversprechend aus, angetrieben durch robustes Wirtschaftswachstum, starke Unternehmensgewinne und verbesserte makro\u00f6konomische Grundlagen.<\/p>\r\n<p>Um von den positiven Investorenerwartungen zu profitieren und die makro\u00f6konomische Leistung zu st\u00e4rken, nutzen Organisationen im Bank- und Finanzsektor ihre komparativen Vorteile. Dazu geh\u00f6rt auch die Bew\u00e4ltigung von Herausforderungen wie steigenden staatlichen Vorschriften und der Diversifizierung von Servicekan\u00e4len.<\/p>\r\n<p>Als Reaktion auf die sich entwickelnden Kundenanforderungen nehmen Unternehmen neue Technologien wie Serviceorientierte Architekturen (SOA) und webbasierte Plattformen an, um Prozesse zu straffen und den Zugang zu Finanzinformationen zu verbessern.<\/p>\r\n<p>Erfahren Sie, wie Verztec kommerzielle Stakeholder dabei unterst\u00fctzt, die Komplexit\u00e4t und Risiken beim Start internationaler Dienstleistungen zu navigieren. Wir bieten eine umfassende Palette von L\u00f6sungen, um klare und effektive Kommunikation \u00fcber mehrere Sprachen hinweg zu erm\u00f6glichen und dabei die Markenstandards des Unternehmens zu wahren.<\/p>\r\n<p>Verztec ist auf die Lokalisierung einer Vielzahl kritischer Dokumente spezialisiert, die f\u00fcr die Bank- und Finanzbranche entscheidend sind, darunter B\u00f6rsenanalystenberichte, Risikomanagement, Kreditratings, Aktienforschung, Aktienoptionsprogramme, Finanzvertr\u00e4ge und -vereinbarungen, Marketingkommunikation, Websites, Extranets, Intranets, Schulungsdokumentation, interne Kommunikation, Kundendienst, Softwaresysteme sowie Dokumente zu Ethik, Compliance und Regulierung.<\/p>\r\n<p>\u00dcber die traditionelle Lokalisierung hinaus ist Verztec f\u00fchrend in digitalen Lernl\u00f6sungen. Wir unterst\u00fctzen Organisationen dabei, Schulungsprogramme in Online-Module umzuwandeln und Lernmanagementsysteme (LMS) zu implementieren, um effiziente regionale oder globale Schulungsinitiativen zu erleichtern.<\/p>\r\n<p>Unser Engagement f\u00fcr Qualit\u00e4t und die Einhaltung von Branchenstandards sorgt daf\u00fcr, dass Ihre Inhalte in verschiedenen M\u00e4rkten effektiv ankommen, was einen reibungslosen Markteintritt und betriebliche Exzellenz erm\u00f6glicht.<\/p>\r\n<p>Erfahren Sie, wie Verztec Ihre globale Strategie im Bank- und Finanzwesen st\u00e4rken kann. Kontaktieren Sie uns noch heute, um mehr \u00fcber unser umfassendes Serviceangebot und innovative L\u00f6sungen zu erfahren.<\/p>\r\n\r\n<hr style=\"margin-top: 20px; margin-bottom: 20px; border: 0; border-top: 1px solid #eee;\" \/>\n<p style=\"margin-bottom: 0;\"><a href=\"https:\/\/www.verztec.com\/de\/testimonials\/\" target=\"_blank\" rel=\"noopener\">Kundenreferenzen<\/a> &nbsp; : Lesen Sie, was unsere Kunden \u00fcber uns sagen!<\/p>\n<p><a href=\"https:\/\/www.verztec.com\/de\/clients\/\" target=\"_blank\" rel=\"noopener\">Unsere gesch\u00e4tzten Kunden<\/a> &nbsp; : Sehen Sie die Liste unserer gesch\u00e4tzten Kunden.<\/p>\n\r\n","protected":false},"excerpt":{"rendered":"<p>Die Zukunft von Banken und Finanzen sieht vielversprechend aus, angetrieben durch robustes Wirtschaftswachstum, starke Unternehmensgewinne und verbesserte makro\u00f6konomische Grundlagen. Um von den positiven Investorenerwartungen zu profitieren und die makro\u00f6konomische Leistung&hellip;<\/p>\n","protected":false},"author":1,"featured_media":4027,"parent":0,"menu_order":17,"comment_status":"closed","ping_status":"closed","template":"","meta":{"footnotes":""},"class_list":["post-1567","page","type-page","status-publish","has-post-thumbnail","hentry"],"_links":{"self":[{"href":"https:\/\/www.verztec.com\/wp-json\/wp\/v2\/pages\/1567"}],"collection":[{"href":"https:\/\/www.verztec.com\/wp-json\/wp\/v2\/pages"}],"about":[{"href":"https:\/\/www.verztec.com\/wp-json\/wp\/v2\/types\/page"}],"author":[{"embeddable":true,"href":"https:\/\/www.verztec.com\/wp-json\/wp\/v2\/users\/1"}],"replies":[{"embeddable":true,"href":"https:\/\/www.verztec.com\/wp-json\/wp\/v2\/comments?post=1567"}],"version-history":[{"count":2,"href":"https:\/\/www.verztec.com\/wp-json\/wp\/v2\/pages\/1567\/revisions"}],"predecessor-version":[{"id":2869,"href":"https:\/\/www.verztec.com\/wp-json\/wp\/v2\/pages\/1567\/revisions\/2869"}],"wp:featuredmedia":[{"embeddable":true,"href":"https:\/\/www.verztec.com\/wp-json\/wp\/v2\/media\/4027"}],"wp:attachment":[{"href":"https:\/\/www.verztec.com\/wp-json\/wp\/v2\/media?parent=1567"}],"curies":[{"name":"wp","href":"https:\/\/api.w.org\/{rel}","templated":true}]}}