{"id":1697,"date":"2012-04-04T07:48:42","date_gmt":"2012-04-04T07:48:42","guid":{"rendered":"http:\/\/staging.verztec.com\/verztec\/aerospace-and-defense\/"},"modified":"2025-02-03T08:27:35","modified_gmt":"2025-02-03T08:27:35","slug":"aerospace-and-defense","status":"publish","type":"page","link":"https:\/\/www.verztec.com\/aerospace-and-defense","title":{"rendered":"Luft- und Raumfahrt sowie Verteidigung"},"content":{"rendered":"<p>Die Luft- und Raumfahrt- sowie Verteidigungsindustrie (A&#038;D) hat in den letzten Jahren ein signifikantes Wachstum erlebt, das durch Fortschritte in der Produktion von Verkehrsflugzeugen vorangetrieben wurde, w\u00e4hrend die Verteidigungsums\u00e4tze aufgrund reduzierter Milit\u00e4rausgaben in Schl\u00fcsselregionen Herausforderungen gegen\u00fcberstehen. W\u00e4hrend der weltweite Wettbewerb zunimmt und die Reisennachfrage steigt, wird der A&#038;D-Sektor zunehmend globalisiert und bietet weltweit expandierende Gesch\u00e4ftsm\u00f6glichkeiten.<\/p>\r\n<p>Das Navigieren in internationalen M\u00e4rkten der A&#038;D-Industrie kann jedoch komplex sein, versch\u00e4rft durch Sprachbarrieren und die Komplexit\u00e4t technischer Dokumentationen. Bei Verztec haben wir uns darauf spezialisiert, diese Herausforderungen mit unserer umfangreichen Expertise in Lokalisierung und \u00dcbersetzung, speziell auf den A&#038;D-Sektor abgestimmt, zu meistern.<\/p>\r\n<p>Die F\u00e4higkeiten von Verztec erstrecken sich \u00fcber eine Vielzahl von Quellendokumenten, die f\u00fcr die A&#038;D-Industrie von entscheidender Bedeutung sind, einschlie\u00dflich Verkaufs- und Technologiedokumenten, Marketingmaterialien, Sicherheitsdatenbl\u00e4ttern (MSDS), technischen Zusammenfassungen, Whitepapers, Websites, Extranets, Intranets, Schulungsdokumenten, Compliance- und Regulierungsunterlagen sowie ethischen Unternehmensdokumenten wie Verhaltenskodex-Handb\u00fcchern und Ethik-Schulungsmodulen.<\/p>\r\n<p>Dar\u00fcber hinaus bietet Verztec mehr als nur traditionelle Lokalisierungsdienste. Wir unterst\u00fctzen unsere Kunden auch bei digitalen Lerninitiativen, einschlie\u00dflich der Umwandlung von Schulungsprogrammen in Online-Module und dem Einsatz von Learning Management Systemen (LMS) f\u00fcr regionale oder globale Schulungsbed\u00fcrfnisse. Ob Sie pr\u00e4zise Dokumenten\u00fcbersetzungen, komplexe technische Lokalisierungen oder umfassende digitale Lernl\u00f6sungen ben\u00f6tigen, Verztec bietet eine einheitliche, anpassungsf\u00e4hige Quelle f\u00fcr alle Ihre Anforderungen in der A&#038;D-Industrie.<\/p>\r\n<p>Unser Engagement f\u00fcr Qualit\u00e4t und kulturelle Sensibilit\u00e4t stellt sicher, dass Ihre Inhalte effektiv auf unterschiedlichen M\u00e4rkten ankommen, was einen reibungsloseren Markteintritt und betrieblichen Erfolg f\u00f6rdert.<\/p>\r\n<p>Entdecken Sie, wie Verztec Ihre globale Strategie in der Luft- und Raumfahrt- sowie Verteidigungsindustrie verbessern kann. Kontaktieren Sie uns noch heute, um unsere vollst\u00e4ndige Palette an Dienstleistungen und innovativen L\u00f6sungen zu entdecken.<\/p>\r\n\r\n<hr style=\"margin-top: 20px; margin-bottom: 20px; border: 0; border-top: 1px solid #eee;\" \/>\n<p style=\"margin-bottom: 0;\"><a href=\"https:\/\/www.verztec.com\/de\/testimonials\/\" target=\"_blank\" rel=\"noopener\">Kundenreferenzen<\/a> &nbsp; : Lesen Sie, was unsere Kunden \u00fcber uns sagen!<\/p>\n<p><a href=\"https:\/\/www.verztec.com\/de\/clients\/\" target=\"_blank\" rel=\"noopener\">Unsere gesch\u00e4tzten Kunden<\/a> &nbsp; : Sehen Sie die Liste unserer gesch\u00e4tzten Kunden.<\/p>\n\r\n","protected":false},"excerpt":{"rendered":"<p>Die Luft- und Raumfahrt- sowie Verteidigungsindustrie (A&#038;D) hat in den letzten Jahren ein signifikantes Wachstum erlebt, das durch Fortschritte in der Produktion von Verkehrsflugzeugen vorangetrieben wurde, w\u00e4hrend die Verteidigungsums\u00e4tze aufgrund&hellip;<\/p>\n","protected":false},"author":1,"featured_media":4027,"parent":0,"menu_order":16,"comment_status":"closed","ping_status":"closed","template":"","meta":{"footnotes":""},"class_list":["post-1697","page","type-page","status-publish","has-post-thumbnail","hentry"],"_links":{"self":[{"href":"https:\/\/www.verztec.com\/wp-json\/wp\/v2\/pages\/1697"}],"collection":[{"href":"https:\/\/www.verztec.com\/wp-json\/wp\/v2\/pages"}],"about":[{"href":"https:\/\/www.verztec.com\/wp-json\/wp\/v2\/types\/page"}],"author":[{"embeddable":true,"href":"https:\/\/www.verztec.com\/wp-json\/wp\/v2\/users\/1"}],"replies":[{"embeddable":true,"href":"https:\/\/www.verztec.com\/wp-json\/wp\/v2\/comments?post=1697"}],"version-history":[{"count":2,"href":"https:\/\/www.verztec.com\/wp-json\/wp\/v2\/pages\/1697\/revisions"}],"predecessor-version":[{"id":2865,"href":"https:\/\/www.verztec.com\/wp-json\/wp\/v2\/pages\/1697\/revisions\/2865"}],"wp:featuredmedia":[{"embeddable":true,"href":"https:\/\/www.verztec.com\/wp-json\/wp\/v2\/media\/4027"}],"wp:attachment":[{"href":"https:\/\/www.verztec.com\/wp-json\/wp\/v2\/media?parent=1697"}],"curies":[{"name":"wp","href":"https:\/\/api.w.org\/{rel}","templated":true}]}}