{"id":1698,"date":"2012-04-04T08:42:15","date_gmt":"2012-04-04T08:42:15","guid":{"rendered":"http:\/\/staging.verztec.com\/verztec\/electronics\/"},"modified":"2025-02-03T08:35:57","modified_gmt":"2025-02-03T08:35:57","slug":"electronics","status":"publish","type":"page","link":"https:\/\/www.verztec.com\/electronics","title":{"rendered":"Elektronik"},"content":{"rendered":"<p>Die Elektronikindustrie hat ein stetiges Wachstum gezeigt, insbesondere im Bereich der Unterhaltungselektronik wie Handys, GPS-Ger\u00e4te und tragbare Ger\u00e4te. Unternehmen investieren erhebliche Zeit und Ressourcen in die Forschung und Entwicklung von Elektronikprodukten, um in diesem wettbewerbsintensiven globalen Markt erfolgreich zu sein.<\/p>\r\n<p>Um sich zu differenzieren und weltweite M\u00e4rkte zu erobern, m\u00fcssen Elektronikunternehmen ihre Markenbotschaft, Produktinformationen und Handb\u00fccher effektiv \u00fcber verschiedene Kulturen hinweg kommunizieren. Der Bedarf an einer Lokalisierung, die mit internationalen Zielgruppen resoniert, war nie so wichtig wie heute.<\/p>\r\n<p>Verztec ist auf kosteng\u00fcnstige Lokalisierungsl\u00f6sungen spezialisiert, die speziell auf die Elektronikindustrie zugeschnitten sind. Unser Team von Lokalisierungsexperten sorgt daf\u00fcr, dass Ihre Software-GUI (Graphical User Interface), Software-Hilfedateien, Produktverpackungen, technische Handb\u00fccher, Schulungsdokumente, Compliance-Materialien, Ethikschulungen, Marketingmaterialien (Brosch\u00fcren, Flyer, Newsletter), Online-Schulungsmodule, Websites, Intranets und Extranets genau \u00fcbersetzt und kulturell angepasst werden.<\/p>\r\n<p>Verztecs F\u00e4higkeiten umfassen eine breite Palette von dokumentenspezifischen L\u00f6sungen f\u00fcr die Elektronikindustrie, einschlie\u00dflich:<\/p>\r\n<ul>\r\n<li>Software-GUI (Graphical User Interface)<\/li>\r\n<li>Software-Hilfedateien<\/li>\r\n<li>Produktverpackungen<\/li>\r\n<li>Sicherheitsdatenbl\u00e4tter<\/li>\r\n<li>Technische Handb\u00fccher<\/li>\r\n<li>Schulungsdokumente<\/li>\r\n<li>Branchenspezifische Compliance- und Regulierungsunterlagen<\/li>\r\n<li>Unternehmensethik-Materialien wie Verhaltenskodex-Handb\u00fccher und Ethikschulungen<\/li>\r\n<li>Marketingmaterialien (Brosch\u00fcren, Flyer, Newsletter)<\/li>\r\n<li>Entwicklung und Lokalisierung von Online-Schulungen<\/li>\r\n<li>Websites, Extranets und Intranets<\/li>\r\n<li>Software und Systeme<\/li>\r\n<li>\u00dcbersetzung von Unternehmenspr\u00e4sentationen (Flash, PowerPoint-Dateien usw.)<\/li>\r\n<\/ul>\r\n<p>Arbeiten Sie mit Verztec zusammen, um Ihre globale Kommunikationsstrategie in der Elektronikindustrie zu optimieren. Entdecken Sie, wie unsere umfassenden Sprachdienste und digitalen Lernl\u00f6sungen Ihre Expansion in neue M\u00e4rkte effektiv unterst\u00fctzen k\u00f6nnen. Kontaktieren Sie uns noch heute, um mehr \u00fcber unsere ma\u00dfgeschneiderten L\u00f6sungen und Branchenexpertise zu erfahren.<\/p>\r\n\r\n<hr style=\"margin-top: 20px; margin-bottom: 20px; border: 0; border-top: 1px solid #eee;\" \/>\n<p style=\"margin-bottom: 0;\"><a href=\"https:\/\/www.verztec.com\/de\/testimonials\/\" target=\"_blank\" rel=\"noopener\">Kundenreferenzen<\/a> &nbsp; : Lesen Sie, was unsere Kunden \u00fcber uns sagen!<\/p>\n<p><a href=\"https:\/\/www.verztec.com\/de\/clients\/\" target=\"_blank\" rel=\"noopener\">Unsere gesch\u00e4tzten Kunden<\/a> &nbsp; : Sehen Sie die Liste unserer gesch\u00e4tzten Kunden.<\/p>\n\r\n","protected":false},"excerpt":{"rendered":"<p>Die Elektronikindustrie hat ein stetiges Wachstum gezeigt, insbesondere im Bereich der Unterhaltungselektronik wie Handys, GPS-Ger\u00e4te und tragbare Ger\u00e4te. Unternehmen investieren erhebliche Zeit und Ressourcen in die Forschung und Entwicklung von&hellip;<\/p>\n","protected":false},"author":1,"featured_media":4027,"parent":0,"menu_order":14,"comment_status":"closed","ping_status":"closed","template":"","meta":{"footnotes":""},"class_list":["post-1698","page","type-page","status-publish","has-post-thumbnail","hentry"],"_links":{"self":[{"href":"https:\/\/www.verztec.com\/wp-json\/wp\/v2\/pages\/1698"}],"collection":[{"href":"https:\/\/www.verztec.com\/wp-json\/wp\/v2\/pages"}],"about":[{"href":"https:\/\/www.verztec.com\/wp-json\/wp\/v2\/types\/page"}],"author":[{"embeddable":true,"href":"https:\/\/www.verztec.com\/wp-json\/wp\/v2\/users\/1"}],"replies":[{"embeddable":true,"href":"https:\/\/www.verztec.com\/wp-json\/wp\/v2\/comments?post=1698"}],"version-history":[{"count":2,"href":"https:\/\/www.verztec.com\/wp-json\/wp\/v2\/pages\/1698\/revisions"}],"predecessor-version":[{"id":2877,"href":"https:\/\/www.verztec.com\/wp-json\/wp\/v2\/pages\/1698\/revisions\/2877"}],"wp:featuredmedia":[{"embeddable":true,"href":"https:\/\/www.verztec.com\/wp-json\/wp\/v2\/media\/4027"}],"wp:attachment":[{"href":"https:\/\/www.verztec.com\/wp-json\/wp\/v2\/media?parent=1698"}],"curies":[{"name":"wp","href":"https:\/\/api.w.org\/{rel}","templated":true}]}}