{"id":1699,"date":"2012-04-04T08:51:44","date_gmt":"2012-04-04T08:51:44","guid":{"rendered":"http:\/\/staging.verztec.com\/verztec\/energy\/"},"modified":"2025-02-03T08:37:06","modified_gmt":"2025-02-03T08:37:06","slug":"energy","status":"publish","type":"page","link":"https:\/\/www.verztec.com\/energy","title":{"rendered":"Energie und Bergbau"},"content":{"rendered":"<p>In den letzten Jahren sind der Energieverbrauch und die Ressourcenkosten erheblich gestiegen, bedingt durch die weltweite Nachfrage nach Energiequellen. Dieses Wachstum hat intensive Forschungs- und Entwicklungsbem\u00fchungen weltweit angesto\u00dfen, um diesen steigenden Anforderungen gerecht zu werden. Viele Unternehmen im Energiesektor expandieren in neue regionale M\u00e4rkte oder verlagern ihre Betriebe in L\u00e4nder mit niedrigeren Betriebskosten, um von Wachstumschancen zu profitieren.<\/p>\r\n<p>Effektive und konsistente Kommunikation \u00fcber verschiedene Medien und Sprachen hinweg ist entscheidend, um das Wachstum im Energiesektor aufrechtzuerhalten. Verztec bietet umfassende \u00dcbersetzungs-, Lokalisierungs- und digitale Lernl\u00f6sungen, die sicherstellen, dass Ihre Marketingmaterialien, technischen Dokumente, Websites und Verkaufpr\u00e4sentationen pr\u00e4zise und effizient vorbereitet werden. Wir verstehen die Komplexit\u00e4t der Fachterminologie und Konzepte im Energiesektor und sorgen f\u00fcr eine genaue \u00dcbersetzung und Bereitstellung der Materialien f\u00fcr die Zielgruppen.<\/p>\r\n<p>Verztecs Leistungen umfassen eine Vielzahl wichtiger Dokumente f\u00fcr die Energie- und Bergbauindustrie, einschlie\u00dflich Gesundheits- und Sicherheitshandb\u00fcchern, technischen Handb\u00fcchern, Marketingmaterialien (Brosch\u00fcren, Newsletter, Flugbl\u00e4tter), juristischen Dokumenten, branchenspezifischen Compliance- und Regulierungsunterlagen, ethischen Unternehmensmaterialien wie Verhaltenskodex-Handb\u00fcchern und Ethik-Schulungen, Betriebsanleitungen f\u00fcr die Energieerzeugung und Maschinen, Schulungsunterlagen sowie Entwicklung und Lokalisierung von Online-Trainingsprogrammen.<\/p>\r\n<p>Zus\u00e4tzlich zu den traditionellen Lokalisierungsdiensten ist Verztec auf digitale Lernl\u00f6sungen spezialisiert. Wir unterst\u00fctzen Energieunternehmen dabei, Schulungsprogramme in Online-Module umzuwandeln und Lernmanagementsysteme (LMS) f\u00fcr effiziente regionale oder globale Trainingsinitiativen bereitzustellen. Unsere Expertise in der Multimedia-Technik stellt sicher, dass Ihre Online-Schulungen fesselnd, effektiv und kulturell relevant in verschiedenen M\u00e4rkten sind.<\/p>\r\n<p>Arbeiten Sie mit Verztec zusammen, um Ihre Kommunikationsstrategien zu optimieren und die Komplexit\u00e4t der globalen Expansion im Energie- und Bergbausektor zu navigieren.<\/p>\r\n<p>Kontaktieren Sie uns noch heute, um herauszufinden, wie unsere spezialisierten Sprachdienste und innovativen digitalen L\u00f6sungen Ihre Wettbewerbsf\u00e4higkeit und operative Effizienz steigern k\u00f6nnen.<\/p>\r\n\r\n<hr style=\"margin-top: 20px; margin-bottom: 20px; border: 0; border-top: 1px solid #eee;\" \/>\n<p style=\"margin-bottom: 0;\"><a href=\"https:\/\/www.verztec.com\/de\/testimonials\/\" target=\"_blank\" rel=\"noopener\">Kundenreferenzen<\/a> &nbsp; : Lesen Sie, was unsere Kunden \u00fcber uns sagen!<\/p>\n<p><a href=\"https:\/\/www.verztec.com\/de\/clients\/\" target=\"_blank\" rel=\"noopener\">Unsere gesch\u00e4tzten Kunden<\/a> &nbsp; : Sehen Sie die Liste unserer gesch\u00e4tzten Kunden.<\/p>\n\r\n","protected":false},"excerpt":{"rendered":"<p>In den letzten Jahren sind der Energieverbrauch und die Ressourcenkosten erheblich gestiegen, bedingt durch die weltweite Nachfrage nach Energiequellen. Dieses Wachstum hat intensive Forschungs- und Entwicklungsbem\u00fchungen weltweit angesto\u00dfen, um diesen&hellip;<\/p>\n","protected":false},"author":1,"featured_media":4027,"parent":0,"menu_order":13,"comment_status":"closed","ping_status":"closed","template":"","meta":{"footnotes":""},"class_list":["post-1699","page","type-page","status-publish","has-post-thumbnail","hentry"],"_links":{"self":[{"href":"https:\/\/www.verztec.com\/wp-json\/wp\/v2\/pages\/1699"}],"collection":[{"href":"https:\/\/www.verztec.com\/wp-json\/wp\/v2\/pages"}],"about":[{"href":"https:\/\/www.verztec.com\/wp-json\/wp\/v2\/types\/page"}],"author":[{"embeddable":true,"href":"https:\/\/www.verztec.com\/wp-json\/wp\/v2\/users\/1"}],"replies":[{"embeddable":true,"href":"https:\/\/www.verztec.com\/wp-json\/wp\/v2\/comments?post=1699"}],"version-history":[{"count":2,"href":"https:\/\/www.verztec.com\/wp-json\/wp\/v2\/pages\/1699\/revisions"}],"predecessor-version":[{"id":2879,"href":"https:\/\/www.verztec.com\/wp-json\/wp\/v2\/pages\/1699\/revisions\/2879"}],"wp:featuredmedia":[{"embeddable":true,"href":"https:\/\/www.verztec.com\/wp-json\/wp\/v2\/media\/4027"}],"wp:attachment":[{"href":"https:\/\/www.verztec.com\/wp-json\/wp\/v2\/media?parent=1699"}],"curies":[{"name":"wp","href":"https:\/\/api.w.org\/{rel}","templated":true}]}}