{"id":1700,"date":"2012-04-04T08:54:27","date_gmt":"2012-04-04T08:54:27","guid":{"rendered":"http:\/\/staging.verztec.com\/verztec\/government\/"},"modified":"2025-02-03T08:43:43","modified_gmt":"2025-02-03T08:43:43","slug":"government","status":"publish","type":"page","link":"https:\/\/www.verztec.com\/government","title":{"rendered":"Regierung"},"content":{"rendered":"<p>Eine effektive Zwei-Wege-Kommunikation zwischen Regierungen und B\u00fcrgern ist entscheidend f\u00fcr den nationalen Fortschritt. Die Gew\u00e4hrleistung der \u00f6ffentlichen Bewusstseinsbildung zu Regierungspolitiken und Initiativen, w\u00e4hrend gleichzeitig auf die \u00f6ffentliche Stimmung geachtet wird, ist entscheidend, um Vertrauen und Verantwortlichkeit zu f\u00f6rdern.<\/p>\r\n<p>Im Bereich der mehrsprachigen Kommunikation sehen sich Regierungen oft der Herausforderung gegen\u00fcber, umfangreiche Daten zu \u00fcbersetzen, die aus der \u00d6ffentlichkeit gesammelt wurden. Verztec versteht die Komplexit\u00e4ten dieses Prozesses und bietet effiziente \u00dcbersetzungs- und Lokalisierungsdienste an, um Sprachbarrieren zu \u00fcberwinden und verschiedene Sprachgruppen schnell und effektiv zu erreichen.<\/p>\r\n<p>Dar\u00fcber hinaus m\u00fcssen Regierungen Informationen pr\u00e4zise und zeitnah verbreiten. Verztec unterst\u00fctzt diesen Bedarf mit unseren umfassenden F\u00e4higkeiten in der \u00dcbersetzung und Lokalisierung einer Vielzahl von Regierungsdokumenten, einschlie\u00dflich \u00f6ffentlicher Umfragen, regulatorischer Materialien, Unternehmensethikrichtlinien, rechtlicher Dokumente, Personalunterlagen und mehr.<\/p>\r\n<p>Zus\u00e4tzlich zu den traditionellen Sprachdiensten ist Verztec auf digitale Lernl\u00f6sungen spezialisiert, die Regierungsbildungs- und Schulungsinitiativen revolutionieren k\u00f6nnen. Hier sind einige Bereiche, in denen digitales Lernen im Regierungssektor besonders n\u00fctzlich sein kann:<\/p>\r\n<ol>\r\n<li><b>Schulungsdokumente:<\/b> Entwicklung und Lokalisierung von Online-Schulungsmodulen f\u00fcr Regierungsangestellte zu Richtlinien, Verfahren und Compliance.<\/li>\r\n<li><b>E-Government-Dienste:<\/b> Verbesserung der Zug\u00e4nglichkeit und Benutzerfreundlichkeit von E-Government-Portalen durch mehrsprachige Schnittstellen und benutzerfreundliche Online-Tutorials.<\/li>\r\n<li><b>\u00d6ffentlichkeitskampagnen:<\/b> Erstellung interaktiver digitaler Inhalte, um B\u00fcrger \u00fcber Regierungsprogramme, Gesundheitsinitiativen und b\u00fcrgerschaftliche Verantwortung aufzukl\u00e4ren.<\/li>\r\n<li><b>Ethik- und Compliance-Schulungen:<\/b> Einf\u00fchrung von Online-Kursen zur Schulung von Regierungsmitarbeitern zu ethischen Standards, Verhaltenskodex und regulatorischer Compliance.<\/li>\r\n<li><b>Sprachkompetenzentwicklung:<\/b> Bereitstellung von Sprachlernprogrammen f\u00fcr Regierungsbeamte zur Verbesserung ihrer Kommunikationsf\u00e4higkeiten in multikulturellen Umfeldern.<\/li>\r\n<\/ol>\r\n<p>Verztecs Fachwissen geht \u00fcber \u00dcbersetzungen hinaus und umfasst strategische digitale L\u00f6sungen, die Regierungen bei der F\u00f6rderung von Transparenz, Effizienz und B\u00fcrgerengagement unterst\u00fctzen.<\/p>\r\n<p>Partnern Sie mit Verztec, um Ihre Kommunikationsstrategien zu verbessern und die sich entwickelnden Bed\u00fcrfnisse einer vielf\u00e4ltigen und vernetzten Gesellschaft zu erf\u00fcllen. Kontaktieren Sie uns noch heute, um zu erfahren, wie unsere spezialisierten Dienstleistungen Ihre Governance-Initiativen st\u00e4rken k\u00f6nnen.<\/p>\r\n\r\n<hr style=\"margin-top: 20px; margin-bottom: 20px; border: 0; border-top: 1px solid #eee;\" \/>\n<p style=\"margin-bottom: 0;\"><a href=\"https:\/\/www.verztec.com\/de\/testimonials\/\" target=\"_blank\" rel=\"noopener\">Kundenreferenzen<\/a> &nbsp; : Lesen Sie, was unsere Kunden \u00fcber uns sagen!<\/p>\n<p><a href=\"https:\/\/www.verztec.com\/de\/clients\/\" target=\"_blank\" rel=\"noopener\">Unsere gesch\u00e4tzten Kunden<\/a> &nbsp; : Sehen Sie die Liste unserer gesch\u00e4tzten Kunden.<\/p>\n\r\n","protected":false},"excerpt":{"rendered":"<p>Eine effektive Zwei-Wege-Kommunikation zwischen Regierungen und B\u00fcrgern ist entscheidend f\u00fcr den nationalen Fortschritt. Die Gew\u00e4hrleistung der \u00f6ffentlichen Bewusstseinsbildung zu Regierungspolitiken und Initiativen, w\u00e4hrend gleichzeitig auf die \u00f6ffentliche Stimmung geachtet wird,&hellip;<\/p>\n","protected":false},"author":1,"featured_media":4027,"parent":0,"menu_order":12,"comment_status":"closed","ping_status":"closed","template":"","meta":{"footnotes":""},"class_list":["post-1700","page","type-page","status-publish","has-post-thumbnail","hentry"],"_links":{"self":[{"href":"https:\/\/www.verztec.com\/wp-json\/wp\/v2\/pages\/1700"}],"collection":[{"href":"https:\/\/www.verztec.com\/wp-json\/wp\/v2\/pages"}],"about":[{"href":"https:\/\/www.verztec.com\/wp-json\/wp\/v2\/types\/page"}],"author":[{"embeddable":true,"href":"https:\/\/www.verztec.com\/wp-json\/wp\/v2\/users\/1"}],"replies":[{"embeddable":true,"href":"https:\/\/www.verztec.com\/wp-json\/wp\/v2\/comments?post=1700"}],"version-history":[{"count":2,"href":"https:\/\/www.verztec.com\/wp-json\/wp\/v2\/pages\/1700\/revisions"}],"predecessor-version":[{"id":2881,"href":"https:\/\/www.verztec.com\/wp-json\/wp\/v2\/pages\/1700\/revisions\/2881"}],"wp:featuredmedia":[{"embeddable":true,"href":"https:\/\/www.verztec.com\/wp-json\/wp\/v2\/media\/4027"}],"wp:attachment":[{"href":"https:\/\/www.verztec.com\/wp-json\/wp\/v2\/media?parent=1700"}],"curies":[{"name":"wp","href":"https:\/\/api.w.org\/{rel}","templated":true}]}}