{"id":1708,"date":"2012-07-26T07:50:28","date_gmt":"2012-07-26T07:50:28","guid":{"rendered":"http:\/\/staging.verztec.com\/verztec\/healthcare-and-pharmaceuticals\/"},"modified":"2025-02-03T08:31:30","modified_gmt":"2025-02-03T08:31:30","slug":"healthcare-and-pharmaceuticals","status":"publish","type":"page","link":"https:\/\/www.verztec.com\/healthcare-and-pharmaceuticals","title":{"rendered":"Pharmazeutische Produkte und Gesundheitswesen"},"content":{"rendered":"<p>Die Pharma- und Gesundheitsbranche hat ein signifikantes Wachstum erfahren, das durch die steigende Nachfrage nach hochwertigen medizinischen Produkten und strenge regulatorische Anforderungen vorangetrieben wird. Mit einer Vielzahl von weltweit zugelassenen Medikamenten intensiviert sich der Wettbewerb zwischen Unternehmen, die \u00e4hnliche Produkte anbieten. Mit der globalen Expansion von Unternehmen ist der Bedarf an kulturell angepassten Marketingmaterialien wichtiger denn je.<\/p>\r\n<p>Um die Produktwirksamkeit sicherzustellen, investieren Unternehmen erheblich in Marktforschung im Gesundheitswesen und pharmaceutische Analysen. In dieser globalisierten Landschaft werden Forschungsdokumente in mehreren Sprachen weltweit erstellt. Eine pr\u00e4zise \u00dcbersetzung dieser Materialien ist entscheidend, um einen Wettbewerbsvorteil zu erlangen. Bei Verztec erkennen wir die Bedeutung pr\u00e4ziser und effizienter \u00dcbersetzungsdienste, insbesondere f\u00fcr so regulierte und anspruchsvolle Branchen wie diese.<\/p>\r\n<p>Dar\u00fcber hinaus erfordert die Einf\u00fchrung eines Medikaments in einen neuen Markt das Navigieren durch komplexe regulatorische Prozesse. Verztec\u2019s engagiertes Team von \u00dcbersetzern und Lokalisierungsspezialisten unterst\u00fctzt Ihre Organisation in jeder Phase des Produktlebenszyklus \u2013 von der pharmaceutischen Forschung und regulatorischen Einreichungen bis hin zu Herstellung, Marketing und Verpackung. Unsere Expertise stellt sicher, dass Ihre Inhalte die regulatorischen Standards erf\u00fcllen und effektiv bei lokalen Zielgruppen weltweit ankommen.<\/p>\r\n<p>Verztecs umfassende F\u00e4higkeiten decken eine breite Palette von wichtigen Dokumenten f\u00fcr die Pharma- und Gesundheitsindustrie ab, darunter Dokumentation zu klinischen Studien, Arzneimittelregistrierungsdokumentation, pharmaceutische Handb\u00fccher, Referenzb\u00fccher, Verpackungsmaterialien (Etiketten, Beipackzettel), wissenschaftliche Arbeiten, akademische Essays, klinische Protokolle, Dossiers, Marketingmaterialien (Flyer, Brosch\u00fcren, Newsletter), Patienteninformationen, Umfragen, rechtliche Dokumente, Toxikologieberichte, Fallberichtformulare (CRF), Datenbl\u00e4tter und Websites (Intranets und Extranets).<\/p>\r\n<p>Neben traditionellen Lokalisierungsdiensten bietet Verztec auch fortschrittliche digitale Lernl\u00f6sungen an. Wir sind darauf spezialisiert, Schulungsmaterialien in Online-Module umzuwandeln und Learning Management Systeme (LMS) f\u00fcr effektive regionale oder globale Schulungsinitiativen bereitzustellen.<\/p>\r\n<p>Partnerschaft mit Verztec, um Ihre globale Strategie im Pharma- und Gesundheitssektor zu verbessern. Kontaktieren Sie uns noch heute, um mehr \u00fcber unsere umfassenden Sprachdienste und innovativen L\u00f6sungen zu erfahren.<\/p>\r\n\r\n<hr style=\"margin-top: 20px; margin-bottom: 20px; border: 0; border-top: 1px solid #eee;\" \/>\n<p style=\"margin-bottom: 0;\"><a href=\"https:\/\/www.verztec.com\/de\/testimonials\/\" target=\"_blank\" rel=\"noopener\">Kundenreferenzen<\/a> &nbsp; : Lesen Sie, was unsere Kunden \u00fcber uns sagen!<\/p>\n<p><a href=\"https:\/\/www.verztec.com\/de\/clients\/\" target=\"_blank\" rel=\"noopener\">Unsere gesch\u00e4tzten Kunden<\/a> &nbsp; : Sehen Sie die Liste unserer gesch\u00e4tzten Kunden.<\/p>\n\r\n","protected":false},"excerpt":{"rendered":"<p>Die Pharma- und Gesundheitsbranche hat ein signifikantes Wachstum erfahren, das durch die steigende Nachfrage nach hochwertigen medizinischen Produkten und strenge regulatorische Anforderungen vorangetrieben wird. Mit einer Vielzahl von weltweit zugelassenen&hellip;<\/p>\n","protected":false},"author":1,"featured_media":4027,"parent":0,"menu_order":9,"comment_status":"closed","ping_status":"closed","template":"","meta":{"footnotes":""},"class_list":["post-1708","page","type-page","status-publish","has-post-thumbnail","hentry"],"_links":{"self":[{"href":"https:\/\/www.verztec.com\/wp-json\/wp\/v2\/pages\/1708"}],"collection":[{"href":"https:\/\/www.verztec.com\/wp-json\/wp\/v2\/pages"}],"about":[{"href":"https:\/\/www.verztec.com\/wp-json\/wp\/v2\/types\/page"}],"author":[{"embeddable":true,"href":"https:\/\/www.verztec.com\/wp-json\/wp\/v2\/users\/1"}],"replies":[{"embeddable":true,"href":"https:\/\/www.verztec.com\/wp-json\/wp\/v2\/comments?post=1708"}],"version-history":[{"count":2,"href":"https:\/\/www.verztec.com\/wp-json\/wp\/v2\/pages\/1708\/revisions"}],"predecessor-version":[{"id":2873,"href":"https:\/\/www.verztec.com\/wp-json\/wp\/v2\/pages\/1708\/revisions\/2873"}],"wp:featuredmedia":[{"embeddable":true,"href":"https:\/\/www.verztec.com\/wp-json\/wp\/v2\/media\/4027"}],"wp:attachment":[{"href":"https:\/\/www.verztec.com\/wp-json\/wp\/v2\/media?parent=1708"}],"curies":[{"name":"wp","href":"https:\/\/api.w.org\/{rel}","templated":true}]}}