{"id":1709,"date":"2012-07-26T08:10:50","date_gmt":"2012-07-26T08:10:50","guid":{"rendered":"http:\/\/staging.verztec.com\/verztec\/petroleum-and-chemicals\/"},"modified":"2025-02-03T08:29:51","modified_gmt":"2025-02-03T08:29:51","slug":"petroleum-and-chemicals","status":"publish","type":"page","link":"https:\/\/www.verztec.com\/petroleum-and-chemicals","title":{"rendered":"Erd\u00f6l und Chemie"},"content":{"rendered":"<p>Die Erd\u00f6l- und Chemieindustrie sind entscheidende globale Sektoren, die einige der gr\u00f6\u00dften Volkswirtschaften der Welt verbinden. Erd\u00f6l dient als wichtige Rohware f\u00fcr verschiedene chemische Produkte, einschlie\u00dflich D\u00fcngemitteln, Pharmazeutika und Kunststoffen. Die weit verbreitete Nutzung in verschiedenen Industrien hat einen erheblichen Einfluss auf die globalen Konsumgewohnheiten. Ebenso spielen Chemikalien weltweit eine entscheidende Rolle in der Landwirtschaft, der Herstellung, dem Bauwesen und den Dienstleistungssektoren.<\/p>\r\n<p>Trotz der j\u00fcngsten Herausforderungen wie der verringerten weltweiten Chemieproduktion und der schwankenden Nachfrage seit den sp\u00e4ten 2000er Jahren setzen Unternehmen in diesen Branchen aggressive Kostensenkungsma\u00dfnahmen ein und nutzen fortschrittliche Technologien, um ihre Wettbewerbsf\u00e4higkeit zu sichern. Viele expandieren auch in kosteng\u00fcnstigere Regionen, was robuste Marketingstrategien erfordert, die auf lokale Konsumentenbasis zugeschnitten sind und umfangreiche Dokumenten\u00fcbersetzungsdienste ben\u00f6tigen.<\/p>\r\n<p>Verztec ist darauf spezialisiert, die \u00dcbersetzungs- und Lokalisierungsbed\u00fcrfnisse von Erd\u00f6l- und Chemieunternehmen zu erf\u00fcllen. Unser Team erfahrener \u00dcbersetzer und Linguisten stellt sicher, dass hochpr\u00e4zise, qualitativ hochwertige Materialien an diverse globale Zielgruppen geliefert werden. Unsere engagierten Lokalisierungsexperten sorgen daf\u00fcr, dass Ihre Inhalte effektiv mit Zielgruppen aus verschiedenen kulturellen Hintergr\u00fcnden resonieren und das Engagement sowie das Verst\u00e4ndnis f\u00f6rdern.<\/p>\r\n<p>Die umfassenden F\u00e4higkeiten von Verztec decken eine breite Palette kritischer Quelldokumente f\u00fcr die Erd\u00f6l- und Chemieindustrie ab, darunter Umweltvertr\u00e4glichkeitspr\u00fcfungen (EIA), Sozialvertr\u00e4glichkeitspr\u00fcfungen (SIA), Betriebs- und Wartungshandb\u00fccher, technische\/Anlagenhandb\u00fccher, Bohrungsberichte, Leistungsdaten von Anlagen, technische Vorschl\u00e4ge\/Spezifikationen, Ausschreibungsunterlagen, Versicherungsrichtlinien, HR-Materialien, rechtliche Dokumente, Marketingmaterialien (Brosch\u00fcren, Flyer, Newsletter), Umfragen sowie Webseiten, Intranets und Extranets.<\/p>\r\n<p>\u00dcber traditionelle \u00dcbersetzungsdienste hinaus bietet Verztec fortschrittliche digitale Lernl\u00f6sungen, die speziell auf die Bed\u00fcrfnisse der Erd\u00f6l- und Chemiebranche zugeschnitten sind. Diese L\u00f6sungen verbessern die Schulungseffizienz der Mitarbeiter, gew\u00e4hrleisten die Einhaltung der Vorschriften und optimieren betriebliche Prozesse in globalen Teams.<\/p>\r\n<p>Partnern Sie mit Verztec, um Ihre globalen Kommunikationsstrategien zu optimieren, regulatorische Konformit\u00e4t zu wahren und diverse M\u00e4rkte in der Erd\u00f6l- und Chemiebranche effektiv zu erreichen. Kontaktieren Sie uns noch heute, um herauszufinden, wie unsere spezialisierten Dienstleistungen das Wachstum und den Erfolg Ihrer Organisation auf der globalen B\u00fchne unterst\u00fctzen k\u00f6nnen.<\/p>\r\n\r\n<hr style=\"margin-top: 20px; margin-bottom: 20px; border: 0; border-top: 1px solid #eee;\" \/>\n<p style=\"margin-bottom: 0;\"><a href=\"https:\/\/www.verztec.com\/de\/testimonials\/\" target=\"_blank\" rel=\"noopener\">Kundenreferenzen<\/a> &nbsp; : Lesen Sie, was unsere Kunden \u00fcber uns sagen!<\/p>\n<p><a href=\"https:\/\/www.verztec.com\/de\/clients\/\" target=\"_blank\" rel=\"noopener\">Unsere gesch\u00e4tzten Kunden<\/a> &nbsp; : Sehen Sie die Liste unserer gesch\u00e4tzten Kunden.<\/p>\n\r\n","protected":false},"excerpt":{"rendered":"<p>Die Erd\u00f6l- und Chemieindustrie sind entscheidende globale Sektoren, die einige der gr\u00f6\u00dften Volkswirtschaften der Welt verbinden. Erd\u00f6l dient als wichtige Rohware f\u00fcr verschiedene chemische Produkte, einschlie\u00dflich D\u00fcngemitteln, Pharmazeutika und Kunststoffen.&hellip;<\/p>\n","protected":false},"author":1,"featured_media":4027,"parent":0,"menu_order":8,"comment_status":"closed","ping_status":"closed","template":"","meta":{"footnotes":""},"class_list":["post-1709","page","type-page","status-publish","has-post-thumbnail","hentry"],"_links":{"self":[{"href":"https:\/\/www.verztec.com\/wp-json\/wp\/v2\/pages\/1709"}],"collection":[{"href":"https:\/\/www.verztec.com\/wp-json\/wp\/v2\/pages"}],"about":[{"href":"https:\/\/www.verztec.com\/wp-json\/wp\/v2\/types\/page"}],"author":[{"embeddable":true,"href":"https:\/\/www.verztec.com\/wp-json\/wp\/v2\/users\/1"}],"replies":[{"embeddable":true,"href":"https:\/\/www.verztec.com\/wp-json\/wp\/v2\/comments?post=1709"}],"version-history":[{"count":2,"href":"https:\/\/www.verztec.com\/wp-json\/wp\/v2\/pages\/1709\/revisions"}],"predecessor-version":[{"id":2870,"href":"https:\/\/www.verztec.com\/wp-json\/wp\/v2\/pages\/1709\/revisions\/2870"}],"wp:featuredmedia":[{"embeddable":true,"href":"https:\/\/www.verztec.com\/wp-json\/wp\/v2\/media\/4027"}],"wp:attachment":[{"href":"https:\/\/www.verztec.com\/wp-json\/wp\/v2\/media?parent=1709"}],"curies":[{"name":"wp","href":"https:\/\/api.w.org\/{rel}","templated":true}]}}