{"id":1710,"date":"2013-03-13T11:18:55","date_gmt":"2013-03-13T11:18:55","guid":{"rendered":"http:\/\/staging.verztec.com\/verztec\/why-join-us\/"},"modified":"2025-03-11T03:43:56","modified_gmt":"2025-03-11T03:43:56","slug":"why-join-us","status":"publish","type":"page","link":"https:\/\/www.verztec.com\/why-join-us","title":{"rendered":"Warum unserem Team beitreten?"},"content":{"rendered":"<h3 class=\"title-normal\">Schlie\u00dfen Sie sich unserer Mission an<\/h3>\n<p>Bei Verztec ist es unsere Mission, Unternehmen dabei zu helfen, global zu expandieren und gr\u00f6\u00dfere Erfolge bei ihrer Auslandsexpansion zu erzielen. Wir konzentrieren uns darauf, das Lernen am Arbeitsplatz und die Weiterbildung unserer Kunden in vielen Branchen durch digitale Lernl\u00f6sungen zu verbessern. Unsere professionell gepr\u00fcften \u00dcbersetzungs- und Lokalisierungsdienste verbessern die grenz\u00fcberschreitende Kommunikation und unterst\u00fctzen den weltweiten Export von Produkten und Dienstleistungen. Durch die Verbesserung der Kommunikation f\u00f6rdern wir Partnerschaften, reduzieren Missverst\u00e4ndnisse und schaffen eine gl\u00fccklichere Welt f\u00fcr alle.<\/p>\n<p>\u00a0<\/p>\n<h3 class=\"title-normal\">Unser positiver Einfluss als Team<\/h3>\n<p>Seit unseren bescheidenen Anf\u00e4ngen im Jahr 2000 hat sich Verztec zu einem weltweit f\u00fchrenden Beratungsunternehmen im Bereich hochwertiger Lern- und Sprachl\u00f6sungen entwickelt. Wir sind eines der gr\u00f6\u00dften und am schnellsten wachsenden Beratungsunternehmen in Asien und bieten digitale Lernl\u00f6sungen, professionelle \u00dcbersetzungen, Software-Lokalisierungen und innovative kreative Designs in \u00fcber 100 Sprachen an.<\/p>\n<p>Im Laufe der Jahre haben wir vielen Unternehmen geholfen, neue globale M\u00e4rkte zu erschlie\u00dfen, nachhaltige Einnahmequellen aufzubauen und ein h\u00f6heres Ma\u00df an Engagement mit Kunden, Partnern und Mitarbeitern zu erreichen. Wir unterst\u00fctzen ein Drittel der Fortune-500-Unternehmen weltweit, darunter IBM, HP, Microsoft, Citibank, Rolls Royce Motors, P&#038;G, Honeywell, McDonald&#8217;s Corporation, UBS und Unilever.<\/p>\n<p>Verztec ist auch ein sozial verantwortliches Unternehmen, das sich seinen Mitarbeitern, Kunden, Lieferanten, der Gemeinschaft und der Umwelt verpflichtet f\u00fchlt. Schauen Sie sich unsere <strong><a href=\"our-community-involvements\" target=\"_blank\" rel=\"noopener\">Community-Involvements<\/a><\/strong> an, um zu sehen, wie wir etwas zur\u00fcckgeben.<\/p>\n<p>\u00a0<\/p>\n<h3 class=\"title-normal\">Ihr Wohlbefinden liegt uns am Herzen<\/h3>\n<p>Bei Verztec legen wir Wert auf famili\u00e4re Werte und gegenseitige Unterst\u00fctzung in herausfordernden Zeiten. Teamarbeit ist entscheidend, und wir konzentrieren uns darauf, unseren Kunden den h\u00f6chstm\u00f6glichen Service zu bieten. Wir suchen st\u00e4ndig nach innovativen Wegen, um unsere Prozesse zu verbessern, und geben unser Bestes f\u00fcr diejenigen, die uns ihr Vertrauen schenken.<\/p>\n<p>Wir sch\u00e4tzen Engagement und Loyalit\u00e4t, was sich in der Anzahl der Mitarbeiter zeigt, die uns seit Jahren begleiten. Unsere attraktiven Langzeitdienst-Auszeichnungen, Firmenveranstaltungen und Mitarbeiteranerkennungsprogramme sind Zeichen unserer Wertsch\u00e4tzung f\u00fcr engagierte Teammitglieder, die hervorragende Arbeit leisten und unsere Kunden gut bedienen.<\/p>\n<p>\u00a0<\/p>\n<h3 class=\"title-normal\">Ihre Zukunft z\u00e4hlt bei uns<\/h3>\n<p>Bei Verztec basiert Erfolg auf Leistung und nicht auf Beziehungen. Jeder, der f\u00e4hig und bereit ist, kann an die Spitze gelangen. Wir glauben fest an die 3 Cs des Erfolgs: Kompetenz, Konsistenz und Charakter.<\/p>\n<p>\u00a0<\/p>\n<p>F\u00fcr weitere Informationen zu unseren Stellenangeboten besuchen Sie bitte <a href=\"employment-opportunities\" target=\"_blank\" rel=\"noopener\">Stellenangebote<\/a><\/p>\n<p>Schlie\u00dfen Sie sich Verztec an und werden Sie Teil eines Teams, das durch nahtlose Kommunikation und innovative L\u00f6sungen weltweit Einfluss nimmt. Wir freuen uns darauf, Sie willkommen zu hei\u00dfen!<\/p>\n","protected":false},"excerpt":{"rendered":"<p>Schlie\u00dfen Sie sich unserer Mission an Bei Verztec ist es unsere Mission, Unternehmen dabei zu helfen, global zu expandieren und gr\u00f6\u00dfere Erfolge bei ihrer Auslandsexpansion zu erzielen. Wir konzentrieren uns&hellip;<\/p>\n","protected":false},"author":1,"featured_media":2033,"parent":0,"menu_order":4,"comment_status":"closed","ping_status":"closed","template":"","meta":{"footnotes":""},"class_list":["post-1710","page","type-page","status-publish","has-post-thumbnail","hentry"],"_links":{"self":[{"href":"https:\/\/www.verztec.com\/wp-json\/wp\/v2\/pages\/1710"}],"collection":[{"href":"https:\/\/www.verztec.com\/wp-json\/wp\/v2\/pages"}],"about":[{"href":"https:\/\/www.verztec.com\/wp-json\/wp\/v2\/types\/page"}],"author":[{"embeddable":true,"href":"https:\/\/www.verztec.com\/wp-json\/wp\/v2\/users\/1"}],"replies":[{"embeddable":true,"href":"https:\/\/www.verztec.com\/wp-json\/wp\/v2\/comments?post=1710"}],"version-history":[{"count":3,"href":"https:\/\/www.verztec.com\/wp-json\/wp\/v2\/pages\/1710\/revisions"}],"predecessor-version":[{"id":4222,"href":"https:\/\/www.verztec.com\/wp-json\/wp\/v2\/pages\/1710\/revisions\/4222"}],"wp:featuredmedia":[{"embeddable":true,"href":"https:\/\/www.verztec.com\/wp-json\/wp\/v2\/media\/2033"}],"wp:attachment":[{"href":"https:\/\/www.verztec.com\/wp-json\/wp\/v2\/media?parent=1710"}],"curies":[{"name":"wp","href":"https:\/\/api.w.org\/{rel}","templated":true}]}}