{"id":1723,"date":"2014-09-09T03:21:57","date_gmt":"2014-09-09T03:21:57","guid":{"rendered":"http:\/\/staging.verztec.com\/verztec\/bizsafe-compliant\/"},"modified":"2024-10-02T01:30:39","modified_gmt":"2024-10-02T01:30:39","slug":"bizsafe-compliant","status":"publish","type":"page","link":"https:\/\/www.verztec.com\/bizsafe-compliant","title":{"rendered":"BizSAFE-konform"},"content":{"rendered":"<p><img decoding=\"async\" class=\" size-full wp-image-1722\" src=\"https:\/\/www.verztec.com\/wp-content\/uploads\/2014\/09\/bizsafe.jpg\" alt=\"\" width=\"190\" border=\"0\" \/><\/p>\n<p>Das Engagement von Verztec f\u00fcr die Sicherheit am Arbeitsplatz: Erreichen der bizSAFE Level 3-Zertifizierung<\/p>\n<p>Bei Verztec stehen die Sicherheit und das Wohlbefinden unserer Mitarbeiter und Kunden an erster Stelle. Deshalb sind wir stolz darauf, am 3. September 2014 die bizSAFE-Zertifizierung der Stufe 3 erhalten zu haben. Das bizSAFE-Programm wurde vom Rat f\u00fcr Sicherheit und Gesundheit am Arbeitsplatz (WSH) ins Leben gerufen und f\u00f6rdert die Sicherheit und Gesundheit am Arbeitsplatz durch die Anerkennung von Unternehmen, die robuste Sicherheitsma\u00dfnahmen vorweisen k\u00f6nnen. Diese Zertifizierung spiegelt unser Engagement f\u00fcr die Aufrechterhaltung einer sicheren und gesunden Arbeitsumgebung wider.<\/p>\n<p>Das Verfahren zur Erlangung dieser Zertifizierung umfasste eine gr\u00fcndliche Pr\u00fcfung unserer Risikomanagement-Implementierung durch einen externen Pr\u00fcfer, um sicherzustellen, dass Verztec alle erforderlichen Anforderungen erf\u00fcllt. Durch die Einhaltung der bizSAFE-Standards verbessern wir nicht nur die Sicherheit am Arbeitsplatz, sondern f\u00f6rdern auch eine Kultur der Verantwortlichkeit und des proaktiven Risikomanagements unter unseren Mitarbeitern.<\/p>\n<p>F\u00fcr unsere Mitarbeiter bedeutet dieses Engagement ein sicheres Arbeitsumfeld, das das Risiko von Unf\u00e4llen und Gesundheitsproblemen deutlich reduziert. Ein sicherer Arbeitsplatz f\u00f6rdert die Arbeitsmoral und die Arbeitszufriedenheit und erm\u00f6glicht es unserem Team, sich auf seine Aufgaben zu konzentrieren, ohne sich Gedanken \u00fcber m\u00f6gliche Gefahren machen zu m\u00fcssen. Dar\u00fcber hinaus vermitteln unsere kontinuierlichen Schulungsinitiativen den Mitarbeitern wichtige Kenntnisse und F\u00e4higkeiten in Bezug auf Sicherheitspraktiken und sorgen daf\u00fcr, dass jeder seinen Teil zur Aufrechterhaltung hoher Sicherheitsstandards beitr\u00e4gt.<\/p>\n<p>F\u00fcr unsere Kunden ist die bizSAFE Level 3-Zertifizierung ein Zeichen f\u00fcr Zuverl\u00e4ssigkeit und Professionalit\u00e4t. Sie gibt ihnen die Gewissheit, dass wir nach strengen Sicherheitsstandards arbeiten, was zu einer h\u00f6heren Qualit\u00e4t der Ergebnisse und einer reibungsloseren Projektdurchf\u00fchrung f\u00fchren kann. Unsere Kunden k\u00f6nnen sich darauf verlassen, dass unser proaktiver Ansatz beim Risikomanagement St\u00f6rungen minimiert und die Einhaltung von Vorschriften in allen Bereichen unserer T\u00e4tigkeit gew\u00e4hrleistet.<\/p>\n<p>F\u00fcr Verztec ist die Erlangung der bizSAFE Level 3-Zertifizierung nicht nur ein Meilenstein, sondern auch ein Zeichen f\u00fcr unser kontinuierliches Engagement im Bereich Sicherheit und Gesundheitsschutz am Arbeitsplatz. Durch die kontinuierliche Verbesserung unserer Sicherheitsprotokolle wollen wir einen Ma\u00dfstab in der Branche setzen, der sich positiv auf unsere Mitarbeiter, Kunden und die Gesellschaft auswirkt.<\/p>\n","protected":false},"excerpt":{"rendered":"<p>Das Engagement von Verztec f\u00fcr die Sicherheit am Arbeitsplatz: Erreichen der bizSAFE Level 3-Zertifizierung Bei Verztec stehen die Sicherheit und das Wohlbefinden unserer Mitarbeiter und Kunden an erster Stelle. Deshalb&hellip;<\/p>\n","protected":false},"author":1,"featured_media":2024,"parent":0,"menu_order":1,"comment_status":"closed","ping_status":"closed","template":"","meta":{"footnotes":""},"class_list":["post-1723","page","type-page","status-publish","has-post-thumbnail","hentry"],"_links":{"self":[{"href":"https:\/\/www.verztec.com\/wp-json\/wp\/v2\/pages\/1723"}],"collection":[{"href":"https:\/\/www.verztec.com\/wp-json\/wp\/v2\/pages"}],"about":[{"href":"https:\/\/www.verztec.com\/wp-json\/wp\/v2\/types\/page"}],"author":[{"embeddable":true,"href":"https:\/\/www.verztec.com\/wp-json\/wp\/v2\/users\/1"}],"replies":[{"embeddable":true,"href":"https:\/\/www.verztec.com\/wp-json\/wp\/v2\/comments?post=1723"}],"version-history":[{"count":1,"href":"https:\/\/www.verztec.com\/wp-json\/wp\/v2\/pages\/1723\/revisions"}],"predecessor-version":[{"id":2025,"href":"https:\/\/www.verztec.com\/wp-json\/wp\/v2\/pages\/1723\/revisions\/2025"}],"wp:featuredmedia":[{"embeddable":true,"href":"https:\/\/www.verztec.com\/wp-json\/wp\/v2\/media\/2024"}],"wp:attachment":[{"href":"https:\/\/www.verztec.com\/wp-json\/wp\/v2\/media?parent=1723"}],"curies":[{"name":"wp","href":"https:\/\/api.w.org\/{rel}","templated":true}]}}