{"id":1793,"date":"2018-05-03T01:36:05","date_gmt":"2018-05-03T01:36:05","guid":{"rendered":"http:\/\/staging.verztec.com\/verztec\/blockchain-industry-and-start-ups\/"},"modified":"2025-02-03T08:30:45","modified_gmt":"2025-02-03T08:30:45","slug":"blockchain-industry-and-start-ups","status":"publish","type":"page","link":"https:\/\/www.verztec.com\/blockchain-industry-and-start-ups","title":{"rendered":"Blockchain und Startup"},"content":{"rendered":"<p>Da die Blockchain-Industrie und Startups weltweit weiter wachsen, ist es f\u00fcr Unternehmen entscheidend, mehrsprachige Inhalts\u00fcbersetzungen f\u00fcr ICOs, Whitepapers und Websites bereitzustellen.<\/p>\r\n<p>Verztec hilft Ihnen, eine breitere Zielgruppe potenzieller Investoren weltweit anzusprechen und erleichtert das Risikokapital und verschiedene Finanzierungsrunden (Series A, B, C usw.). Wir sprechen wichtige Stakeholder an, indem wir qualitativ hochwertige, effektive \u00dcbersetzungen in mehr als 100 Sprachen liefern.<\/p>\r\n<p>In der florierenden Blockchain-Welt empfiehlt Verztec, die f\u00fcnf wichtigsten ICO-Marketingmaterialien zu \u00fcbersetzen:<\/p>\r\n<ol>\r\n<li><b>Ihre Website:<\/b> Die \u00dcbersetzung Ihrer ICO-Website ist entscheidend, um ausl\u00e4ndische Investoren anzuziehen. Informationen \u00fcber Ihr Projekt, Ihre Produkte\/Dienstleistungen und Ihr Team in mehreren Sprachen bereitzustellen, erh\u00f6ht die Zug\u00e4nglichkeit und Glaubw\u00fcrdigkeit.<\/li>\r\n<li><b>Ihr White Paper:<\/b> Neben Ihrer Website ist Ihr White Paper entscheidend, da es wesentliche Marketing-, Finanz- und technische Details zu Ihrem Projekt bietet. Die \u00dcbersetzung in die Muttersprache Ihrer Investoren baut Vertrauen und Verst\u00e4ndnis auf.<\/li>\r\n<li><b>Ihr e-Ruf:<\/b> Effektives ICO-Marketing in verschiedenen Sprachen ist entscheidend f\u00fcr die internationale Kommunikation. Der Start Ihres ICO umfasst die strategische Ank\u00fcndigung auf Plattformen wie sozialen Medien (Slack, Telegram, Reddit, LinkedIn-Gruppen) und ICO-Kalendern.<\/li>\r\n<li><b>Erkl\u00e4rvideos (Whiteboard- oder 2D-Animationsvideos):<\/b> Erkl\u00e4rvideos sind leistungsstarke Werkzeuge, um das Wertangebot Ihres ICO visuell darzustellen. Sie verbessern das Engagement und das Verst\u00e4ndnis und steigern die Markenidentit\u00e4t und SEO-Strategie erheblich, wenn sie lokalisiert werden.<\/li>\r\n<li><b>Banner:<\/b> Ansprechendes Banner-Marketing ist integraler Bestandteil Ihrer Branding-Bem\u00fchungen. Mehrsprachige Banner mit klaren Handlungsaufforderungen ziehen internationale Investoren effektiv an.<\/li>\r\n<\/ol>\r\n<p>Verztec stellt sicher, dass Ihre Inhalte nicht nur pr\u00e4zise \u00fcbersetzt, sondern auch kulturell angepasst werden, um mit verschiedenen Zielgruppen weltweit in Resonanz zu treten. Unsere Expertise in der Blockchain- und Startup-Branche erm\u00f6glicht es uns, Ihre globalen Marketingstrategien umfassend zu unterst\u00fctzen.<\/p>\r\n<p>Entdecken Sie, wie Verztec die globale Sichtbarkeit Ihres ICO und das Engagement der Investoren steigern kann. Kontaktieren Sie uns noch heute, um mehr \u00fcber unsere umfassende Palette an Sprachdiensten und digitalen Marketingl\u00f6sungen zu erfahren.<\/p>\r\n\r\n<hr style=\"margin-top: 20px; margin-bottom: 20px; border: 0; border-top: 1px solid #eee;\" \/>\n<p style=\"margin-bottom: 0;\"><a href=\"https:\/\/www.verztec.com\/de\/testimonials\/\" target=\"_blank\" rel=\"noopener\">Kundenreferenzen<\/a> &nbsp; : Lesen Sie, was unsere Kunden \u00fcber uns sagen!<\/p>\n<p><a href=\"https:\/\/www.verztec.com\/de\/clients\/\" target=\"_blank\" rel=\"noopener\">Unsere gesch\u00e4tzten Kunden<\/a> &nbsp; : Sehen Sie die Liste unserer gesch\u00e4tzten Kunden.<\/p>\n\r\n","protected":false},"excerpt":{"rendered":"<p>Da die Blockchain-Industrie und Startups weltweit weiter wachsen, ist es f\u00fcr Unternehmen entscheidend, mehrsprachige Inhalts\u00fcbersetzungen f\u00fcr ICOs, Whitepapers und Websites bereitzustellen. Verztec hilft Ihnen, eine breitere Zielgruppe potenzieller Investoren weltweit&hellip;<\/p>\n","protected":false},"author":1,"featured_media":4027,"parent":0,"menu_order":6,"comment_status":"closed","ping_status":"closed","template":"","meta":{"footnotes":""},"class_list":["post-1793","page","type-page","status-publish","has-post-thumbnail","hentry"],"_links":{"self":[{"href":"https:\/\/www.verztec.com\/wp-json\/wp\/v2\/pages\/1793"}],"collection":[{"href":"https:\/\/www.verztec.com\/wp-json\/wp\/v2\/pages"}],"about":[{"href":"https:\/\/www.verztec.com\/wp-json\/wp\/v2\/types\/page"}],"author":[{"embeddable":true,"href":"https:\/\/www.verztec.com\/wp-json\/wp\/v2\/users\/1"}],"replies":[{"embeddable":true,"href":"https:\/\/www.verztec.com\/wp-json\/wp\/v2\/comments?post=1793"}],"version-history":[{"count":2,"href":"https:\/\/www.verztec.com\/wp-json\/wp\/v2\/pages\/1793\/revisions"}],"predecessor-version":[{"id":2871,"href":"https:\/\/www.verztec.com\/wp-json\/wp\/v2\/pages\/1793\/revisions\/2871"}],"wp:featuredmedia":[{"embeddable":true,"href":"https:\/\/www.verztec.com\/wp-json\/wp\/v2\/media\/4027"}],"wp:attachment":[{"href":"https:\/\/www.verztec.com\/wp-json\/wp\/v2\/media?parent=1793"}],"curies":[{"name":"wp","href":"https:\/\/api.w.org\/{rel}","templated":true}]}}