{"id":1800,"date":"2020-04-17T07:03:54","date_gmt":"2020-04-17T07:03:54","guid":{"rendered":"http:\/\/staging.verztec.com\/verztec\/remote-interpretation\/"},"modified":"2025-02-04T04:22:29","modified_gmt":"2025-02-04T04:22:29","slug":"remote-interpretation","status":"publish","type":"page","link":"https:\/\/www.verztec.com\/remote-interpretation","title":{"rendered":"Ferndolmetschen"},"content":{"rendered":"<p>Konsekutivdolmetschen (CI) und Simultandolmetschen (SI) sind seit langem feste Bestandteile gro\u00dfer Konferenzen, Workshops und Fachmessen. In der Regel erfordert dies die physische Anwesenheit professioneller Dolmetscher vor Ort.<\/p>\r\n<p>In der heutigen Zeit hat der Aufstieg von Webinaren, virtuellen Meetings und Seminaren die Einf\u00fchrung von Ferndolmetschen (RI) vorangetrieben. Dies erm\u00f6glicht es qualifizierten Dolmetschern weltweit, sich nahtlos mit Online-Konferenzplattformen zu verbinden und Sprachbarrieren f\u00fcr Teilnehmer unabh\u00e4ngig von ihrem Standort zu \u00fcberwinden.<\/p>\r\n<h4 class=\"title-normal\">Die Rolle des Ferndolmetschens<\/h4>\r\n<p>Ferndolmetschen (RI) unterst\u00fctzt sowohl das Simultan- als auch das Konsekutivdolmetschen und wird \u00fcber beliebte Konferenzsoftware wie Zoom, Webex, Google Meet, Skype und GoToMeeting abgewickelt. Diese Flexibilit\u00e4t stellt sicher, dass Sprachunterst\u00fctzung f\u00fcr virtuelle Veranstaltungen jeder Gr\u00f6\u00dfe und Reichweite verf\u00fcgbar ist.<\/p>\r\n<h4 class=\"title-normal\">Anwendungsbereiche des Ferndolmetschens<\/h4>\r\n<p>Webinare und Schulungsseminare: Der effektive Wissenstransfer zu technischen oder spezialisierten Themen h\u00e4ngt von einem genauen Sprachverst\u00e4ndnis ab. Durch den Einsatz von RI wird sichergestellt, dass die Teilnehmer von virtuellen Seminaren die Inhalte vollst\u00e4ndig verstehen und so bessere Lernergebnisse erzielen.<\/p>\r\n<p>Interne und virtuelle Kundenmeetings: RI f\u00f6rdert eine produktive Kommunikation, indem regionale Teammitglieder in ihrer Muttersprache selbstbewusst beitragen k\u00f6nnen. Dies erh\u00f6ht nicht nur die Effizienz am Arbeitsplatz, sondern verbessert auch die Kundeninteraktion, da Dolmetscher reibungslose Gespr\u00e4che in den bevorzugten Sprachen der Kunden erm\u00f6glichen.<\/p>\r\n<h4 class=\"title-normal\">Verbesserung des Unternehmensimages<\/h4>\r\n<p>RI spielt eine entscheidende Rolle bei der F\u00f6rderung eines positiven Unternehmensimages. Durch die Bereitstellung professioneller Dolmetschdienste w\u00e4hrend virtueller Meetings demonstrieren Unternehmen ihr Engagement f\u00fcr Inklusion und Kundenzufriedenheit. Klare und pr\u00e4zise Kommunikation st\u00e4rkt Beziehungen und erh\u00f6ht die professionelle Glaubw\u00fcrdigkeit.<\/p>\r\n<h4 class=\"title-normal\">Aktuelle Unterst\u00fctzung von Verztec beim Ferndolmetschen<\/h4>\r\n<p>Verztec unterst\u00fctzte k\u00fcrzlich ein Webinar mit Ferndolmetschdiensten f\u00fcr Simultandolmetschen, um eine reibungslose Kommunikation zwischen Teilnehmern unterschiedlicher sprachlicher Hintergr\u00fcnde zu gew\u00e4hrleisten. Unsere erfahrenen Dolmetscher setzten fortschrittliche Technologien ein, um pr\u00e4zise \u00dcbersetzungen zu liefern und die Effektivit\u00e4t und das Engagement der Teilnehmer zu erh\u00f6hen.<\/p>\r\n<br \/>\r\n<h3 style=\"line-height: 1.25;\">Beispiel eines k\u00fcrzlich von Verztec unterst\u00fctzten Webinars mit Ferndolmetschdiensten<\/h3>\r\n<br \/>\r\n<p><img decoding=\"async\" class=\" size-full wp-image-1794\" src=\"https:\/\/www.verztec.com\/wp-content\/uploads\/2020\/04\/world-citiesRI_2.jpg\" alt=\"Beispiel eines k\u00fcrzlich von Verztec unterst\u00fctzten Webinars mit Ferndolmetschdiensten\" width=\"600px\" border=\"0\" srcset=\"https:\/\/www.verztec.com\/wp-content\/uploads\/2020\/04\/world-citiesRI_2.jpg 800w, https:\/\/www.verztec.com\/wp-content\/uploads\/2020\/04\/world-citiesRI_2-300x166.jpg 300w, https:\/\/www.verztec.com\/wp-content\/uploads\/2020\/04\/world-citiesRI_2-768x425.jpg 768w\" sizes=\"(max-width: 800px) 100vw, 800px\" \/><\/p>\r\n<p><img decoding=\"async\" class=\" size-full wp-image-1795\" src=\"https:\/\/www.verztec.com\/wp-content\/uploads\/2020\/04\/bca_ri.jpg\" alt=\"\" width=\"600\" srcset=\"https:\/\/www.verztec.com\/wp-content\/uploads\/2020\/04\/bca_ri.jpg 800w, https:\/\/www.verztec.com\/wp-content\/uploads\/2020\/04\/bca_ri-300x166.jpg 300w, https:\/\/www.verztec.com\/wp-content\/uploads\/2020\/04\/bca_ri-768x425.jpg 768w\" sizes=\"(max-width: 800px) 100vw, 800px\" \/><\/p>\r\n<p><img decoding=\"async\" class=\" size-full wp-image-1796\" src=\"https:\/\/www.verztec.com\/wp-content\/uploads\/2020\/04\/clc_ri.jpg\" alt=\"\" width=\"600\" srcset=\"https:\/\/www.verztec.com\/wp-content\/uploads\/2020\/04\/clc_ri.jpg 800w, https:\/\/www.verztec.com\/wp-content\/uploads\/2020\/04\/clc_ri-300x166.jpg 300w, https:\/\/www.verztec.com\/wp-content\/uploads\/2020\/04\/clc_ri-768x425.jpg 768w\" sizes=\"(max-width: 800px) 100vw, 800px\" \/><\/p>\r\n<p><img decoding=\"async\" class=\" size-full wp-image-1797\" src=\"https:\/\/www.verztec.com\/wp-content\/uploads\/2020\/04\/eurochem.jpg\" alt=\"\" width=\"600\" srcset=\"https:\/\/www.verztec.com\/wp-content\/uploads\/2020\/04\/eurochem.jpg 800w, https:\/\/www.verztec.com\/wp-content\/uploads\/2020\/04\/eurochem-300x166.jpg 300w, https:\/\/www.verztec.com\/wp-content\/uploads\/2020\/04\/eurochem-768x425.jpg 768w\" sizes=\"(max-width: 800px) 100vw, 800px\" \/><\/p>\r\n<p><img decoding=\"async\" class=\" size-full wp-image-1798\" src=\"https:\/\/www.verztec.com\/wp-content\/uploads\/2020\/04\/gpsnr_ri_v2.jpg\" alt=\"\" width=\"600\" srcset=\"https:\/\/www.verztec.com\/wp-content\/uploads\/2020\/04\/gpsnr_ri_v2.jpg 800w, https:\/\/www.verztec.com\/wp-content\/uploads\/2020\/04\/gpsnr_ri_v2-300x166.jpg 300w, https:\/\/www.verztec.com\/wp-content\/uploads\/2020\/04\/gpsnr_ri_v2-768x425.jpg 768w\" sizes=\"(max-width: 800px) 100vw, 800px\" \/><\/p>\r\n<br \/>\r\n<h3>Kommunikation \u00fcberall ganz einfach. Werden Sie noch heute Partner von Verztec.<\/h3>\r\n<br \/>\r\n<p><a href=\"photo-gallery\" target=\"_blank\" rel=\"noopener\"><img decoding=\"async\" style=\"width: 80%;\" src=\"https:\/\/www.verztec.com\/wp-content\/uploads\/2020\/04\/remote-banner-1-scaled.jpg\" alt=\"\" \/><\/a><\/p>\r\n<p><strong>Ob Sie ein globales Webinar veranstalten, interne Meetings abhalten oder mit internationalen Kunden kommunizieren \u2013 Verztec bietet umfassende Ferndolmetschdienste, die auf Ihre Bed\u00fcrfnisse zugeschnitten sind. Kontaktieren Sie uns noch heute unter <a href=\"mailto:enquiry@verztec.com\" target=\"_blank\" rel=\"noopener\">enquiry@verztec.com<\/a>, um zu erfahren, wie unsere Sprachl\u00f6sungen Ihre virtuellen Engagements verbessern und weltweit nahtlose Kommunikation erm\u00f6glichen k\u00f6nnen. Vertrauen Sie auf Verztec f\u00fcr zuverl\u00e4ssige und professionelle Dolmetschdienste, die globale Zusammenarbeit und Erfolg f\u00f6rdern.<\/strong><\/p>\r\n\r\n<hr style=\"margin-top: 20px; margin-bottom: 20px; border: 0; border-top: 1px solid #eee;\" \/>\n<p style=\"margin-bottom: 0;\">\n  <img decoding=\"async\" src=\"https:\/\/www.verztec.com\/wp-content\/images\/home\/more.png\" alt=\"\" \/>\n  &nbsp;<a href=\"https:\/\/www.verztec.com\/de\/language-services\/\" target=\"_blank\" rel=\"noopener\">Alle &#8220;Sprachdienste&#8221; anzeigen<\/a>\n<\/p>\r\n","protected":false},"excerpt":{"rendered":"<p>Konsekutivdolmetschen (CI) und Simultandolmetschen (SI) sind seit langem feste Bestandteile gro\u00dfer Konferenzen, Workshops und Fachmessen. In der Regel erfordert dies die physische Anwesenheit professioneller Dolmetscher vor Ort. In der heutigen&hellip;<\/p>\n","protected":false},"author":1,"featured_media":2018,"parent":0,"menu_order":1,"comment_status":"closed","ping_status":"closed","template":"","meta":{"footnotes":""},"class_list":["post-1800","page","type-page","status-publish","has-post-thumbnail","hentry"],"_links":{"self":[{"href":"https:\/\/www.verztec.com\/wp-json\/wp\/v2\/pages\/1800"}],"collection":[{"href":"https:\/\/www.verztec.com\/wp-json\/wp\/v2\/pages"}],"about":[{"href":"https:\/\/www.verztec.com\/wp-json\/wp\/v2\/types\/page"}],"author":[{"embeddable":true,"href":"https:\/\/www.verztec.com\/wp-json\/wp\/v2\/users\/1"}],"replies":[{"embeddable":true,"href":"https:\/\/www.verztec.com\/wp-json\/wp\/v2\/comments?post=1800"}],"version-history":[{"count":6,"href":"https:\/\/www.verztec.com\/wp-json\/wp\/v2\/pages\/1800\/revisions"}],"predecessor-version":[{"id":4037,"href":"https:\/\/www.verztec.com\/wp-json\/wp\/v2\/pages\/1800\/revisions\/4037"}],"wp:featuredmedia":[{"embeddable":true,"href":"https:\/\/www.verztec.com\/wp-json\/wp\/v2\/media\/2018"}],"wp:attachment":[{"href":"https:\/\/www.verztec.com\/wp-json\/wp\/v2\/media?parent=1800"}],"curies":[{"name":"wp","href":"https:\/\/api.w.org\/{rel}","templated":true}]}}