{"id":1802,"date":"2023-02-27T02:52:15","date_gmt":"2023-02-27T02:52:15","guid":{"rendered":"http:\/\/staging.verztec.com\/verztec\/machine-ai-translation-post-edit-services\/"},"modified":"2025-09-23T07:19:41","modified_gmt":"2025-09-23T07:19:41","slug":"machine-ai-translation-post-edit-services","status":"publish","type":"page","link":"https:\/\/www.verztec.com\/machine-ai-translation-post-edit-services","title":{"rendered":"KI-gest\u00fctzte \u00dcbersetzung mit Nachbearbeitungsdiensten"},"content":{"rendered":"<p>Verztec bietet Unternehmen weltweit KI-\u00dcbersetzungen mit Nachbearbeitungsdiensten an. Wir k\u00f6nnen Ihr Unternehmen dabei unterst\u00fctzen, die perfekte Balance zwischen Geschwindigkeit, Genauigkeit und Kosteneffizienz zu erreichen.<\/p>\r\n<p>Falls Sie nicht wissen, was KI-\u00dcbersetzung mit Nachbearbeitung ist oder wie sie sich von maschineller \u00dcbersetzung unterscheidet, k\u00f6nnen unsere Berater Sie durch den Prozess und die verf\u00fcgbaren Optionen f\u00fchren. Im Folgenden erl\u00e4utern wir diese Dienste ausf\u00fchrlich, um Ihnen bei der Entscheidung zu helfen, welche f\u00fcr Ihr Unternehmen geeignet sind.<\/p>\r\n<br \/>\r\n<h3>Was ist Verztecs KI-\u00dcbersetzung mit Nachbearbeitung?<\/h3>\r\n<br \/>\r\n<p>Unsere KI-\u00dcbersetzung mit Nachbearbeitung (ATPE) ist eine Kombination aus automatisierter \u00dcbersetzung, gefolgt von \u00dcberpr\u00fcfungen und Bearbeitungen durch menschliche \u00dcbersetzer. Die Maschine \u00fcbernimmt den ersten \u00dcbersetzungsprozess, und ein Team qualifizierter \u00dcbersetzer \u00fcberpr\u00fcft und bearbeitet das Ergebnis, um die \u00dcbersetzungsqualit\u00e4t zu verbessern.<\/p>\r\n<p>Wenn Ihr Unternehmen ein gro\u00dfes Volumen an Inhalten zu \u00fcbersetzen hat und ein geringes Budget zur Verf\u00fcgung steht, k\u00f6nnten unsere maschinellen \u00dcbersetzungsdienste mit Nachbearbeitung eine ideale L\u00f6sung sein.<\/p>\r\n<p>Obwohl Sprachen sehr komplex sein k\u00f6nnen und viele Aspekte gepr\u00fcft werden m\u00fcssen, legt unser Team f\u00fcr diesen speziellen Dienst den Fokus auf Ton, Fluss, Grammatik, Klarheit, Genauigkeit und kulturelle Relevanz. Mit fachm\u00e4nnischer Expertise verbessern sie die Ergebnisse der Maschine.<\/p>\r\n<br \/>\r\n<h3>Vertraulichkeit zuerst. Jedes Wort, jedes Mal.<\/h3>\r\n<p>Bei Verztec ist die Nutzung \u00f6ffentlicher KI-Tools f\u00fcr Kundeninhalte verboten, um jegliches Risiko einer Datenoffenlegung zu vermeiden. Alle Arbeiten erfolgen in unseren sicheren, genehmigten \u00dcbersetzungsumgebungen, und jeder Linguist ist durch Vertraulichkeitsvereinbarungen gebunden.<\/p>\r\n<p>Wenn Unternehmens-KI oder CAT-Technologien (Computerunterst\u00fctzte \u00dcbersetzung) eingesetzt werden, erfolgen diese nur in geschlossenen, konformen Systemen, und alle Ergebnisse durchlaufen eine menschliche Qualit\u00e4tskontrolle. So bleibt Ihre Information vollst\u00e4ndig gesch\u00fctzt und die \u00dcbersetzungen erf\u00fcllen die h\u00f6chsten Standards.<\/p>\r\n<br \/>\r\n<h3>Warum sollte Ihr Unternehmen KI-\u00dcbersetzungen mit Nachbearbeitungsdiensten nutzen?<\/h3>\r\n<br \/>\r\n<p>Die KI-\u00dcbersetzungsdienste mit Nachbearbeitung von Verztec sind die ideale M\u00f6glichkeit, gro\u00dfe Mengen an Dokumenten schnell zu \u00fcbersetzen und dabei die Kosten niedrig zu halten.<\/p>\r\n<p>Wenn Ihr Unternehmen Inhalte in mehreren Sprachen kommunizieren muss, ist die Verwendung von KI-\u00dcbersetzungen mit Nachbearbeitung eine weitaus bessere Methode als die ausschlie\u00dfliche Nutzung \u00f6ffentlicher maschineller \u00dcbersetzungsdienste.<\/p>\r\n<p>Sie k\u00f6nnen qualitativ hochwertige \u00dcbersetzungen zu einem deutlich niedrigeren Preis als bei einer vollst\u00e4ndigen professionellen menschlichen \u00dcbersetzung erzielen.<\/p>\r\n<p>Ein Hauptvorteil der Nutzung von Verztecs KI-\u00dcbersetzung mit Nachbearbeitung im Vergleich zu direkten Ergebnissen von Google Translate, ChatGPT, Amazon Translate oder anderen KI-\u00dcbersetzungstools liegt in der Nutzung spezialisierter branchenspezifischer Datens\u00e4tze. Dies f\u00fchrt zu genaueren Ergebnissen.<\/p>\r\n<p>Anschlie\u00dfend \u00fcberpr\u00fcft und verfeinert unser Team professioneller \u00dcbersetzer sorgf\u00e4ltig die Ergebnisse, ber\u00fccksichtigt sprachlichen Kontext, Terminologien und kulturelle Sensibilit\u00e4t. So k\u00f6nnen Sie sicher sein, dass Ihre \u00dcbersetzungen keine schwerwiegenden Fehler oder kulturelle Missverst\u00e4ndnisse enthalten.<\/p>\r\n<br \/>\r\n<h3>Wie k\u00f6nnen unsere KI-\u00dcbersetzungen mit Nachbearbeitung Ihrem Unternehmen helfen?<\/h3>\r\n<br \/>\r\n<p>Unsere Berater arbeiten eng mit Ihnen zusammen, um die Dienste zu identifizieren, die Ihren betrieblichen Priorit\u00e4ten entsprechen. Wir stellen sicher, dass alles auf die effektivste und kosteng\u00fcnstigste Weise gehandhabt wird, w\u00e4hrend Anforderungen an Vertraulichkeit und Datensicherheit eingehalten werden.<\/p>\r\n<p>Falls Ihr Unternehmen neu in der Nutzung von KI-\u00dcbersetzungen mit Nachbearbeitung ist, k\u00f6nnen wir Ihnen aufzeigen, wie dieser Prozess Ihnen Vorteile bringen kann. Jedes Unternehmen ist einzigartig, und wir passen unsere Dienstleistungen bestm\u00f6glich an, um die richtige Balance zwischen Geschwindigkeit, Kosten und Qualit\u00e4t zu erreichen, damit Sie Ihre Ziele erreichen k\u00f6nnen.<\/p>\r\n<p>Sie k\u00f6nnen zwischen verschiedenen Optionen f\u00fcr KI-\u00dcbersetzungen mit Nachbearbeitung w\u00e4hlen.<\/p>\r\n<br \/>\r\n<h4>2 Optionen f\u00fcr KI-\u00dcbersetzungen mit Nachbearbeitung von Verztec<\/h4>\r\n<div class=\"aipe\">\r\n<div class=\"logo\"><img decoding=\"async\" src=\"https:\/\/www.verztec.com\/wp-content\/uploads\/2025\/02\/Icon1.png\" alt=\"icon 1\" \/><\/div>\r\n<div class=\"text\">\r\n<h4 class=\"title-normal\">1. Standard-Nachbearbeitung bei KI-\u00dcbersetzung<\/h4>\r\n<p>Unser Service f\u00fcr Standard-KI-\u00dcbersetzung mit Nachbearbeitung garantiert eine pr\u00e4zise \u00dcbersetzung und gute Qualit\u00e4t. Unsere \u00dcbersetzer, die in der Regel 5\u20137 Jahre Erfahrung haben, korrigieren \u00dcbersetzungsfehler und behandeln Erg\u00e4nzungen oder Auslassungen aus der maschinellen \u00dcbersetzung. Das Team verbessert au\u00dferdem Rechtschreibung, Zeichensetzung, Grammatik, optimiert den Ton und den Fluss, stellt Konsistenz sicher, behebt Fehler und nimmt notwendige stilistische oder formatbezogene Anpassungen vor. Kulturelle und ethnische Nuancen werden sorgf\u00e4ltig ber\u00fccksichtigt, um den Inhalt an Ihre Zielgruppe anzupassen.<\/p>\r\n<\/div>\r\n<\/div>\r\n<div class=\"aipe\">\r\n<div class=\"logo\"><img decoding=\"async\" src=\"https:\/\/www.verztec.com\/wp-content\/uploads\/2025\/02\/Icon2.png\" alt=\"icon 2\" \/><\/div>\r\n<div class=\"text\">\r\n<h4 class=\"title-normal\">2. Premium-Nachbearbeitung bei KI-\u00dcbersetzung<\/h4>\r\n<p>F\u00fcr h\u00f6chste Anspr\u00fcche ist unser Premium-KI-\u00dcbersetzungsdienst mit Nachbearbeitung die ideale Wahl. Das f\u00fcr Ihr Projekt zust\u00e4ndige \u00dcbersetzerteam besteht aus erfahrenen Fachleuten mit 10\u201320 Jahren Berufserfahrung, die \u00fcber die n\u00f6tige Expertise und branchenspezifisches Wissen verf\u00fcgen, um Ihre Anforderungen zu erf\u00fcllen. Dieser Service gew\u00e4hrleistet die pr\u00e4zise Handhabung von Fachterminologien und Konzepten. Das Ergebnis ist eine \u00dcbersetzung in hoher Qualit\u00e4t, die mit professionellen menschlichen \u00dcbersetzungsdiensten vergleichbar ist, bei gleichzeitigem Kostenvorteil f\u00fcr Ihre Projekte.<\/p>\r\n<\/div>\r\n<\/div>\r\n\r\n<hr style=\"margin-top: 20px; margin-bottom: 20px; border: 0; border-top: 1px solid #eee;\" \/>\n<p style=\"margin-bottom: 0;\">\n  <img decoding=\"async\" src=\"https:\/\/www.verztec.com\/wp-content\/images\/home\/more.png\" alt=\"\" \/>\n  &nbsp;<a href=\"https:\/\/www.verztec.com\/de\/language-services\/\" target=\"_blank\" rel=\"noopener\">Alle &#8220;Sprachdienste&#8221; anzeigen<\/a>\n<\/p>","protected":false},"excerpt":{"rendered":"<p>Verztec bietet Unternehmen weltweit KI-\u00dcbersetzungen mit Nachbearbeitungsdiensten an. Wir k\u00f6nnen Ihr Unternehmen dabei unterst\u00fctzen, die perfekte Balance zwischen Geschwindigkeit, Genauigkeit und Kosteneffizienz zu erreichen. Falls Sie nicht wissen, was KI-\u00dcbersetzung&hellip;<\/p>\n","protected":false},"author":1,"featured_media":2018,"parent":0,"menu_order":0,"comment_status":"closed","ping_status":"closed","template":"","meta":{"footnotes":""},"class_list":["post-1802","page","type-page","status-publish","has-post-thumbnail","hentry"],"_links":{"self":[{"href":"https:\/\/www.verztec.com\/wp-json\/wp\/v2\/pages\/1802"}],"collection":[{"href":"https:\/\/www.verztec.com\/wp-json\/wp\/v2\/pages"}],"about":[{"href":"https:\/\/www.verztec.com\/wp-json\/wp\/v2\/types\/page"}],"author":[{"embeddable":true,"href":"https:\/\/www.verztec.com\/wp-json\/wp\/v2\/users\/1"}],"replies":[{"embeddable":true,"href":"https:\/\/www.verztec.com\/wp-json\/wp\/v2\/comments?post=1802"}],"version-history":[{"count":18,"href":"https:\/\/www.verztec.com\/wp-json\/wp\/v2\/pages\/1802\/revisions"}],"predecessor-version":[{"id":4271,"href":"https:\/\/www.verztec.com\/wp-json\/wp\/v2\/pages\/1802\/revisions\/4271"}],"wp:featuredmedia":[{"embeddable":true,"href":"https:\/\/www.verztec.com\/wp-json\/wp\/v2\/media\/2018"}],"wp:attachment":[{"href":"https:\/\/www.verztec.com\/wp-json\/wp\/v2\/media?parent=1802"}],"curies":[{"name":"wp","href":"https:\/\/api.w.org\/{rel}","templated":true}]}}