{"id":1803,"date":"2024-02-27T06:46:44","date_gmt":"2024-02-27T06:46:44","guid":{"rendered":"http:\/\/staging.verztec.com\/verztec\/thank-you-for-your-e-quote-submission\/"},"modified":"2025-01-07T06:49:15","modified_gmt":"2025-01-07T06:49:15","slug":"thank-you-for-your-e-quote-submission","status":"publish","type":"page","link":"https:\/\/www.verztec.com\/thank-you-for-your-e-quote-submission","title":{"rendered":"Vielen Dank f\u00fcr Ihre E-Angebots-Einreichung"},"content":{"rendered":"<p>Ihre Anfrage wurde an unsere Berater weitergeleitet.<br \/>\nWir verstehen die Bedeutung Ihrer Anfrage und werden so schnell wie m\u00f6glich antworten.<br \/>\nF\u00fcr weitere Informationen k\u00f6nnen Sie uns eine E-Mail an <a class=\"blue\" href=\"mailto:enquiry@verztec.com\">enquiry@verztec.com<\/a> senden oder uns direkt unter +65 6577 4646 (Hauptsitz) anrufen.<br \/>\nDetails zu unseren weltweiten B\u00fcros finden Sie unter dem Link <a href=\"contact-us\">Kontakt<\/a>.<\/p>\n<p><!-- Ereignis-Snippet f\u00fcr die Konversionsseite des E-Angebotsformulars --> <script>\/\/ <![CDATA[ gtag('event', 'conversion', {'send_to': 'AW-1006834328\/_lmvCO3SpowZEJiljOAD'}); \/\/ ]]><\/script><\/p>\n","protected":false},"excerpt":{"rendered":"<p>Ihre Anfrage wurde an unsere Berater weitergeleitet. Wir verstehen die Bedeutung Ihrer Anfrage und werden so schnell wie m\u00f6glich antworten. F\u00fcr weitere Informationen k\u00f6nnen Sie uns eine E-Mail an enquiry@verztec.com&hellip;<\/p>\n","protected":false},"author":1,"featured_media":2033,"parent":0,"menu_order":1,"comment_status":"closed","ping_status":"closed","template":"","meta":{"footnotes":""},"class_list":["post-1803","page","type-page","status-publish","has-post-thumbnail","hentry"],"_links":{"self":[{"href":"https:\/\/www.verztec.com\/wp-json\/wp\/v2\/pages\/1803"}],"collection":[{"href":"https:\/\/www.verztec.com\/wp-json\/wp\/v2\/pages"}],"about":[{"href":"https:\/\/www.verztec.com\/wp-json\/wp\/v2\/types\/page"}],"author":[{"embeddable":true,"href":"https:\/\/www.verztec.com\/wp-json\/wp\/v2\/users\/1"}],"replies":[{"embeddable":true,"href":"https:\/\/www.verztec.com\/wp-json\/wp\/v2\/comments?post=1803"}],"version-history":[{"count":2,"href":"https:\/\/www.verztec.com\/wp-json\/wp\/v2\/pages\/1803\/revisions"}],"predecessor-version":[{"id":3966,"href":"https:\/\/www.verztec.com\/wp-json\/wp\/v2\/pages\/1803\/revisions\/3966"}],"wp:featuredmedia":[{"embeddable":true,"href":"https:\/\/www.verztec.com\/wp-json\/wp\/v2\/media\/2033"}],"wp:attachment":[{"href":"https:\/\/www.verztec.com\/wp-json\/wp\/v2\/media?parent=1803"}],"curies":[{"name":"wp","href":"https:\/\/api.w.org\/{rel}","templated":true}]}}