{"id":1804,"date":"2024-07-15T07:56:16","date_gmt":"2024-07-15T07:56:16","guid":{"rendered":"http:\/\/staging.verztec.com\/verztec\/life-sciences\/"},"modified":"2025-02-03T08:27:10","modified_gmt":"2025-02-03T08:27:10","slug":"life-sciences","status":"publish","type":"page","link":"https:\/\/www.verztec.com\/life-sciences","title":{"rendered":"Lebenswissenschaften"},"content":{"rendered":"<p>Die Entwicklungen in den Lebenswissenschaften und dem medizinischen Bereich schreiten mit einer beispiellosen Geschwindigkeit voran. Da die Forschung zunehmend technischer und interdisziplin\u00e4rer wird, stehen Organisationen vor Herausforderungen, auf umfassende Informationen zuzugreifen und effektiv mit globalen Partnern zusammenzuarbeiten.<\/p>\r\n<p>Die Expansion in neue M\u00e4rkte bringt zus\u00e4tzliche Komplexit\u00e4ten mit sich, einschlie\u00dflich strenger regulatorischer Anforderungen und der Notwendigkeit, komplexe Produktinformationen in mehreren Sprachen zu kommunizieren. Diese Faktoren sind entscheidend, um die Compliance aufrechtzuerhalten und die weltweite Marktdurchdringung im Bereich der Lebenswissenschaften zu gew\u00e4hrleisten.<\/p>\r\n<p>Verztec ist auf die Unterst\u00fctzung f\u00fchrender Unternehmen im Bereich der Lebenswissenschaften und der Medizin spezialisiert und bietet eine einzigartige Kombination aus sprachlicher Exzellenz, technischer Kompetenz, robusten Qualit\u00e4tsmanagementsystemen und effizienten Projektkoordinationstechniken.<\/p>\r\n<p>Verztecs F\u00e4higkeiten decken eine Vielzahl wichtiger Quelldokumente f\u00fcr die Lebenswissenschaftsbranche ab:<\/p>\r\n<ul>\r\n<li>Medizinische und klinische Softwareanwendungen<\/li>\r\n<li>Benutzeroberfl\u00e4chen f\u00fcr medizinische Ger\u00e4te<\/li>\r\n<li>Patienteninformationen<\/li>\r\n<li>Patente<\/li>\r\n<li>Klinische Studien<\/li>\r\n<li>Material Safety Data Sheets (MSDS)<\/li>\r\n<li>Wissenschaftliche Ausschreibungen<\/li>\r\n<li>Medizinische Berichte und Literatur<\/li>\r\n<li>Marketingkommunikation<\/li>\r\n<li>Websites, Extranet und Intranet<\/li>\r\n<li>Benutzerhandb\u00fccher und Anleitungen<\/li>\r\n<li>Medizinische Aufzeichnungsformulare<\/li>\r\n<li>Standardarbeitsanweisungen<\/li>\r\n<li>Vertr\u00e4ge und Vereinbarungen<\/li>\r\n<li>Medizinische Versuchstranskripte<\/li>\r\n<li>Dolmetscherdienste<\/li>\r\n<li>Ethik-, Compliance- und Regulierungsdokumentation<\/li>\r\n<li>Medizinische Forschungsberichte und klinische Studienprotokolle<\/li>\r\n<li>Patienteninformationen<\/li>\r\n<li>Psychologie-Papiere<\/li>\r\n<li>Medizinische Rezepte und Diagnosen<\/li>\r\n<li>Benutzerhandb\u00fccher f\u00fcr medizinisches Personal und Patienten<\/li>\r\n<li>Bedienungsanleitungen, Brosch\u00fcren und Software f\u00fcr medizinische Ger\u00e4te<\/li>\r\n<li>Klinische, toxikologische, pharmakologische und biologische Dokumente<\/li>\r\n<li>Medizinische Frageb\u00f6gen und medizinische Terminologie-Glossare<\/li>\r\n<\/ul>\r\n<p>Zus\u00e4tzlich zur \u00dcbersetzung und Lokalisierung von Dokumenten bietet Verztec spezialisierte digitale L\u00f6sungen, die auf die Lebenswissenschaftsbranche zugeschnitten sind. Unsere Dienstleistungen umfassen die Entwicklung mehrsprachiger Online-Schulungsmodule, die Verbesserung von Kommunikationskan\u00e4len und die Einhaltung globaler regulatorischer Standards.<\/p>\r\n<p>Partnerschaft mit Verztec, um Ihre globalen Kommunikationsstrategien zu optimieren, regulatorische Genehmigungen zu beschleunigen und die Marktreife f\u00fcr Ihre Innovationen im Bereich der Lebenswissenschaften zu verbessern.<\/p>\r\n<p>Kontaktieren Sie uns noch heute, um zu erfahren, wie unsere spezialisierten Dienstleistungen das Wachstum und den Erfolg Ihrer Organisation im dynamischen Bereich der Lebenswissenschaften unterst\u00fctzen k\u00f6nnen.<\/p>\r\n\r\n<hr style=\"margin-top: 20px; margin-bottom: 20px; border: 0; border-top: 1px solid #eee;\" \/>\n<p style=\"margin-bottom: 0;\"><a href=\"https:\/\/www.verztec.com\/de\/testimonials\/\" target=\"_blank\" rel=\"noopener\">Kundenreferenzen<\/a> &nbsp; : Lesen Sie, was unsere Kunden \u00fcber uns sagen!<\/p>\n<p><a href=\"https:\/\/www.verztec.com\/de\/clients\/\" target=\"_blank\" rel=\"noopener\">Unsere gesch\u00e4tzten Kunden<\/a> &nbsp; : Sehen Sie die Liste unserer gesch\u00e4tzten Kunden.<\/p>\n\r\n","protected":false},"excerpt":{"rendered":"<p>Die Entwicklungen in den Lebenswissenschaften und dem medizinischen Bereich schreiten mit einer beispiellosen Geschwindigkeit voran. Da die Forschung zunehmend technischer und interdisziplin\u00e4rer wird, stehen Organisationen vor Herausforderungen, auf umfassende Informationen&hellip;<\/p>\n","protected":false},"author":1,"featured_media":4027,"parent":0,"menu_order":5,"comment_status":"closed","ping_status":"closed","template":"","meta":{"footnotes":""},"class_list":["post-1804","page","type-page","status-publish","has-post-thumbnail","hentry"],"_links":{"self":[{"href":"https:\/\/www.verztec.com\/wp-json\/wp\/v2\/pages\/1804"}],"collection":[{"href":"https:\/\/www.verztec.com\/wp-json\/wp\/v2\/pages"}],"about":[{"href":"https:\/\/www.verztec.com\/wp-json\/wp\/v2\/types\/page"}],"author":[{"embeddable":true,"href":"https:\/\/www.verztec.com\/wp-json\/wp\/v2\/users\/1"}],"replies":[{"embeddable":true,"href":"https:\/\/www.verztec.com\/wp-json\/wp\/v2\/comments?post=1804"}],"version-history":[{"count":2,"href":"https:\/\/www.verztec.com\/wp-json\/wp\/v2\/pages\/1804\/revisions"}],"predecessor-version":[{"id":2866,"href":"https:\/\/www.verztec.com\/wp-json\/wp\/v2\/pages\/1804\/revisions\/2866"}],"wp:featuredmedia":[{"embeddable":true,"href":"https:\/\/www.verztec.com\/wp-json\/wp\/v2\/media\/4027"}],"wp:attachment":[{"href":"https:\/\/www.verztec.com\/wp-json\/wp\/v2\/media?parent=1804"}],"curies":[{"name":"wp","href":"https:\/\/api.w.org\/{rel}","templated":true}]}}