{"id":1805,"date":"2024-07-15T08:42:00","date_gmt":"2024-07-15T08:42:00","guid":{"rendered":"http:\/\/staging.verztec.com\/verztec\/retail-e-commerce\/"},"modified":"2025-02-03T08:34:59","modified_gmt":"2025-02-03T08:34:59","slug":"retail-e-commerce","status":"publish","type":"page","link":"https:\/\/www.verztec.com\/retail-e-commerce","title":{"rendered":"Einzelhandel & E-Commerce"},"content":{"rendered":"<p>Das Einzelhandels- und E-Commerce-Umfeld entwickelt sich rasant, angetrieben durch technologische Fortschritte und sich \u00e4ndernde Verbrauchergewohnheiten. Mit der intensiveren Konkurrenz stehen Unternehmen vor der Herausforderung, kontinuierlich zu innovieren und sich auf dem Markt zu differenzieren.<\/p>\r\n<p>In dieser dynamischen Umgebung sind effektive Marketingstrategien entscheidend, um das Kundeninteresse weltweit zu gewinnen und zu halten. Einzelh\u00e4ndler m\u00fcssen sich durch unterschiedliche kulturelle Vorlieben und regulatorische Anforderungen navigieren und gleichzeitig eine konsistente Markenkommunikation \u00fcber mehrere Kan\u00e4le hinweg sicherstellen.<\/p>\r\n<p>Verztec versteht die Komplexit\u00e4ten globaler Einzelhandelsoperationen und bietet ma\u00dfgeschneiderte Lokalisierungs- und digitale Marketingl\u00f6sungen, um Unternehmen zum Erfolg in internationalen M\u00e4rkten zu verhelfen. Vom \u00dcbersetzen von Produktbeschreibungen und Marketingkampagnen bis hin zur Anpassung von Websites und E-Commerce-Plattformen f\u00fcr lokale Zielgruppen garantiert unsere Expertise, dass Ihre Marke weltweit effektiv wahrgenommen wird.<\/p>\r\n<p>Digitale Lernl\u00f6sungen spielen eine entscheidende Rolle bei der Verbesserung der Mitarbeiterschulung und der Kundenbildung im Einzelhandel. Verztec bietet interaktive E-Learning-Kurse, Schulungsvideos und Multimedia-Inhalte, um Ihre Teams mit dem Wissen und den F\u00e4higkeiten auszustatten, die notwendig sind, um au\u00dfergew\u00f6hnliche Kundenerlebnisse zu bieten.<\/p>\r\n<p>Durch die Nutzung unserer umfassenden Lokalisierungsservices und digitalen Lernl\u00f6sungen k\u00f6nnen Einzelh\u00e4ndler ihre Abl\u00e4ufe optimieren, das Kundenengagement verbessern und weltweit das Umsatzwachstum vorantreiben. Partnern Sie mit Verztec, um Ihre internationale Expansionsstrategie zu optimieren und nachhaltigen Erfolg in der wettbewerbsintensiven Einzelhandels- und E-Commerce-Branche zu erzielen.<\/p>\r\n<p>Verztecs F\u00e4higkeiten umfassen:<\/p>\r\n<ul>\r\n<li>\u00dcbersetzung und Lokalisierung von Produktbeschreibungen, Marketingmaterialien und Websites<\/li>\r\n<li>Digitale Marketingkampagnen f\u00fcr globale Zielgruppen<\/li>\r\n<li>Entwicklung von E-Commerce-Plattformen und mobilen Anwendungen<\/li>\r\n<li>Interaktive E-Learning-Kurse und Schulungsvideos zur Mitarbeiterschulung<\/li>\r\n<li>Lokalisierung von Verkaufsf\u00f6rderungsmaterialien, Verpackungen und Etiketten<\/li>\r\n<li>Compliance- und Regulierungsdokumentation f\u00fcr internationale M\u00e4rkte<\/li>\r\n<li>Mehrsprachiger Kundenservice und Helpdesk-Dienste<\/li>\r\n<\/ul>\r\n<p>Bleiben Sie mit Verztecs Expertise in Lokalisierung und digitalen Lernl\u00f6sungen an der Spitze des globalen Einzelhandelsmarkts. Kontaktieren Sie uns noch heute, um zu erfahren, wie wir Ihre Gesch\u00e4ftsziele unterst\u00fctzen und Ihre Markenpr\u00e4senz weltweit st\u00e4rken k\u00f6nnen.<\/p>\r\n\r\n<hr style=\"margin-top: 20px; margin-bottom: 20px; border: 0; border-top: 1px solid #eee;\" \/>\n<p style=\"margin-bottom: 0;\"><a href=\"https:\/\/www.verztec.com\/de\/testimonials\/\" target=\"_blank\" rel=\"noopener\">Kundenreferenzen<\/a> &nbsp; : Lesen Sie, was unsere Kunden \u00fcber uns sagen!<\/p>\n<p><a href=\"https:\/\/www.verztec.com\/de\/clients\/\" target=\"_blank\" rel=\"noopener\">Unsere gesch\u00e4tzten Kunden<\/a> &nbsp; : Sehen Sie die Liste unserer gesch\u00e4tzten Kunden.<\/p>\n\r\n","protected":false},"excerpt":{"rendered":"<p>Das Einzelhandels- und E-Commerce-Umfeld entwickelt sich rasant, angetrieben durch technologische Fortschritte und sich \u00e4ndernde Verbrauchergewohnheiten. Mit der intensiveren Konkurrenz stehen Unternehmen vor der Herausforderung, kontinuierlich zu innovieren und sich auf&hellip;<\/p>\n","protected":false},"author":1,"featured_media":4027,"parent":0,"menu_order":4,"comment_status":"closed","ping_status":"closed","template":"","meta":{"footnotes":""},"class_list":["post-1805","page","type-page","status-publish","has-post-thumbnail","hentry"],"_links":{"self":[{"href":"https:\/\/www.verztec.com\/wp-json\/wp\/v2\/pages\/1805"}],"collection":[{"href":"https:\/\/www.verztec.com\/wp-json\/wp\/v2\/pages"}],"about":[{"href":"https:\/\/www.verztec.com\/wp-json\/wp\/v2\/types\/page"}],"author":[{"embeddable":true,"href":"https:\/\/www.verztec.com\/wp-json\/wp\/v2\/users\/1"}],"replies":[{"embeddable":true,"href":"https:\/\/www.verztec.com\/wp-json\/wp\/v2\/comments?post=1805"}],"version-history":[{"count":2,"href":"https:\/\/www.verztec.com\/wp-json\/wp\/v2\/pages\/1805\/revisions"}],"predecessor-version":[{"id":2876,"href":"https:\/\/www.verztec.com\/wp-json\/wp\/v2\/pages\/1805\/revisions\/2876"}],"wp:featuredmedia":[{"embeddable":true,"href":"https:\/\/www.verztec.com\/wp-json\/wp\/v2\/media\/4027"}],"wp:attachment":[{"href":"https:\/\/www.verztec.com\/wp-json\/wp\/v2\/media?parent=1805"}],"curies":[{"name":"wp","href":"https:\/\/api.w.org\/{rel}","templated":true}]}}