{"id":1806,"date":"2024-07-15T08:46:27","date_gmt":"2024-07-15T08:46:27","guid":{"rendered":"http:\/\/staging.verztec.com\/verztec\/gaming\/"},"modified":"2025-02-03T08:48:43","modified_gmt":"2025-02-03T08:48:43","slug":"gaming","status":"publish","type":"page","link":"https:\/\/www.verztec.com\/gaming","title":{"rendered":"Gaming"},"content":{"rendered":"<p>Die Gaming-Industrie steht an der Spitze der Unterhaltungsinnovation und fesselt weltweit ein Publikum mit immersiven Erlebnissen und modernster Technologie. Da die Nachfrage nach interaktivem Entertainment weiter steigt, stehen Gaming-Unternehmen vor der Herausforderung, ein vielf\u00e4ltiges Publikum in verschiedenen Sprachen und Kulturen zu erreichen.<\/p>\r\n<p>In dieser wettbewerbsintensiven Landschaft ist eine effektive Lokalisierung von Spielen und zugeh\u00f6rigem Inhalt entscheidend, um Spieler weltweit zu engagieren. Vom \u00dcbersetzen von Spielscripts und Benutzeroberfl\u00e4chen bis hin zur Anpassung von Marketingkampagnen und Community-Inhalten sorgt pr\u00e4zise Lokalisierung daf\u00fcr, dass das Spielerlebnis bei lokalen Spielern ankommt.<\/p>\r\n<p>Verztec ist auf umfassende Lokalisierungsdienste f\u00fcr die Gaming-Industrie spezialisiert und hilft Entwicklern und Publishern, sprachliche und kulturelle Nuancen nahtlos zu \u00fcberwinden. Unser Team aus erfahrenen Linguisten und Gaming-Enthusiasten sorgt f\u00fcr hochwertige \u00dcbersetzungen, die die urspr\u00fcngliche Intention und den Spielspa\u00df Ihrer Spiele bewahren.<\/p>\r\n<p>Digitale Lernl\u00f6sungen sind auch im Gaming-Sektor von entscheidender Bedeutung, da sie das Onboarding von Nutzern, Tutorials und bildungsbezogene Inhalte im Spiel verbessern. Verztec bietet interaktive E-Learning-Module, Trainingsvideos und spielerische Lern-Erfahrungen, um die Spieler zu st\u00e4rken und das Engagement zu steigern.<\/p>\r\n<p>Ob Sie ein neues Spiel auf den Markt bringen, in internationale M\u00e4rkte expandieren oder das Nutzerengagement durch digitales Lernen verbessern m\u00f6chten, Verztec bietet ma\u00dfgeschneiderte L\u00f6sungen, die Ihren Bed\u00fcrfnissen entsprechen. Unsere Expertise umfasst:<\/p>\r\n<ul>\r\n<li>Lokalisierung von Spielscripts, Dialogen und Benutzeroberfl\u00e4chen<\/li>\r\n<li>\u00dcbersetzung von Marketingmaterialien, Websites und Community-Inhalten<\/li>\r\n<li>Anpassung von In-Game-Tutorials, Hilfef\u00fchrern und Bildungsinhalten<\/li>\r\n<li>Entwicklung interaktiver E-Learning-Kurse und Trainingsvideos<\/li>\r\n<li>Mehrsprachiger Kundenservice und Community-Management<\/li>\r\n<li>Compliance- und regulatorische Dokumentation f\u00fcr weltweite Releases<\/li>\r\n<\/ul>\r\n<p>Partnern Sie mit Verztec, um das volle Potenzial Ihrer Gaming-Projekte auf globalen M\u00e4rkten zu entfalten. Verbessern Sie das Spielerlebnis, erweitern Sie Ihre Reichweite und erzielen Sie Erfolg mit unseren spezialisierten Lokalisierungs- und digitalen Lernl\u00f6sungen. Kontaktieren Sie uns noch heute, um zu erfahren, wie wir Ihre Gaming-Inhalte f\u00fcr ein internationales Publikum aufwerten k\u00f6nnen.<\/p>\r\n\r\n<hr style=\"margin-top: 20px; margin-bottom: 20px; border: 0; border-top: 1px solid #eee;\" \/>\n<p style=\"margin-bottom: 0;\"><a href=\"https:\/\/www.verztec.com\/de\/testimonials\/\" target=\"_blank\" rel=\"noopener\">Kundenreferenzen<\/a> &nbsp; : Lesen Sie, was unsere Kunden \u00fcber uns sagen!<\/p>\n<p><a href=\"https:\/\/www.verztec.com\/de\/clients\/\" target=\"_blank\" rel=\"noopener\">Unsere gesch\u00e4tzten Kunden<\/a> &nbsp; : Sehen Sie die Liste unserer gesch\u00e4tzten Kunden.<\/p>\n\r\n","protected":false},"excerpt":{"rendered":"<p>Die Gaming-Industrie steht an der Spitze der Unterhaltungsinnovation und fesselt weltweit ein Publikum mit immersiven Erlebnissen und modernster Technologie. Da die Nachfrage nach interaktivem Entertainment weiter steigt, stehen Gaming-Unternehmen vor&hellip;<\/p>\n","protected":false},"author":1,"featured_media":4027,"parent":0,"menu_order":3,"comment_status":"closed","ping_status":"closed","template":"","meta":{"footnotes":""},"class_list":["post-1806","page","type-page","status-publish","has-post-thumbnail","hentry"],"_links":{"self":[{"href":"https:\/\/www.verztec.com\/wp-json\/wp\/v2\/pages\/1806"}],"collection":[{"href":"https:\/\/www.verztec.com\/wp-json\/wp\/v2\/pages"}],"about":[{"href":"https:\/\/www.verztec.com\/wp-json\/wp\/v2\/types\/page"}],"author":[{"embeddable":true,"href":"https:\/\/www.verztec.com\/wp-json\/wp\/v2\/users\/1"}],"replies":[{"embeddable":true,"href":"https:\/\/www.verztec.com\/wp-json\/wp\/v2\/comments?post=1806"}],"version-history":[{"count":2,"href":"https:\/\/www.verztec.com\/wp-json\/wp\/v2\/pages\/1806\/revisions"}],"predecessor-version":[{"id":2882,"href":"https:\/\/www.verztec.com\/wp-json\/wp\/v2\/pages\/1806\/revisions\/2882"}],"wp:featuredmedia":[{"embeddable":true,"href":"https:\/\/www.verztec.com\/wp-json\/wp\/v2\/media\/4027"}],"wp:attachment":[{"href":"https:\/\/www.verztec.com\/wp-json\/wp\/v2\/media?parent=1806"}],"curies":[{"name":"wp","href":"https:\/\/api.w.org\/{rel}","templated":true}]}}