{"id":1807,"date":"2024-07-15T08:51:12","date_gmt":"2024-07-15T08:51:12","guid":{"rendered":"http:\/\/staging.verztec.com\/verztec\/entertainment\/"},"modified":"2025-02-03T08:49:47","modified_gmt":"2025-02-03T08:49:47","slug":"entertainment","status":"publish","type":"page","link":"https:\/\/www.verztec.com\/entertainment","title":{"rendered":"Unterhaltung"},"content":{"rendered":"<p>In der dynamischen Welt des Entertainments erfordert es mehr als nur Kreativit\u00e4t, um das Publikum zu fesseln und relevant zu bleiben \u2013 es erfordert eine effektive Kommunikation \u00fcber verschiedene Kulturen und Sprachen hinweg. Vom Film und Fernsehen bis hin zu Musik und Live-Events lebt die Unterhaltungsindustrie davon, sich mit globalen Zuschauern zu verbinden.<\/p>\r\n<p>Bei Verztec verstehen wir die entscheidende Rolle der Lokalisierung, um das Engagement des Publikums zu steigern und die Reichweite des Marktes zu erweitern. Unsere spezialisierten Dienstleistungen sind auf die einzigartigen Bed\u00fcrfnisse von Unterhaltungsunternehmen zugeschnitten und stellen sicher, dass Inhalte authentisch mit lokalen Zuschauern, H\u00f6rern und Teilnehmern weltweit in Resonanz treten.<\/p>\r\n<p>Die Lokalisierungsdienste von Verztec umfassen eine Vielzahl von Unterhaltungsmedien:<\/p>\r\n<p><b>Film und Fernsehen:<\/b> Wir lokalisieren Untertitel, Synchronisationsskripte und Werbematerialien, um nahtlose Zuschauererlebnisse in verschiedenen Sprachen und Kulturen zu gew\u00e4hrleisten. Unsere Experten f\u00fcr Sprache und audiovisuelle Medien bewahren die k\u00fcnstlerische Integrit\u00e4t Ihrer Produktionen und machen sie gleichzeitig f\u00fcr ein globales Publikum zug\u00e4nglich.<\/p>\r\n<p><b>Musik und darstellende Kunst:<\/b> Vom \u00dcbersetzen von Songtexten und Albumnotizen bis hin zur Anpassung von Konzertprogrammen und Werbeinhalten unterst\u00fctzt Verztec K\u00fcnstler und Labels dabei, weltweit eine breite Fangemeinde von Musikliebhabern und Theaterbesuchern zu erreichen. Wir stellen sicher, dass Ihre kreativen Ausdrucksformen in jeder Sprache pr\u00e4zise \u00fcbermittelt werden.<\/p>\r\n<p><b>Live-Events und Festivals:<\/b> F\u00fcr internationale Events und Festivals bietet Verztec umfassende Lokalisierungsl\u00f6sungen an. Wir \u00fcbersetzen Veranstaltungspl\u00e4ne, Marketingmaterialien und Teilnehmerkommunikation, um reibungslose Interaktionen zu erleichtern und die Teilnehmererfahrung \u00fcber Grenzen hinweg zu verbessern.<\/p>\r\n<p><b>Digitale und Streaming-Plattformen:<\/b> Im digitalen Zeitalter treiben Streaming-Dienste und Online-Plattformen den weltweiten Konsum von Unterhaltung voran. Verztec bietet Lokalisierung von digitalen Inhalten, einschlie\u00dflich App-Schnittstellen, Website-Inhalten und Streaming-Medien, um das Engagement und die Bindung von Nutzern weltweit zu optimieren.<\/p>\r\n<p><b>Digitale Lernl\u00f6sungen:<\/b> Die Steigerung des Engagements und der Nutzerbindung ist in der Unterhaltungsindustrie entscheidend. Verztec entwickelt interaktive eLearning-Module, Trainingsvideos und gamifizierte Erfahrungen, um Fans zu schulen, die Zuschauerbindung zu verbessern und das gesamte Unterhaltungserlebnis zu erh\u00f6hen.<\/p>\r\n<p>Ob Sie einen neuen Film auf den Markt bringen, ein Musikalbum produzieren, ein globales Event organisieren oder Ihre digitale Pr\u00e4senz ausbauen, Verztec bietet ma\u00dfgeschneiderte Lokalisierungs- und digitale Lernl\u00f6sungen, um Ihnen zu helfen, mit Zuschauern weltweit in Kontakt zu treten.<\/p>\r\n<p>Arbeiten Sie mit uns zusammen, um Ihre Entertainment-Inhalte zu verbessern und globalen Erfolg zu erzielen. Kontaktieren Sie Verztec noch heute, um mehr \u00fcber unsere spezialisierten Dienstleistungen f\u00fcr die Entertainment-Industrie zu erfahren.<\/p>\r\n\r\n<hr style=\"margin-top: 20px; margin-bottom: 20px; border: 0; border-top: 1px solid #eee;\" \/>\n<p style=\"margin-bottom: 0;\"><a href=\"https:\/\/www.verztec.com\/de\/testimonials\/\" target=\"_blank\" rel=\"noopener\">Kundenreferenzen<\/a> &nbsp; : Lesen Sie, was unsere Kunden \u00fcber uns sagen!<\/p>\n<p><a href=\"https:\/\/www.verztec.com\/de\/clients\/\" target=\"_blank\" rel=\"noopener\">Unsere gesch\u00e4tzten Kunden<\/a> &nbsp; : Sehen Sie die Liste unserer gesch\u00e4tzten Kunden.<\/p>\n\r\n","protected":false},"excerpt":{"rendered":"<p>In der dynamischen Welt des Entertainments erfordert es mehr als nur Kreativit\u00e4t, um das Publikum zu fesseln und relevant zu bleiben \u2013 es erfordert eine effektive Kommunikation \u00fcber verschiedene Kulturen&hellip;<\/p>\n","protected":false},"author":1,"featured_media":4027,"parent":0,"menu_order":2,"comment_status":"closed","ping_status":"closed","template":"","meta":{"footnotes":""},"class_list":["post-1807","page","type-page","status-publish","has-post-thumbnail","hentry"],"_links":{"self":[{"href":"https:\/\/www.verztec.com\/wp-json\/wp\/v2\/pages\/1807"}],"collection":[{"href":"https:\/\/www.verztec.com\/wp-json\/wp\/v2\/pages"}],"about":[{"href":"https:\/\/www.verztec.com\/wp-json\/wp\/v2\/types\/page"}],"author":[{"embeddable":true,"href":"https:\/\/www.verztec.com\/wp-json\/wp\/v2\/users\/1"}],"replies":[{"embeddable":true,"href":"https:\/\/www.verztec.com\/wp-json\/wp\/v2\/comments?post=1807"}],"version-history":[{"count":2,"href":"https:\/\/www.verztec.com\/wp-json\/wp\/v2\/pages\/1807\/revisions"}],"predecessor-version":[{"id":2884,"href":"https:\/\/www.verztec.com\/wp-json\/wp\/v2\/pages\/1807\/revisions\/2884"}],"wp:featuredmedia":[{"embeddable":true,"href":"https:\/\/www.verztec.com\/wp-json\/wp\/v2\/media\/4027"}],"wp:attachment":[{"href":"https:\/\/www.verztec.com\/wp-json\/wp\/v2\/media?parent=1807"}],"curies":[{"name":"wp","href":"https:\/\/api.w.org\/{rel}","templated":true}]}}