{"id":1809,"date":"2024-07-15T08:56:58","date_gmt":"2024-07-15T08:56:58","guid":{"rendered":"http:\/\/staging.verztec.com\/verztec\/food-beverage\/"},"modified":"2025-02-03T08:41:47","modified_gmt":"2025-02-03T08:41:47","slug":"food-beverage","status":"publish","type":"page","link":"https:\/\/www.verztec.com\/food-beverage","title":{"rendered":"Lebensmittel und Getr\u00e4nke"},"content":{"rendered":"<p>In der dynamischen Welt der Lebensmittel- und Getr\u00e4nkeindustrie, in der kulinarische Trends und Verbraucherpr\u00e4ferenzen sich schnell entwickeln, sind effektive Kommunikation und Lokalisierung entscheidend f\u00fcr den globalen Erfolg. Vom handwerklichen Lebensmittelproduzenten bis hin zu multinationalen Restaurantketten m\u00fcssen Unternehmen in diesem Sektor kulturelle Nuancen und sprachliche Vielfalt navigieren, um mit vielf\u00e4ltigen Zielgruppen weltweit in Resonanz zu treten.<\/p>\r\n<p>Verztec versteht die Komplexit\u00e4t der Lebensmittel- und Getr\u00e4nkeindustrie und bietet spezialisierte Lokalisierungsl\u00f6sungen an, um Marken dabei zu unterst\u00fctzen, ihre kulinarischen Geschichten, Produktangebote und Markenwerte \u00fcber Grenzen hinweg effektiv zu kommunizieren.<\/p>\r\n<p><b>Men\u00fc-Lokalisierung und kulinarische Kommunikation:<\/b> Wir arbeiten mit Lebensmittel- und Getr\u00e4nkeunternehmen zusammen, um Men\u00fcs zu lokalisieren und sicherzustellen, dass die Beschreibungen von Gerichten, Zutaten und kulinarischen Konzepten genau \u00fcbersetzt werden, um den lokalen Geschmack und die Vorlieben anzusprechen. Ob Sie ein neues Restaurantkonzept einf\u00fchren oder in internationale M\u00e4rkte expandieren, Verztec hilft Ihnen, Authentizit\u00e4t zu bewahren und weltweit mit G\u00e4sten zu interagieren.<\/p>\r\n<p><b>Produktverpackung und Kennzeichnung:<\/b> Im Einklang mit regulatorischen Anforderungen und den Erwartungen der Verbraucher bietet Verztec \u00dcbersetzungs- und Lokalisierungsdienste f\u00fcr Produktverpackungen und Kennzeichnungen an. Wir stellen sicher, dass N\u00e4hrwertangaben, Zutatenlisten und Markenelemente genau und effektiv \u00fcbersetzt werden, um die Produktintegrit\u00e4t zu wahren und das Vertrauen der Verbraucher auf verschiedenen M\u00e4rkten zu st\u00e4rken.<\/p>\r\n<p><b>Marketing- und Werbekampagnen:<\/b> Von Werbematerialien und Werbekampagnen bis hin zu digitalen Inhalten und Social-Media-Strategien verbessert Verztec die Markenbekanntheit und das Engagement durch lokalisierte Marketingl\u00f6sungen. Wir passen Marketingbotschaften und Kampagnenmaterialien an, um mit regionalen Vorlieben und kulturellen Empfindlichkeiten in Einklang zu kommen und das Interesse und die Loyalit\u00e4t der Verbraucher auf globalen M\u00e4rkten zu steigern.<\/p>\r\n<p><b>Schulungs- und Compliance-Dokumentation:<\/b> Verztec unterst\u00fctzt Lebensmittel- und Getr\u00e4nkeunternehmen bei der Entwicklung mehrsprachiger Schulungsmaterialien und Compliance-Dokumentationen. Ob es sich um Lebensmittelsicherheitsprotokolle, Mitarbeiterschulungsmodule oder regulatorische Richtlinien handelt, unsere digitalen Lernl\u00f6sungen stellen sicher, dass wichtige Informationen f\u00fcr Mitarbeiter und Interessengruppen weltweit zug\u00e4nglich und verst\u00e4ndlich sind.<\/p>\r\n<p><b>Lieferanten- und Vertriebsvereinbarungen:<\/b> Um das globale Lieferkettenmanagement zu erleichtern und internationale Partnerschaften zu f\u00f6rdern, bietet Verztec \u00dcbersetzungs- und Lokalisierungsdienste f\u00fcr Lieferantenvereinbarungen, Vertriebskontrakte und Logistikdokumente an. Wir helfen dabei, die Kommunikation in der Lieferkette zu optimieren und nahtlose Abl\u00e4ufe sowie nachhaltiges Wachstum auf globalen M\u00e4rkten zu erm\u00f6glichen.<\/p>\r\n<p><b>Digitale Lernl\u00f6sungen und Kundenbindung:<\/b> Im Zeitalter der digitalen Transformation entwickelt Verztec interaktive E-Learning-Module, Webinare und multimediale Inhalte, um Verbraucher \u00fcber Lebensmittelprodukte, kulinarische Techniken und nachhaltige Praktiken zu informieren. Unsere digitalen Lernl\u00f6sungen f\u00f6rdern das Kundenengagement und die Markentreue, indem sie wertvolle, zug\u00e4ngliche Inhalte bereitstellen, die auf vielf\u00e4ltige Zielgruppen zugeschnitten sind.<\/p>\r\n<p>Arbeiten Sie mit Verztec zusammen, um Ihre Lebensmittel- und Getr\u00e4nke-Marke global auszubauen, indem Sie Expertenl\u00f6sungen f\u00fcr Lokalisierung und digitale Kommunikation nutzen. Ob Sie eine neue Produktlinie einf\u00fchren oder in neue M\u00e4rkte expandieren, wir helfen Ihnen, Sprachbarrieren zu \u00fcberwinden, das Verbrauchererlebnis zu verbessern und kulinarische Exzellenz weltweit zu erreichen.<\/p>\r\n<p>Kontaktieren Sie Verztec noch heute, um mehr dar\u00fcber zu erfahren, wie wir Ihr Lebensmittel- und Getr\u00e4nke-Gesch\u00e4ft mit ma\u00dfgeschneiderten Sprachl\u00f6sungen unterst\u00fctzen k\u00f6nnen, die Wachstum f\u00f6rdern und mit globalen Verbrauchern in Resonanz treten.<\/p>\r\n\r\n<hr style=\"margin-top: 20px; margin-bottom: 20px; border: 0; border-top: 1px solid #eee;\" \/>\n<p style=\"margin-bottom: 0;\"><a href=\"https:\/\/www.verztec.com\/de\/testimonials\/\" target=\"_blank\" rel=\"noopener\">Kundenreferenzen<\/a> &nbsp; : Lesen Sie, was unsere Kunden \u00fcber uns sagen!<\/p>\n<p><a href=\"https:\/\/www.verztec.com\/de\/clients\/\" target=\"_blank\" rel=\"noopener\">Unsere gesch\u00e4tzten Kunden<\/a> &nbsp; : Sehen Sie die Liste unserer gesch\u00e4tzten Kunden.<\/p>\n\r\n","protected":false},"excerpt":{"rendered":"<p>In der dynamischen Welt der Lebensmittel- und Getr\u00e4nkeindustrie, in der kulinarische Trends und Verbraucherpr\u00e4ferenzen sich schnell entwickeln, sind effektive Kommunikation und Lokalisierung entscheidend f\u00fcr den globalen Erfolg. Vom handwerklichen Lebensmittelproduzenten&hellip;<\/p>\n","protected":false},"author":1,"featured_media":4027,"parent":0,"menu_order":0,"comment_status":"closed","ping_status":"closed","template":"","meta":{"footnotes":""},"class_list":["post-1809","page","type-page","status-publish","has-post-thumbnail","hentry"],"_links":{"self":[{"href":"https:\/\/www.verztec.com\/wp-json\/wp\/v2\/pages\/1809"}],"collection":[{"href":"https:\/\/www.verztec.com\/wp-json\/wp\/v2\/pages"}],"about":[{"href":"https:\/\/www.verztec.com\/wp-json\/wp\/v2\/types\/page"}],"author":[{"embeddable":true,"href":"https:\/\/www.verztec.com\/wp-json\/wp\/v2\/users\/1"}],"replies":[{"embeddable":true,"href":"https:\/\/www.verztec.com\/wp-json\/wp\/v2\/comments?post=1809"}],"version-history":[{"count":2,"href":"https:\/\/www.verztec.com\/wp-json\/wp\/v2\/pages\/1809\/revisions"}],"predecessor-version":[{"id":2880,"href":"https:\/\/www.verztec.com\/wp-json\/wp\/v2\/pages\/1809\/revisions\/2880"}],"wp:featuredmedia":[{"embeddable":true,"href":"https:\/\/www.verztec.com\/wp-json\/wp\/v2\/media\/4027"}],"wp:attachment":[{"href":"https:\/\/www.verztec.com\/wp-json\/wp\/v2\/media?parent=1809"}],"curies":[{"name":"wp","href":"https:\/\/api.w.org\/{rel}","templated":true}]}}