{"id":23,"date":"2009-06-18T03:51:50","date_gmt":"2009-06-18T03:51:50","guid":{"rendered":"http:\/\/staging.verztec.com\/verztec\/about-us\/"},"modified":"2024-10-02T01:50:35","modified_gmt":"2024-10-02T01:50:35","slug":"about-us","status":"publish","type":"page","link":"https:\/\/www.verztec.com\/about-us","title":{"rendered":"\u00dcber uns"},"content":{"rendered":"<p>Verztec ist ein f\u00fchrender Anbieter von Lern- und Sprachl\u00f6sungen f\u00fcr Unternehmen.<\/p>\n<p>Verztec ist der \u00dcberzeugung, dass wahrer Erfolg nicht nur an der finanziellen Leistung gemessen wird, sondern auch an den dauerhaften gemeinsamen Erfolgen mit unseren Kunden und Partnern.<\/p>\n<p>Verztec wurde im Jahr 2000 gegr\u00fcndet und unterst\u00fctzt ein Drittel der Fortune-500-Unternehmen bei der digitalen Schulung ihrer globalen Belegschaft und der Lokalisierung der Gesch\u00e4ftskommunikation. Zu unseren gesch\u00e4tzten Kunden z\u00e4hlen IBM, HP, Microsoft, Citibank, Sony, P&#038;G, Emerson, McDonald&#8217;s Corporation, UBS, Unilever und andere globale Marken.<\/p>\n<p>Wir haben mit Kunden unterschiedlicher Gr\u00f6\u00dfe in Branchen wie Medizin, Pharmazie und Biowissenschaften, Petrochemie, Recht, Luft- und Raumfahrt, Tourismus, Banken und Finanzen, Recht, IT und Elektronik zusammengearbeitet.<\/p>\n<p>Bei Verztec legen wir gro\u00dfen Wert auf Innovation und technologischen Vorsprung. Dazu geh\u00f6rt, dass wir uns \u00fcber Branchentrends auf dem Laufenden halten, in Spitzentechnologie investieren und eigene Systeme entwickeln. Auf diese Weise k\u00f6nnen wir die Leistung und Effizienz unseres Unternehmens steigern, was zu Kosteneinsparungen und mehr Komfort f\u00fcr unsere Kunden f\u00fchrt.<\/p>\n<p>Verztec zeichnet sich durch die Implementierung von Lernmanagementsystemen, die Digitalisierung von Schulungsprogrammen und die Lokalisierung von Inhalten f\u00fcr den weltweiten Vertrieb auf mehreren Kontinenten und in mehreren Sprachen aus. Unser Fachwissen stellt sicher, dass alle Schulungskurse unserer Kunden den kulturellen, sozialen und gesch\u00e4ftlichen Anforderungen entsprechen, was Zeit, Aufwand und Ressourcen spart. Wir haben uns den Ruf erworben, eng mit unseren Kunden zusammenzuarbeiten, um globale Lerninitiativen zu konzipieren, strategisch zu planen und umzusetzen. Dar\u00fcber hinaus haben wir uns im Rahmen unseres umfassenden Dienstleistungsangebots auf die \u00dcbersetzung einer breiten Palette von Materialien, darunter Schulungen, juristische Dokumente, Marketinginhalte und allt\u00e4gliche Gesch\u00e4ftskommunikation, in \u00fcber 100 Sprachen spezialisiert.<\/p>\n<p>Verztec wurde von der Business Times, der Sunday Times, der Straits Times und Lianhe ZaoBao als eines der am schnellsten wachsenden Unternehmen Singapurs anerkannt und hat zahlreiche Auszeichnungen erhalten, darunter den Influential Brands Award, Business Superbrands und den Singapore Prestige Brand Award.<\/p>\n<h3 class=\"title-normal\" style=\"margin-top: 40px;\">Unser Ziel<\/h3>\n<p>Die Welt durch nahtlose Kommunikation zu \u00fcberbr\u00fccken und unseren Partnern zum Erfolg zu verhelfen.<\/p>\n<h3 class=\"title-normal\" style=\"margin-top: 40px;\">\n <strong>Unser Auftrag<\/strong><\/h3>\n<p>Wir wollen Unternehmen auf der ganzen Welt zum Erfolg verhelfen, indem wir ihre Bed\u00fcrfnisse auf einzigartige Weise erf\u00fcllen und skalierbare End-to-End-Unternehmensl\u00f6sungen bereitstellen.<\/p>\n<p>Wir arbeiten eng mit unseren Kunden zusammen, um ihre globalen Kommunikationsbotschaften f\u00fcr verschiedene M\u00e4rkte zu entwickeln, zu gestalten, anzupassen und zu ver\u00f6ffentlichen, ihre Markenpositionierung zu verfeinern und verborgene Werte hervorzuheben.<\/p>\n<h3 class=\"title-normal\" style=\"margin-top: 40px;\"><strong>Unsere Vision<br \/>\n<\/strong><\/h3>\n<p>Wir wollen ein globaler Partner von Weltrang sein, der f\u00fcr seine qualitativ hochwertige Beratung und seine umfassenden L\u00f6sungen bekannt ist.<\/p>\n<h3 class=\"title-normal\" style=\"margin-top: 40px;\">Der Unterschied von Verztec<br \/>\n<\/h3>\n<p style=\"margin-top: 0;\">Im Laufe der Jahre hat Verztec viele H\u00f6hen und Tiefen durchlebt. Wir haben viele Herausforderungen gemeistert, aber auch viele gl\u00fcckliche Momente zusammen mit unseren Kunden, Partnern und Kollegen gefeiert.<\/p>\n<p style=\"margin-top: 0;\">Unseren anhaltenden Erfolg verdanken wir unseren Kunden, die an unsere Arbeit glauben, und &#8211; was am wichtigsten ist &#8211; den Damen und Herren, die als Mitarbeiter in unserer Verztec-Familie professionell, verantwortungsbewusst und mit einem hohen Ma\u00df an Integrit\u00e4t jeden Tag hart zusammenarbeiten, um allen unseren Kunden das beste Kundenerlebnis und die beste Qualit\u00e4t zu bieten.<\/p>\n<p style=\"margin-top: 0;\"><strong>Wir nennen dies den \u201eVerztec-Unterschied\u201c.<\/strong>.<\/p>\n<h3 class=\"title-normal\" style=\"margin-top: 40px;\"><strong>Unsere Unternehmenswerte<br \/>\n<\/strong><\/h3>\n<p style=\"margin-top: 0;\">Das Akronym \u201eOCTOPUS\u201c steht f\u00fcr unsere sieben Grundwerte. Das hochintelligente Meerestier steht f\u00fcr unsere F\u00e4higkeit, mit den unterschiedlichen Anforderungen unserer Kunden kompetent zu jonglieren, f\u00fcr den guten Intellekt unserer Teammitglieder und f\u00fcr unsere F\u00e4higkeit, strategisch ma\u00dfgeschneiderte L\u00f6sungen zur Vereinfachung von Prozessen f\u00fcr unsere Kunden anzubieten.<\/p>\n<p style=\"margin-top: 0;\"><strong>Eigenverantwortung:<\/strong> Wir sind stolz auf unsere Arbeit und geben unser Bestes f\u00fcr die uns anvertrauten Projekte, wobei wir bei Bedarf auch \u00fcber unseren Verantwortungsbereich hinausgehen.<\/p>\n<p style=\"margin-top: 0;\"><strong>Kundenerfolg:<\/strong> Wir unterst\u00fctzen den Erfolg unserer Kunden durch unsere wertsch\u00f6pfenden Serviceangebote und unseren Support.<\/p>\n<p style=\"margin-top: 0;\"><strong>Teamarbeit:<\/strong> Wir arbeiten eng in Teams zusammen, um die F\u00e4higkeiten aller Teammitglieder zu nutzen und unseren Kunden eine unvergessliche, positive und einzigartige Erfahrung zu bieten.<\/p>\n<p style=\"margin-top: 0;\"><strong>Offene Kommunikation:<\/strong> Wir kommunizieren unsere Dienstleistungsprozesse klar und deutlich mit unseren Kunden und sorgen f\u00fcr Transparenz bei allen Projekten.<\/p>\n<p style=\"margin-top: 0;\"><strong>Proaktivit\u00e4t:<\/strong> Wir sind proaktiv, wenn es darum geht, m\u00f6gliche Probleme zu antizipieren, L\u00f6sungen anzubieten und im Zweifelsfall Kl\u00e4rung zu suchen.<\/p>\n<p style=\"margin-top: 0;\"><strong>Dringlichkeit:<\/strong> Wir liefern, was wir versprechen, in guter Qualit\u00e4t und p\u00fcnktlich. Wir reagieren in der Kommunikation mit unseren Kunden mit einem Gef\u00fchl der Dringlichkeit.<\/p>\n<p style=\"margin-top: 0;\"><strong>Soziale Verantwortung:<\/strong> Wir sind ein sozial verantwortungsbewusstes Unternehmen und tragen unseren Teil dazu bei, ein gesundes Gleichgewicht zwischen unseren beruflichen Bem\u00fchungen und der Gemeinschaft um uns herum zu f\u00f6rdern.<\/p>\n","protected":false},"excerpt":{"rendered":"<p>Verztec ist ein f\u00fchrender Anbieter von Lern- und Sprachl\u00f6sungen f\u00fcr Unternehmen. Verztec ist der \u00dcberzeugung, dass wahrer Erfolg nicht nur an der finanziellen Leistung gemessen wird, sondern auch an den&hellip;<\/p>\n","protected":false},"author":1,"featured_media":2024,"parent":0,"menu_order":8,"comment_status":"closed","ping_status":"closed","template":"","meta":{"footnotes":""},"class_list":["post-23","page","type-page","status-publish","has-post-thumbnail","hentry"],"_links":{"self":[{"href":"https:\/\/www.verztec.com\/wp-json\/wp\/v2\/pages\/23"}],"collection":[{"href":"https:\/\/www.verztec.com\/wp-json\/wp\/v2\/pages"}],"about":[{"href":"https:\/\/www.verztec.com\/wp-json\/wp\/v2\/types\/page"}],"author":[{"embeddable":true,"href":"https:\/\/www.verztec.com\/wp-json\/wp\/v2\/users\/1"}],"replies":[{"embeddable":true,"href":"https:\/\/www.verztec.com\/wp-json\/wp\/v2\/comments?post=23"}],"version-history":[{"count":1,"href":"https:\/\/www.verztec.com\/wp-json\/wp\/v2\/pages\/23\/revisions"}],"predecessor-version":[{"id":2057,"href":"https:\/\/www.verztec.com\/wp-json\/wp\/v2\/pages\/23\/revisions\/2057"}],"wp:featuredmedia":[{"embeddable":true,"href":"https:\/\/www.verztec.com\/wp-json\/wp\/v2\/media\/2024"}],"wp:attachment":[{"href":"https:\/\/www.verztec.com\/wp-json\/wp\/v2\/media?parent=23"}],"curies":[{"name":"wp","href":"https:\/\/api.w.org\/{rel}","templated":true}]}}