{"id":24,"date":"2009-06-18T03:55:32","date_gmt":"2009-06-18T03:55:32","guid":{"rendered":"http:\/\/staging.verztec.com\/verztec\/project-management\/"},"modified":"2024-10-02T01:49:33","modified_gmt":"2024-10-02T01:49:33","slug":"project-management","status":"publish","type":"page","link":"https:\/\/www.verztec.com\/project-management","title":{"rendered":"Projektmanagement"},"content":{"rendered":"<p>Lokalisierung ist ein komplexer Prozess, der mehrere Ebenen umfasst und eine nahtlose Koordination zwischen globalen Teams erfordert. Bei Verztec stellen wir den Projekterfolg durch unser engagiertes Projektmanagement-Team sicher, das aus Experten besteht, die strategisch weltweit positioniert sind, um Ihre Produkte und Dienstleistungen effektiv zu globalisieren.<\/p>\n<p>Um Effizienz und Zusammenarbeit zu verbessern, nutzt Verztec fortschrittliche Technologien und standardisiert hochwertige Projektmanagementpraktiken \u00fcber eine virtuelle Plattform. Diese Plattform erleichtert die nahtlose Kommunikation und Echtzeit-Updates zwischen Verztec-Teams und Kunden, was einen detaillierten, aber flexiblen Ansatz f\u00fcr Ihren Lokalisierungsprozess sicherstellt.<\/p>\n<p>Das Lokalisierungsprojektmanagement von Verztec basiert auf drei Kernaspekten:<\/p>\n<h3 class=\"title-normal\">Strategie:<\/h3>\n<p>Unsere Berater f\u00fchren gr\u00fcndliche Analysen Ihres Produkts, Ihrer Anforderungen und Ziele durch. Dies erm\u00f6glicht den Einsatz der richtigen Verztec-Mitarbeiter, die effizient Ihre Ziele erreichen k\u00f6nnen.<\/p>\n<h3 class=\"title-normal\">Informationen jederzeit verf\u00fcgbar:<\/h3>\n<p>Wir maximieren die Zug\u00e4nglichkeit und den Komfort des Internets und mobiler Technologien, um die Projektabl\u00e4ufe zu optimieren. \u00dcber Verztec Xtranet haben alle Beteiligten kontinuierlich Zugriff auf Projektdetails und Status, was Transparenz und Abstimmung f\u00f6rdert.<\/p>\n<h3 class=\"title-normal\">Struktur:<\/h3>\n<p>Die Verztec-Teammitglieder bleiben w\u00e4hrend des gesamten Projektzyklus proaktiv engagiert. Sie reagieren schnell auf \u00c4nderungen und bieten notwendige Unterst\u00fctzung, um einen reibungslosen Projektablauf und Kundenzufriedenheit sicherzustellen.<\/p>\n<p>Neben unseren starken Lokalisierungsf\u00e4higkeiten ist Verztec auch im Projektmanagement f\u00fcr E-Learning-Initiativen f\u00fchrend. Wir sind spezialisiert auf die Bereitstellung ma\u00dfgeschneiderter LMS-Plattformen, die Lizenzierung und Anpassung einsatzbereiter Schulungsinhalte sowie die Digitalisierung interner Schulungsprogramme f\u00fcr globale Zielgruppen in mehreren Sprachen.<\/p>\n<p>Arbeiten Sie mit Verztec zusammen, um umfassende Projektmanagement-Expertise zu erleben, die sowohl auf Lokalisierung als auch auf digitale Lernl\u00f6sungen zugeschnitten ist. Kontaktieren Sie uns unter <a href=\"mailto:enquiry@verztec.com\">enquiry@verztec.com<\/a>, um zu erfahren, wie wir Ihre globalen Kommunikations- und Schulungsstrategien effektiv optimieren k\u00f6nnen.<\/p>\n","protected":false},"excerpt":{"rendered":"<p>Lokalisierung ist ein komplexer Prozess, der mehrere Ebenen umfasst und eine nahtlose Koordination zwischen globalen Teams erfordert. Bei Verztec stellen wir den Projekterfolg durch unser engagiertes Projektmanagement-Team sicher, das aus&hellip;<\/p>\n","protected":false},"author":1,"featured_media":2031,"parent":0,"menu_order":7,"comment_status":"closed","ping_status":"closed","template":"","meta":{"footnotes":""},"class_list":["post-24","page","type-page","status-publish","has-post-thumbnail","hentry"],"_links":{"self":[{"href":"https:\/\/www.verztec.com\/wp-json\/wp\/v2\/pages\/24"}],"collection":[{"href":"https:\/\/www.verztec.com\/wp-json\/wp\/v2\/pages"}],"about":[{"href":"https:\/\/www.verztec.com\/wp-json\/wp\/v2\/types\/page"}],"author":[{"embeddable":true,"href":"https:\/\/www.verztec.com\/wp-json\/wp\/v2\/users\/1"}],"replies":[{"embeddable":true,"href":"https:\/\/www.verztec.com\/wp-json\/wp\/v2\/comments?post=24"}],"version-history":[{"count":1,"href":"https:\/\/www.verztec.com\/wp-json\/wp\/v2\/pages\/24\/revisions"}],"predecessor-version":[{"id":2055,"href":"https:\/\/www.verztec.com\/wp-json\/wp\/v2\/pages\/24\/revisions\/2055"}],"wp:featuredmedia":[{"embeddable":true,"href":"https:\/\/www.verztec.com\/wp-json\/wp\/v2\/media\/2031"}],"wp:attachment":[{"href":"https:\/\/www.verztec.com\/wp-json\/wp\/v2\/media?parent=24"}],"curies":[{"name":"wp","href":"https:\/\/api.w.org\/{rel}","templated":true}]}}