{"id":608,"date":"2009-06-26T08:23:52","date_gmt":"2009-06-26T08:23:52","guid":{"rendered":"http:\/\/staging.verztec.com\/verztec\/privacy-policy-2\/"},"modified":"2025-06-11T05:53:59","modified_gmt":"2025-06-11T05:53:59","slug":"privacy-policy-2","status":"publish","type":"page","link":"https:\/\/www.verztec.com\/privacy-policy-2","title":{"rendered":"Datenschutzrichtlinie"},"content":{"rendered":"<p>Diese Website wird von Verztec Consulting Pte Ltd verwaltet.<\/p>\n<p>Im Folgenden erhalten Sie einen \u00dcberblick dar\u00fcber, wie wir Ihre Privatsph\u00e4re w\u00e4hrend Ihres Besuchs sch\u00fctzen.<\/p>\n<p style=\"height: 5px;\">\u00a0<\/p>\n<p><strong>Welche Informationen sammeln wir?<\/strong><\/p>\n<p>Auf verztec.com werden Informationen auf zwei Arten gesammelt: (1) indirekt (zum Beispiel durch die Technologie unserer Website) und (2) direkt (zum Beispiel, wenn Sie Informationen auf verschiedenen Seiten von verztec.com angeben).<\/p>\n<p>Ein Beispiel f\u00fcr Informationen, die wir indirekt sammeln, sind unsere Internetzugriffsprotokolle. Wenn Sie verztec.com besuchen, wird Ihre Internetadresse automatisch erfasst und in unseren Internetzugriffsprotokollen gespeichert.<\/p>\n<p>Wir sammeln Informationen direkt von Ihnen auf verschiedene Weise, von denen einige in dieser Datenschutzerkl\u00e4rung beschrieben sind. Eine M\u00f6glichkeit besteht in der Verwendung von Cookies. Cookies sind kleine Informationsdateien, die Informationen \u00fcber Ihren Besuch auf verztec.com speichern und abrufen \u2013 zum Beispiel, wie Sie auf unsere Website gelangt sind, wie Sie sich durch die Website bewegt haben und welche Informationen Sie interessiert haben. Die von uns verwendeten Cookies identifizieren Sie lediglich als eine Nummer. (Falls Sie sich unwohl f\u00fchlen, Cookies zu verwenden, beachten Sie bitte, dass Sie Cookies in den Einstellungen oder Optionen Ihres Browsers deaktivieren k\u00f6nnen.)<\/p>\n<p>Wir sammeln auch Informationen, wenn Sie diese freiwillig an uns \u00fcbermitteln. Auf unserer Website bieten wir Ihnen die M\u00f6glichkeit, sich f\u00fcr eine Veranstaltung oder Konferenz zu registrieren, ein Whitepaper zu bestellen oder an einer Online-Umfrage teilzunehmen. Wenn wir solche Informationen sammeln, werden wir Sie dar\u00fcber informieren, warum wir die Informationen anfordern und wie diese verwendet werden. Es liegt ganz bei Ihnen, ob Sie die Informationen bereitstellen m\u00f6chten oder nicht.<\/p>\n<p style=\"height: 5px;\">\u00a0<\/p>\n<p><strong>Wie verwenden wir diese Informationen?<\/strong><\/p>\n<p>Wir analysieren diese Informationen, um festzustellen, was auf unserer Website am effektivsten ist, um Wege zur Verbesserung zu finden und letztendlich zu entscheiden, wie wir verztec.com so anpassen k\u00f6nnen, dass es effektiver wird. Wir k\u00f6nnen die Daten auch f\u00fcr andere Zwecke verwenden, die wir Ihnen zum Zeitpunkt der Erhebung der Informationen beschreiben.<\/p>\n<p style=\"height: 5px;\">\u00a0<\/p>\n<p><strong>Werden wir diese Informationen mit externen Parteien teilen?<\/strong><\/p>\n<p>Als globales Unternehmen k\u00f6nnen die von uns gesammelten Daten international innerhalb der weltweiten Organisation von Verztec \u00fcbertragen werden. Wir werden keine individuellen Informationen verkaufen und sie nur mit unseren Beratern teilen. Es wird andere F\u00e4lle geben, in denen wir Informationen teilen m\u00fcssen, zum Beispiel bei einer Veranstaltung, bei der wir unserem Caterer Informationen \u00fcber Essenspr\u00e4ferenzen bereitstellen m\u00fcssen. Aber auch hier werden wir Sie vor der \u00dcbermittlung von Informationen dar\u00fcber informieren, warum wir diese Informationen anfordern, und es liegt ganz bei Ihnen, ob Sie diese bereitstellen m\u00f6chten oder nicht.<\/p>\n<p style=\"height: 5px;\">\u00a0<\/p>\n<p><strong>Was ist mit sensiblen pers\u00f6nlichen Daten?<\/strong><\/p>\n<p>Wir versuchen in der Regel nicht, \u00fcber diese Website sensible pers\u00f6nliche Daten zu erfassen. Wenn wir solche Daten erfassen m\u00f6chten, werden wir Sie um Ihre Zustimmung zur vorgeschlagenen Nutzung der Daten bitten.<\/p>\n<p style=\"height: 5px;\">\u00a0<\/p>\n<p><strong>Wie sieht es mit der Datensicherheit aus?<\/strong><\/p>\n<p>Wir ergreifen geeignete Ma\u00dfnahmen, um die Sicherheit Ihrer Daten auf verztec.com zu gew\u00e4hrleisten. Sie sollten verstehen, dass die offene Natur des Internets dazu f\u00fchren kann, dass Daten ohne Sicherheitsma\u00dfnahmen \u00fcber Netzwerke flie\u00dfen und von Personen eingesehen und verwendet werden k\u00f6nnen, f\u00fcr die sie nicht bestimmt sind.<\/p>\n<p>Wenn Sie w\u00e4hrend Ihres Besuchs oder danach Fragen haben, kontaktieren Sie uns bitte.<\/p>\n","protected":false},"excerpt":{"rendered":"<p>Diese Website wird von Verztec Consulting Pte Ltd verwaltet. Im Folgenden erhalten Sie einen \u00dcberblick dar\u00fcber, wie wir Ihre Privatsph\u00e4re w\u00e4hrend Ihres Besuchs sch\u00fctzen. \u00a0 Welche Informationen sammeln wir? Auf&hellip;<\/p>\n","protected":false},"author":1,"featured_media":2033,"parent":0,"menu_order":13,"comment_status":"closed","ping_status":"closed","template":"","meta":{"footnotes":""},"class_list":["post-608","page","type-page","status-publish","has-post-thumbnail","hentry"],"_links":{"self":[{"href":"https:\/\/www.verztec.com\/wp-json\/wp\/v2\/pages\/608"}],"collection":[{"href":"https:\/\/www.verztec.com\/wp-json\/wp\/v2\/pages"}],"about":[{"href":"https:\/\/www.verztec.com\/wp-json\/wp\/v2\/types\/page"}],"author":[{"embeddable":true,"href":"https:\/\/www.verztec.com\/wp-json\/wp\/v2\/users\/1"}],"replies":[{"embeddable":true,"href":"https:\/\/www.verztec.com\/wp-json\/wp\/v2\/comments?post=608"}],"version-history":[{"count":1,"href":"https:\/\/www.verztec.com\/wp-json\/wp\/v2\/pages\/608\/revisions"}],"predecessor-version":[{"id":4266,"href":"https:\/\/www.verztec.com\/wp-json\/wp\/v2\/pages\/608\/revisions\/4266"}],"wp:featuredmedia":[{"embeddable":true,"href":"https:\/\/www.verztec.com\/wp-json\/wp\/v2\/media\/2033"}],"wp:attachment":[{"href":"https:\/\/www.verztec.com\/wp-json\/wp\/v2\/media?parent=608"}],"curies":[{"name":"wp","href":"https:\/\/api.w.org\/{rel}","templated":true}]}}