{"id":612,"date":"2009-07-31T04:06:05","date_gmt":"2009-07-31T04:06:05","guid":{"rendered":"http:\/\/staging.verztec.com\/verztec\/iso-90012015\/"},"modified":"2024-10-02T02:21:15","modified_gmt":"2024-10-02T02:21:15","slug":"iso-90012015","status":"publish","type":"page","link":"https:\/\/www.verztec.com\/iso-90012015","title":{"rendered":"ISO 9001:2015"},"content":{"rendered":"<p>Verztecs Engagement f\u00fcr Qualit\u00e4t: ISO 9001:2015 Zertifizierung<\/p>\n<p>Seit dem 24. Dezember 2007 ist Verztec Consulting Pte Ltd nach ISO 9001:2008 zertifiziert und hat 2016 erfolgreich auf die ISO 9001:2015 Zertifizierung umgestellt. Diese renommierte Zertifizierung spiegelt unser kontinuierliches Engagement f\u00fcr Qualit\u00e4tsmanagement und Kundenzufriedenheit wider.<\/p>\n<p><img decoding=\"async\" class=\"size-full wp-image-609\" src=\"https:\/\/www.verztec.com\/wp-content\/uploads\/2009\/07\/iso-logo.gif\" alt=\"\" width=\"200\" border=\"0\" \/><\/p>\n<p>\u00a0<\/p>\n<h3 class=\"title-normal\">Was ist ISO 9001:2015?<\/h3>\n<p>Die Internationale Organisation f\u00fcr Normung (ISO) ist ein weltweit anerkanntes Netzwerk, das aus 157 nationalen Normungsinstituten besteht und seinen Hauptsitz in Genf, Schweiz, hat. Die ISO 9000-Reihe repr\u00e4sentiert eine Familie von Managementsystemstandards, die sich haupts\u00e4chlich auf Qualit\u00e4tsmanagement konzentrieren. Der Erhalt der ISO 9001:2015 Zertifizierung bedeutet, dass eine Organisation ihre F\u00e4higkeit bewiesen hat, konsequent Produkte und Dienstleistungen zu liefern, die die Erwartungen der Kunden erf\u00fcllen oder \u00fcbertreffen.<\/p>\n<p>Obwohl die ISO-Zertifizierung freiwillig ist, dient sie als klares Zeichen f\u00fcr das Engagement eines Unternehmens zur Qualit\u00e4tsverbesserung und Einhaltung international anerkannter Standards.<\/p>\n<p>\u00a0<\/p>\n<h3 class=\"title-normal\">Vorteile der ISO 9001:2015 f\u00fcr unsere Kunden<\/h3>\n<p>Die ISO 9001:2015 Zertifizierung bietet eine unabh\u00e4ngige Best\u00e4tigung, dass die Prozesse von Verztec von h\u00f6chster Qualit\u00e4t sind und konsequent im gesamten Unternehmen angewendet werden. Diese strikte Einhaltung internationaler Standards stellt sicher, dass unsere Kunden herausragende Dienstleistungen und Produkte erhalten.<\/p>\n<p>Durch die Umsetzung strenger Ma\u00dfnahmen und die kontinuierliche Verfeinerung unserer Prozesse ist Verztec bestrebt, erstklassige Qualit\u00e4t zu liefern und eine Kultur der kontinuierlichen Verbesserung zu f\u00f6rdern. Unsere ISO-Zertifizierung versichert unseren Kunden, dass wir ihre Bed\u00fcrfnisse priorisieren und unsere Servicebereitstellung kontinuierlich verbessern.<\/p>\n<p>\u00a0<\/p>\n<h3 class=\"title-normal\">Verztecs Qualit\u00e4tspolitik<\/h3>\n<p>Bei Verztec Consulting Pte Ltd engagieren sich unser Management und unsere Mitarbeiter f\u00fcr eine erh\u00f6hte Kundenzufriedenheit und die kontinuierliche Verbesserung unseres Qualit\u00e4tsmanagementsystems. Wir legen Wert auf p\u00fcnktliche Lieferung und qualitativ hochwertigen Service, damit unsere Kunden sich auf hervorragende Ergebnisse verlassen k\u00f6nnen.<\/p>\n<p>Zusammengefasst best\u00e4tigt unsere ISO 9001:2015 Zertifizierung nicht nur unser Engagement f\u00fcr Qualit\u00e4t, sondern st\u00e4rkt auch unsere Mission, unsere Kunden mit Exzellenz und Integrit\u00e4t zu bedienen.<\/p>\n<p>\u00a0<\/p>\n<p align=\"center\"><a href=\"https:\/\/www.verztec.com\/wp-content\/uploads\/2009\/07\/cert_big.jpg\" target=\"_blank\" rel=\"noopener\"><img decoding=\"async\" src=\"https:\/\/www.verztec.com\/wp-content\/uploads\/2009\/07\/cert.jpg\" alt=\"zum Vergr\u00f6\u00dfern klicken\" width=\"150\" border=\"0\" \/><\/a><\/p>\n<p style=\"text-align: center;\">Bitte klicken Sie auf das obenstehende Thumbnail, um die Originalversion des ISO 9001:2015 Zertifikats von Verztec zu sehen.<\/p>\n","protected":false},"excerpt":{"rendered":"<p>Verztecs Engagement f\u00fcr Qualit\u00e4t: ISO 9001:2015 Zertifizierung Seit dem 24. Dezember 2007 ist Verztec Consulting Pte Ltd nach ISO 9001:2008 zertifiziert und hat 2016 erfolgreich auf die ISO 9001:2015 Zertifizierung&hellip;<\/p>\n","protected":false},"author":1,"featured_media":2024,"parent":0,"menu_order":19,"comment_status":"closed","ping_status":"closed","template":"","meta":{"footnotes":""},"class_list":["post-612","page","type-page","status-publish","has-post-thumbnail","hentry"],"_links":{"self":[{"href":"https:\/\/www.verztec.com\/wp-json\/wp\/v2\/pages\/612"}],"collection":[{"href":"https:\/\/www.verztec.com\/wp-json\/wp\/v2\/pages"}],"about":[{"href":"https:\/\/www.verztec.com\/wp-json\/wp\/v2\/types\/page"}],"author":[{"embeddable":true,"href":"https:\/\/www.verztec.com\/wp-json\/wp\/v2\/users\/1"}],"replies":[{"embeddable":true,"href":"https:\/\/www.verztec.com\/wp-json\/wp\/v2\/comments?post=612"}],"version-history":[{"count":1,"href":"https:\/\/www.verztec.com\/wp-json\/wp\/v2\/pages\/612\/revisions"}],"predecessor-version":[{"id":2093,"href":"https:\/\/www.verztec.com\/wp-json\/wp\/v2\/pages\/612\/revisions\/2093"}],"wp:featuredmedia":[{"embeddable":true,"href":"https:\/\/www.verztec.com\/wp-json\/wp\/v2\/media\/2024"}],"wp:attachment":[{"href":"https:\/\/www.verztec.com\/wp-json\/wp\/v2\/media?parent=612"}],"curies":[{"name":"wp","href":"https:\/\/api.w.org\/{rel}","templated":true}]}}