{"id":620,"date":"2009-07-31T04:25:55","date_gmt":"2009-07-31T04:25:55","guid":{"rendered":"http:\/\/staging.verztec.com\/verztec\/industry-associations\/"},"modified":"2025-02-10T08:38:27","modified_gmt":"2025-02-10T08:38:27","slug":"industry-associations","status":"publish","type":"page","link":"https:\/\/www.verztec.com\/industry-associations","title":{"rendered":"Handelsverb\u00e4nde und Kammern"},"content":{"rendered":"<p>Als bevorzugter Partner f\u00fcr Unternehmen, die global expandieren und auf internationalen M\u00e4rkten erfolgreich sein m\u00f6chten, bietet Verztec digitale Lernl\u00f6sungen und professionelle \u00dcbersetzungsdienste f\u00fcr alle Arten der Kommunikation, einschlie\u00dflich Online-Inhalte, Schulungsmaterialien, juristische Dokumente und Webressourcen. Wir sind stolz darauf, Mitglied mehrerer anerkannter Branchenorganisationen zu sein, die mittelst\u00e4ndische und gro\u00dfe Unternehmen aus verschiedenen Sektoren vertreten.<\/p>\n<table class=\"industry_associations\" border=\"0\" width=\"100%\" cellspacing=\"0\" cellpadding=\"0\">\n<tbody>\n<tr>\n<td valign=\"top\" style=\"width: 250px;\"><img loading=\"lazy\" decoding=\"async\" class=\"alignleft size-full wp-image-619\" src=\"https:\/\/www.verztec.com\/wp-content\/uploads\/2009\/07\/sneflogo.gif\" alt=\"\" width=\"170\" height=\"39\" align=\"left\" border=\"0\" \/><\/td>\n<td class=\"s2\">Der Singapurische Arbeitgeberverband (SNEF) ist eine nach dem Gewerkschaftsgesetz registrierte Gewerkschaft. Er vertritt die Interessen der Arbeitgeber in allen Wirtschaftssektoren und fungiert als Gegenst\u00fcck zum Nationalen Gewerkschaftskongress (NTUC). SNEF unterst\u00fctzt sowohl gewerkschaftlich organisierte als auch nicht organisierte Unternehmen bei der Verbesserung der Harmonie in den Arbeitsbeziehungen, der Produktivit\u00e4t und der Wettbewerbsf\u00e4higkeit auf Unternehmensebene.<\/td>\n<\/tr>\n<tr>\n<td valign=\"top\" style=\"width: 250px;\"><img decoding=\"async\" class=\"alignleft size-full wp-image-617\" src=\"https:\/\/www.verztec.com\/wp-content\/uploads\/2009\/07\/sicclogo.png\" alt=\"\" width=\"170\" align=\"left\" border=\"0\" \/><\/td>\n<td class=\"s2\">Die Internationale Handelskammer Singapurs (SICC) wurde 1837 gegr\u00fcndet und vertritt einige der gr\u00f6\u00dften internationalen Konzerne und f\u00fchrenden Unternehmen Singapurs. Durch die Zusammenarbeit mit politischen Entscheidungstr\u00e4gern und wichtigen Interessengruppen verschafft die SICC ihren Mitgliedern einen Wettbewerbsvorteil in der sich schnell ver\u00e4ndernden Wirtschaft. Sie vereint Mitglieder aus \u00fcber 40 Nationen und 20 Branchen mit dem gemeinsamen Ziel, Singapur als f\u00fchrende globale Gesch\u00e4ftsplattform zu erhalten.<\/td>\n<\/tr>\n<tr>\n<td valign=\"top\" style=\"width: 250px;\"><img decoding=\"async\" class=\"alignleft size-full wp-image-616\" src=\"https:\/\/www.verztec.com\/wp-content\/uploads\/2009\/07\/eurocham.png\" alt=\"\" width=\"170\" align=\"left\" border=\"0\" \/><\/td>\n<td class=\"s2\">Die Europ\u00e4ische Handelskammer Singapur (EuroCham Singapore) vertritt die gemeinsamen Interessen der europ\u00e4ischen Gesch\u00e4ftswelt, indem sie den Handel, Dienstleistungen und Investitionen zwischen Europa, Singapur und der Region f\u00f6rdert. EuroCham ist ein einzigartiges Netzwerk europ\u00e4ischer und lokaler Unternehmen, Vertreter europ\u00e4ischer nationaler Handelskammern in Singapur sowie strategischer Partner wie Universit\u00e4ten und Branchenverb\u00e4nde.<\/td>\n<\/tr>\n<tr>\n<td valign=\"top\" style=\"width: 250px;\"><img decoding=\"async\" class=\"alignleft size-full wp-image-618\" src=\"https:\/\/www.verztec.com\/wp-content\/uploads\/2009\/07\/sbflogo.gif\" alt=\"\" width=\"170\" align=\"left\" border=\"0\" \/><\/td>\n<td class=\"s2\">Der Singapurische Unternehmensverband (SBF) wurde 2002 gegr\u00fcndet und ist die f\u00fchrende Wirtschaftskammer, die sich f\u00fcr die Interessen der Gesch\u00e4ftswelt Singapurs in den Bereichen Handel, Investitionen und industrielle Beziehungen einsetzt. SBF fungiert als Br\u00fccke zwischen Regierung und Unternehmen in Singapur, um ein unternehmensfreundliches Umfeld zu schaffen und zu verbessern. Er vertritt mehr als 19.000 Unternehmen sowie nationale und internationale Handelskammern und f\u00fchrende Branchenverb\u00e4nde.<\/td>\n<\/tr>\n<tr>\n<td valign=\"top\" style=\"width: 250px;\"><img decoding=\"async\" class=\"alignleft size-full wp-image-618\" src=\"https:\/\/www.verztec.com\/wp-content\/uploads\/2025\/02\/SHRI-logo.png\" alt=\"\" width=\"170\" align=\"left\" border=\"0\" \/><\/td>\n<td class=\"s2\">Das Singapore Human Resources Institute (SHRI) ist die f\u00fchrende Fachorganisation f\u00fcr Personalverantwortliche in Singapur und setzt sich f\u00fcr die Weiterentwicklung der HR-Berufsgruppe ein. Es bietet eine breite Palette an Ressourcen, Schulungsprogrammen und Networking-M\u00f6glichkeiten, um HR-F\u00fchrungskr\u00e4fte in ihrer beruflichen Entwicklung zu unterst\u00fctzen.<\/td>\n<\/tr>\n<tr>\n<td valign=\"top\" style=\"width: 250px;\"><img decoding=\"async\" class=\"alignleft size-full wp-image-614\" src=\"https:\/\/www.verztec.com\/wp-content\/uploads\/2009\/07\/GALA_small.gif\" alt=\"\" width=\"170\" align=\"left\" border=\"0\" \/><\/td>\n<td class=\"s2\">Die Globalization and Localization Association (GALA) ist eine gemeinn\u00fctzige, internationale Branchenorganisation f\u00fcr die \u00dcbersetzungs-, Internationalisierungs-, Lokalisierungs- und Globalisierungsbranche. Die Vereinigung bietet ihren Mitgliedern eine gemeinsame Plattform zur Diskussion von Branchenthemen, zur Entwicklung innovativer L\u00f6sungen, zur F\u00f6rderung der Branche und zur Schaffung eines einzigartigen kooperativen Mehrwerts f\u00fcr Kunden.<\/td>\n<\/tr>\n<tr>\n<td valign=\"top\" style=\"width: 250px;\"><img decoding=\"async\" class=\"alignleft size-full wp-image-615\" src=\"https:\/\/www.verztec.com\/wp-content\/uploads\/2009\/07\/alcuslogo.gif\" alt=\"\" width=\"170\" align=\"left\" border=\"0\" \/><\/td>\n<td class=\"s2\">Die Association of Language Companies (ALC) wurde 2002 gegr\u00fcndet und ist eine einzigartige nationale Handelsorganisation, die Unternehmen vertritt, die \u00dcbersetzungs-, Dolmetsch-, Lokalisierungs- und Sprachschulungsdienste anbieten. Diese Organisation bietet aktuelle Informationen zu bew\u00e4hrten Gesch\u00e4ftspraktiken, erm\u00f6glicht den Austausch von Ideen unter erfahrenen Fachleuten und sensibilisiert die \u00d6ffentlichkeit f\u00fcr die \u00dcbersetzungs- und Lokalisierungsbranche.<\/td>\n<\/tr>\n<\/tbody>\n<\/table>\n","protected":false},"excerpt":{"rendered":"<p>Als bevorzugter Partner f\u00fcr Unternehmen, die global expandieren und auf internationalen M\u00e4rkten erfolgreich sein m\u00f6chten, bietet Verztec digitale Lernl\u00f6sungen und professionelle \u00dcbersetzungsdienste f\u00fcr alle Arten der Kommunikation, einschlie\u00dflich Online-Inhalte, Schulungsmaterialien,&hellip;<\/p>\n","protected":false},"author":1,"featured_media":2024,"parent":0,"menu_order":17,"comment_status":"closed","ping_status":"closed","template":"","meta":{"footnotes":""},"class_list":["post-620","page","type-page","status-publish","has-post-thumbnail","hentry"],"_links":{"self":[{"href":"https:\/\/www.verztec.com\/wp-json\/wp\/v2\/pages\/620"}],"collection":[{"href":"https:\/\/www.verztec.com\/wp-json\/wp\/v2\/pages"}],"about":[{"href":"https:\/\/www.verztec.com\/wp-json\/wp\/v2\/types\/page"}],"author":[{"embeddable":true,"href":"https:\/\/www.verztec.com\/wp-json\/wp\/v2\/users\/1"}],"replies":[{"embeddable":true,"href":"https:\/\/www.verztec.com\/wp-json\/wp\/v2\/comments?post=620"}],"version-history":[{"count":20,"href":"https:\/\/www.verztec.com\/wp-json\/wp\/v2\/pages\/620\/revisions"}],"predecessor-version":[{"id":4121,"href":"https:\/\/www.verztec.com\/wp-json\/wp\/v2\/pages\/620\/revisions\/4121"}],"wp:featuredmedia":[{"embeddable":true,"href":"https:\/\/www.verztec.com\/wp-json\/wp\/v2\/media\/2024"}],"wp:attachment":[{"href":"https:\/\/www.verztec.com\/wp-json\/wp\/v2\/media?parent=620"}],"curies":[{"name":"wp","href":"https:\/\/api.w.org\/{rel}","templated":true}]}}