{"id":678,"date":"2009-07-31T04:29:06","date_gmt":"2009-07-31T04:29:06","guid":{"rendered":"http:\/\/staging.verztec.com\/verztec\/investors\/"},"modified":"2024-10-29T06:26:33","modified_gmt":"2024-10-29T06:26:33","slug":"investors","status":"publish","type":"page","link":"https:\/\/www.verztec.com\/investors","title":{"rendered":"Investor Relations"},"content":{"rendered":"\r\n<p>Bei Verztec legen wir gro\u00dfen Wert auf transparente Kommunikation und ein unersch\u00fctterliches Engagement, unsere Versprechen zu halten, was uns das Vertrauen unserer Investoren einbringt. Unsere Erfolgsbilanz zeigt eine best\u00e4ndige Leistung durch hohe Wachstumsraten und das erfolgreiche Erreichen unserer finanziellen Ziele.<\/p>\r\n\r\n\r\n\r\n<p>Da sich Unternehmen zunehmend globalisieren und in ausl\u00e4ndische M\u00e4rkte expandieren, wird die Nachfrage nach Lokalisierungsdiensten in den kommenden Jahren voraussichtlich stark steigen. Dies bietet solide Chancen f\u00fcr kontinuierliches Wachstum und Innovation in unserem Sektor. Dar\u00fcber hinaus positioniert der Wandel hin zu digitalen Lernl\u00f6sungen Verztec an der Spitze eines sich schnell entwickelnden Marktes mit erheblichem Wachstumspotenzial im Bereich eLearning und Online-Schulungen.<\/p>\r\n\r\n\r\n\r\n<p>Verztec ist ein dynamisches und schnell wachsendes Technologieunternehmen, und wir laden Sie ein, Teil unserer Reise zu werden. Ihre Investition kann uns helfen, unsere Mission weiter voranzutreiben und aufkommende Marktchancen sowohl im Bereich der Lokalisierung als auch des digitalen Lernens zu nutzen.<\/p>\r\n\r\n\r\n\r\n<p>Interessierte Investoren k\u00f6nnen uns gerne unter <a class=\"blue\" href=\"mailto:invest@verztec.com\">invest@verztec.com<\/a> kontaktieren, um weitere Informationen zu potenziellen Investitionsm\u00f6glichkeiten zu erhalten.<\/p>\r\n<p>&nbsp;<\/p>\r\n\r\n\r\n\r\n<h3 class=\"wp-block-heading title-normal\">Strategische Partnerschaft: Grandiose Pte Ltd<\/h3>\r\n\r\n\r\n\r\n<figure class=\"wp-block-image\"><img loading=\"lazy\" decoding=\"async\" width=\"331\" height=\"60\" src=\"https:\/\/www.verztec.com\/wp-content\/uploads\/2009\/07\/grandiose.jpg\" alt=\"grandiose\" class=\"wp-image-677\" title=\"Grandiose\" srcset=\"https:\/\/www.verztec.com\/wp-content\/uploads\/2009\/07\/grandiose.jpg 331w, https:\/\/www.verztec.com\/wp-content\/uploads\/2009\/07\/grandiose-300x54.jpg 300w\" sizes=\"(max-width: 331px) 100vw, 331px\" \/><\/figure>\r\n\r\n\r\n\r\n<p><\/p>\r\n\r\n\r\n\r\n<p>Grandiose Pte Ltd ist ein wichtiger Unternehmensinvestor von Verztec Consulting Pte Ltd. Mit einer starken Pr\u00e4senz in der Versicherungsbranche spezialisiert sich Grandiose auf die Organisation von Versicherungen f\u00fcr Unternehmen, die an Projekten beteiligt sind, die sowohl von \u00f6ffentlichen als auch privaten Einrichtungen vergeben werden. Zu ihrem angesehenen Kundenstamm geh\u00f6ren multinationale Konzerne wie Qing Jian Group, Shanghai Tunnel, Samsung C&amp;T Corporation und andere.<\/p>\r\n\r\n\r\n\r\n<p>Um mehr \u00fcber Grandiose und deren umfangreiche Dienstleistungen zu erfahren, besuchen Sie bitte <a class=\"blue\" href=\"http:\/\/www.grandiose.com.sg\" target=\"_BLANK\" rel=\"noopener\">http:\/\/www.grandiose.com.sg<\/a>.<\/p>\r\n\r\n\r\n\r\n<p>Gemeinsam freuen wir uns darauf, neue H\u00f6hen zu erreichen und langfristige Beziehungen zu unseren Investoren aufzubauen. Vielen Dank, dass Sie Verztec als wertvolle Erg\u00e4nzung zu Ihrem Anlageportfolio in Betracht ziehen.<\/p>\r\n\r\n","protected":false},"excerpt":{"rendered":"<p>Bei Verztec legen wir gro\u00dfen Wert auf transparente Kommunikation und ein unersch\u00fctterliches Engagement, unsere Versprechen zu halten, was uns das Vertrauen unserer Investoren einbringt. Unsere Erfolgsbilanz zeigt eine best\u00e4ndige Leistung&hellip;<\/p>\n","protected":false},"author":1,"featured_media":2024,"parent":0,"menu_order":18,"comment_status":"closed","ping_status":"closed","template":"","meta":{"footnotes":""},"class_list":["post-678","page","type-page","status-publish","has-post-thumbnail","hentry"],"_links":{"self":[{"href":"https:\/\/www.verztec.com\/wp-json\/wp\/v2\/pages\/678"}],"collection":[{"href":"https:\/\/www.verztec.com\/wp-json\/wp\/v2\/pages"}],"about":[{"href":"https:\/\/www.verztec.com\/wp-json\/wp\/v2\/types\/page"}],"author":[{"embeddable":true,"href":"https:\/\/www.verztec.com\/wp-json\/wp\/v2\/users\/1"}],"replies":[{"embeddable":true,"href":"https:\/\/www.verztec.com\/wp-json\/wp\/v2\/comments?post=678"}],"version-history":[{"count":3,"href":"https:\/\/www.verztec.com\/wp-json\/wp\/v2\/pages\/678\/revisions"}],"predecessor-version":[{"id":2826,"href":"https:\/\/www.verztec.com\/wp-json\/wp\/v2\/pages\/678\/revisions\/2826"}],"wp:featuredmedia":[{"embeddable":true,"href":"https:\/\/www.verztec.com\/wp-json\/wp\/v2\/media\/2024"}],"wp:attachment":[{"href":"https:\/\/www.verztec.com\/wp-json\/wp\/v2\/media?parent=678"}],"curies":[{"name":"wp","href":"https:\/\/api.w.org\/{rel}","templated":true}]}}