{"id":679,"date":"2009-07-31T04:30:48","date_gmt":"2009-07-31T04:30:48","guid":{"rendered":"http:\/\/staging.verztec.com\/verztec\/employment-opportunities\/"},"modified":"2024-11-15T07:38:06","modified_gmt":"2024-11-15T07:38:06","slug":"employment-opportunities","status":"publish","type":"page","link":"https:\/\/www.verztec.com\/employment-opportunities","title":{"rendered":"Besch\u00e4ftigungsm\u00f6glichkeiten"},"content":{"rendered":"<style>\n    a:hover {\n        cursor: pointer;\n    }\n<\/style>\n<p>Bei Verztec sind wir darauf spezialisiert, Unternehmen dabei zu helfen, globale M\u00e4rkte zu erschlie\u00dfen und international erfolgreich zu sein. Egal, ob Sie Ihr Gesch\u00e4ft ausweiten oder Produkte und Dienstleistungen exportieren m\u00f6chten \u2013 wir stehen Ihnen zur Seite.<\/p>\n<p>Mit Hauptsitz in Singapur und Niederlassungen weltweit unterst\u00fctzt Verztec einige der f\u00fchrenden Unternehmen der Welt bei der Entwicklung, Lokalisierung, Ver\u00f6ffentlichung und Pflege ihrer globalen Marketing- und Unternehmenskommunikation sowie bei der globalen Schulung in \u00fcber 100 Sprachen.<\/p>\n<h3 class=\"title-normal\">Unsere Kunden und Auszeichnungen<\/h3>\n<p>Verztec unterst\u00fctzt stolz ein Drittel der Unternehmen aus der Fortune 500-Liste, darunter IBM, HP, Microsoft, Citibank, Rolls Royce Motors, P&#038;G, Honeywell, McDonald&#8217;s Corporation, UBS und Unilever. Wir wurden von der Business Times, der Sunday Times und Lianhe ZaoBao als eines der erfolgreichsten Unternehmen Singapurs ausgezeichnet. Zu unseren renommierten Auszeichnungen geh\u00f6ren der Spirit of Enterprise Award, der Singapore Prestige Brand Award und der Promising SME 500 Award.<\/p>\n<h3 class=\"title-normal\">Unsere Philosophie<\/h3>\n<p>Wir glauben, dass unser Erfolg auf den starken Beziehungen zu unseren Mitarbeitern, unserem Engagement f\u00fcr exzellenten Kundenservice und unserem Bestreben beruht, als dynamisches Team erstklassige Ergebnisse zu liefern.<\/p>\n<h3 class=\"title-normal\">Warum Verztec beitreten?<\/h3>\n<p>Interessiert, unserem Team beizutreten? Hier sind die Gr\u00fcnde, warum Verztec der perfekte Ort f\u00fcr Ihre Karriere sein k\u00f6nnte:<\/p>\n<ul>\n<li><strong>Starke Teamkultur:<\/strong> Wir sch\u00e4tzen enge Beziehungen und Teamarbeit.<\/li>\n<li><strong>Exzellenter Kundenservice:<\/strong> Wir sind bestrebt, herausragende Ergebnisse zu liefern.<\/li>\n<li><strong>Globale Chancen:<\/strong> Arbeiten Sie mit f\u00fchrenden Unternehmen auf der ganzen Welt zusammen.<\/li>\n<li><strong>Berufliches Wachstum:<\/strong> Wir bieten kontinuierliche Lern- und Entwicklungsm\u00f6glichkeiten, um Ihre Karriere voranzutreiben.<\/li>\n<li><strong>Innovatives Umfeld:<\/strong> Werden Sie Teil eines dynamischen Unternehmens, das neue Ideen und Technologien annimmt.<\/li>\n<\/ul>\n<h3 class=\"title-normal\">Praktikumsm\u00f6glichkeiten<\/h3>\n<p>Wenn Sie Student sind und eine einzigartige Praktikumserfahrung suchen, wenden Sie sich bitte an den zust\u00e4ndigen Ansprechpartner Ihrer Hochschule, um Ihr Interesse an Verztec zu bekunden.<\/p>\n<h3 class=\"title-normal\">Berufseinsteiger<\/h3>\n<p>Berufseinsteiger sind bei Verztec herzlich willkommen! Sie profitieren von einem umfassenden Einf\u00fchrungsworkshop, praxisnaher Ausbildung und einem Mentorenprogramm. Sammeln Sie praktische Erfahrungen, kn\u00fcpfen Sie neue Kontakte und entdecken Sie Ihr volles Potenzial. Im Laufe Ihrer Entwicklung k\u00f6nnten Sie f\u00fcr Management-Entwicklungsprogramme ausgew\u00e4hlt werden, um sich auf h\u00f6here Positionen im In- oder Ausland vorzubereiten.<\/p>\n<h3 class=\"title-normal\">Karrierechancen<\/h3>\n<p>Wenn Sie ergebnisorientiert, kundenfokussiert und bereit f\u00fcr Herausforderungen sind, bietet Verztec die richtige Karrierechance f\u00fcr Sie! Entdecken Sie die verf\u00fcgbaren M\u00f6glichkeiten und schlie\u00dfen Sie sich uns an, um erstklassige L\u00f6sungen zu liefern.<\/p>\n<p>Vielen Dank, dass Sie eine Karriere bei Verztec in Betracht ziehen. Wir freuen uns darauf, Sie in unserem Team willkommen zu hei\u00dfen!<\/p>\n<p>Besuchen Sie unsere Website, um mehr dar\u00fcber zu erfahren, wie wir Ihnen helfen k\u00f6nnen, global erfolgreich zu sein.<\/p>\n<p><strong>1. <a id=\"e1\" title=\"Berater, Projektmanagement\">Berater, Projektmanagement<\/a><\/strong><\/p>\n<p><strong>2. <a id=\"e2\" title=\"Business Development Manager\">Business Development Manager<\/a><\/strong><\/p>\n<p><strong>3. <a id=\"e3\" title=\"Marketing Executive\">Marketing Executive<\/a><\/strong><\/p>\n<p><strong>4. <a id=\"e4\" title=\"Interaktiver Multimedia-Designer\">Interaktiver Multimedia-Designer<\/a><\/strong><\/p>\n<p><strong>5. <a id=\"e5\" title=\"Manager f\u00fcr Instruktionsdesign \/ Technischer Teamleiter\">Manager f\u00fcr Instruktionsdesign \/ Technischer Teamleiter<\/a><\/strong><\/p>\n<p><strong>6. <a id=\"e6\" title=\"Multimedia-\/IT-Projektkoordinator\">Multimedia-\/IT-Projektkoordinator<\/a><\/strong><\/p>\n<p><strong>7. <a id=\"e7\" title=\"Grafikdesigner\">Grafikdesigner<\/a><\/strong><\/p>\n<p><strong>8. <a id=\"e8\" title=\"Webentwickler\">Webentwickler<\/a><\/strong><\/p>\n<p><strong>9. <a title=\"Freiberufliche \u00dcbersetzer und Dolmetscher\" href=\"https:\/\/xtranet.verztec.com\/\" target=\"_blank\" rel=\"noopener\">Freiberufliche \u00dcbersetzer und Dolmetscher<\/a> <\/strong><\/p>\n<p><strong>10. <a title=\"Freiberufliche Sprecher\" href=\"https:\/\/xtranet.verztec.com\/\" target=\"_blank\" rel=\"noopener\">Freiberufliche Sprecher<\/a><\/strong><\/p>\n<p>Treten Sie noch heute dem dynamischen Team von Verztec bei, indem Sie uns Ihr CV selbstbewusst an <a href=\"mailto:hr@verztec.com\">hr@verztec.com<\/a> senden.<\/p>\n<p><script>\n  document.getElementById('e1').addEventListener('click', () => {\n    window.open('https:\/\/www.verztec.com\/wp-content\/uploads\/employment\/one.html', '_blank', 'width=800,height=600');\n  });\n  document.getElementById('e2').addEventListener('click', () => {\n    window.open('https:\/\/www.verztec.com\/wp-content\/uploads\/employment\/two.html', '_blank', 'width=800,height=600');\n  });\n  document.getElementById('e3').addEventListener('click', () => {\n    window.open('https:\/\/www.verztec.com\/wp-content\/uploads\/employment\/three.html', '_blank', 'width=800,height=600');\n  });\n  document.getElementById('e4').addEventListener('click', () => {\n    window.open('https:\/\/www.verztec.com\/wp-content\/uploads\/employment\/four.html', '_blank', 'width=800,height=600');\n  });\n  document.getElementById('e5').addEventListener('click', () => {\n    window.open('https:\/\/www.verztec.com\/wp-content\/uploads\/employment\/five.html', '_blank', 'width=800,height=600');\n  });\n  document.getElementById('e6').addEventListener('click', () => {\n    window.open('https:\/\/www.verztec.com\/wp-content\/uploads\/employment\/six.html', '_blank', 'width=800,height=600');\n  });\n  document.getElementById('e7').addEventListener('click', () => {\n    window.open('https:\/\/www.verztec.com\/wp-content\/uploads\/employment\/seven.html', '_blank', 'width=800,height=600');\n  });\n  document.getElementById('e8').addEventListener('click', () => {\n    window.open('https:\/\/www.verztec.com\/wp-content\/uploads\/employment\/eight.html', '_blank', 'width=800,height=600');\n  });\n<\/script><\/p>\n","protected":false},"excerpt":{"rendered":"<p>Bei Verztec sind wir darauf spezialisiert, Unternehmen dabei zu helfen, globale M\u00e4rkte zu erschlie\u00dfen und international erfolgreich zu sein. Egal, ob Sie Ihr Gesch\u00e4ft ausweiten oder Produkte und Dienstleistungen exportieren&hellip;<\/p>\n","protected":false},"author":1,"featured_media":2033,"parent":0,"menu_order":15,"comment_status":"closed","ping_status":"closed","template":"","meta":{"footnotes":""},"class_list":["post-679","page","type-page","status-publish","has-post-thumbnail","hentry"],"_links":{"self":[{"href":"https:\/\/www.verztec.com\/wp-json\/wp\/v2\/pages\/679"}],"collection":[{"href":"https:\/\/www.verztec.com\/wp-json\/wp\/v2\/pages"}],"about":[{"href":"https:\/\/www.verztec.com\/wp-json\/wp\/v2\/types\/page"}],"author":[{"embeddable":true,"href":"https:\/\/www.verztec.com\/wp-json\/wp\/v2\/users\/1"}],"replies":[{"embeddable":true,"href":"https:\/\/www.verztec.com\/wp-json\/wp\/v2\/comments?post=679"}],"version-history":[{"count":11,"href":"https:\/\/www.verztec.com\/wp-json\/wp\/v2\/pages\/679\/revisions"}],"predecessor-version":[{"id":3148,"href":"https:\/\/www.verztec.com\/wp-json\/wp\/v2\/pages\/679\/revisions\/3148"}],"wp:featuredmedia":[{"embeddable":true,"href":"https:\/\/www.verztec.com\/wp-json\/wp\/v2\/media\/2033"}],"wp:attachment":[{"href":"https:\/\/www.verztec.com\/wp-json\/wp\/v2\/media?parent=679"}],"curies":[{"name":"wp","href":"https:\/\/api.w.org\/{rel}","templated":true}]}}