{"id":860,"date":"2009-08-03T07:35:35","date_gmt":"2009-08-03T07:35:35","guid":{"rendered":"http:\/\/staging.verztec.com\/verztec\/translation\/"},"modified":"2025-02-05T09:48:11","modified_gmt":"2025-02-05T09:48:11","slug":"translation","status":"publish","type":"page","link":"https:\/\/www.verztec.com\/translation","title":{"rendered":"Professionelle menschliche \u00dcbersetzung"},"content":{"rendered":"<div class=\"mobile_img\" style=\"float: right; margin-left: 5px;\"><img loading=\"lazy\" decoding=\"async\" class=\" size-full wp-image-857\" style=\"max-width: 230px;\" src=\"https:\/\/www.verztec.com\/wp-content\/uploads\/2009\/08\/quotesMCD.jpg\" alt=\"\" width=\"375\" height=\"685\" border=\"0\" srcset=\"https:\/\/www.verztec.com\/wp-content\/uploads\/2009\/08\/quotesMCD.jpg 375w, https:\/\/www.verztec.com\/wp-content\/uploads\/2009\/08\/quotesMCD-164x300.jpg 164w\" sizes=\"(max-width: 375px) 100vw, 375px\" \/><\/div>\r\n<p>In der vernetzten Welt von heute, in der der E-Commerce den globalen Markt ver\u00e4ndert, ist es unerl\u00e4sslich, Ihr Unternehmen auf internationale M\u00e4rkte auszudehnen. Ob Sie Produkte verkaufen, Dienstleistungen anbieten oder Ihre Marke aufbauen \u2013 eine effektive Kommunikation mit internationalen Kunden ist entscheidend. Der grenz\u00fcberschreitende Handel wird immer h\u00e4ufiger, und qualitativ hochwertige \u00dcbersetzungen sind der Schl\u00fcssel zu Ihrem Erfolg.<\/p>\r\n<h4 class=\"title-normal\">Warum eine qualitativ hochwertige \u00dcbersetzung f\u00fcr den Gesch\u00e4ftserfolg entscheidend ist<\/h4>\r\n<p>Auf dem globalen Markt geht es bei der \u00dcbersetzung Ihrer Inhalte in mehrere Sprachen nicht nur darum, W\u00f6rter zu konvertieren \u2013 es geht darum, sicherzustellen, dass Ihre Botschaft bei den lokalen Zielgruppen ankommt, Vertrauen aufbaut und dauerhafte Beziehungen f\u00f6rdert. Da Unternehmen zunehmend digitale Plattformen nutzen, um neue M\u00e4rkte zu erschlie\u00dfen, ist eine hochwertige \u00dcbersetzung unerl\u00e4sslich. Sie tr\u00e4gt dazu bei, dass Ihre Produkte und Dienstleistungen effektiv vermarktet und auf ausl\u00e4ndischen M\u00e4rkten positiv wahrgenommen werden.<\/p>\r\n<p>W\u00e4hrend digitale Tools \u00dcbersetzungen zug\u00e4nglicher machen, k\u00f6nnen automatisierte \u00dcbersetzungen die Feinheiten der menschlichen Sprache nicht erfassen. Sorgf\u00e4ltige sprachliche Pr\u00fcfungen und \u00dcberarbeitungen sind erforderlich, um die korrekte Terminologie und einen passenden Schreibstil zu gew\u00e4hrleisten. Wenn eine \u00dcbersetzung richtig durchgef\u00fchrt wird, wird sie zu einem leistungsstarken Werkzeug f\u00fcr den internationalen Erfolg.<\/p>\r\n<h4 class=\"title-normal\">Verztecs Expertise im Bereich \u00dcbersetzungsdienste<\/h4>\r\n<p>Bei Verztec wissen wir, wie wichtig pr\u00e4zise, kulturell angepasste und professionelle \u00dcbersetzungen sind. Jeden Monat bearbeiten wir \u00fcber 100 Millionen W\u00f6rter in verschiedenen Branchen, darunter Schulungsmaterialien, juristische Dokumente, Patente, Sicherheitsdatenbl\u00e4tter, Marketingkampagnen, Marktforschungen, Gesch\u00e4ftsdokumente, klinische Studien, technische Handb\u00fccher, Websites und vieles mehr.<\/p>\r\n<p>Mit \u00fcber 10.000 professionellen \u00dcbersetzern, alle Muttersprachler mit mehr als 10 Jahren Erfahrung, stellen wir sicher, dass Ihre Inhalte genau \u00fcbersetzt und an Ihre Zielgruppe angepasst werden. Von juristischen Dokumenten bis hin zu Marketingmaterialien sorgen wir daf\u00fcr, dass Ihre Gesch\u00e4ftskommunikation sprachlich pr\u00e4zise und kulturell relevant bleibt.<\/p>\r\n<h4 class=\"title-normal\">Die Bedeutung kultureller Sensibilit\u00e4t und Pr\u00e4zision<\/h4>\r\n<p>Sprache ist tief mit Kultur verbunden. Unsere \u00dcbersetzer sind nicht nur Sprachexperten, sondern auch mit den kulturellen Gegebenheiten vertraut, sodass sie Ihre Inhalte an die Feinheiten des jeweiligen Marktes anpassen k\u00f6nnen. Diese kulturelle Sensibilit\u00e4t stellt sicher, dass Ihre Botschaft sinnvoll und wirkungsvoll ankommt.<\/p>\r\n<p>Neben der kulturellen Anpassung ist Pr\u00e4zision entscheidend. Schlechte \u00dcbersetzungen k\u00f6nnen zu Missverst\u00e4ndnissen, Fehlkommunikation und sogar rechtlichen Konsequenzen f\u00fchren. Verztec verf\u00fcgt \u00fcber einen umfassenden Qualit\u00e4tspr\u00fcfungsprozess, der f\u00fcr Genauigkeit und Klarheit sorgt und so Ihren Ruf auf globalen M\u00e4rkten sch\u00fctzt.<\/p>\r\n<h4 class=\"title-normal\">Markenkonsistenz \u00fcber L\u00e4ndergrenzen hinweg<\/h4>\r\n<p>Wenn Sie neue M\u00e4rkte erschlie\u00dfen, ist es essenziell, die Konsistenz Ihrer Markenbotschaft aufrechtzuerhalten. Ob es um die \u00dcbersetzung von Marketingmaterialien, Produktbeschreibungen oder Kundenkommunikation geht \u2013 wir stellen sicher, dass Ihre Markenidentit\u00e4t erhalten bleibt. Eine konsistente Botschaft schafft Vertrauen und Wiedererkennung und f\u00f6rdert die Loyalit\u00e4t internationaler Kunden.<\/p>\r\n<h4 class=\"title-normal\">Risikominimierung durch hochwertige \u00dcbersetzungen<\/h4>\r\n<p>Fehl\u00fcbersetzungen k\u00f6nnen zu Reputationssch\u00e4den, rechtlichen Problemen und verpassten Gesch\u00e4ftsm\u00f6glichkeiten f\u00fchren. Ein einziger Fehler bei der \u00dcbersetzung von Vertr\u00e4gen, Sicherheitsdokumenten oder Produktanleitungen kann negative PR oder rechtliche Schritte nach sich ziehen. Mit Verztec minimieren Sie diese Risiken. Unser Qualit\u00e4tspr\u00fcfungsprozess stellt sicher, dass \u00dcbersetzungen pr\u00e4zise und zuverl\u00e4ssig sind und Ihr Unternehmen sowie dessen Reputation sch\u00fctzt.<\/p>\r\n<h4 class=\"title-normal\">\u00dcbersetzung nutzen, um Ihre Reichweite zu erweitern<\/h4>\r\n<p>E-Commerce und digitales Marketing erleichtern den Zugang zu internationalen Kunden mehr denn je. Ein mehrsprachiges Website-Angebot oder eine Microsite erm\u00f6glicht es Ihnen, neue M\u00e4rkte zu erschlie\u00dfen, Kunden zu gewinnen und Partnerschaften oder Vertriebsnetzwerke aufzubauen. Mit den professionellen \u00dcbersetzungsdiensten von Verztec k\u00f6nnen Sie neue M\u00e4rkte mit Vertrauen testen, neue Kunden gewinnen und durch mehrsprachiges Online-Marketing Wachstum f\u00f6rdern.<\/p>\r\n<h4 class=\"title-normal\">Vermeidung von PR-Krisen und rechtlichen Problemen<\/h4>\r\n<p>Eine angemessene \u00dcbersetzung stellt sicher, dass Ihre Botschaft klar und kulturell angepasst ist, wodurch das Risiko von PR-Krisen und rechtlichen Problemen verringert wird. In Branchen wie dem Gesundheitswesen, dem Bank- und Finanzwesen oder der Fertigung, in denen Pr\u00e4zision von entscheidender Bedeutung ist, k\u00f6nnen \u00dcbersetzungsfehler zu Sicherheitsproblemen, regulatorischen Herausforderungen oder sogar Rechtsstreitigkeiten f\u00fchren. Die Sprachexperten von Verztec stellen sicher, dass Ihre Inhalte den lokalen gesetzlichen und regulatorischen Standards entsprechen, sodass Sie kostspielige Fehler vermeiden k\u00f6nnen.<\/p>\r\n<h4 class=\"title-normal\">Der Verztec-Vorteil: Ein vertrauensw\u00fcrdiger Partner f\u00fcr globale Expansion<\/h4>\r\n<p>Wenn Sie international expandieren, ist die Zusammenarbeit mit einem erfahrenen \u00dcbersetzungsdienstleister entscheidend. Verztec \u00fcbernimmt Ihre sprachlichen Anforderungen \u2013 von der ersten \u00dcbersetzung bis hin zu laufenden Lokalisierungsma\u00dfnahmen \u2013 und stellt sicher, dass Ihre Inhalte stets genau und wirkungsvoll sind. Wir unterst\u00fctzen \u00fcber 100 Sprachen und helfen Ihnen, Kunden weltweit zu erreichen.<\/p>\r\n<p>Ob Sie neue M\u00e4rkte erschlie\u00dfen, Produkte testen oder Ihre Online-Pr\u00e4senz erweitern m\u00f6chten \u2013 Verztec steht Ihnen zur Seite. Unsere \u00dcbersetzungsdienste gehen \u00fcber die Sprache hinaus und bieten umfassende L\u00f6sungen, um Ihre Marke international aufzubauen und Kunden effektiver anzusprechen.<\/p>\r\n<h4 class=\"title-normal\">Bereit, Ihr Unternehmen global auszubauen?<\/h4>\r\n<p>Lassen Sie Sprachbarrieren nicht Ihren Erfolg einschr\u00e4nken. Lassen Sie Verztec Ihnen helfen, mit der Welt zu kommunizieren und Ihr Gesch\u00e4ft auf internationalen M\u00e4rkten auszubauen. Mit unseren hochwertigen \u00dcbersetzungsdiensten k\u00f6nnen Sie neue M\u00e4rkte selbstbewusst betreten, Ihren Marktanteil vergr\u00f6\u00dfern und eine weltweit anerkannte Marke aufbauen.<\/p>\r\n<p>Werden Sie noch heute Partner von Verztec und erleben Sie die Kraft professioneller menschlicher \u00dcbersetzungen f\u00fcr Ihr Unternehmen.<\/p>\r\n<p align=\"center\"><img loading=\"lazy\" decoding=\"async\" class=\" size-full wp-image-858\" style=\"width: 650px;\" title=\"\u00dcbersetzungsprozess\" src=\"https:\/\/www.verztec.com\/wp-content\/uploads\/2009\/08\/CheckList.jpg\" alt=\"\u00dcbersetzungsprozess\" width=\"747\" height=\"448\" border=\"0\" srcset=\"https:\/\/www.verztec.com\/wp-content\/uploads\/2009\/08\/CheckList.jpg 747w, https:\/\/www.verztec.com\/wp-content\/uploads\/2009\/08\/CheckList-300x180.jpg 300w\" sizes=\"(max-width: 747px) 100vw, 747px\" \/><\/p>\r\n<h4 style=\"text-align: center;\"><strong>\u00dcbersetzungsprozess<\/strong><\/h4>\r\n<p align=\"center\"><img loading=\"lazy\" decoding=\"async\" class=\" size-full wp-image-859\" style=\"width: 950px;\" title=\"Professioneller Dokumenten\u00fcbersetzungsprozess\" src=\"https:\/\/www.verztec.com\/wp-content\/uploads\/2009\/08\/process.jpg\" alt=\"Professioneller Dokumenten\u00fcbersetzungsprozess\" width=\"1979\" height=\"1044\" border=\"0\" srcset=\"https:\/\/www.verztec.com\/wp-content\/uploads\/2009\/08\/process.jpg 1979w, https:\/\/www.verztec.com\/wp-content\/uploads\/2009\/08\/process-300x158.jpg 300w, https:\/\/www.verztec.com\/wp-content\/uploads\/2009\/08\/process-1024x540.jpg 1024w, https:\/\/www.verztec.com\/wp-content\/uploads\/2009\/08\/process-768x405.jpg 768w, https:\/\/www.verztec.com\/wp-content\/uploads\/2009\/08\/process-1536x810.jpg 1536w\" sizes=\"(max-width: 1979px) 100vw, 1979px\" \/><\/p>\r\n<p>Haben Sie ein gro\u00dfes Volumen an Inhalten zu \u00fcbersetzen? Erw\u00e4gen Sie unsere <strong>KI-gest\u00fctzte \u00dcbersetzung mit professionellen menschlichen Bearbeitungen<\/strong> f\u00fcr eine kosteneffiziente und schnellere L\u00f6sung. Dieser Service kombiniert modernste KI-\u00dcbersetzungstechnologie mit gr\u00fcndlicher sprachlicher \u00dcberpr\u00fcfung und Bearbeitung durch das hochqualifizierte und erfahrene \u00dcbersetzerteam von Verztec. Er garantiert Genauigkeit und beseitigt Fehler durch KI-Fehlinterpretationen und ist somit ideal f\u00fcr Ihre wichtigen gesch\u00e4ftlichen und offiziellen Dokumente.<\/p>\r\n<p>Weitere Informationen finden Sie unter <a href=\"communicate\/machine-ai-translation-post-edit-services\" target=\"_blank\" rel=\"noopener\">Verztec&#8217;s KI-\u00dcbersetzung mit Nachbearbeitung (ATPE)<\/a>.<\/p>\r\n<p><strong>Kontaktieren Sie uns noch heute unter <a href=\"mailto:enquiry@verztec.com\" target=\"_blank\" rel=\"noopener\">enquiry@verztec.com<\/a>, um mehr \u00fcber unsere Dienstleistungen zu erfahren und wie wir Ihnen helfen k\u00f6nnen, auf der globalen B\u00fchne erfolgreich zu sein.<\/strong><\/p>\r\n\r\n<hr style=\"margin-top: 20px; margin-bottom: 20px; border: 0; border-top: 1px solid #eee;\" \/>\n<p style=\"margin-bottom: 0;\">\n  <img decoding=\"async\" src=\"https:\/\/www.verztec.com\/wp-content\/images\/home\/more.png\" alt=\"\" \/>\n  &nbsp;<a href=\"https:\/\/www.verztec.com\/de\/language-services\/\" target=\"_blank\" rel=\"noopener\">Alle &#8220;Sprachdienste&#8221; anzeigen<\/a>\n<\/p>","protected":false},"excerpt":{"rendered":"<p>In der vernetzten Welt von heute, in der der E-Commerce den globalen Markt ver\u00e4ndert, ist es unerl\u00e4sslich, Ihr Unternehmen auf internationale M\u00e4rkte auszudehnen. Ob Sie Produkte verkaufen, Dienstleistungen anbieten oder&hellip;<\/p>\n","protected":false},"author":1,"featured_media":2018,"parent":0,"menu_order":20,"comment_status":"closed","ping_status":"closed","template":"","meta":{"footnotes":""},"class_list":["post-860","page","type-page","status-publish","has-post-thumbnail","hentry"],"_links":{"self":[{"href":"https:\/\/www.verztec.com\/wp-json\/wp\/v2\/pages\/860"}],"collection":[{"href":"https:\/\/www.verztec.com\/wp-json\/wp\/v2\/pages"}],"about":[{"href":"https:\/\/www.verztec.com\/wp-json\/wp\/v2\/types\/page"}],"author":[{"embeddable":true,"href":"https:\/\/www.verztec.com\/wp-json\/wp\/v2\/users\/1"}],"replies":[{"embeddable":true,"href":"https:\/\/www.verztec.com\/wp-json\/wp\/v2\/comments?post=860"}],"version-history":[{"count":14,"href":"https:\/\/www.verztec.com\/wp-json\/wp\/v2\/pages\/860\/revisions"}],"predecessor-version":[{"id":4089,"href":"https:\/\/www.verztec.com\/wp-json\/wp\/v2\/pages\/860\/revisions\/4089"}],"wp:featuredmedia":[{"embeddable":true,"href":"https:\/\/www.verztec.com\/wp-json\/wp\/v2\/media\/2018"}],"wp:attachment":[{"href":"https:\/\/www.verztec.com\/wp-json\/wp\/v2\/media?parent=860"}],"curies":[{"name":"wp","href":"https:\/\/api.w.org\/{rel}","templated":true}]}}