{"id":866,"date":"2009-08-03T07:37:09","date_gmt":"2009-08-03T07:37:09","guid":{"rendered":"http:\/\/staging.verztec.com\/verztec\/interpretation\/"},"modified":"2025-03-11T03:37:46","modified_gmt":"2025-03-11T03:37:46","slug":"interpretation","status":"publish","type":"page","link":"https:\/\/www.verztec.com\/interpretation","title":{"rendered":"Professionelle Vor-Ort-Dolmetschung"},"content":{"rendered":"<p>Dolmetschen ist mehr als nur Sprach\u00fcbersetzung \u2013 es geht darum, klare und pr\u00e4zise Kommunikation \u00fcber sprachliche und kulturelle Grenzen hinweg sicherzustellen. Bei Verztec sind wir darauf spezialisiert, ma\u00dfgeschneiderte Dolmetschl\u00f6sungen anzubieten, die den vielf\u00e4ltigen Anforderungen globaler Unternehmen und Organisationen gerecht werden.<\/p>\r\n<br \/>\r\n<h3>Unser Engagement f\u00fcr hochwertige Dolmetschdienste<\/h3>\r\n<br \/>\r\n<p>Verztec setzt hohe Standards bei der Auswahl von Dolmetschern und der Qualit\u00e4tssicherung, um jedem Kunden einen au\u00dfergew\u00f6hnlichen Service zu garantieren:<\/p>\r\n<ul>\r\n<li>Strenger Auswahlprozess: Wir pr\u00fcfen Dolmetscher sorgf\u00e4ltig auf Basis ihrer Erfahrung, Fachkompetenz, kulturellen Gewandtheit und Sprachbeherrschung. Jeder Dolmetscher wird gr\u00fcndlich bewertet, um sicherzustellen, dass er unseren strengen Anforderungen an Genauigkeit und Professionalit\u00e4t entspricht.<\/li>\r\n<li>Spezialisierte Fachkenntnisse: Unsere Dolmetscher sind auf verschiedene Bereiche wie Biowissenschaften, Finanzen, Technologie, Recht und Luftfahrt spezialisiert. Sie verf\u00fcgen \u00fcber fundierte Kenntnisse der branchenspezifischen Terminologie, was eine pr\u00e4zise \u00dcbertragung komplexer Informationen erm\u00f6glicht.<\/li>\r\n<li>Kulturelle Sensibilit\u00e4t: In dem Bewusstsein, wie wichtig kulturelle Nuancen sind, integrieren unsere Dolmetscher lokale Gepflogenheiten und Pr\u00e4ferenzen in ihre \u00dcbersetzungen, um sicherzustellen, dass die Botschaften authentisch bei vielf\u00e4ltigen Zielgruppen ankommen.<\/li>\r\n<\/ul>\r\n<h4 class=\"title-normal\">Simultandolmetschen: Effektivit\u00e4t von Veranstaltungen steigern<\/h4>\r\n<p>Simultandolmetschen ist unerl\u00e4sslich f\u00fcr Veranstaltungen, bei denen Echtzeitkommunikation entscheidend ist, wie Konferenzen, Seminare und gro\u00dfe Meetings. Unsere Simultandolmetscher absolvieren eine strenge Schulung und Vorbereitung, um den Anforderungen des Live-Dolmetschens gerecht zu werden:<\/p>\r\n<ul>\r\n<li>Echtzeitgenauigkeit: Dolmetscher m\u00fcssen gesprochene Worte mit minimaler Verz\u00f6gerung in die Zielsprache \u00fcbertragen und dabei Klarheit und Koh\u00e4renz w\u00e4hrend der gesamten Rede wahren.<\/li>\r\n<li>Stressmanagement: Sie verf\u00fcgen \u00fcber die F\u00e4higkeit, Stress zu bew\u00e4ltigen und geistig aufmerksam zu bleiben \u2013 entscheidend, um unter Druck genaue \u00dcbersetzungen zu liefern.<\/li>\r\n<li>Teamarbeit: Verztec setzt beim Simultandolmetschen auf einen Teamansatz, bei dem Dolmetscher paarweise arbeiten. Sie wechseln sich alle 1 bis 2 Stunden ab, um Konzentration und Effektivit\u00e4t zu gew\u00e4hrleisten.<\/li>\r\n<\/ul>\r\n<h4 class=\"title-normal\">Konsekutivdolmetschen: Ideal f\u00fcr Reden und Pr\u00e4sentationen<\/h4>\r\n<p>Konsekutivdolmetschen ist ideal f\u00fcr Reden, Pr\u00e4sentationen und kleinere Gruppen. Unsere Konsekutivdolmetscher zeichnen sich aus in:<\/p>\r\n<ol>\r\n<li>Ged\u00e4chtnis- und Notizf\u00e4higkeiten: Dolmetscher merken sich Redepassagen oder machen detaillierte Notizen, um genaue \u00dcbersetzungen zu liefern, wenn der Sprecher pausiert oder endet.<\/li>\r\n<li>Kontextverst\u00e4ndnis: Sie \u00fcbertragen nicht nur Worte, sondern auch die beabsichtigte Bedeutung und den Kontext hinter der Botschaft des Sprechers, um eine pr\u00e4zise Vermittlung von Ideen sicherzustellen.<\/li>\r\n<\/ol>\r\n<h4 class=\"title-normal\">Umfassende Dolmetschl\u00f6sungen<\/h4>\r\n<p>Verztec bietet ein breites Spektrum an Dolmetschdiensten, um die unterschiedlichen Bed\u00fcrfnisse der Kunden zu erf\u00fcllen:<\/p>\r\n<ol>\r\n<li>Fl\u00fcsterdolmetschen: Diskrete Dolmetschdienste f\u00fcr kleine Gruppen ohne zus\u00e4tzliche Ausr\u00fcstung, die Vertraulichkeit und Klarheit gew\u00e4hrleisten.<\/li>\r\n<li>Relaisdolmetschen: Erm\u00f6glicht in mehrsprachigen Umgebungen die Weitergabe von Nachrichten \u00fcber eine Kette von Dolmetschern in verschiedene Sprachen.<\/li>\r\n<li>Telefondolmetschen: Erm\u00f6glicht nahtlose Kommunikation bei Telefonkonferenzen und \u00fcberbr\u00fcckt Sprachbarrieren zwischen Teilnehmern an unterschiedlichen Standorten.<\/li>\r\n<\/ol>\r\n<h4 class=\"title-normal\">Modernste Ausstattung und Unterst\u00fctzung<\/h4>\r\n<p>Verztec verwendet fortschrittliche Dolmetschger\u00e4te und Technologien, um die Servicequalit\u00e4t zu verbessern. Von Soundsystemen und Kabinen f\u00fcr Simultandolmetschen bis hin zu zuverl\u00e4ssigen Kommunikationstools f\u00fcr Relaisdolmetschen sorgen wir f\u00fcr optimale Leistung und Klarheit bei jeder Interaktion.<\/p>\r\n<div id=\"gallery\" class=\"medium\">\r\n    <a href=\"https:\/\/www.verztec.com\/wp-content\/uploads\/events\/onsite\/photo1.jpg\" class=\"gallery-item\">\r\n        <img decoding=\"async\" src=\"https:\/\/www.verztec.com\/wp-content\/uploads\/events\/onsite\/photo1.jpg\" \/>\r\n    <\/a>\r\n    <a href=\"https:\/\/www.verztec.com\/wp-content\/uploads\/events\/onsite\/photo2.jpg\" class=\"gallery-item\">\r\n        <img decoding=\"async\" src=\"https:\/\/www.verztec.com\/wp-content\/uploads\/events\/onsite\/photo2.jpg\" \/>\r\n    <\/a>\r\n    <a href=\"https:\/\/www.verztec.com\/wp-content\/uploads\/events\/onsite\/photo3.jpg\" class=\"gallery-item\">\r\n        <img decoding=\"async\" src=\"https:\/\/www.verztec.com\/wp-content\/uploads\/events\/onsite\/photo3.jpg\" \/>\r\n    <\/a>\r\n    <a href=\"https:\/\/www.verztec.com\/wp-content\/uploads\/events\/onsite\/photo4.jpg\" class=\"gallery-item\">\r\n        <img decoding=\"async\" src=\"https:\/\/www.verztec.com\/wp-content\/uploads\/events\/onsite\/photo4.jpg\" \/>\r\n    <\/a>\r\n    <a href=\"https:\/\/www.verztec.com\/wp-content\/uploads\/events\/microsoft_2024\/3.jpg\" class=\"gallery-item\">\r\n        <img decoding=\"async\" src=\"https:\/\/www.verztec.com\/wp-content\/uploads\/events\/microsoft_2024\/3.jpg\" \/>\r\n    <\/a>\r\n    <a href=\"https:\/\/www.verztec.com\/wp-content\/uploads\/events\/microsoft_2024\/4.jpg\" class=\"gallery-item\">\r\n        <img decoding=\"async\" src=\"https:\/\/www.verztec.com\/wp-content\/uploads\/events\/microsoft_2024\/4.jpg\" \/>\r\n    <\/a>\r\n    <a href=\"https:\/\/www.verztec.com\/wp-content\/uploads\/events\/asahi\/2.jpg\" class=\"gallery-item\">\r\n        <img decoding=\"async\" src=\"https:\/\/www.verztec.com\/wp-content\/uploads\/events\/asahi\/2.jpg\" \/>\r\n    <\/a>\r\n    <a href=\"https:\/\/www.verztec.com\/wp-content\/uploads\/events\/asahi\/3.jpg\" class=\"gallery-item\">\r\n        <img decoding=\"async\" src=\"https:\/\/www.verztec.com\/wp-content\/uploads\/events\/asahi\/3.jpg\" \/>\r\n    <\/a>\r\n    <a href=\"https:\/\/www.verztec.com\/wp-content\/uploads\/events\/okbl\/1.jpg\" class=\"gallery-item\">\r\n        <img decoding=\"async\" src=\"https:\/\/www.verztec.com\/wp-content\/uploads\/events\/okbl\/1.jpg\" \/>\r\n    <\/a>\r\n    <a href=\"https:\/\/www.verztec.com\/wp-content\/uploads\/events\/okbl\/2.jpg\" class=\"gallery-item\">\r\n        <img decoding=\"async\" src=\"https:\/\/www.verztec.com\/wp-content\/uploads\/events\/okbl\/2.jpg\" \/>\r\n    <\/a>\r\n    <a href=\"https:\/\/www.verztec.com\/wp-content\/uploads\/events\/cai\/1.jpg\" class=\"gallery-item\">\r\n        <img decoding=\"async\" src=\"https:\/\/www.verztec.com\/wp-content\/uploads\/events\/cai\/1.jpg\" \/>\r\n    <\/a>\r\n    <a href=\"https:\/\/www.verztec.com\/wp-content\/uploads\/events\/SKII2019\/1.jpg\" class=\"gallery-item\">\r\n        <img decoding=\"async\" src=\"https:\/\/www.verztec.com\/wp-content\/uploads\/events\/SKII2019\/1.jpg\" \/>\r\n    <\/a>\r\n    <a href=\"https:\/\/www.verztec.com\/wp-content\/uploads\/events\/SKII2019\/2.jpg\" class=\"gallery-item\">\r\n        <img decoding=\"async\" src=\"https:\/\/www.verztec.com\/wp-content\/uploads\/events\/SKII2019\/2.jpg\" \/>\r\n    <\/a>\r\n    <a href=\"https:\/\/www.verztec.com\/wp-content\/uploads\/events\/bridgestone\/1.jpg\" class=\"gallery-item\">\r\n        <img decoding=\"async\" src=\"https:\/\/www.verztec.com\/wp-content\/uploads\/events\/bridgestone\/1.jpg\" \/>\r\n    <\/a>\r\n    <a href=\"https:\/\/www.verztec.com\/wp-content\/uploads\/events\/netflix\/8.jpg\" class=\"gallery-item\">\r\n        <img decoding=\"async\" src=\"https:\/\/www.verztec.com\/wp-content\/uploads\/events\/netflix\/8.jpg\" \/>\r\n    <\/a>\r\n<\/div>\r\n<br \/>\r\n<h3>M\u00fchelose Kommunikation \u00fcberall. Werden Sie noch heute Partner von Verztec.<\/h3>\r\n<br \/>\r\n<p><a href=\"photo-gallery\" target=\"_blank\" rel=\"noopener\"><img decoding=\"async\" style=\"width: 80%;\" src=\"https:\/\/www.verztec.com\/wp-content\/uploads\/2009\/08\/remote-banner-2-scaled.jpg\" alt=\"\" \/><\/a><\/p>\r\n<p><strong>Ob Sie eine globale Konferenz, rechtliche Verfahren, Interviews oder medizinische Beratungen organisieren \u2013 Verztec bietet die Expertise und Zuverl\u00e4ssigkeit, die Sie ben\u00f6tigen. Kontaktieren Sie uns noch heute unter <a href=\"mailto:enquiry@verztec.com\" target=\"_blank\" rel=\"noopener\">enquiry@verztec.com<\/a>, um Ihre Dolmetschanforderungen zu besprechen, und erfahren Sie aus erster Hand, wie unsere sorgf\u00e4ltigen Prozesse und erfahrenen Dolmetscher Ihre internationalen Kommunikationsanforderungen verbessern k\u00f6nnen.<\/strong><\/p>\r\n\r\n<hr style=\"margin-top: 20px; margin-bottom: 20px; border: 0; border-top: 1px solid #eee;\" \/>\n<p style=\"margin-bottom: 0;\">\n  <img decoding=\"async\" src=\"https:\/\/www.verztec.com\/wp-content\/images\/home\/more.png\" alt=\"\" \/>\n  &nbsp;<a href=\"https:\/\/www.verztec.com\/de\/language-services\/\" target=\"_blank\" rel=\"noopener\">Alle &#8220;Sprachdienste&#8221; anzeigen<\/a>\n<\/p>","protected":false},"excerpt":{"rendered":"<p>Dolmetschen ist mehr als nur Sprach\u00fcbersetzung \u2013 es geht darum, klare und pr\u00e4zise Kommunikation \u00fcber sprachliche und kulturelle Grenzen hinweg sicherzustellen. Bei Verztec sind wir darauf spezialisiert, ma\u00dfgeschneiderte Dolmetschl\u00f6sungen anzubieten,&hellip;<\/p>\n","protected":false},"author":1,"featured_media":2018,"parent":0,"menu_order":21,"comment_status":"closed","ping_status":"closed","template":"","meta":{"footnotes":""},"class_list":["post-866","page","type-page","status-publish","has-post-thumbnail","hentry"],"_links":{"self":[{"href":"https:\/\/www.verztec.com\/wp-json\/wp\/v2\/pages\/866"}],"collection":[{"href":"https:\/\/www.verztec.com\/wp-json\/wp\/v2\/pages"}],"about":[{"href":"https:\/\/www.verztec.com\/wp-json\/wp\/v2\/types\/page"}],"author":[{"embeddable":true,"href":"https:\/\/www.verztec.com\/wp-json\/wp\/v2\/users\/1"}],"replies":[{"embeddable":true,"href":"https:\/\/www.verztec.com\/wp-json\/wp\/v2\/comments?post=866"}],"version-history":[{"count":11,"href":"https:\/\/www.verztec.com\/wp-json\/wp\/v2\/pages\/866\/revisions"}],"predecessor-version":[{"id":4220,"href":"https:\/\/www.verztec.com\/wp-json\/wp\/v2\/pages\/866\/revisions\/4220"}],"wp:featuredmedia":[{"embeddable":true,"href":"https:\/\/www.verztec.com\/wp-json\/wp\/v2\/media\/2018"}],"wp:attachment":[{"href":"https:\/\/www.verztec.com\/wp-json\/wp\/v2\/media?parent=866"}],"curies":[{"name":"wp","href":"https:\/\/api.w.org\/{rel}","templated":true}]}}