{"id":867,"date":"2009-08-03T07:46:40","date_gmt":"2009-08-03T07:46:40","guid":{"rendered":"http:\/\/staging.verztec.com\/verztec\/multilingual-brand-management\/"},"modified":"2025-01-22T02:00:23","modified_gmt":"2025-01-22T02:00:23","slug":"multilingual-brand-management","status":"publish","type":"page","link":"https:\/\/www.verztec.com\/multilingual-brand-management","title":{"rendered":"Mehrsprachiges Markenmanagement"},"content":{"rendered":"<p>In der heutigen globalisierten Marktwirtschaft stehen Unternehmen vor der einzigartigen Herausforderung, sprachliche und kulturelle Nuancen zu bew\u00e4ltigen und gleichzeitig eine konsistente Markenpr\u00e4senz aufrechtzuerhalten. Verztec ist Ihr vertrauensw\u00fcrdiger Partner, um diese Hindernisse zu \u00fcberwinden. Wir bieten umfassende mehrsprachige Markenmanagement-Dienstleistungen, die darauf ausgelegt sind, die Kommunikationseffizienz zu verbessern und vielf\u00e4ltige Zielgruppen weltweit anzusprechen.<\/p>\r\n<br \/>\r\n<h3>Ma\u00dfgeschneiderte Lokalisierungsstrategien<\/h3>\r\n<br \/>\r\n<p>Verztec versteht die entscheidende Bedeutung von lokalisiertem Inhalt, um Markenvertrauen aufzubauen und Zielm\u00e4rkte effektiv anzusprechen. Unsere Dienstleistungen im Bereich mehrsprachiges Markenmanagement sind darauf ausgerichtet, Ihre Markenbotschaft in \u00fcber 100 Sprachen pr\u00e4zise anzupassen und kulturell anzusprechen. Wir nutzen flexible Sprachmanagement-Tools, die eine zentrale Steuerung erm\u00f6glichen und gleichzeitig regionale Unterschiede ber\u00fccksichtigen, um die perfekte Balance f\u00fcr eine globale Markenkoherenz zu finden.<\/p>\r\n<br \/>\r\n<h3>Umfassendes Serviceangebot<\/h3>\r\n<br \/>\r\n<p>Von \u00dcbersetzung und Lokalisierung bis hin zu interkultureller Analyse und Anpassung bietet Verztec End-to-End-L\u00f6sungen, um das internationale Wachstum Ihrer Marke zu unterst\u00fctzen. Unser Expertenteam arbeitet eng mit Ihren internen Teams oder externen Agenturen zusammen, um die Markenstimme und -botschaft nahtlos an verschiedene M\u00e4rkte anzupassen. Wir f\u00fchren gr\u00fcndliche Bewertungen politischer, sozialer, religi\u00f6ser, bildungsbezogener, sprachlicher und technologischer Nuancen durch, um den Erfolg Ihrer Marke in vielf\u00e4ltigen globalen Kontexten sicherzustellen.<\/p>\r\n<br \/>\r\n<h3>St\u00e4rkung Ihrer Teams<\/h3>\r\n<br \/>\r\n<p>Zus\u00e4tzlich zur Bereitstellung hochwertiger Lokalisierungsdienstleistungen st\u00e4rkt Verztec Ihre Content-Entwicklungsteams durch ma\u00dfgeschneiderte Schulungen und Weiterbildungen. Wir statten Ihr Personal mit den F\u00e4higkeiten und dem Wissen aus, mehrsprachige Inhalte effektiv zu verwalten, verbessern die Effizienz und gew\u00e4hrleisten eine konsistente Markenintegrit\u00e4t in allen Kommunikationskan\u00e4len.<\/p>\r\n<br \/>\r\n<h3>Strategische Partnerschaft f\u00fcr den Erfolg<\/h3>\r\n<br \/>\r\n<p>Verztec arbeitet mit der gleichen Sorgfalt und Hingabe an Exzellenz wie Ihre Werbeagentur. Wir arbeiten eng mit Ihrer Agentur zusammen, um die Markenstimme auf Zielm\u00e4rkten anzupassen und zu verst\u00e4rken, wodurch eine koh\u00e4rente Markenpr\u00e4senz und maximale Wirkung erzielt wird.<\/p>\r\n<br \/>\r\n<h3>Intelligente Kommunikationsl\u00f6sungen<\/h3>\r\n<br \/>\r\n<p>Verztec ist auf intelligente Kommunikationsl\u00f6sungen spezialisiert, die messbare Ergebnisse liefern. Ob Sie ein neues Produkt einf\u00fchren, in neue M\u00e4rkte expandieren oder Ihre globale Markenstrategie verbessern, unsere Dienstleistungen im Bereich mehrsprachiges Markenmanagement bieten die Expertise und Ressourcen, um Ihre Ziele effektiv zu erreichen.<\/p>\r\n<br \/>\r\n<h3>Partnerschaft mit Verztec<\/h3>\r\n<br \/>\r\n<p><strong>Erleben Sie die Kraft effektiver mehrsprachiger Kommunikation mit Verztec. Kontaktieren Sie uns noch heute unter <a href=\"mailto:enquiry@verztec.com\">enquiry@verztec.com<\/a>, um zu erfahren, wie unsere ma\u00dfgeschneiderten Dienstleistungen im Bereich mehrsprachiges Markenmanagement die globale Pr\u00e4senz Ihrer Marke st\u00e4rken und grenz\u00fcberschreitenden Erfolg erm\u00f6glichen k\u00f6nnen.<\/strong><\/p>\r\n\r\n<hr style=\"margin-top: 20px; margin-bottom: 20px; border: 0; border-top: 1px solid #eee;\" \/>\n<p style=\"margin-bottom: 0;\">\n  <img decoding=\"async\" src=\"https:\/\/www.verztec.com\/wp-content\/images\/home\/more.png\" alt=\"\" \/>\n  &nbsp;<a href=\"https:\/\/www.verztec.com\/de\/language-services\/\" target=\"_blank\" rel=\"noopener\">Alle &#8220;Sprachdienste&#8221; anzeigen<\/a>\n<\/p>\r\n","protected":false},"excerpt":{"rendered":"<p>In der heutigen globalisierten Marktwirtschaft stehen Unternehmen vor der einzigartigen Herausforderung, sprachliche und kulturelle Nuancen zu bew\u00e4ltigen und gleichzeitig eine konsistente Markenpr\u00e4senz aufrechtzuerhalten. Verztec ist Ihr vertrauensw\u00fcrdiger Partner, um diese&hellip;<\/p>\n","protected":false},"author":1,"featured_media":2018,"parent":0,"menu_order":14,"comment_status":"closed","ping_status":"closed","template":"","meta":{"footnotes":""},"class_list":["post-867","page","type-page","status-publish","has-post-thumbnail","hentry"],"_links":{"self":[{"href":"https:\/\/www.verztec.com\/wp-json\/wp\/v2\/pages\/867"}],"collection":[{"href":"https:\/\/www.verztec.com\/wp-json\/wp\/v2\/pages"}],"about":[{"href":"https:\/\/www.verztec.com\/wp-json\/wp\/v2\/types\/page"}],"author":[{"embeddable":true,"href":"https:\/\/www.verztec.com\/wp-json\/wp\/v2\/users\/1"}],"replies":[{"embeddable":true,"href":"https:\/\/www.verztec.com\/wp-json\/wp\/v2\/comments?post=867"}],"version-history":[{"count":4,"href":"https:\/\/www.verztec.com\/wp-json\/wp\/v2\/pages\/867\/revisions"}],"predecessor-version":[{"id":4008,"href":"https:\/\/www.verztec.com\/wp-json\/wp\/v2\/pages\/867\/revisions\/4008"}],"wp:featuredmedia":[{"embeddable":true,"href":"https:\/\/www.verztec.com\/wp-json\/wp\/v2\/media\/2018"}],"wp:attachment":[{"href":"https:\/\/www.verztec.com\/wp-json\/wp\/v2\/media?parent=867"}],"curies":[{"name":"wp","href":"https:\/\/api.w.org\/{rel}","templated":true}]}}