{"id":868,"date":"2009-08-03T07:49:57","date_gmt":"2009-08-03T07:49:57","guid":{"rendered":"http:\/\/staging.verztec.com\/verztec\/multilingual-content-development\/"},"modified":"2025-01-22T01:28:22","modified_gmt":"2025-01-22T01:28:22","slug":"multilingual-content-development","status":"publish","type":"page","link":"https:\/\/www.verztec.com\/multilingual-content-development","title":{"rendered":"Inhaltsentwicklung und -bearbeitung"},"content":{"rendered":"<p>Beim Eintritt in neue M\u00e4rkte ist eine effektive Kommunikation in der Muttersprache Ihrer Zielgruppe von entscheidender Bedeutung. Resonanieren Ihre Botschaften authentisch? Oder riskieren Sie kulturelle Missverst\u00e4ndnisse, die den Ruf Ihrer Marke sch\u00e4digen k\u00f6nnten?<\/p>\r\n<p>Verztec bietet mehrsprachige Texterstellungs- und Textbearbeitungsdienste, unterst\u00fctzt von einem globalen Team von \u00fcber 10.000 muttersprachlichen, ortsans\u00e4ssigen Textern und \u00dcbersetzern. Unsere Experten widmen sich der Erstellung ansprechender und kulturell angemessener Inhalte, die Ihre Zielgruppe erreichen \u2013 sei es durch Verfeinerung Ihrer bestehenden Texte oder durch die Erstellung neuer Inhalte von Grund auf.<\/p>\r\n<br \/>\r\n<h3>Warum Verztec w\u00e4hlen?<\/h3>\r\n<br \/>\r\n<ol>\r\n<li>Fachwissen und Lokalisierung: Unser erfahrenes Team stellt sicher, dass Ihre Inhalte nicht nur sprachliche Standards erf\u00fcllen, sondern auch tief mit den lokalen Kulturen harmonieren. Wir helfen Ihnen, h\u00e4ufige Kommunikationsfallen zu vermeiden und die Effektivit\u00e4t Ihrer Botschaften zu steigern.<\/li>\r\n<li>Ma\u00dfgeschneiderte L\u00f6sungen: Von der Bearbeitung bis zur vollst\u00e4ndigen Inhaltserstellung passen wir unsere Dienstleistungen an Ihre spezifischen Anforderungen und Branchenbed\u00fcrfnisse an. Egal, ob Sie eine globale Kampagne starten oder Inhalte f\u00fcr regionale M\u00e4rkte lokalisieren, wir sorgen daf\u00fcr, dass Ihre Botschaft klar, wirkungsvoll und kulturell relevant ist.<\/li>\r\n<li>Effizienz und Schnelligkeit: Mit unseren optimierten Prozessen und unserem umfangreichen globalen Netzwerk liefern wir schnelle und effiziente Inhaltsl\u00f6sungen, ohne Kompromisse bei der Qualit\u00e4t einzugehen. Bleiben Sie in Ihrer Branche mit rechtzeitigen und effektiven Kommunikationsstrategien an der Spitze.<\/li>\r\n<\/ol>\r\n<br \/>\r\n<h3>Unsere Dienstleistungen umfassen:<\/h3>\r\n<br \/>\r\n<ol>\r\n<li>Texterstellung: Erstellen \u00fcberzeugender und ansprechender Texte, die bei Ihrer Zielgruppe Resonanz finden.<\/li>\r\n<li>Textbearbeitung: Verbesserung der Klarheit, Koh\u00e4renz und kulturellen Sensibilit\u00e4t Ihrer bestehenden Inhalte.<\/li>\r\n<li>Lokalisierung: Anpassung Ihrer Inhalte, um direkt lokale M\u00e4rkte anzusprechen und gleichzeitig die Integrit\u00e4t Ihrer Marke zu bewahren.<\/li>\r\n<\/ol>\r\n<br \/>\r\n<h3>Partnern Sie mit Verztec<\/h3>\r\n<br \/>\r\n<p><strong>Wo auch immer Ihr Unternehmen hingeht, Verztec ist Ihr vertrauensw\u00fcrdiger Partner, um Sprachbarrieren und kulturelle Nuancen zu \u00fcberwinden. Lassen Sie uns Ihnen helfen, in jedem Markt flie\u00dfend zu sprechen, und stellen Sie sicher, dass Ihre Botschaften nicht nur verstanden, sondern auch angenommen werden. Kontaktieren Sie uns unter <a href=\"mailto:enquiry@verztec.com\" target=\"_blank\" rel=\"noopener\">enquiry@verztec.com<\/a>, um weitere Details zu besprechen.<\/strong><\/p>\r\n\r\n<hr style=\"margin-top: 20px; margin-bottom: 20px; border: 0; border-top: 1px solid #eee;\" \/>\n<p style=\"margin-bottom: 0;\">\n  <img decoding=\"async\" src=\"https:\/\/www.verztec.com\/wp-content\/images\/home\/more.png\" alt=\"\" \/>\n  &nbsp;<a href=\"https:\/\/www.verztec.com\/de\/language-services\/\" target=\"_blank\" rel=\"noopener\">Alle &#8220;Sprachdienste&#8221; anzeigen<\/a>\n<\/p>\r\n","protected":false},"excerpt":{"rendered":"<p>Beim Eintritt in neue M\u00e4rkte ist eine effektive Kommunikation in der Muttersprache Ihrer Zielgruppe von entscheidender Bedeutung. Resonanieren Ihre Botschaften authentisch? Oder riskieren Sie kulturelle Missverst\u00e4ndnisse, die den Ruf Ihrer&hellip;<\/p>\n","protected":false},"author":1,"featured_media":2018,"parent":0,"menu_order":17,"comment_status":"closed","ping_status":"closed","template":"","meta":{"footnotes":""},"class_list":["post-868","page","type-page","status-publish","has-post-thumbnail","hentry"],"_links":{"self":[{"href":"https:\/\/www.verztec.com\/wp-json\/wp\/v2\/pages\/868"}],"collection":[{"href":"https:\/\/www.verztec.com\/wp-json\/wp\/v2\/pages"}],"about":[{"href":"https:\/\/www.verztec.com\/wp-json\/wp\/v2\/types\/page"}],"author":[{"embeddable":true,"href":"https:\/\/www.verztec.com\/wp-json\/wp\/v2\/users\/1"}],"replies":[{"embeddable":true,"href":"https:\/\/www.verztec.com\/wp-json\/wp\/v2\/comments?post=868"}],"version-history":[{"count":3,"href":"https:\/\/www.verztec.com\/wp-json\/wp\/v2\/pages\/868\/revisions"}],"predecessor-version":[{"id":3998,"href":"https:\/\/www.verztec.com\/wp-json\/wp\/v2\/pages\/868\/revisions\/3998"}],"wp:featuredmedia":[{"embeddable":true,"href":"https:\/\/www.verztec.com\/wp-json\/wp\/v2\/media\/2018"}],"wp:attachment":[{"href":"https:\/\/www.verztec.com\/wp-json\/wp\/v2\/media?parent=868"}],"curies":[{"name":"wp","href":"https:\/\/api.w.org\/{rel}","templated":true}]}}