{"id":870,"date":"2009-08-03T07:50:40","date_gmt":"2009-08-03T07:50:40","guid":{"rendered":"http:\/\/staging.verztec.com\/verztec\/software-testing\/"},"modified":"2025-01-22T01:54:00","modified_gmt":"2025-01-22T01:54:00","slug":"software-testing","status":"publish","type":"page","link":"https:\/\/www.verztec.com\/software-testing","title":{"rendered":"Software- und Mobile-App-Lokalisierung"},"content":{"rendered":"<div class=\"mobile_img\" style=\"float: right; margin-left: 5px;\"><img loading=\"lazy\" decoding=\"async\" class=\" size-full wp-image-869\" src=\"https:\/\/www.verztec.com\/wp-content\/uploads\/2009\/08\/quotes7.jpg\" alt=\"\" width=\"180\" height=\"356\" border=\"0\" srcset=\"https:\/\/www.verztec.com\/wp-content\/uploads\/2009\/08\/quotes7.jpg 180w, https:\/\/www.verztec.com\/wp-content\/uploads\/2009\/08\/quotes7-152x300.jpg 152w\" sizes=\"(max-width: 180px) 100vw, 180px\" \/><\/div>\r\n<p>In der heutigen digital vernetzten Welt reicht es nicht aus, Software nur zu \u00fcbersetzen, um nicht englischsprachige M\u00e4rkte zu erreichen. Es erfordert eine pr\u00e4zise Lokalisierung, die sprachlich und kulturell bei Ihrer Zielgruppe Anklang findet. Die Softwarelokalisierung geht \u00fcber die reine Sprach\u00fcbersetzung hinaus und passt Grafiken, Benutzeroberfl\u00e4chen, Fehlermeldungen und mehr an, um ein nahtloses Benutzererlebnis in verschiedenen Regionen und Sprachen zu gew\u00e4hrleisten.<\/p>\r\n<br \/>\r\n<h3>Warum Verztec f\u00fcr die Lokalisierung von Software und mobilen Apps w\u00e4hlen?<\/h3>\r\n<br \/>\r\n<p>Verztec ist darauf spezialisiert, ma\u00dfgeschneiderte End-to-End-L\u00f6sungen f\u00fcr Ihre Anforderungen an die Lokalisierung von Software und mobilen Apps bereitzustellen. Mit einer soliden Kombination aus Software-Engineering-Kompetenz und umfassenden Sprachressourcen vereinfachen wir den komplexen Lokalisierungsprozess und stellen in jeder Phase Genauigkeit und kulturelle Relevanz sicher.<\/p>\r\n<br \/>\r\n<h3>Umfassender Lokalisierungsprozess<\/h3>\r\n<br \/>\r\n<p>Unser Ansatz beginnt mit einer sorgf\u00e4ltigen Planung und Testprotokollen, bevor die Lokalisierung \u00fcberhaupt beginnt. Wir integrieren Testverfahren fr\u00fchzeitig in den Entwicklungszyklus, um potenzielle Probleme zu identifizieren und die Produktfunktionalit\u00e4t zu optimieren. W\u00e4hrend des gesamten Lokalisierungsprozesses f\u00fchren wir detaillierte Pr\u00fcfungen durch, um die Qualit\u00e4tsstandards aufrechtzuerhalten und die Benutzerzufriedenheit zu erh\u00f6hen.<\/p>\r\n<br \/>\r\n<h3>Testprotokolle<\/h3>\r\n<br \/>\r\n<p>Unsere Testprotokolle umfassen eine Vielzahl kritischer Elemente, um sicherzustellen, dass Ihre Software in verschiedenen Sprachen und Regionen fehlerfrei funktioniert:<\/p>\r\n<ul>\r\n<li>Text- und Inhaltsformatierung: Von links-nach-rechts- und rechts-nach-links-Sprachen bis hin zur korrekten Anzeige von W\u00e4hrungssymbolen, Daten und Adressen.<\/li>\r\n<li>Gro\u00df- und Kleinschreibung sowie Dezimaltrennung: Wir \u00fcberpr\u00fcfen die korrekte Gro\u00df- und Kleinschreibung und Dezimaltrennung, um die Datenintegrit\u00e4t und ein konsistentes Benutzererlebnis sicherzustellen.<\/li>\r\n<li>Zeichenunterst\u00fctzung: Sicherstellung der Kompatibilit\u00e4t mit komplexen Alphabeten wie denen, die in asiatischen Sprachen verwendet werden, einschlie\u00dflich der Unterst\u00fctzung von 16-Bit-Zeichen.<\/li>\r\n<\/ul>\r\n<br \/>\r\n<h3>Verbessertes Benutzererlebnis<\/h3>\r\n<br \/>\r\n<p>\u00dcber Funktionstests hinaus legen wir Wert auf \u00e4sthetische Integrit\u00e4t. Unsere akribische Herangehensweise stellt beispielsweise sicher, dass l\u00e4ngere W\u00f6rter in Sprachen wie Deutsch korrekt und \u00e4sthetisch ansprechend angezeigt werden, wodurch Lesbarkeit und Benutzerbindung erhalten bleiben.<\/p>\r\n<br \/>\r\n<h3>Qualit\u00e4tssicherung und Kundenzufriedenheit<\/h3>\r\n<br \/>\r\n<p>Die proaktiven Qualit\u00e4tssicherungsprozesse von Verztec sind darauf ausgelegt, strenge Ma\u00dfst\u00e4be f\u00fcr Funktionalit\u00e4t und \u00c4sthetik zu erf\u00fcllen. Unser Ziel ist es, gut lokalisierte Software und mobile Apps bereitzustellen, die nicht nur die Erwartungen der Benutzer erf\u00fcllen, sondern \u00fcbertreffen, und so das Vertrauen und die Loyalit\u00e4t Ihrer globalen Kundschaft st\u00e4rken.<\/p>\r\n<br \/>\r\n<h3>Partnerschaft mit Verztec<\/h3>\r\n<br \/>\r\n<p><strong>Schlie\u00dfen Sie sich f\u00fchrenden Softwareentwicklern an, die auf Verztec f\u00fcr ihre Anforderungen an die Lokalisierung von Software und mobilen Apps vertrauen. Ob Sie neue M\u00e4rkte erschlie\u00dfen oder die Benutzerbindung in bestehenden M\u00e4rkten verbessern m\u00f6chten, unsere Expertise stellt sicher, dass Ihre Software nahtlos zwischen Sprachen und Kulturen funktioniert. Kontaktieren Sie uns f\u00fcr weitere Informationen unter <a href=\"mailto:enquiry@verztec.com\" target=\"_blank\" rel=\"noopener\">enquiry@verztec.com<\/a>.<\/strong><\/p>\r\n\r\n<hr style=\"margin-top: 20px; margin-bottom: 20px; border: 0; border-top: 1px solid #eee;\" \/>\n<p style=\"margin-bottom: 0;\">\n  <img decoding=\"async\" src=\"https:\/\/www.verztec.com\/wp-content\/images\/home\/more.png\" alt=\"\" \/>\n  &nbsp;<a href=\"https:\/\/www.verztec.com\/de\/language-services\/\" target=\"_blank\" rel=\"noopener\">Alle &#8220;Sprachdienste&#8221; anzeigen<\/a>\n<\/p>\r\n","protected":false},"excerpt":{"rendered":"<p>In der heutigen digital vernetzten Welt reicht es nicht aus, Software nur zu \u00fcbersetzen, um nicht englischsprachige M\u00e4rkte zu erreichen. Es erfordert eine pr\u00e4zise Lokalisierung, die sprachlich und kulturell bei&hellip;<\/p>\n","protected":false},"author":1,"featured_media":2018,"parent":0,"menu_order":19,"comment_status":"closed","ping_status":"closed","template":"","meta":{"footnotes":""},"class_list":["post-870","page","type-page","status-publish","has-post-thumbnail","hentry"],"_links":{"self":[{"href":"https:\/\/www.verztec.com\/wp-json\/wp\/v2\/pages\/870"}],"collection":[{"href":"https:\/\/www.verztec.com\/wp-json\/wp\/v2\/pages"}],"about":[{"href":"https:\/\/www.verztec.com\/wp-json\/wp\/v2\/types\/page"}],"author":[{"embeddable":true,"href":"https:\/\/www.verztec.com\/wp-json\/wp\/v2\/users\/1"}],"replies":[{"embeddable":true,"href":"https:\/\/www.verztec.com\/wp-json\/wp\/v2\/comments?post=870"}],"version-history":[{"count":4,"href":"https:\/\/www.verztec.com\/wp-json\/wp\/v2\/pages\/870\/revisions"}],"predecessor-version":[{"id":4004,"href":"https:\/\/www.verztec.com\/wp-json\/wp\/v2\/pages\/870\/revisions\/4004"}],"wp:featuredmedia":[{"embeddable":true,"href":"https:\/\/www.verztec.com\/wp-json\/wp\/v2\/media\/2018"}],"wp:attachment":[{"href":"https:\/\/www.verztec.com\/wp-json\/wp\/v2\/media?parent=870"}],"curies":[{"name":"wp","href":"https:\/\/api.w.org\/{rel}","templated":true}]}}