{"id":871,"date":"2009-08-03T07:51:17","date_gmt":"2009-08-03T07:51:17","guid":{"rendered":"http:\/\/staging.verztec.com\/verztec\/multilingual-voice-over\/"},"modified":"2025-01-21T01:38:16","modified_gmt":"2025-01-21T01:38:16","slug":"multilingual-voice-over","status":"publish","type":"page","link":"https:\/\/www.verztec.com\/multilingual-voice-over","title":{"rendered":"Professionelle und KI-gest\u00fctzte Sprachaufnahmen"},"content":{"rendered":"<p>\r\n  Bei Verztec sind wir darauf spezialisiert, erstklassige Sprachaufnahmen bereitzustellen,\r\n  die darauf ausgelegt sind, Ihre globale Kommunikation zu verbessern.\r\n  Egal, ob Sie Marketingkampagnen erstellen, Schulungsvideos entwickeln oder Unternehmensinhalte pr\u00e4sentieren \u2013\r\n  unsere umfassenden L\u00f6sungen in \u00fcber 100 Sprachen gew\u00e4hrleisten Klarheit, kulturelle Relevanz und eine wirkungsvolle Darstellung.\r\n<\/p>\r\n<br>\r\n<h3>Warum Verztec f\u00fcr Sprachaufnahmen w\u00e4hlen?<\/h3>\r\n<br>\r\n<h4 class=\"title-normal\">Vielf\u00e4ltige Optionen f\u00fcr Sprachaufnahmen:<\/h4>\r\n<p>Wir bieten zwei unterschiedliche Ans\u00e4tze, um Ihre Projektanforderungen zu erf\u00fcllen:<\/p>\r\n<ul>\r\n  <li>\r\n    <p><strong>Sprecher:<\/strong><\/p>\r\n    <p>\r\n      Unser globales Netzwerk talentierter Sprecher verleiht Ihren Inhalten Tiefe und Authentizit\u00e4t.\r\n      Dank jahrelanger Erfahrung gew\u00e4hrleisten sie eine nuancierte Pr\u00e4sentation, die Ihr Publikum anspricht.\r\n    <\/p>\r\n  <\/li>\r\n  <li>\r\n    <p><strong>KI-Sprachtechnologie:<\/strong><\/p>\r\n    <p>\r\n      Mithilfe modernster KI bieten wir kosteneffiziente L\u00f6sungen mit schnellen Lieferzeiten.\r\n      Unsere KI-Sprachaufnahmen gew\u00e4hrleisten durch sorgf\u00e4ltige \u00dcberpr\u00fcfungen und Bearbeitungen hohe Qualit\u00e4t\r\n      und eignen sich ideal f\u00fcr Projekte, die Effizienz erfordern, ohne Kompromisse bei der Exzellenz einzugehen.\r\n    <\/p>\r\n  <\/li>\r\n<\/ul>\r\n<h4 class=\"title-normal\">Qualit\u00e4tssicherung f\u00fcr pr\u00e4zise Aussprache:<\/h4>\r\n<p>\r\n  Sowohl bei unseren professionellen Sprechern als auch bei KI-Sprachaufnahmen f\u00fchren wir umfassende QA-Pr\u00fcfungen durch,\r\n  um eine korrekte Aussprache in \u00fcber 100 Sprachen sicherzustellen.\r\n<\/p>\r\n<ul>\r\n  <li>\r\n    <p><strong>Native Expertise:<\/strong><\/p>\r\n    <p>\r\n      Alle Aufnahmen werden von Muttersprachlern, die in den jeweiligen L\u00e4ndern ans\u00e4ssig sind, gr\u00fcndlich gepr\u00fcft.\r\n      Dieser Prozess stellt sicher, dass W\u00f6rter in Fremdsprachen korrekt ausgesprochen werden.\r\n    <\/p>\r\n  <\/li>\r\n  <li>\r\n    <p><strong>Korrekturen und Finalisierung:<\/strong><\/p>\r\n    <p>\r\n      W\u00f6rter, die aufgrund falscher Aussprache neu aufgenommen werden m\u00fcssen, werden umgehend korrigiert.\r\n      Nach der Fertigstellung werden die Audiodateien von unseren Kunden \u00fcberpr\u00fcft und genehmigt.\r\n    <\/p>\r\n  <\/li>\r\n  <li>\r\n    <p><strong>KI-spezifische \u00dcberpr\u00fcfungen:<\/strong><\/p>\r\n    <p>\r\n      KI-Sprachaufnahmen k\u00f6nnen gelegentlich aufgrund von Akzenten oder sprachlichen Nuancen\r\n      Aussprachefehler aufweisen. Um dies zu beheben, setzen wir auf Muttersprachler, die die Aufnahmen gr\u00fcndlich \u00fcberpr\u00fcfen und Probleme beheben.\r\n    <\/p>\r\n  <\/li>\r\n<\/ul>\r\n<h4 class=\"title-normal\">Mehrsprachige Kompetenz:<\/h4>\r\n<p>\r\n  Mit unserer Expertise in \u00fcber 100 Sprachen und Dialekten erleichtern wir den globalen Marktzugang.\r\n  Unsere Sprachaufnahmedienste \u00fcberwinden Sprachbarrieren und erm\u00f6glichen es Ihnen, mit vielf\u00e4ltigen Zielgruppen weltweit in Kontakt zu treten.\r\n<\/p>\r\n<br>\r\n<h3>Anwendungsbereiche der Verztec-Sprachaufnahmen<\/h3>\r\n<br>\r\n<ul>\r\n  <li>\r\n    <p><strong>Marketing und Werbung:<\/strong><\/p>\r\n    <p>\r\n      Verst\u00e4rken Sie Ihre Markenbotschaften mit fesselnden Sprachaufnahmen f\u00fcr Werbespots, Promotionsvideos und digitale Kampagnen.\r\n    <\/p>\r\n  <\/li>\r\n  <li>\r\n    <p><strong>Schulung und eLearning:<\/strong><\/p>\r\n    <p>\r\n      Schaffen Sie effektive Lernumgebungen mit klaren und ansprechenden Sprachaufnahmen f\u00fcr Schulungsmodule und Bildungsinhalte.\r\n    <\/p>\r\n  <\/li>\r\n  <li>\r\n    <p><strong>Unternehmenspr\u00e4sentationen:<\/strong><\/p>\r\n    <p>\r\n      Vermitteln Sie Professionalit\u00e4t in Unternehmenspr\u00e4sentationen, Produktdemos und internen Kommunikationsprojekten\r\n      durch pr\u00e4zise gestaltete Sprachaufnahmen.\r\n    <\/p>\r\n  <\/li>\r\n<\/ul>\r\n<br>\r\n<h3>Warum mehrsprachige Sprachaufnahmen wichtig sind<\/h3>\r\n<br>\r\n<p>\r\n  Durch unsere Sprachaufnahmedienste in \u00fcber 100 Sprachen erm\u00f6glicht Verztec Ihnen:\r\n<\/p>\r\n<ul>\r\n  <li>\r\n    <p><strong>Globale Reichweite erweitern:<\/strong><\/p>\r\n    <p>\r\n      \u00dcbermitteln Sie Ihre Botschaft nahtlos \u00fcber Grenzen hinweg und sorgen Sie daf\u00fcr,\r\n      dass sie authentisch bei einem internationalen Publikum ankommt.\r\n    <\/p>\r\n  <\/li>\r\n  <li>\r\n    <p><strong>Kulturelle Relevanz sicherstellen:<\/strong><\/p>\r\n    <p>\r\n      Passen Sie Ihre Inhalte an verschiedene kulturelle Kontexte an, um Engagement und Verst\u00e4ndnis zu verbessern.\r\n    <\/p>\r\n  <\/li>\r\n  <li>\r\n    <p><strong>Effizienz steigern:<\/strong><\/p>\r\n    <p>\r\n      W\u00e4hlen Sie zwischen professionellen Sprechern und KI-Technologie, um Kosten und Bearbeitungszeiten\r\n      je nach Projektanforderungen zu optimieren.\r\n    <\/p>\r\n  <\/li>\r\n  <li>\r\n    <p><strong>Barrierefreiheit verbessern:<\/strong><\/p>\r\n    <p>\r\n      Machen Sie Ihre Inhalte weltweit zug\u00e4nglich und f\u00f6rdern Sie Inklusivit\u00e4t sowie die Verbindung zu Ihrem Publikum.\r\n    <\/p>\r\n  <\/li>\r\n<\/ul>\r\n<br>\r\n<h3>Werden Sie Partner von Verztec<\/h3>\r\n<br>\r\n<p>\r\n  <strong>\r\n    Schlie\u00dfen Sie sich den globalen Marktf\u00fchrern an, die Verztec vertrauen, um erstklassige Sprachaufnahmel\u00f6sungen bereitzustellen.\r\n    Kontaktieren Sie uns noch heute unter:\r\n    <a href=\"mailto:enquiry@verztec.com\" target=\"_blank\" rel=\"noopener\">enquiry@verztec.com<\/a>\r\n    und erfahren Sie, wie unsere vielseitigen Sprachaufnahmedienste Ihre Content-Strategie verbessern k\u00f6nnen.\r\n  <\/strong>\r\n<\/p>\r\n\r\n\r\n<hr style=\"margin-top: 20px; margin-bottom: 20px; border: 0; border-top: 1px solid #eee;\" \/>\n<p style=\"margin-bottom: 0;\">\n  <img decoding=\"async\" src=\"https:\/\/www.verztec.com\/wp-content\/images\/home\/more.png\" alt=\"\" \/>\n  &nbsp;<a href=\"https:\/\/www.verztec.com\/de\/language-services\/\" target=\"_blank\" rel=\"noopener\">Alle &#8220;Sprachdienste&#8221; anzeigen<\/a>\n<\/p>","protected":false},"excerpt":{"rendered":"<p>Bei Verztec sind wir darauf spezialisiert, erstklassige Sprachaufnahmen bereitzustellen, die darauf ausgelegt sind, Ihre globale Kommunikation zu verbessern. Egal, ob Sie Marketingkampagnen erstellen, Schulungsvideos entwickeln oder Unternehmensinhalte pr\u00e4sentieren \u2013 unsere&hellip;<\/p>\n","protected":false},"author":1,"featured_media":2018,"parent":0,"menu_order":12,"comment_status":"closed","ping_status":"closed","template":"","meta":{"footnotes":""},"class_list":["post-871","page","type-page","status-publish","has-post-thumbnail","hentry"],"_links":{"self":[{"href":"https:\/\/www.verztec.com\/wp-json\/wp\/v2\/pages\/871"}],"collection":[{"href":"https:\/\/www.verztec.com\/wp-json\/wp\/v2\/pages"}],"about":[{"href":"https:\/\/www.verztec.com\/wp-json\/wp\/v2\/types\/page"}],"author":[{"embeddable":true,"href":"https:\/\/www.verztec.com\/wp-json\/wp\/v2\/users\/1"}],"replies":[{"embeddable":true,"href":"https:\/\/www.verztec.com\/wp-json\/wp\/v2\/comments?post=871"}],"version-history":[{"count":12,"href":"https:\/\/www.verztec.com\/wp-json\/wp\/v2\/pages\/871\/revisions"}],"predecessor-version":[{"id":3992,"href":"https:\/\/www.verztec.com\/wp-json\/wp\/v2\/pages\/871\/revisions\/3992"}],"wp:featuredmedia":[{"embeddable":true,"href":"https:\/\/www.verztec.com\/wp-json\/wp\/v2\/media\/2018"}],"wp:attachment":[{"href":"https:\/\/www.verztec.com\/wp-json\/wp\/v2\/media?parent=871"}],"curies":[{"name":"wp","href":"https:\/\/api.w.org\/{rel}","templated":true}]}}