{"id":874,"date":"2009-08-03T07:54:16","date_gmt":"2009-08-03T07:54:16","guid":{"rendered":"http:\/\/staging.verztec.com\/verztec\/technology\/"},"modified":"2025-02-03T08:34:00","modified_gmt":"2025-02-03T08:34:00","slug":"technology","status":"publish","type":"page","link":"https:\/\/www.verztec.com\/technology","title":{"rendered":"Technologie"},"content":{"rendered":"<p>Technologische Unternehmen stehen an der Spitze der globalen Innovation und treiben den intensiven Wettbewerb durch die kontinuierliche Weiterentwicklung von Methoden und kreativen L\u00f6sungen voran. Unternehmen stehen zunehmend vor der Herausforderung, ihre Produkte zu differenzieren und loyale Kundenst\u00e4mme in dieser sich schnell entwickelnden Landschaft aufzubauen.<\/p>\r\n<p>In dieser schnelllebigen Umgebung war die Nachfrage nach zeitgerechten und strategischen Marketingans\u00e4tzen noch nie so hoch. Verkaufsstrategien und Marketingkampagnen m\u00fcssen jetzt weltweit umgesetzt werden, um neue Chancen zu nutzen und den Mitbewerbern einen Schritt voraus zu sein.<\/p>\r\n<p>Die Expansion in neue M\u00e4rkte bringt die zus\u00e4tzliche Herausforderung mit sich, die Lieferungen an die unterschiedlichen regionalen Vorlieben und Vorschriften anzupassen. Effektive Kommunikation, die auf diese vielf\u00e4ltigen Zielgruppen zugeschnitten ist, ist entscheidend f\u00fcr nachhaltigen Erfolg.<\/p>\r\n<p>Erfahren Sie, wie Verztec f\u00fchrende Technologieunternehmen dabei unterst\u00fctzt, ihre Globalisierungsziele mit umfassenden digitalen Lernl\u00f6sungen zu erreichen, die in unsere Dienstleistungen integriert sind. Von der Softwarelokalisierung und Online-Wissensdatenbanken bis hin zu interaktiven eLearning-Kursen und Schulungsvideos bieten wir flexible L\u00f6sungen, die das Lernen und Engagement globaler Teams f\u00f6rdern.<\/p>\r\n<p>Unser Ansatz stellt nicht nur eine reibungslose Kommunikation \u00fcber Grenzen hinweg sicher, sondern steigert auch die betriebliche Effizienz und beschleunigt den Wissenstransfer. Durch den Einsatz digitaler Lerntechnologien k\u00f6nnen Unternehmen ihre Schulungsprozesse optimieren, die Mitarbeiterleistung steigern und die Einhaltung von Vorschriften weltweit sicherstellen.<\/p>\r\n<p>Arbeiten Sie mit Verztec zusammen, um Ihre globalen Kommunikationsstrategien zu optimieren und neue Wachstumschancen in der wettbewerbsintensiven Technologiewelt zu erschlie\u00dfen. Kontaktieren Sie uns noch heute, um mehr dar\u00fcber zu erfahren, wie unsere ma\u00dfgeschneiderten L\u00f6sungen Ihr Unternehmen international vorantreiben k\u00f6nnen.<\/p>\r\n<p>Die umfassenden F\u00e4higkeiten von Verztec umfassen:<\/p>\r\n<ul>\r\n<li>Softwarelokalisierung<\/li>\r\n<li>Online-Wissensdatenbanken<\/li>\r\n<li>Benutzer- und Administratorhandb\u00fccher<\/li>\r\n<li>Softwarekomponenten<\/li>\r\n<li>Bildungsspiele<\/li>\r\n<li>Schulungsvideos<\/li>\r\n<li>Online-Schulungen \/ eLearning-Kurse<\/li>\r\n<li>Marketingkommunikation<\/li>\r\n<li>Websites, Extranet- und Intranet-Seiten<\/li>\r\n<li>Schulungsdokumentationen<\/li>\r\n<li>Benutzerhandb\u00fccher<\/li>\r\n<li>Produktdatenbl\u00e4tter \/ Produktreferenzbl\u00e4tter<\/li>\r\n<li>Schnellreferenzleitf\u00e4den \/ Schnellinstallationsleitf\u00e4den \/ Schnellstartleitf\u00e4den<\/li>\r\n<li>Point of Sale, Verpackungen und Etikettierungen<\/li>\r\n<li>Ethik-, Compliance- und Regulierungsdokumentation<\/li>\r\n<\/ul>\r\n<p>Steigern Sie Ihre globale Pr\u00e4senz mit Verztecs Expertise in digitalem Lernen und Lokalisierung. Lassen Sie uns Ihnen helfen, die Komplexit\u00e4t internationaler M\u00e4rkte zu meistern und gleichzeitig wirkungsvolle Inhalte zu liefern, die bei Ihrem globalen Publikum ankommen.<\/p>\r\n\r\n<hr style=\"margin-top: 20px; margin-bottom: 20px; border: 0; border-top: 1px solid #eee;\" \/>\n<p style=\"margin-bottom: 0;\"><a href=\"https:\/\/www.verztec.com\/de\/testimonials\/\" target=\"_blank\" rel=\"noopener\">Kundenreferenzen<\/a> &nbsp; : Lesen Sie, was unsere Kunden \u00fcber uns sagen!<\/p>\n<p><a href=\"https:\/\/www.verztec.com\/de\/clients\/\" target=\"_blank\" rel=\"noopener\">Unsere gesch\u00e4tzten Kunden<\/a> &nbsp; : Sehen Sie die Liste unserer gesch\u00e4tzten Kunden.<\/p>\n\r\n","protected":false},"excerpt":{"rendered":"<p>Technologische Unternehmen stehen an der Spitze der globalen Innovation und treiben den intensiven Wettbewerb durch die kontinuierliche Weiterentwicklung von Methoden und kreativen L\u00f6sungen voran. Unternehmen stehen zunehmend vor der Herausforderung,&hellip;<\/p>\n","protected":false},"author":1,"featured_media":4027,"parent":0,"menu_order":24,"comment_status":"closed","ping_status":"closed","template":"","meta":{"footnotes":""},"class_list":["post-874","page","type-page","status-publish","has-post-thumbnail","hentry"],"_links":{"self":[{"href":"https:\/\/www.verztec.com\/wp-json\/wp\/v2\/pages\/874"}],"collection":[{"href":"https:\/\/www.verztec.com\/wp-json\/wp\/v2\/pages"}],"about":[{"href":"https:\/\/www.verztec.com\/wp-json\/wp\/v2\/types\/page"}],"author":[{"embeddable":true,"href":"https:\/\/www.verztec.com\/wp-json\/wp\/v2\/users\/1"}],"replies":[{"embeddable":true,"href":"https:\/\/www.verztec.com\/wp-json\/wp\/v2\/comments?post=874"}],"version-history":[{"count":3,"href":"https:\/\/www.verztec.com\/wp-json\/wp\/v2\/pages\/874\/revisions"}],"predecessor-version":[{"id":3152,"href":"https:\/\/www.verztec.com\/wp-json\/wp\/v2\/pages\/874\/revisions\/3152"}],"wp:featuredmedia":[{"embeddable":true,"href":"https:\/\/www.verztec.com\/wp-json\/wp\/v2\/media\/4027"}],"wp:attachment":[{"href":"https:\/\/www.verztec.com\/wp-json\/wp\/v2\/media?parent=874"}],"curies":[{"name":"wp","href":"https:\/\/api.w.org\/{rel}","templated":true}]}}