{"id":875,"date":"2009-08-03T08:02:09","date_gmt":"2009-08-03T08:02:09","guid":{"rendered":"http:\/\/staging.verztec.com\/verztec\/manufacturing\/"},"modified":"2025-02-03T08:28:14","modified_gmt":"2025-02-03T08:28:14","slug":"manufacturing","status":"publish","type":"page","link":"https:\/\/www.verztec.com\/manufacturing","title":{"rendered":"Fertigung"},"content":{"rendered":"<p>Die Gesch\u00e4ftsaussichten f\u00fcr Rohstoffe waren noch nie so vielversprechend. Mit den Vorteilen der zunehmenden Globalisierung sind Hersteller von Konsumg\u00fctern und Dienstleistungen bereit, die umfangreichen globalen Marktchancen zu nutzen.<\/p>\r\n<p>Von Einzelhandelsverk\u00e4ufen bis hin zu Konsumg\u00fctern m\u00fcssen Unternehmen kulturell angemessene Nachrichten \u00fcber nationale und sprachliche Grenzen hinweg effektiv vermitteln, um den Markenwert zu steigern.<\/p>\r\n<p>Im heutigen Fertigungsumfeld operieren Unternehmen oft \u00fcber mehrere Kontinente hinweg und verwalten globale Arbeitskr\u00e4fte, Produktions- und Vertriebssysteme, w\u00e4hrend sie gleichzeitig versuchen, Kosten zu kontrollieren und hohe Qualit\u00e4tsstandards aufrechtzuerhalten.<\/p>\r\n<p>Verztec ist auf die Unterst\u00fctzung von Fertigungskonzernen bei der Prozessoptimierung spezialisiert, um die globalen Kommunikationsanforderungen effektiv zu verwalten. Wir helfen dabei, sprachliche Anwendungen zu etablieren und zu pflegen, die eine konsistente Markenkommunikation \u00fcber verschiedene Unternehmensanforderungen hinweg gew\u00e4hrleisten.<\/p>\r\n<p>Die F\u00e4higkeiten von Verztec umfassen eine Vielzahl von wichtigen Dokumenten f\u00fcr die Fertigungsindustrie:<\/p>\r\n<ul>\r\n<li><b>Marketingkommunikation<\/b><\/li>\r\n<li><b>Websites, Extranets und Intranet-Seiten<\/b><\/li>\r\n<li><b>Schulungsdokumentation<\/b><\/li>\r\n<li><b>Kataloge (online und in gedruckter Form)<\/b><\/li>\r\n<li><b>Benutzerhandb\u00fccher<\/b><\/li>\r\n<li><b>Produktdatenbl\u00e4tter \/ Produktreferenzbl\u00e4tter<\/b><\/li>\r\n<li><b>Schnellreferenzhandb\u00fccher \/ Schnellinstallationshandb\u00fccher \/ Schnellstartanleitungen<\/b><\/li>\r\n<li><b>Point of Sale, Verpackung und Etikettierung<\/b><\/li>\r\n<li><b>Ethik-, Compliance- und Regulierungsdokumentation<\/b><\/li>\r\n<\/ul>\r\n<p>Zus\u00e4tzlich zu traditionellen Sprachdiensten bietet Verztec fortschrittliche digitale Lernl\u00f6sungen, die speziell f\u00fcr den Fertigungssektor entwickelt wurden. Die Vorteile des digitalen Lernens umfassen:<\/p>\r\n<ul>\r\n<li><b>Verbesserte Trainingseffizienz:<\/b> Optimieren Sie Onboarding-Prozesse und verbessern Sie die F\u00e4higkeiten von globalen Teams mit interaktiven Online-Trainingsmodulen.<\/li>\r\n<li><b>Verbesserte Compliance:<\/b> Gew\u00e4hrleisten Sie die Einhaltung von regulatorischen Standards durch leicht zug\u00e4ngliche und regelm\u00e4\u00dfig aktualisierte digitale Schulungsmaterialien.<\/li>\r\n<li><b>Kosteneinsparungen:<\/b> Reduzieren Sie Schulungskosten, die mit Reisen und Logistik verbunden sind, durch skalierbare Online-Lernl\u00f6sungen.<\/li>\r\n<li><b>Globale Zug\u00e4nglichkeit:<\/b> Erleichtern Sie eine konsistente Schulungsbereitstellung \u00fcber verschiedene Zeitzonen und Sprachen hinweg, um sicherzustellen, dass alle Mitarbeiter standardisiertes Wissen erhalten.<\/li>\r\n<\/ul>\r\n<p>Partnerschaft mit Verztec, um Ihre globalen Kommunikationsstrategien zu optimieren, die Betriebseffizienz zu steigern und die Markenbest\u00e4ndigkeit auf internationalen M\u00e4rkten zu wahren.<\/p>\r\n<p>Kontaktieren Sie uns noch heute, um zu erfahren, wie unsere spezialisierten Dienstleistungen und digitalen L\u00f6sungen das Wachstum und den Erfolg Ihres Fertigungsunternehmens unterst\u00fctzen k\u00f6nnen.<\/p>\r\n\r\n<hr style=\"margin-top: 20px; margin-bottom: 20px; border: 0; border-top: 1px solid #eee;\" \/>\n<p style=\"margin-bottom: 0;\"><a href=\"https:\/\/www.verztec.com\/de\/testimonials\/\" target=\"_blank\" rel=\"noopener\">Kundenreferenzen<\/a> &nbsp; : Lesen Sie, was unsere Kunden \u00fcber uns sagen!<\/p>\n<p><a href=\"https:\/\/www.verztec.com\/de\/clients\/\" target=\"_blank\" rel=\"noopener\">Unsere gesch\u00e4tzten Kunden<\/a> &nbsp; : Sehen Sie die Liste unserer gesch\u00e4tzten Kunden.<\/p>\n\r\n","protected":false},"excerpt":{"rendered":"<p>Die Gesch\u00e4ftsaussichten f\u00fcr Rohstoffe waren noch nie so vielversprechend. Mit den Vorteilen der zunehmenden Globalisierung sind Hersteller von Konsumg\u00fctern und Dienstleistungen bereit, die umfangreichen globalen Marktchancen zu nutzen. Von Einzelhandelsverk\u00e4ufen&hellip;<\/p>\n","protected":false},"author":1,"featured_media":4027,"parent":0,"menu_order":28,"comment_status":"closed","ping_status":"closed","template":"","meta":{"footnotes":""},"class_list":["post-875","page","type-page","status-publish","has-post-thumbnail","hentry"],"_links":{"self":[{"href":"https:\/\/www.verztec.com\/wp-json\/wp\/v2\/pages\/875"}],"collection":[{"href":"https:\/\/www.verztec.com\/wp-json\/wp\/v2\/pages"}],"about":[{"href":"https:\/\/www.verztec.com\/wp-json\/wp\/v2\/types\/page"}],"author":[{"embeddable":true,"href":"https:\/\/www.verztec.com\/wp-json\/wp\/v2\/users\/1"}],"replies":[{"embeddable":true,"href":"https:\/\/www.verztec.com\/wp-json\/wp\/v2\/comments?post=875"}],"version-history":[{"count":2,"href":"https:\/\/www.verztec.com\/wp-json\/wp\/v2\/pages\/875\/revisions"}],"predecessor-version":[{"id":2868,"href":"https:\/\/www.verztec.com\/wp-json\/wp\/v2\/pages\/875\/revisions\/2868"}],"wp:featuredmedia":[{"embeddable":true,"href":"https:\/\/www.verztec.com\/wp-json\/wp\/v2\/media\/4027"}],"wp:attachment":[{"href":"https:\/\/www.verztec.com\/wp-json\/wp\/v2\/media?parent=875"}],"curies":[{"name":"wp","href":"https:\/\/api.w.org\/{rel}","templated":true}]}}