{"id":877,"date":"2009-08-03T08:04:34","date_gmt":"2009-08-03T08:04:34","guid":{"rendered":"http:\/\/staging.verztec.com\/verztec\/legal\/"},"modified":"2025-02-03T08:49:23","modified_gmt":"2025-02-03T08:49:23","slug":"legal","status":"publish","type":"page","link":"https:\/\/www.verztec.com\/legal","title":{"rendered":"Rechtlich"},"content":{"rendered":"<p>Der Rechtssektor erlebt einen positiven Ausblick, der durch zunehmend komplexe regulatorische Ma\u00dfnahmen angetrieben wird, was zu einer erh\u00f6hten Aktivit\u00e4t in Anwaltskanzleien und in den Rechtsabteilungen von Unternehmen f\u00fchrt.<\/p>\r\n<p>Mit der Expansion der Schwellenm\u00e4rkte sehen sich juristische Einrichtungen mit einer zunehmenden Nachfrage nach Dokumenten\u00fcbersetzungen und Lokalisierung konfrontiert. Globale Rechtsagenturen und Ministerien sind verpflichtet, genaue Informationen und Beratung f\u00fcr unterschiedliche W\u00e4hlergruppen bereitzustellen, was die kritische Notwendigkeit effizienter Kommunikation unterstreicht.<\/p>\r\n<p>Um die multikulturellen Bed\u00fcrfnisse ihrer Bev\u00f6lkerungen zu erf\u00fcllen, m\u00fcssen \u00f6ffentliche Dienstleistungsagenturen, einschlie\u00dflich Gesundheitsdienstleistern, ihre Dienstleistungen in mehreren Sprachen anbieten. Verztec ist auf die Bereitstellung umfassender Sprachl\u00f6sungen und digitaler Lernservices spezialisiert, die auf die Rechtsbranche zugeschnitten sind.<\/p>\r\n<p>Verztec unterst\u00fctzt juristische Verfahren mit Fachwissen im Bereich der Regierung, integrierten Lokalisierungsf\u00e4higkeiten und Echtzeit-Dolmetscherdiensten, die es den internen Mitarbeitern erm\u00f6glichen, sich auf die wesentlichen legislativen Funktionen zu konzentrieren.<\/p>\r\n<p>Verztecs F\u00e4higkeiten umfassen eine breite Palette von Rechtsdokumenten, darunter:<\/p>\r\n<ul>\r\n<li>\r\n<p><b>Vertr\u00e4ge und Vereinbarungen:<\/b><\/p>\r\n<ul>\r\n<li>Darlehensvertr\u00e4ge<\/li>\r\n<li>Gesch\u00e4ftsvertr\u00e4ge f\u00fcr verschiedene Branchen<\/li>\r\n<li>Vertriebsvertr\u00e4ge<\/li>\r\n<li>Lizenzvertr\u00e4ge<\/li>\r\n<li>Aktienkaufvertr\u00e4ge<\/li>\r\n<li>Vertraulichkeitsvereinbarungen<\/li>\r\n<li>Finanzvertr\u00e4ge<\/li>\r\n<li>Versicherungsvertr\u00e4ge<\/li>\r\n<li>Satzungen<\/li>\r\n<li>Vollmachten<\/li>\r\n<li>Support-Service-Vereinbarungen<\/li>\r\n<\/ul>\r\n<\/li>\r\n<\/ul>\r\n<ul>\r\n<li>\r\n<p><b>Geistiges Eigentum:<\/b><\/p>\r\n<ul>\r\n<li>Patente<\/li>\r\n<li>Urheberrechte<\/li>\r\n<li>Markenverl\u00e4ngerungszertifikate<\/li>\r\n<li>Markenregistrierungszertifikate<\/li>\r\n<\/ul>\r\n<\/li>\r\n<\/ul>\r\n<ul>\r\n<li>\r\n<p><b>Gerichtsverfahren:<\/b><\/p>\r\n<ul>\r\n<li>Gerichtliche Ma\u00dfnahmen und Entscheidungen<\/li>\r\n<li>Patentanmeldungen<\/li>\r\n<li>Audiodateien f\u00fcr Gerichtsverfahren<\/li>\r\n<\/ul>\r\n<\/li>\r\n<\/ul>\r\n<ul>\r\n<li>\r\n<p><b>Compliance und Schulung:<\/b><\/p>\r\n<ul>\r\n<li>Verhaltenskodex-Handb\u00fccher f\u00fcr Mitarbeiter<\/li>\r\n<li>Ethik- und Compliance-Trainings<\/li>\r\n<li>Bildungszertifikate<\/li>\r\n<li>Geburtsurkunden<\/li>\r\n<\/ul>\r\n<\/li>\r\n<\/ul>\r\n<p>Zus\u00e4tzlich zur Dokumenten\u00fcbersetzung bietet Verztec digitale Lernl\u00f6sungen an, um die rechtliche Bildung und das Compliance-Training zu verbessern. Unsere Dienstleistungen umfassen die Entwicklung und Lokalisierung von Online-Schulungsmodulen, audiovisuellen Materialien f\u00fcr Gerichtsverfahren und mehrsprachigen Inhalten f\u00fcr rechtliche Bildungsprogramme.<\/p>\r\n<p>Arbeiten Sie mit Verztec zusammen, um Ihre juristischen Kommunikationsstrategien zu optimieren, Abl\u00e4ufe zu vereinfachen und die Einhaltung von regulatorischen Standards sicherzustellen. Kontaktieren Sie uns noch heute, um zu erfahren, wie unsere spezialisierten Dienstleistungen Ihre Rechtsabteilung in einer global vernetzten Umgebung unterst\u00fctzen k\u00f6nnen.<\/p>\r\n\r\n<hr style=\"margin-top: 20px; margin-bottom: 20px; border: 0; border-top: 1px solid #eee;\" \/>\n<p style=\"margin-bottom: 0;\"><a href=\"https:\/\/www.verztec.com\/de\/testimonials\/\" target=\"_blank\" rel=\"noopener\">Kundenreferenzen<\/a> &nbsp; : Lesen Sie, was unsere Kunden \u00fcber uns sagen!<\/p>\n<p><a href=\"https:\/\/www.verztec.com\/de\/clients\/\" target=\"_blank\" rel=\"noopener\">Unsere gesch\u00e4tzten Kunden<\/a> &nbsp; : Sehen Sie die Liste unserer gesch\u00e4tzten Kunden.<\/p>\n\r\n","protected":false},"excerpt":{"rendered":"<p>Der Rechtssektor erlebt einen positiven Ausblick, der durch zunehmend komplexe regulatorische Ma\u00dfnahmen angetrieben wird, was zu einer erh\u00f6hten Aktivit\u00e4t in Anwaltskanzleien und in den Rechtsabteilungen von Unternehmen f\u00fchrt. Mit der&hellip;<\/p>\n","protected":false},"author":1,"featured_media":4027,"parent":0,"menu_order":27,"comment_status":"closed","ping_status":"closed","template":"","meta":{"footnotes":""},"class_list":["post-877","page","type-page","status-publish","has-post-thumbnail","hentry"],"_links":{"self":[{"href":"https:\/\/www.verztec.com\/wp-json\/wp\/v2\/pages\/877"}],"collection":[{"href":"https:\/\/www.verztec.com\/wp-json\/wp\/v2\/pages"}],"about":[{"href":"https:\/\/www.verztec.com\/wp-json\/wp\/v2\/types\/page"}],"author":[{"embeddable":true,"href":"https:\/\/www.verztec.com\/wp-json\/wp\/v2\/users\/1"}],"replies":[{"embeddable":true,"href":"https:\/\/www.verztec.com\/wp-json\/wp\/v2\/comments?post=877"}],"version-history":[{"count":3,"href":"https:\/\/www.verztec.com\/wp-json\/wp\/v2\/pages\/877\/revisions"}],"predecessor-version":[{"id":3153,"href":"https:\/\/www.verztec.com\/wp-json\/wp\/v2\/pages\/877\/revisions\/3153"}],"wp:featuredmedia":[{"embeddable":true,"href":"https:\/\/www.verztec.com\/wp-json\/wp\/v2\/media\/4027"}],"wp:attachment":[{"href":"https:\/\/www.verztec.com\/wp-json\/wp\/v2\/media?parent=877"}],"curies":[{"name":"wp","href":"https:\/\/api.w.org\/{rel}","templated":true}]}}