{"id":878,"date":"2009-08-03T08:05:05","date_gmt":"2009-08-03T08:05:05","guid":{"rendered":"http:\/\/staging.verztec.com\/verztec\/medical-a-life-sciences\/"},"modified":"2025-02-03T08:08:21","modified_gmt":"2025-02-03T08:08:21","slug":"medical-a-life-sciences","status":"publish","type":"page","link":"https:\/\/www.verztec.com\/medical-a-life-sciences","title":{"rendered":"Medizinische Ger\u00e4te"},"content":{"rendered":"<p>Die Branche der medizinischen Ger\u00e4te entwickelt sich rasant weiter, angetrieben von technologischen Fortschritten und der weltweit steigenden Nachfrage nach innovativen Gesundheitsl\u00f6sungen. W\u00e4hrend die regulatorischen Anforderungen immer strenger werden, w\u00e4chst die Notwendigkeit nach pr\u00e4ziser Kommunikation und Compliance in internationalen M\u00e4rkten.<\/p>\r\n<p>Hersteller medizinischer Ger\u00e4te und Gesundheitsdienstleister m\u00fcssen sich durch komplexe regulatorische Landschaften navigieren und eine genaue \u00dcbersetzung kritischer Dokumente sicherstellen, um den unterschiedlichen sprachlichen und kulturellen Bed\u00fcrfnissen gerecht zu werden. Verztec versteht diese Herausforderungen und bietet spezialisierte Sprachdienste sowie digitale Lernl\u00f6sungen, die auf die Branche der medizinischen Ger\u00e4te zugeschnitten sind.<\/p>\r\n<p>Unsere umfassenden Sprachl\u00f6sungen umfassen:<\/p>\r\n<ul>\r\n<li>\r\n<p><b>Regulatorische Dokumentation:<\/b><\/p>\r\n<ul>\r\n<li>FDA-Einreichungen<\/li>\r\n<li>CE-Kennzeichnungsdokumente<\/li>\r\n<li>ISO-Konformit\u00e4tsdokumente<\/li>\r\n<li>Klinische Studienmaterialien<\/li>\r\n<li>Produktetiketten und Verpackungen<\/li>\r\n<\/ul>\r\n<\/li>\r\n<\/ul>\r\n<ul>\r\n<li>\r\n<p><b>Marketing- und Verkaufsunterlagen:<\/b><\/p>\r\n<ul>\r\n<li>Produktbrosch\u00fcren und Kataloge<\/li>\r\n<li>Marketingkampagnen<\/li>\r\n<li>Verkaufspr\u00e4sentationen<\/li>\r\n<li>Messematerialien<\/li>\r\n<\/ul>\r\n<\/li>\r\n<\/ul>\r\n<ul>\r\n<li>\r\n<p><b>Technische Dokumentation:<\/b><\/p>\r\n<ul>\r\n<li>Benutzerhandb\u00fccher<\/li>\r\n<li>Gebrauchsanweisungen (IFUs)<\/li>\r\n<li>Servicehandb\u00fccher<\/li>\r\n<li>Schulungsmaterialien<\/li>\r\n<\/ul>\r\n<\/li>\r\n<\/ul>\r\n<ul>\r\n<li>\r\n<p><b>Rechtliche und Compliance-Dokumente:<\/b><\/p>\r\n<ul>\r\n<li>Vertr\u00e4ge und Vereinbarungen<\/li>\r\n<li>Patente und geistiges Eigentum<\/li>\r\n<li>Ethik- und Compliance-Schulungen<\/li>\r\n<\/ul>\r\n<\/li>\r\n<\/ul>\r\n<p>Zus\u00e4tzlich zu \u00dcbersetzungs- und Lokalisierungsdiensten bietet Verztec digitale Lernl\u00f6sungen, die speziell auf die Branche der medizinischen Ger\u00e4te zugeschnitten sind. Unsere Dienstleistungen umfassen:<\/p>\r\n<ul>\r\n<li>\r\n<p><b>Online-Schulungsmodul<\/b><\/p>\r\n<ul>\r\n<li>Entwicklung und Lokalisierung von E-Learning-Kursen zu Ger\u00e4tebedienung, Sicherheitsprotokollen und Compliance.<\/li>\r\n<\/ul>\r\n<\/li>\r\n<\/ul>\r\n<ul>\r\n<li>\r\n<p><b>Interaktive Lernwerkzeuge:<\/b><\/p>\r\n<ul>\r\n<li>Multimedia-Pr\u00e4sentationen und Animationen f\u00fcr das Training in der Nutzung und Wartung von Ger\u00e4ten.<\/li>\r\n<\/ul>\r\n<\/li>\r\n<\/ul>\r\n<ul>\r\n<li>\r\n<p><b>Virtuelle Realit\u00e4t (VR) und erweiterte Realit\u00e4t (AR) Anwendungen:<\/b><\/p>\r\n<ul>\r\n<li>Simulationsmodule f\u00fcr chirurgische Schulungen und Ger\u00e4te-Fehlerbehebung.<\/li>\r\n<\/ul>\r\n<\/li>\r\n<\/ul>\r\n<ul>\r\n<li>\r\n<p><b>Mobile Lernanwendungen:<\/b><\/p>\r\n<ul>\r\n<li>Mobile Plattformen f\u00fcr Schulungen und Compliance-Updates unterwegs.<\/li>\r\n<\/ul>\r\n<\/li>\r\n<\/ul>\r\n<p>Verztec bietet Expertise \u00fcber traditionelle Sprachdienste hinaus und liefert innovative digitale L\u00f6sungen, die die betriebliche Effizienz steigern, regulatorische Compliance sicherstellen und die Benutzerkompetenz mit medizinischen Ger\u00e4ten weltweit verbessern.<\/p>\r\n<p>Arbeiten Sie mit Verztec zusammen, um Ihre Kommunikationsstrategien zu optimieren, die regulatorische Compliance zu rationalisieren und die Markteinf\u00fchrung Ihrer medizinischen Ger\u00e4te zu beschleunigen. Kontaktieren Sie uns noch heute, um zu erfahren, wie unsere spezialisierten Dienstleistungen Ihr Wachstum und Ihren Erfolg auf dem globalen Gesundheitsmarkt unterst\u00fctzen k\u00f6nnen.<\/p>\r\n\r\n<hr style=\"margin-top: 20px; margin-bottom: 20px; border: 0; border-top: 1px solid #eee;\" \/>\n<p style=\"margin-bottom: 0;\"><a href=\"https:\/\/www.verztec.com\/de\/testimonials\/\" target=\"_blank\" rel=\"noopener\">Kundenreferenzen<\/a> &nbsp; : Lesen Sie, was unsere Kunden \u00fcber uns sagen!<\/p>\n<p><a href=\"https:\/\/www.verztec.com\/de\/clients\/\" target=\"_blank\" rel=\"noopener\">Unsere gesch\u00e4tzten Kunden<\/a> &nbsp; : Sehen Sie die Liste unserer gesch\u00e4tzten Kunden.<\/p>\n\r\n","protected":false},"excerpt":{"rendered":"<p>Die Branche der medizinischen Ger\u00e4te entwickelt sich rasant weiter, angetrieben von technologischen Fortschritten und der weltweit steigenden Nachfrage nach innovativen Gesundheitsl\u00f6sungen. W\u00e4hrend die regulatorischen Anforderungen immer strenger werden, w\u00e4chst die&hellip;<\/p>\n","protected":false},"author":1,"featured_media":4027,"parent":0,"menu_order":26,"comment_status":"closed","ping_status":"closed","template":"","meta":{"footnotes":""},"class_list":["post-878","page","type-page","status-publish","has-post-thumbnail","hentry"],"_links":{"self":[{"href":"https:\/\/www.verztec.com\/wp-json\/wp\/v2\/pages\/878"}],"collection":[{"href":"https:\/\/www.verztec.com\/wp-json\/wp\/v2\/pages"}],"about":[{"href":"https:\/\/www.verztec.com\/wp-json\/wp\/v2\/types\/page"}],"author":[{"embeddable":true,"href":"https:\/\/www.verztec.com\/wp-json\/wp\/v2\/users\/1"}],"replies":[{"embeddable":true,"href":"https:\/\/www.verztec.com\/wp-json\/wp\/v2\/comments?post=878"}],"version-history":[{"count":2,"href":"https:\/\/www.verztec.com\/wp-json\/wp\/v2\/pages\/878\/revisions"}],"predecessor-version":[{"id":2863,"href":"https:\/\/www.verztec.com\/wp-json\/wp\/v2\/pages\/878\/revisions\/2863"}],"wp:featuredmedia":[{"embeddable":true,"href":"https:\/\/www.verztec.com\/wp-json\/wp\/v2\/media\/4027"}],"wp:attachment":[{"href":"https:\/\/www.verztec.com\/wp-json\/wp\/v2\/media?parent=878"}],"curies":[{"name":"wp","href":"https:\/\/api.w.org\/{rel}","templated":true}]}}