{"id":879,"date":"2009-08-03T08:34:21","date_gmt":"2009-08-03T08:34:21","guid":{"rendered":"http:\/\/staging.verztec.com\/verztec\/customer-promise\/"},"modified":"2024-10-02T02:13:44","modified_gmt":"2024-10-02T02:13:44","slug":"customer-promise","status":"publish","type":"page","link":"https:\/\/www.verztec.com\/customer-promise","title":{"rendered":"Unser Versprechen an unsere Kunden"},"content":{"rendered":"<p>In der heutigen globalen Landschaft erfordert eine erfolgreiche Internationalisierung eine sorgf\u00e4ltige Beachtung verschiedener sozialer, wirtschaftlicher und politischer Faktoren. Bei Verztec verstehen wir, dass unsere Kunden im Mittelpunkt unserer Mission stehen. Deshalb sind wir bestrebt, au\u00dfergew\u00f6hnliche Lokalisierungserlebnisse zu bieten, die auf Ihre Bed\u00fcrfnisse zugeschnitten sind.<\/p>\n<p>Verztec unterst\u00fctzt Unternehmen dabei, global zu expandieren, mit erstklassigen digitalen Lernl\u00f6sungen und professionellen \u00dcbersetzungsdiensten. Wir bieten sowohl menschliche als auch KI-gest\u00fctzte \u00dcbersetzungen an, die stets durch professionelle \u00dcberarbeitungen erg\u00e4nzt werden, um Genauigkeit und Klarheit zu gew\u00e4hrleisten. Unser Ansatz basiert auf drei zentralen Prinzipien:<\/p>\n<ul>\n<li><strong>Strategische Planung<\/strong>: Wir arbeiten eng mit Ihnen zusammen, um die Ziele und Vorgaben Ihrer Organisation zu verstehen, was es uns erm\u00f6glicht, unsere Dienstleistungen anzupassen und ein kompetentes Team zusammenzustellen, das effektive Ergebnisse liefert, die auf Ihre Anforderungen zugeschnitten sind.<\/li>\n<li><strong>Vorbereitung auf Eventualit\u00e4ten<\/strong>: Mit umfassender Erfahrung und einem robusten Netzwerk qualifizierter interner Teams und externer Partner sind wir bereit, uns schnell an Herausforderungen anzupassen, die w\u00e4hrend des Projektlebenszyklus auftreten k\u00f6nnen. Dies stellt sicher, dass Ihr Projekt auch bei unerwarteten Hindernissen auf Kurs bleibt.<\/li>\n<li><strong>Effizienz<\/strong>: Wir sch\u00e4tzen Ihre Zeit und streben danach, Projekte mit maximaler Effizienz zu liefern, w\u00e4hrend wir die h\u00f6chsten Qualit\u00e4tsstandards einhalten. Ob Sie spezialisierte \u00dcbersetzungen f\u00fcr technische Dokumente oder die vollst\u00e4ndige Lokalisierung von eLearning-Kursen ben\u00f6tigen, Verztec verf\u00fcgt \u00fcber das Fachwissen und die Ressourcen, um Ihre Anforderungen zu erf\u00fcllen.<\/li>\n<\/ul>\n<p>Dar\u00fcber hinaus bieten wir eine breite Palette von Dienstleistungen an, einschlie\u00dflich ma\u00dfgeschneiderter eLearning-Entwicklung, Learning Management System (LMS)-L\u00f6sungen, Design-Dienstleistungen, Desktop-Publishing, Qualit\u00e4tssicherungstests und professioneller Beratung, um eine reibungslose globale Expansion zu erm\u00f6glichen.<\/p>\n<p>Bei Verztec setzen wir uns f\u00fcr Exzellenz in Lokalisierungsdiensten ein und f\u00f6rdern langfristige Beziehungen zu unseren Kunden. Ihr Erfolg ist unsere Priorit\u00e4t, und wir sind hier, um Sie zu unterst\u00fctzen, w\u00e4hrend Sie sich in den komplexen internationalen M\u00e4rkten zurechtfinden.<\/p>\n","protected":false},"excerpt":{"rendered":"<p>In der heutigen globalen Landschaft erfordert eine erfolgreiche Internationalisierung eine sorgf\u00e4ltige Beachtung verschiedener sozialer, wirtschaftlicher und politischer Faktoren. Bei Verztec verstehen wir, dass unsere Kunden im Mittelpunkt unserer Mission stehen.&hellip;<\/p>\n","protected":false},"author":1,"featured_media":2024,"parent":0,"menu_order":14,"comment_status":"closed","ping_status":"closed","template":"","meta":{"footnotes":""},"class_list":["post-879","page","type-page","status-publish","has-post-thumbnail","hentry"],"_links":{"self":[{"href":"https:\/\/www.verztec.com\/wp-json\/wp\/v2\/pages\/879"}],"collection":[{"href":"https:\/\/www.verztec.com\/wp-json\/wp\/v2\/pages"}],"about":[{"href":"https:\/\/www.verztec.com\/wp-json\/wp\/v2\/types\/page"}],"author":[{"embeddable":true,"href":"https:\/\/www.verztec.com\/wp-json\/wp\/v2\/users\/1"}],"replies":[{"embeddable":true,"href":"https:\/\/www.verztec.com\/wp-json\/wp\/v2\/comments?post=879"}],"version-history":[{"count":1,"href":"https:\/\/www.verztec.com\/wp-json\/wp\/v2\/pages\/879\/revisions"}],"predecessor-version":[{"id":2076,"href":"https:\/\/www.verztec.com\/wp-json\/wp\/v2\/pages\/879\/revisions\/2076"}],"wp:featuredmedia":[{"embeddable":true,"href":"https:\/\/www.verztec.com\/wp-json\/wp\/v2\/media\/2024"}],"wp:attachment":[{"href":"https:\/\/www.verztec.com\/wp-json\/wp\/v2\/media?parent=879"}],"curies":[{"name":"wp","href":"https:\/\/api.w.org\/{rel}","templated":true}]}}