{"id":880,"date":"2009-08-03T08:55:17","date_gmt":"2009-08-03T08:55:17","guid":{"rendered":"http:\/\/staging.verztec.com\/verztec\/vendor-management\/"},"modified":"2024-11-01T01:36:14","modified_gmt":"2024-11-01T01:36:14","slug":"vendor-management","status":"publish","type":"page","link":"https:\/\/www.verztec.com\/vendor-management","title":{"rendered":"Lieferantenmanagement"},"content":{"rendered":"\r\n<p>Verztec hat in ein dediziertes Vollzeitteam investiert, das sich ausschlie\u00dflich auf Lieferantenmanagement konzentriert. Dieses Team spielt eine entscheidende Rolle bei der Rekrutierung, Zertifizierung und Pflege langfristiger Beziehungen zu Lieferanten und stellt wettbewerbsf\u00e4hige Preise auf Basis unserer branchenf\u00fchrenden Projektvolumen sicher.<\/p>\r\n\r\n\r\n\r\n<p>Um den Verztec-zertifizierten Status zu erreichen, m\u00fcssen \u00dcbersetzer strenge sprachliche Bewertungen durch ein Senior Linguistik-Komitee bestehen. Diese Bewertung umfasst Grammatik, Rechtschreibung, Interpunktion, Schreibstil, \u00dcbersetzungsgenauigkeit und Terminologiegebrauch. \u00dcbersetzer werden basierend auf ihrer Leistung bewertet, wobei nur die besten 20% die Zertifizierung erhalten und f\u00fcr Kundenprojekte zugelassen werden, was durchgehend hochwertige \u00dcbersetzungen garantiert.<\/p>\r\n\r\n\r\n\r\n<p>Zertifizierte \u00dcbersetzer werden kontinuierlich auf ihre F\u00e4higkeit \u00fcberwacht, Fristen einzuhalten und erstklassige Ergebnisse zu liefern, um eine anhaltende Exzellenz in der Projektausf\u00fchrung zu gew\u00e4hrleisten.<\/p>\r\n\r\n\r\n\r\n<p>Neben der Verwaltung unseres internen Teams pflegt Verztec auch starke Beziehungen zu freiberuflichen Ressourcen. Wir priorisieren faire Managementpraktiken, zuverl\u00e4ssige Zahlungspl\u00e4ne und einen konsistenten Arbeitsablauf, um sprachliche Konsistenz in allen Kundenprojekten sicherzustellen.<\/p>\r\n\r\n\r\n\r\n<p>Unsere Lieferantenmanagementstrategie konzentriert sich auch auf die Sicherung wettbewerbsf\u00e4higer Preise, sodass wir unseren Kunden die besten Preise bieten k\u00f6nnen, ohne Kompromisse bei der Qualit\u00e4t einzugehen. Dieser Ansatz gew\u00e4hrleistet, dass Verztec ein f\u00fchrender Anbieter von hochwertigen und wertvollen Sprachl\u00f6sungen in verschiedenen Branchen bleibt.<\/p>\r\n\r\n\r\n\r\n<p>F\u00fcr digitale Lernprojekte nutzt Verztec seine internen Teams, um LMS-Plattformen anzupassen und zu integrieren. Wir arbeiten mit Inhaltspartnern zusammen, um lizenzierte, einsatzbereite Inhalte bereitzustellen, zus\u00e4tzlich zu unseren eigenen Angeboten. Wir arbeiten auch eng mit spezialisierten \u00dcbersetzungspartnern zusammen, die Fachwissen in branchenspezifischer Terminologie besitzen, um eLearning, Videos und Schulungsmaterialien in mehrere Sprachen pr\u00e4zise zu lokalisieren.<\/p>\r\n\r\n\r\n\r\n<p>Die technischen Aspekte der meisten eLearning-Projekte werden intern von unseren spezialisierten Teams bearbeitet. Jedes Projekt durchl\u00e4uft vor der \u00dcberpr\u00fcfung und Implementierung durch den Kunden gr\u00fcndliche Kontrollen und Tests, um w\u00e4hrend des gesamten Prozesses eine robuste Qualit\u00e4tskontrolle zu gew\u00e4hrleisten.<\/p>\r\n\r\n\r\n\r\n<p>Arbeiten Sie mit Verztec zusammen, um umfassende Expertise im Lieferantenmanagement und erstklassige Sprachl\u00f6sungen zu erleben. Kontaktieren Sie uns unter <a href=\"mailto:enquiry@verztec.com\">enquiry@verztec.com<\/a>, um zu erfahren, wie wir Ihre globale Kommunikation und digitalen Lerninitiativen effektiv unterst\u00fctzen k\u00f6nnen.<\/p>\r\n\r\n","protected":false},"excerpt":{"rendered":"<p>Verztec hat in ein dediziertes Vollzeitteam investiert, das sich ausschlie\u00dflich auf Lieferantenmanagement konzentriert. Dieses Team spielt eine entscheidende Rolle bei der Rekrutierung, Zertifizierung und Pflege langfristiger Beziehungen zu Lieferanten und&hellip;<\/p>\n","protected":false},"author":1,"featured_media":2031,"parent":0,"menu_order":2,"comment_status":"closed","ping_status":"closed","template":"","meta":{"footnotes":""},"class_list":["post-880","page","type-page","status-publish","has-post-thumbnail","hentry"],"_links":{"self":[{"href":"https:\/\/www.verztec.com\/wp-json\/wp\/v2\/pages\/880"}],"collection":[{"href":"https:\/\/www.verztec.com\/wp-json\/wp\/v2\/pages"}],"about":[{"href":"https:\/\/www.verztec.com\/wp-json\/wp\/v2\/types\/page"}],"author":[{"embeddable":true,"href":"https:\/\/www.verztec.com\/wp-json\/wp\/v2\/users\/1"}],"replies":[{"embeddable":true,"href":"https:\/\/www.verztec.com\/wp-json\/wp\/v2\/comments?post=880"}],"version-history":[{"count":2,"href":"https:\/\/www.verztec.com\/wp-json\/wp\/v2\/pages\/880\/revisions"}],"predecessor-version":[{"id":2885,"href":"https:\/\/www.verztec.com\/wp-json\/wp\/v2\/pages\/880\/revisions\/2885"}],"wp:featuredmedia":[{"embeddable":true,"href":"https:\/\/www.verztec.com\/wp-json\/wp\/v2\/media\/2031"}],"wp:attachment":[{"href":"https:\/\/www.verztec.com\/wp-json\/wp\/v2\/media?parent=880"}],"curies":[{"name":"wp","href":"https:\/\/api.w.org\/{rel}","templated":true}]}}