{"id":881,"date":"2009-08-03T08:55:53","date_gmt":"2009-08-03T08:55:53","guid":{"rendered":"http:\/\/staging.verztec.com\/verztec\/on-demand-scalability\/"},"modified":"2024-10-02T01:48:13","modified_gmt":"2024-10-02T01:48:13","slug":"on-demand-scalability","status":"publish","type":"page","link":"https:\/\/www.verztec.com\/on-demand-scalability","title":{"rendered":"Skalierbarkeit auf Abruf"},"content":{"rendered":"<p>Humanressourcen sind entscheidend f\u00fcr die Schaffung der wissensbasierten Grundlage, die f\u00fcr den Erfolg von Lokalisierungsprojekten erforderlich ist. Verztec versteht die zentrale Bedeutung eines talentierten und qualifizierten Teams in verschiedenen Disziplinen, um die strengen Projektstandards durchg\u00e4ngig zu erf\u00fcllen.<\/p>\n<p>Verztec kombiniert innovative globale Projektmanagementpraktiken mit einem Team hochqualifizierter Fachleute, die darauf spezialisiert sind, den Erfolg von Lokalisierungsprojekten innerhalb vorgegebener Zeitrahmen voranzutreiben. Unser Wettbewerbsvorteil liegt in unserer F\u00e4higkeit, die besten Talente auszuw\u00e4hlen, die auf Ihre Lokalisierungsziele zugeschnitten sind.<\/p>\n<p>Das multidisziplin\u00e4re Team von Verztec umfasst erfahrene Fachleute, darunter:<\/p>\n<ol>\n<li>\n<p><strong>Von Verztec geschulte Lokalisierungsprojektmanager:<\/strong><br \/> Experten f\u00fcr die \u00dcberwachung und Koordination komplexer Lokalisierungsprojekte, die effiziente Arbeitsabl\u00e4ufe und termingerechte Lieferungen gew\u00e4hrleisten.<\/p>\n<\/li>\n<li>\n<p><strong>Einheimische, vor Ort ans\u00e4ssige \u00dcbersetzer:<\/strong><br \/> Sprachspezialisten, die ihre Muttersprache perfekt beherrschen, kulturelle Nuancen erfassen und pr\u00e4zise \u00dcbersetzungen liefern, die bei Zielgruppen ankommen.<\/p>\n<\/li>\n<li>\n<p><strong>Experten f\u00fcr digitales Lernen:<\/strong><br \/> Spezialisten f\u00fcr E-Learning- und digitale Schulungsl\u00f6sungen, die sich auf die Anpassung von Lernmanagementsystemen (LMS) und die Integration innovativer Technologien zur Verbesserung globaler Lernerfahrungen konzentrieren.<\/p>\n<\/li>\n<li>\n<p><strong>Instruktionsdesigner:<\/strong><br \/> Kreative Fachleute, die ansprechende und effektive Lernerfahrungen entwerfen und sicherstellen, dass die Inhalte mit den Lernzielen und den Bed\u00fcrfnissen der Zielgruppe \u00fcbereinstimmen.<\/p>\n<\/li>\n<li>\n<p><strong>Redakteure:<\/strong><br \/> Experten f\u00fcr die Verfeinerung und Optimierung von Inhalten, um sprachliche Genauigkeit, Konsistenz und Klarheit in allen Materialien sicherzustellen.<\/p>\n<\/li>\n<li>\n<p><strong>Fachexperten:<\/strong><br \/> Branchenspezifische Spezialisten mit fundiertem Wissen in Bereichen wie Life Sciences, Technologie, Finanzen und Recht, die eine pr\u00e4zise Lokalisierung spezialisierter Inhalte und die Einhaltung von Branchenstandards gew\u00e4hrleisten.<\/p>\n<\/li>\n<li>\n<p><strong>Erfahrene Softwareingenieure:<\/strong><br \/> Technologische Innovatoren, die fortschrittliche Tools und L\u00f6sungen entwickeln und integrieren, um Lokalisierungsprozesse zu optimieren und die Projekteffizienz zu steigern.<\/p>\n<\/li>\n<li>\n<p><strong>Inhaltsingenieure:<\/strong><br \/> Fachleute, die sich mit der Handhabung digitaler Inhalte auskennen, von der Multimedia-Lokalisierung bis hin zum Desktop-Publishing, und eine nahtlose Anpassung auf verschiedenen Plattformen sicherstellen.<\/p>\n<\/li>\n<li>\n<p><strong>Experten f\u00fcr regulatorische Verfahren:<\/strong><br \/> Fachleute, die mit regulatorischen Rahmenbedingungen und Compliance-Standards vertraut sind und sicherstellen, dass lokalisierte Inhalte den lokalen Gesetzen und Vorschriften entsprechen.<\/p>\n<\/li>\n<li>\n<p><strong>Sprecher und Sprecherinnen:<\/strong><br \/> Talentierte Stimmen, die klare und ansprechende Audioinhalte in mehreren Sprachen und Dialekten liefern und so die Wirkung lokalisierter Multimedia-Materialien verst\u00e4rken.<\/p>\n<\/li>\n<\/ol>\n<p>Das Engagement von Verztec f\u00fcr den Aufbau einer vielf\u00e4ltigen und qualifizierten Belegschaft erm\u00f6glicht es uns, die einzigartigen Anforderungen jedes Lokalisierungsprojekts effektiv zu erf\u00fcllen. Ob umfassendes Projektmanagement, spezialisierte sprachliche Expertise, Instruktionsdesign oder technologische Innovation \u2013 Verztec sorgt f\u00fcr unvergleichliche Servicequalit\u00e4t, um Ihre Lokalisierungsziele pr\u00e4zise und exzellent zu erreichen.<\/p>\n<p>Arbeiten Sie noch heute mit Verztec zusammen, um von unserer Expertise und unseren globalen F\u00e4higkeiten bei der Bereitstellung ma\u00dfgeschneiderter Lokalisierungsl\u00f6sungen zu profitieren, die auf Ihre spezifischen Bed\u00fcrfnisse abgestimmt sind. Kontaktieren Sie uns unter <a href=\"mailto:enquiry@verztec.com\">enquiry@verztec.com<\/a>, um mehr dar\u00fcber zu erfahren, wie wir Ihre Lokalisierungs- und digitalen Lerninitiativen unterst\u00fctzen k\u00f6nnen.<\/p>\n","protected":false},"excerpt":{"rendered":"<p>Humanressourcen sind entscheidend f\u00fcr die Schaffung der wissensbasierten Grundlage, die f\u00fcr den Erfolg von Lokalisierungsprojekten erforderlich ist. Verztec versteht die zentrale Bedeutung eines talentierten und qualifizierten Teams in verschiedenen Disziplinen,&hellip;<\/p>\n","protected":false},"author":1,"featured_media":2031,"parent":0,"menu_order":6,"comment_status":"closed","ping_status":"closed","template":"","meta":{"footnotes":""},"class_list":["post-881","page","type-page","status-publish","has-post-thumbnail","hentry"],"_links":{"self":[{"href":"https:\/\/www.verztec.com\/wp-json\/wp\/v2\/pages\/881"}],"collection":[{"href":"https:\/\/www.verztec.com\/wp-json\/wp\/v2\/pages"}],"about":[{"href":"https:\/\/www.verztec.com\/wp-json\/wp\/v2\/types\/page"}],"author":[{"embeddable":true,"href":"https:\/\/www.verztec.com\/wp-json\/wp\/v2\/users\/1"}],"replies":[{"embeddable":true,"href":"https:\/\/www.verztec.com\/wp-json\/wp\/v2\/comments?post=881"}],"version-history":[{"count":1,"href":"https:\/\/www.verztec.com\/wp-json\/wp\/v2\/pages\/881\/revisions"}],"predecessor-version":[{"id":2052,"href":"https:\/\/www.verztec.com\/wp-json\/wp\/v2\/pages\/881\/revisions\/2052"}],"wp:featuredmedia":[{"embeddable":true,"href":"https:\/\/www.verztec.com\/wp-json\/wp\/v2\/media\/2031"}],"wp:attachment":[{"href":"https:\/\/www.verztec.com\/wp-json\/wp\/v2\/media?parent=881"}],"curies":[{"name":"wp","href":"https:\/\/api.w.org\/{rel}","templated":true}]}}